 {"id":2243,"date":"2024-02-20T07:25:58","date_gmt":"2024-02-20T07:25:58","guid":{"rendered":"https:\/\/zaoyigarment.com\/?post_type=product&#038;p=2243"},"modified":"2025-12-09T19:59:57","modified_gmt":"2025-12-09T19:59:57","slug":"woman-deep-u-plunge-bra-convertible-push-up-bra","status":"publish","type":"product","link":"https:\/\/zaoyigarment.com\/nl\/manufacturer\/woman-deep-u-plunge-bra-convertible-push-up-bra\/","title":{"rendered":"Vrouw Deep U Plunge BH Converteerbare push-up bh"},"content":{"rendered":"<p><span class=\"a-list-item\"><strong>HOEVEELHEID:<\/strong> 3000 stuks voor aangepaste verpakking en bulkbestelling<\/span><\/p>\n<ul class=\"a-unordered-list a-vertical a-spacing-mini\">\n<li><span class=\"a-list-item\"><strong>MATERIAL:<\/strong> 80% nylon, 20% spandex<\/span><\/li>\n<li><span class=\"a-list-item\"><strong>VOORDELEN:<\/strong> Milieu- en veiligheidsgel, ademend, cellulair, convex, veiligheid<\/span><\/li>\n<li><span class=\"a-list-item\"><strong>ONTWERP:<\/strong> Verschillende ontwerpopties, of kunnen worden aangepast<\/span><\/li>\n<li><span class=\"a-list-item\"><strong>DIMENSIES:<\/strong> A\/B\/C\/D\/E\/F\/H, aangepast<\/span><\/li>\n<li><span class=\"a-list-item a-size-base a-color-base\"><strong>STERKE ONDERSTEUNING EN VERSTELBARE DRAAGSTRING:<\/strong> Kleine pasvormen voor A Cup. Met zijn voortreffelijke diepe U-decollet\u00e9 zijn onze strapless bh&#039;s voor dames vakkundig vervaardigd om je borst te accentueren en het perfecte decollet\u00e9 te cre\u00ebren. Het plooit vakkundig uw borsten, wat resulteert in een verleidelijke en betoverende vorm. En of je nu een strapless jurkje siert of de allure van je borstcurve wilt benadrukken, onze rugloze bh is de ultieme keuze.<\/span><\/li>\n<li><span class=\"a-list-item a-size-base a-color-base\"><strong>HUIDVRIENDELIJKE ADEMENDE STOF EN GUMLIJM:<\/strong>Het materiaal is gemaakt van volledig natuurlijke niet-geweven stof + medische siliconen. De natuurlijke gomlijm is bedekt met luchtgaten, die een uitstekende luchtdoorlatendheid behouden tijdens gebruik.<\/span><\/li>\n<li><span class=\"a-list-item a-size-base a-color-base\"><strong>PRACHTIG VLEUGELONTWERP:<\/strong> Voorzien van onzichtbare vleugels aan beide zijden, die optimale borstondersteuning bieden en waarmee u de strakheid naar wens kunt aanpassen. Met onze strapless jurk-bh kun je vol vertrouwen pronken met je boeiende decollet\u00e9. Wanneer u een jurk zonder rug aantrekt, blijft onze onzichtbare beha veilig op zijn plaats, waardoor u dubbele bescherming krijgt zonder enige schaamte. De zelfklevende vleugels vergemakkelijken het moeiteloos dragen en verwijderen en zorgen voor een probleemloze ervaring.<\/span><\/li>\n<li><span class=\"a-list-item a-size-base a-color-base\"><strong>VOOR VELE GELEGENHEDEN:<\/strong> Strapless bh voor elke sexy stijl, haltertopjes zonder rug, pakken met diepe V-hals, avondjurken zonder rug\/strapless, trouwjurken, laag uitgesneden jurken, cocktailjurken, feestjurken, enz. Laat gerust je vrouwelijke charme zien.<\/span><\/li>\n<li><span class=\"a-list-item a-size-base a-color-base\">\u2764<strong>WASBAAR EN HERBRUIKBAAR:<\/strong> Deze strapless bh kan vele malen worden gebruikt, passend bij het huidige thema milieubescherming. Als je deze kleverige bh wast met shampoo en water, hem natuurlijk droog houdt, blijven de zelfklevende gels behouden voor de volgende keer dat je hem gebruikt.<\/span><\/li>\n<li>\n<figure id=\"attachment_2251\" aria-describedby=\"caption-attachment-2251\" style=\"width: 225px\" class=\"wp-caption alignleft\"><img loading=\"lazy\" decoding=\"async\" class=\"size-medium wp-image-2251\" src=\"https:\/\/zaoyigarment.com\/wp-content\/uploads\/2024\/02\/plunge-bra-225x300.webp\" alt=\"goed induiken\" width=\"225\" height=\"300\" srcset=\"https:\/\/zaoyigarment.com\/wp-content\/uploads\/2024\/02\/plunge-bra-225x300.webp 225w, https:\/\/zaoyigarment.com\/wp-content\/uploads\/2024\/02\/plunge-bra-600x800.webp 600w, https:\/\/zaoyigarment.com\/wp-content\/uploads\/2024\/02\/plunge-bra.webp 750w\" sizes=\"auto, (max-width: 225px) 100vw, 225px\" \/><figcaption id=\"caption-attachment-2251\" class=\"wp-caption-text\">goed induiken<\/figcaption><\/figure><\/li>\n<\/ul>\n<h2>BH-maattabel met afbeeldingen<\/h2>\n\t<div class=\"img has-hover x md-x lg-x y md-y lg-y\" id=\"image_1185306645\">\n\t\t\t\t\t\t\t\t<div class=\"img-inner dark\" >\n\t\t\t<img loading=\"lazy\" decoding=\"async\" width=\"1020\" height=\"976\" src=\"https:\/\/zaoyigarment.com\/wp-content\/uploads\/2024\/01\/bra-size-calculator-1024x980.webp\" class=\"attachment-large size-large\" alt=\"calculator voor bh-maat\" srcset=\"https:\/\/zaoyigarment.com\/wp-content\/uploads\/2024\/01\/bra-size-calculator-1024x980.webp 1024w, https:\/\/zaoyigarment.com\/wp-content\/uploads\/2024\/01\/bra-size-calculator-300x287.webp 300w, https:\/\/zaoyigarment.com\/wp-content\/uploads\/2024\/01\/bra-size-calculator-768x735.webp 768w, https:\/\/zaoyigarment.com\/wp-content\/uploads\/2024\/01\/bra-size-calculator-1536x1471.webp 1536w, https:\/\/zaoyigarment.com\/wp-content\/uploads\/2024\/01\/bra-size-calculator-600x575.webp 600w, https:\/\/zaoyigarment.com\/wp-content\/uploads\/2024\/01\/bra-size-calculator.webp 2000w\" sizes=\"auto, (max-width: 1020px) 100vw, 1020px\" \/>\t\t\t\t\t\t\n\t\t\t\t\t<\/div>\n\t\t\t\t\t\t\t\t\n<style>\n#image_1185306645 {\n  width: 100%;\n}\n<\/style>\n\t<\/div>","protected":false},"excerpt":{"rendered":"<p>Zaoyi Custom U Plunge Push-up BH-fabrikant en leverancier in China<\/p>\n<p>\u2013 MOQ: 3000 stuks<br \/>\n\u2013 OEM\/ODM-service aangeboden<br \/>\n\u2013 Gratis monster beschikbaar<br \/>\n\u2013 BH-recycling<br \/>\n\u2013 25-35 dagen gereedtijd voor aangepaste bestelling<br \/>\n\u2013 Accepteer maatwerk (specificaties, kleur, ontwerp, etc.)<\/p>\n<p>1) Beste bh-oplossingen om te dragen met een jurk zonder rug, trouwjurk, t-shirt enz<br \/>\n2) Naadloos en draadloos ontwerp voor vrijheid<br \/>\n3) Glad en delicaat nylonweefsel<br \/>\n4) Kan aangepaste stof of patroon erop doen<br \/>\n5) Levendige kleur, anti-vervaging<br \/>\n6) DIY-aanpassing<\/p>\n<p>Als u de prijzen voor push-up bh&#039;s wilt ontvangen, neem dan contact met ons op.<\/p>","protected":false},"featured_media":2853,"comment_status":"open","ping_status":"closed","template":"","meta":[],"product_brand":[],"product_cat":[37],"product_tag":[],"class_list":{"0":"post-2243","1":"product","2":"type-product","3":"status-publish","4":"has-post-thumbnail","6":"product_cat-backless-bra","8":"first","9":"instock","10":"shipping-taxable","11":"product-type-simple"},"_links":{"self":[{"href":"https:\/\/zaoyigarment.com\/nl\/wp-json\/wp\/v2\/product\/2243","targetHints":{"allow":["GET"]}}],"collection":[{"href":"https:\/\/zaoyigarment.com\/nl\/wp-json\/wp\/v2\/product"}],"about":[{"href":"https:\/\/zaoyigarment.com\/nl\/wp-json\/wp\/v2\/types\/product"}],"replies":[{"embeddable":true,"href":"https:\/\/zaoyigarment.com\/nl\/wp-json\/wp\/v2\/comments?post=2243"}],"wp:featuredmedia":[{"embeddable":true,"href":"https:\/\/zaoyigarment.com\/nl\/wp-json\/wp\/v2\/media\/2853"}],"wp:attachment":[{"href":"https:\/\/zaoyigarment.com\/nl\/wp-json\/wp\/v2\/media?parent=2243"}],"wp:term":[{"taxonomy":"product_brand","embeddable":true,"href":"https:\/\/zaoyigarment.com\/nl\/wp-json\/wp\/v2\/product_brand?post=2243"},{"taxonomy":"product_cat","embeddable":true,"href":"https:\/\/zaoyigarment.com\/nl\/wp-json\/wp\/v2\/product_cat?post=2243"},{"taxonomy":"product_tag","embeddable":true,"href":"https:\/\/zaoyigarment.com\/nl\/wp-json\/wp\/v2\/product_tag?post=2243"}],"curies":[{"name":"wp","href":"https:\/\/api.w.org\/{rel}","templated":true}]}}