 {"id":3122,"date":"2025-09-10T08:08:06","date_gmt":"2025-09-10T08:08:06","guid":{"rendered":"https:\/\/zaoyigarment.com\/?post_type=product&#038;p=3122"},"modified":"2026-03-01T23:58:12","modified_gmt":"2026-03-01T23:58:12","slug":"pastie-nipple-breast-cover","status":"publish","type":"product","link":"https:\/\/zaoyigarment.com\/lv\/manufacturer\/pastie-nipple-breast-cover\/","title":{"rendered":"Pastie kr\u016b\u0161u galu p\u0101rkl\u0101ji kleit\u0101m, ball\u012bt\u0113m, pa\u0161l\u012bm\u0113jo\u0161s kr\u016b\u0161turis, l\u012bm\u0113jo\u0161i kr\u016b\u0161u gali"},"content":{"rendered":"<ul class=\"a-unordered-list a-vertical a-spacing-mini\">\n<li><span class=\"a-list-item\"><strong>\ud83c\udf6aNAME:<\/strong> <a href=\"https:\/\/nipplecover.us\/product\/round-nonwoven-fabric-nipple-cover\/\" target=\"_blank\" rel=\"noopener\">nipe\u013ca v\u0101ci\u0146\u0161<\/a>, kr\u016b\u0161u ziedlapi\u0146as, kr\u016b\u0161u galu uzl\u012bmes, kr\u016b\u0161u p\u0101rkl\u0101js<\/span><\/li>\n<li><span class=\"a-list-item\"><strong>\ud83c\udf6aFORMAS:<\/strong>\u00a0 ov\u0101ls, <a href=\"https:\/\/zaoyigarment.com\/lv\/manufacturer\/butterfly-nipple-cover-sticky-bra-adhesive-bra-breast-covers-sexy-outfit\/\">jebkura forma<\/a><\/span><\/li>\n<li><span class=\"a-list-item\"><strong>\ud83c\udf6aBEZVADU:<\/strong> J\u0101<\/span><\/li>\n<li><span class=\"a-list-item\"><strong>\ud83c\udf6aPRODUKTA KR\u0100SA:<\/strong> miesas kr\u0101s\u0101, kakao, br\u016bns, melns, piel\u0101gots.<\/span><\/li>\n<li><span class=\"a-list-item\">\ud83c\udf6a<strong>IZM\u0112RI:<\/strong> piel\u0101gots<\/span><\/li>\n<li><span class=\"a-list-item\">\ud83c\udf6a<strong>PIETEIKUMS:<\/strong> k\u0101zas, seks\u012bgs t\u0113rps, ball\u012bte, bankets, ikdieni\u0161\u0137a u.c.<\/span><\/li>\n<li><span class=\"a-color-base\"><span class=\"a-color-base\"><span class=\"a-list-item\"><strong>\ud83c\udf6aMATERI\u0100LA VEIDS:\u00a0 <\/strong><span class=\"product-composition-detail__component ng-star-inserted\" data-testid=\"composition-detail-component\">100% kokvilna, PAPILDU MATERI\u0100LS: 100% g\u0113ls.<\/span><\/span><\/span><\/span><\/li>\n<li><span class=\"a-color-base\"><span class=\"a-list-item\"><strong>\ud83c\udf6aKOP\u0160ANAS INSTRUKCIJAS: <\/strong>vienreiz\u0113ja lieto\u0161ana<\/span><\/span><\/li>\n<li><strong><span class=\"a-color-base\"><span class=\"a-list-item\">\ud83c\udf6a<\/span><\/span>SVAR\u012aGI PADOMI:<\/strong><br \/>\nNav piem\u0113rots, ja jums ir \u0101das probl\u0113mas vai ja j\u016bsu \u0101da ir ievainota, infic\u0113ta vai apdegusi saul\u0113.<br \/>\nL\u016bdzu, nelietojiet \u0161o produktu, ja esat gr\u016btniece vai barojat b\u0113rnu ar kr\u016bti, ja Jums ir aler\u0123ija pret silikagelu vai nesen veikta kr\u016b\u0161u palielin\u0101\u0161anas vai kr\u016b\u0161u samazin\u0101\u0161anas oper\u0101cija.<br \/>\nJa, lietojot \u0161o produktu, rodas jebk\u0101das \u0101das novirzes, nekav\u0113joties p\u0101rtrauciet lieto\u0161anu un nekav\u0113joties konsult\u0113jieties ar savu dermatologu vai \u0101das speci\u0101listu.<\/li>\n<\/ul>\n<p>&nbsp;<\/p>\n\t<div class=\"img has-hover x md-x lg-x y md-y lg-y\" id=\"image_1495810590\">\n\t\t\t\t\t\t\t\t<div class=\"img-inner dark\" >\n\t\t\t<img loading=\"lazy\" decoding=\"async\" width=\"1020\" height=\"1020\" src=\"https:\/\/zaoyigarment.com\/wp-content\/uploads\/2025\/09\/Pastie-Nipple-Breast-Cover-for-Dress-Party-Skin-Bra-Sticky-Nips-8-1024x1024.jpg\" class=\"attachment-large size-large\" alt=\"Kr\u016b\u0161u uzl\u012bmes\/uzlikt\u0146i kleit\u0101m, ball\u012bt\u0113m, pa\u0161l\u012bm\u0113jo\u0161iem kr\u016b\u0161u galiem 8\" srcset=\"https:\/\/zaoyigarment.com\/wp-content\/uploads\/2025\/09\/Pastie-Nipple-Breast-Cover-for-Dress-Party-Skin-Bra-Sticky-Nips-8-1024x1024.jpg 1024w, https:\/\/zaoyigarment.com\/wp-content\/uploads\/2025\/09\/Pastie-Nipple-Breast-Cover-for-Dress-Party-Skin-Bra-Sticky-Nips-8-300x300.jpg 300w, https:\/\/zaoyigarment.com\/wp-content\/uploads\/2025\/09\/Pastie-Nipple-Breast-Cover-for-Dress-Party-Skin-Bra-Sticky-Nips-8-150x150.jpg 150w, https:\/\/zaoyigarment.com\/wp-content\/uploads\/2025\/09\/Pastie-Nipple-Breast-Cover-for-Dress-Party-Skin-Bra-Sticky-Nips-8-768x768.jpg 768w, https:\/\/zaoyigarment.com\/wp-content\/uploads\/2025\/09\/Pastie-Nipple-Breast-Cover-for-Dress-Party-Skin-Bra-Sticky-Nips-8-12x12.jpg 12w, https:\/\/zaoyigarment.com\/wp-content\/uploads\/2025\/09\/Pastie-Nipple-Breast-Cover-for-Dress-Party-Skin-Bra-Sticky-Nips-8-600x600.jpg 600w, https:\/\/zaoyigarment.com\/wp-content\/uploads\/2025\/09\/Pastie-Nipple-Breast-Cover-for-Dress-Party-Skin-Bra-Sticky-Nips-8-100x100.jpg 100w, https:\/\/zaoyigarment.com\/wp-content\/uploads\/2025\/09\/Pastie-Nipple-Breast-Cover-for-Dress-Party-Skin-Bra-Sticky-Nips-8.jpg 1500w\" sizes=\"auto, (max-width: 1020px) 100vw, 1020px\" \/>\t\t\t\t\t\t\n\t\t\t\t\t<\/div>\n\t\t\t\t\t\t\t\t\n<style>\n#image_1495810590 {\n  width: 100%;\n}\n<\/style>\n\t<\/div>\n\t\n\t<div class=\"img has-hover x md-x lg-x y md-y lg-y\" id=\"image_341268117\">\n\t\t\t\t\t\t\t\t<div class=\"img-inner dark\" >\n\t\t\t<img loading=\"lazy\" decoding=\"async\" width=\"1020\" height=\"1020\" src=\"https:\/\/zaoyigarment.com\/wp-content\/uploads\/2025\/09\/Pastie-Nipple-Breast-Cover-for-Dress-Party-Skin-Bra-Sticky-Nips-3-1024x1024.jpg\" class=\"attachment-large size-large\" alt=\"Kr\u016b\u0161u uzl\u012bmes\/uzlikt\u0146i kleit\u0101m, ball\u012bt\u0113m, pa\u0161l\u012bm\u0113jo\u0161iem kr\u016b\u0161u galiem 3\" srcset=\"https:\/\/zaoyigarment.com\/wp-content\/uploads\/2025\/09\/Pastie-Nipple-Breast-Cover-for-Dress-Party-Skin-Bra-Sticky-Nips-3-1024x1024.jpg 1024w, https:\/\/zaoyigarment.com\/wp-content\/uploads\/2025\/09\/Pastie-Nipple-Breast-Cover-for-Dress-Party-Skin-Bra-Sticky-Nips-3-300x300.jpg 300w, https:\/\/zaoyigarment.com\/wp-content\/uploads\/2025\/09\/Pastie-Nipple-Breast-Cover-for-Dress-Party-Skin-Bra-Sticky-Nips-3-150x150.jpg 150w, https:\/\/zaoyigarment.com\/wp-content\/uploads\/2025\/09\/Pastie-Nipple-Breast-Cover-for-Dress-Party-Skin-Bra-Sticky-Nips-3-768x768.jpg 768w, https:\/\/zaoyigarment.com\/wp-content\/uploads\/2025\/09\/Pastie-Nipple-Breast-Cover-for-Dress-Party-Skin-Bra-Sticky-Nips-3-12x12.jpg 12w, https:\/\/zaoyigarment.com\/wp-content\/uploads\/2025\/09\/Pastie-Nipple-Breast-Cover-for-Dress-Party-Skin-Bra-Sticky-Nips-3-600x600.jpg 600w, https:\/\/zaoyigarment.com\/wp-content\/uploads\/2025\/09\/Pastie-Nipple-Breast-Cover-for-Dress-Party-Skin-Bra-Sticky-Nips-3-100x100.jpg 100w, https:\/\/zaoyigarment.com\/wp-content\/uploads\/2025\/09\/Pastie-Nipple-Breast-Cover-for-Dress-Party-Skin-Bra-Sticky-Nips-3.jpg 1500w\" sizes=\"auto, (max-width: 1020px) 100vw, 1020px\" \/>\t\t\t\t\t\t\n\t\t\t\t\t<\/div>\n\t\t\t\t\t\t\t\t\n<style>\n#image_341268117 {\n  width: 100%;\n}\n<\/style>\n\t<\/div>\n\t\n\t<div class=\"img has-hover x md-x lg-x y md-y lg-y\" id=\"image_962266545\">\n\t\t\t\t\t\t\t\t<div class=\"img-inner dark\" >\n\t\t\t<img loading=\"lazy\" decoding=\"async\" width=\"1020\" height=\"1020\" src=\"https:\/\/zaoyigarment.com\/wp-content\/uploads\/2025\/09\/Pastie-Nipple-Breast-Cover-for-Dress-Party-Skin-Bra-Sticky-Nips-2-1024x1024.jpg\" class=\"attachment-large size-large\" alt=\"Kr\u016b\u0161u uzl\u012bmes\/uzlikt\u0146i kleit\u0101m, ball\u012bt\u0113m, pa\u0161l\u012bm\u0113jo\u0161iem kr\u016b\u0161u galiem 2\" srcset=\"https:\/\/zaoyigarment.com\/wp-content\/uploads\/2025\/09\/Pastie-Nipple-Breast-Cover-for-Dress-Party-Skin-Bra-Sticky-Nips-2-1024x1024.jpg 1024w, https:\/\/zaoyigarment.com\/wp-content\/uploads\/2025\/09\/Pastie-Nipple-Breast-Cover-for-Dress-Party-Skin-Bra-Sticky-Nips-2-300x300.jpg 300w, https:\/\/zaoyigarment.com\/wp-content\/uploads\/2025\/09\/Pastie-Nipple-Breast-Cover-for-Dress-Party-Skin-Bra-Sticky-Nips-2-150x150.jpg 150w, https:\/\/zaoyigarment.com\/wp-content\/uploads\/2025\/09\/Pastie-Nipple-Breast-Cover-for-Dress-Party-Skin-Bra-Sticky-Nips-2-768x768.jpg 768w, https:\/\/zaoyigarment.com\/wp-content\/uploads\/2025\/09\/Pastie-Nipple-Breast-Cover-for-Dress-Party-Skin-Bra-Sticky-Nips-2-12x12.jpg 12w, https:\/\/zaoyigarment.com\/wp-content\/uploads\/2025\/09\/Pastie-Nipple-Breast-Cover-for-Dress-Party-Skin-Bra-Sticky-Nips-2-600x600.jpg 600w, https:\/\/zaoyigarment.com\/wp-content\/uploads\/2025\/09\/Pastie-Nipple-Breast-Cover-for-Dress-Party-Skin-Bra-Sticky-Nips-2-100x100.jpg 100w, https:\/\/zaoyigarment.com\/wp-content\/uploads\/2025\/09\/Pastie-Nipple-Breast-Cover-for-Dress-Party-Skin-Bra-Sticky-Nips-2.jpg 1500w\" sizes=\"auto, (max-width: 1020px) 100vw, 1020px\" \/>\t\t\t\t\t\t\n\t\t\t\t\t<\/div>\n\t\t\t\t\t\t\t\t\n<style>\n#image_962266545 {\n  width: 100%;\n}\n<\/style>\n\t<\/div>","protected":false},"excerpt":{"rendered":"<p>Zaoyi Piel\u0101gotu kr\u016b\u0161u uzl\u012bmju\/uzlikt\u0146u ra\u017eot\u0101js un pieg\u0101d\u0101t\u0101js \u0136\u012bn\u0101<\/p>\n<p>\u2013 MOQ: 1000 gab.<br \/>\n- tiek pied\u0101v\u0101ts OEM \/ ODM pakalpojums<br \/>\n- pieejams bezmaksas paraugs<br \/>\n\u2013 Kr\u016b\u0161turu p\u0101rstr\u0101de<br \/>\n- 25-35 dienu gatav\u012bbas laiks piel\u0101gotam pas\u016bt\u012bjumam<br \/>\n- Pie\u0146emiet piel\u0101go\u0161anu (specifik\u0101cijas, kr\u0101sa, dizains utt.)<\/p>\n<p>1) Lab\u0101kie kr\u016b\u0161tura risin\u0101jumi valk\u0101\u0161anai ar seks\u012bgiem t\u0113rpiem, kleit\u0101m bez muguras, k\u0101zu kleit\u0101m, t-krekliem utt.<br \/>\n2) Bez\u0161uvju un atbalsto\u0161s dizains komfortam<br \/>\n3) Gluds un medic\u012bnisk\u0101s kvalit\u0101tes g\u0113ls<br \/>\n4) Var izgatavot piel\u0101gotu audumu vai rakstu uz nipe\u013ca v\u0101ka<br \/>\n5) dinamiska kr\u0101sa, pret izbal\u0113\u0161anu<br \/>\n6) DIY piel\u0101go\u0161ana<\/p>\n<p>Ja v\u0113laties uzzin\u0101t kr\u016b\u0161u uzl\u012bmju\/uzlikt\u0146u cenas, l\u016bdzu, sazinieties ar mums. Paldies.<\/p>","protected":false},"featured_media":3123,"comment_status":"open","ping_status":"closed","template":"","meta":[],"product_brand":[],"product_cat":[52],"product_tag":[],"class_list":{"0":"post-3122","1":"product","2":"type-product","3":"status-publish","4":"has-post-thumbnail","6":"product_cat-nipple-cover","8":"first","9":"instock","10":"shipping-taxable","11":"product-type-simple"},"_links":{"self":[{"href":"https:\/\/zaoyigarment.com\/lv\/wp-json\/wp\/v2\/product\/3122","targetHints":{"allow":["GET"]}}],"collection":[{"href":"https:\/\/zaoyigarment.com\/lv\/wp-json\/wp\/v2\/product"}],"about":[{"href":"https:\/\/zaoyigarment.com\/lv\/wp-json\/wp\/v2\/types\/product"}],"replies":[{"embeddable":true,"href":"https:\/\/zaoyigarment.com\/lv\/wp-json\/wp\/v2\/comments?post=3122"}],"wp:featuredmedia":[{"embeddable":true,"href":"https:\/\/zaoyigarment.com\/lv\/wp-json\/wp\/v2\/media\/3123"}],"wp:attachment":[{"href":"https:\/\/zaoyigarment.com\/lv\/wp-json\/wp\/v2\/media?parent=3122"}],"wp:term":[{"taxonomy":"product_brand","embeddable":true,"href":"https:\/\/zaoyigarment.com\/lv\/wp-json\/wp\/v2\/product_brand?post=3122"},{"taxonomy":"product_cat","embeddable":true,"href":"https:\/\/zaoyigarment.com\/lv\/wp-json\/wp\/v2\/product_cat?post=3122"},{"taxonomy":"product_tag","embeddable":true,"href":"https:\/\/zaoyigarment.com\/lv\/wp-json\/wp\/v2\/product_tag?post=3122"}],"curies":[{"name":"wp","href":"https:\/\/api.w.org\/{rel}","templated":true}]}}