 {"id":3095,"date":"2025-03-12T09:09:34","date_gmt":"2025-03-12T09:09:34","guid":{"rendered":"https:\/\/zaoyigarment.com\/?post_type=product&#038;p=3095"},"modified":"2026-03-19T17:51:35","modified_gmt":"2026-03-19T17:51:35","slug":"stick-on-pasties","status":"publish","type":"product","link":"https:\/\/zaoyigarment.com\/lv\/manufacturer\/stick-on-pasties\/","title":{"rendered":"Stick On Pasties auduma sprauslas p\u0101rkl\u0101jums"},"content":{"rendered":"<ul class=\"a-unordered-list a-vertical a-spacing-mini\">\n<li><span class=\"a-list-item\"><strong>\ud83c\udf6aNAME:<\/strong> <a href=\"https:\/\/nipplecover.us\/product\/round-nonwoven-fabric-nipple-cover\/\" target=\"_blank\" rel=\"noopener\">nipe\u013ca v\u0101ci\u0146\u0161<\/a>, kr\u016b\u0161u ziedlapi\u0146as, kr\u016b\u0161u past\u0113tes<\/span><\/li>\n<li><span class=\"a-list-item\"><strong>\ud83c\udf6aFORMAS:<\/strong> <a href=\"https:\/\/zaoyigarment.com\/lv\/manufacturer\/butterfly-nipple-cover-sticky-bra-adhesive-bra-breast-covers-sexy-outfit\/\">jebkura forma<\/a><\/span><\/li>\n<li><span class=\"a-list-item\"><strong>\ud83c\udf6aBEZVADU:<\/strong> J\u0101<\/span><\/li>\n<li><span class=\"a-list-item\"><strong>\ud83c\udf6aPRODUKTA KR\u0100SA:<\/strong> pliks, kokosa, br\u016bns, piel\u0101gots.<\/span><\/li>\n<li><span class=\"a-list-item\">\ud83c\udf6a<strong>IZM\u0112RI:<\/strong> piel\u0101gots<\/span><\/li>\n<li><span class=\"a-list-item\">\ud83c\udf6a<strong>PIETEIKUMS:<\/strong> k\u0101zas, seks\u012bgs t\u0113rps, ball\u012bte, bankets, ikdieni\u0161\u0137a u.c.<\/span><\/li>\n<li><span class=\"a-color-base\"><span class=\"a-color-base\"><span class=\"a-list-item\"><strong>\ud83c\udf6aMATERI\u0100LA VEIDS:\u00a0 <\/strong><span class=\"product-composition-detail__component ng-star-inserted\" data-testid=\"composition-detail-component\">100% poliesters, PAPILDU MATERI\u0100LS: 100% g\u0113ls.<\/span><\/span><\/span><\/span><\/li>\n<li><span class=\"a-color-base\"><span class=\"a-list-item\"><strong>\ud83c\udf6aKOP\u0160ANAS INSTRUKCIJAS: <\/strong>vienreiz\u0113ja lieto\u0161ana<\/span><\/span><\/li>\n<li><strong><span class=\"a-color-base\"><span class=\"a-list-item\">\ud83c\udf6a<\/span><\/span>SVAR\u012aGI PADOMI:<\/strong><br \/>Nav piem\u0113rots, ja jums ir \u0101das probl\u0113mas vai ja j\u016bsu \u0101da ir ievainota, infic\u0113ta vai apdegusi saul\u0113.<br \/>L\u016bdzu, nelietojiet \u0161o produktu, ja esat gr\u016btniece vai barojat b\u0113rnu ar kr\u016bti, ja Jums ir aler\u0123ija pret silikagelu vai nesen veikta kr\u016b\u0161u palielin\u0101\u0161anas vai kr\u016b\u0161u samazin\u0101\u0161anas oper\u0101cija.<br \/>Ja, lietojot \u0161o produktu, rodas jebk\u0101das \u0101das novirzes, nekav\u0113joties p\u0101rtrauciet lieto\u0161anu un nekav\u0113joties konsult\u0113jieties ar savu dermatologu vai \u0101das speci\u0101listu.<\/li>\n<\/ul>\n<h2>\u00a0<\/h2>\n<h2>\u00a0<\/h2>\n\t<div class=\"img has-hover x md-x lg-x y md-y lg-y\" id=\"image_170493504\">\n\t\t\t\t\t\t\t\t<div class=\"img-inner dark\" >\n\t\t\t<img loading=\"lazy\" decoding=\"async\" width=\"1020\" height=\"1020\" src=\"https:\/\/zaoyigarment.com\/wp-content\/uploads\/2025\/03\/colorful-nipple-cover-1024x1024.webp\" class=\"attachment-large size-large\" alt=\"kr\u0101sains nipe\u013ca v\u0101ci\u0146\u0161\" srcset=\"https:\/\/zaoyigarment.com\/wp-content\/uploads\/2025\/03\/colorful-nipple-cover-1024x1024.webp 1024w, https:\/\/zaoyigarment.com\/wp-content\/uploads\/2025\/03\/colorful-nipple-cover-300x300.webp 300w, https:\/\/zaoyigarment.com\/wp-content\/uploads\/2025\/03\/colorful-nipple-cover-150x150.webp 150w, https:\/\/zaoyigarment.com\/wp-content\/uploads\/2025\/03\/colorful-nipple-cover-768x768.webp 768w, https:\/\/zaoyigarment.com\/wp-content\/uploads\/2025\/03\/colorful-nipple-cover-12x12.webp 12w, https:\/\/zaoyigarment.com\/wp-content\/uploads\/2025\/03\/colorful-nipple-cover-600x600.webp 600w, https:\/\/zaoyigarment.com\/wp-content\/uploads\/2025\/03\/colorful-nipple-cover-100x100.webp 100w, https:\/\/zaoyigarment.com\/wp-content\/uploads\/2025\/03\/colorful-nipple-cover.webp 1038w\" sizes=\"auto, (max-width: 1020px) 100vw, 1020px\" \/>\t\t\t\t\t\t\n\t\t\t\t\t<\/div>\n\t\t\t\t\t\t\t\t\n<style>\n#image_170493504 {\n  width: 100%;\n}\n<\/style>\n\t<\/div>\n\t\n\t<div class=\"img has-hover x md-x lg-x y md-y lg-y\" id=\"image_1339768170\">\n\t\t\t\t\t\t\t\t<div class=\"img-inner dark\" >\n\t\t\t<img loading=\"lazy\" decoding=\"async\" width=\"1020\" height=\"1020\" src=\"https:\/\/zaoyigarment.com\/wp-content\/uploads\/2025\/03\/colored-nipple-cover-1024x1024.webp\" class=\"attachment-large size-large\" alt=\"kr\u0101sains nipe\u013ca v\u0101ci\u0146\u0161\" srcset=\"https:\/\/zaoyigarment.com\/wp-content\/uploads\/2025\/03\/colored-nipple-cover-1024x1024.webp 1024w, https:\/\/zaoyigarment.com\/wp-content\/uploads\/2025\/03\/colored-nipple-cover-300x300.webp 300w, https:\/\/zaoyigarment.com\/wp-content\/uploads\/2025\/03\/colored-nipple-cover-150x150.webp 150w, https:\/\/zaoyigarment.com\/wp-content\/uploads\/2025\/03\/colored-nipple-cover-768x768.webp 768w, https:\/\/zaoyigarment.com\/wp-content\/uploads\/2025\/03\/colored-nipple-cover-12x12.webp 12w, https:\/\/zaoyigarment.com\/wp-content\/uploads\/2025\/03\/colored-nipple-cover-600x600.webp 600w, https:\/\/zaoyigarment.com\/wp-content\/uploads\/2025\/03\/colored-nipple-cover-100x100.webp 100w, https:\/\/zaoyigarment.com\/wp-content\/uploads\/2025\/03\/colored-nipple-cover.webp 1500w\" sizes=\"auto, (max-width: 1020px) 100vw, 1020px\" \/>\t\t\t\t\t\t\n\t\t\t\t\t<\/div>\n\t\t\t\t\t\t\t\t\n<style>\n#image_1339768170 {\n  width: 100%;\n}\n<\/style>\n\t<\/div>\n\t\n\t<div class=\"img has-hover x md-x lg-x y md-y lg-y\" id=\"image_1282157787\">\n\t\t\t\t\t\t\t\t<div class=\"img-inner dark\" >\n\t\t\t<img loading=\"lazy\" decoding=\"async\" width=\"1020\" height=\"1020\" src=\"https:\/\/zaoyigarment.com\/wp-content\/uploads\/2025\/03\/nipple-cover-1-1024x1024.webp\" class=\"attachment-large size-large\" alt=\"nipe\u013ca v\u0101ci\u0146\u0161\" srcset=\"https:\/\/zaoyigarment.com\/wp-content\/uploads\/2025\/03\/nipple-cover-1-1024x1024.webp 1024w, https:\/\/zaoyigarment.com\/wp-content\/uploads\/2025\/03\/nipple-cover-1-300x300.webp 300w, https:\/\/zaoyigarment.com\/wp-content\/uploads\/2025\/03\/nipple-cover-1-150x150.webp 150w, https:\/\/zaoyigarment.com\/wp-content\/uploads\/2025\/03\/nipple-cover-1-768x768.webp 768w, https:\/\/zaoyigarment.com\/wp-content\/uploads\/2025\/03\/nipple-cover-1-1536x1536.webp 1536w, https:\/\/zaoyigarment.com\/wp-content\/uploads\/2025\/03\/nipple-cover-1-2048x2048.webp 2048w, https:\/\/zaoyigarment.com\/wp-content\/uploads\/2025\/03\/nipple-cover-1-12x12.webp 12w, https:\/\/zaoyigarment.com\/wp-content\/uploads\/2025\/03\/nipple-cover-1-600x600.webp 600w, https:\/\/zaoyigarment.com\/wp-content\/uploads\/2025\/03\/nipple-cover-1-100x100.webp 100w\" sizes=\"auto, (max-width: 1020px) 100vw, 1020px\" \/>\t\t\t\t\t\t\n\t\t\t\t\t<\/div>\n\t\t\t\t\t\t\t\t\n<style>\n#image_1282157787 {\n  width: 100%;\n}\n<\/style>\n\t<\/div>","protected":false},"excerpt":{"rendered":"<p>Zaoyi Custom Best Stick On Pasties ra\u017eot\u0101js un pieg\u0101d\u0101t\u0101js \u0136\u012bn\u0101<\/p>\n<p>- MOQ: 3000 gab<br \/>\n- tiek pied\u0101v\u0101ts OEM \/ ODM pakalpojums<br \/>\n- pieejams bezmaksas paraugs<br \/>\n\u2013 Kr\u016b\u0161turu p\u0101rstr\u0101de<br \/>\n- 25-35 dienu gatav\u012bbas laiks piel\u0101gotam pas\u016bt\u012bjumam<br \/>\n- Pie\u0146emiet piel\u0101go\u0161anu (specifik\u0101cijas, kr\u0101sa, dizains utt.)<\/p>\n<p>1) Lab\u0101kie kr\u016b\u0161tura risin\u0101jumi valk\u0101\u0161anai ar seks\u012bgiem t\u0113rpiem, kleit\u0101m bez muguras, k\u0101zu kleit\u0101m, t-krekliem utt.<br \/>\n2) Bez\u0161uvju un atbalsto\u0161s dizains komfortam<br \/>\n3) Gluds un medic\u012bnisk\u0101s kvalit\u0101tes g\u0113ls<br \/>\n4) Var izgatavot piel\u0101gotu audumu vai rakstu uz nipe\u013ca v\u0101ka<br \/>\n5) dinamiska kr\u0101sa, pret izbal\u0113\u0161anu<br \/>\n6) DIY piel\u0101go\u0161ana<\/p>\n<p>Ja v\u0113laties ieg\u016bt vislab\u0101k\u0101s past\u012b\u0161u cenas, l\u016bdzu, sazinieties ar mums. Paldies.<\/p>","protected":false},"featured_media":3100,"comment_status":"open","ping_status":"closed","template":"","meta":[],"product_brand":[],"product_cat":[52],"product_tag":[],"class_list":{"0":"post-3095","1":"product","2":"type-product","3":"status-publish","4":"has-post-thumbnail","6":"product_cat-nipple-cover","8":"first","9":"instock","10":"shipping-taxable","11":"product-type-simple"},"_links":{"self":[{"href":"https:\/\/zaoyigarment.com\/lv\/wp-json\/wp\/v2\/product\/3095","targetHints":{"allow":["GET"]}}],"collection":[{"href":"https:\/\/zaoyigarment.com\/lv\/wp-json\/wp\/v2\/product"}],"about":[{"href":"https:\/\/zaoyigarment.com\/lv\/wp-json\/wp\/v2\/types\/product"}],"replies":[{"embeddable":true,"href":"https:\/\/zaoyigarment.com\/lv\/wp-json\/wp\/v2\/comments?post=3095"}],"wp:featuredmedia":[{"embeddable":true,"href":"https:\/\/zaoyigarment.com\/lv\/wp-json\/wp\/v2\/media\/3100"}],"wp:attachment":[{"href":"https:\/\/zaoyigarment.com\/lv\/wp-json\/wp\/v2\/media?parent=3095"}],"wp:term":[{"taxonomy":"product_brand","embeddable":true,"href":"https:\/\/zaoyigarment.com\/lv\/wp-json\/wp\/v2\/product_brand?post=3095"},{"taxonomy":"product_cat","embeddable":true,"href":"https:\/\/zaoyigarment.com\/lv\/wp-json\/wp\/v2\/product_cat?post=3095"},{"taxonomy":"product_tag","embeddable":true,"href":"https:\/\/zaoyigarment.com\/lv\/wp-json\/wp\/v2\/product_tag?post=3095"}],"curies":[{"name":"wp","href":"https:\/\/api.w.org\/{rel}","templated":true}]}}