 {"id":2724,"date":"2024-08-22T02:57:54","date_gmt":"2024-08-22T02:57:54","guid":{"rendered":"https:\/\/zaoyigarment.com\/?post_type=product&#038;p=2724"},"modified":"2026-03-05T16:03:30","modified_gmt":"2026-03-05T16:03:30","slug":"self-adhesive-push-up-bras","status":"publish","type":"product","link":"https:\/\/zaoyigarment.com\/lv\/manufacturer\/self-adhesive-push-up-bras\/","title":{"rendered":"Pa\u0161l\u012bm\u0113jo\u0161ie push-Up kr\u016b\u0161turi Mango formas uzlabojo\u0161s neredzams kr\u016b\u0161turis bez aizmugures"},"content":{"rendered":"<ul class=\"a-unordered-list a-vertical a-spacing-mini\">\n<li><span class=\"a-list-item\"><strong>\ud83c\udf6aNAME:<\/strong> lip\u012bgs kr\u016b\u0161turis, lip\u012bgs kr\u016b\u0161turis, neredzams kr\u016b\u0161turis<\/span><\/li>\n<li><span class=\"a-list-item\"><strong>\ud83c\udf6aFORMAS:<\/strong> mango forma<\/span><\/li>\n<li><span class=\"a-list-item\"><strong>\ud83c\udf6aBEZVADU:<\/strong> J\u0101<\/span><\/li>\n<li><span class=\"a-list-item\"><strong>\ud83c\udf6aPRODUKTA KR\u0100SA:<\/strong> pliks, melns, br\u016bns, piel\u0101gots.<\/span><\/li>\n<li><span class=\"a-list-item\">\ud83c\udf6a<strong>IZM\u0112RI:<\/strong> piel\u0101gots<\/span><\/li>\n<li><span class=\"a-list-item\">\ud83c\udf6a<strong>PIETEIKUMS:<\/strong> k\u0101zas, seks\u012bgs t\u0113rps, ball\u012bte, bankets, ikdieni\u0161\u0137a u.c.<\/span><\/li>\n<li><span class=\"a-color-base\"><span class=\"a-list-item\"><strong>\ud83c\udf6aMATERI\u0100LA VEIDS: <\/strong>silikons<\/span><\/span><\/li>\n<li><span class=\"a-color-base\"><span class=\"a-list-item\"><strong>\ud83c\udf6aKOP\u0160ANAS INSTRUKCIJAS: <\/strong>atk\u0101rtoti lietojams<\/span><\/span><\/li>\n<li><strong><span class=\"a-color-base\"><span class=\"a-list-item\">\ud83c\udf6a<\/span><\/span>SVAR\u012aGI PADOMI:<\/strong><br \/>\nNav piem\u0113rots, ja jums ir \u0101das probl\u0113mas vai ja j\u016bsu \u0101da ir ievainota, infic\u0113ta vai apdegusi saul\u0113.<br \/>\nL\u016bdzu, nelietojiet \u0161o produktu, ja esat gr\u016btniece vai barojat b\u0113rnu ar kr\u016bti, ja Jums ir aler\u0123ija pret silikagelu vai nesen veikta kr\u016b\u0161u palielin\u0101\u0161anas vai kr\u016b\u0161u samazin\u0101\u0161anas oper\u0101cija.<br \/>\nJa, lietojot \u0161o produktu, rodas jebk\u0101das \u0101das novirzes, nekav\u0113joties p\u0101rtrauciet lieto\u0161anu un nekav\u0113joties konsult\u0113jieties ar savu dermatologu vai \u0101das speci\u0101listu.<\/li>\n<\/ul>\n<h2><\/h2>\n<h2>Kr\u016b\u0161tura izm\u0113ru tabula ar att\u0113liem<\/h2>\n\t<div class=\"img has-hover x md-x lg-x y md-y lg-y\" id=\"image_1149345234\">\n\t\t\t\t\t\t\t\t<div class=\"img-inner dark\" >\n\t\t\t<img loading=\"lazy\" decoding=\"async\" width=\"1000\" height=\"1000\" src=\"https:\/\/zaoyigarment.com\/wp-content\/uploads\/2024\/06\/backless-bra.webp\" class=\"attachment-large size-large\" alt=\"kr\u016b\u0161turis bez muguras\" srcset=\"https:\/\/zaoyigarment.com\/wp-content\/uploads\/2024\/06\/backless-bra.webp 1000w, https:\/\/zaoyigarment.com\/wp-content\/uploads\/2024\/06\/backless-bra-300x300.webp 300w, https:\/\/zaoyigarment.com\/wp-content\/uploads\/2024\/06\/backless-bra-150x150.webp 150w, https:\/\/zaoyigarment.com\/wp-content\/uploads\/2024\/06\/backless-bra-768x768.webp 768w, https:\/\/zaoyigarment.com\/wp-content\/uploads\/2024\/06\/backless-bra-12x12.webp 12w, https:\/\/zaoyigarment.com\/wp-content\/uploads\/2024\/06\/backless-bra-600x600.webp 600w, https:\/\/zaoyigarment.com\/wp-content\/uploads\/2024\/06\/backless-bra-100x100.webp 100w\" sizes=\"auto, (max-width: 1000px) 100vw, 1000px\" \/>\t\t\t\t\t\t\n\t\t\t\t\t<\/div>\n\t\t\t\t\t\t\t\t\n<style>\n#image_1149345234 {\n  width: 100%;\n}\n<\/style>\n\t<\/div>\n\t\n\t<div class=\"img has-hover x md-x lg-x y md-y lg-y\" id=\"image_825228764\">\n\t\t\t\t\t\t\t\t<div class=\"img-inner dark\" >\n\t\t\t<img loading=\"lazy\" decoding=\"async\" width=\"1000\" height=\"1000\" src=\"https:\/\/zaoyigarment.com\/wp-content\/uploads\/2024\/06\/front-closure-sticky-bra.webp\" class=\"attachment-large size-large\" alt=\"priek\u0161\u0101 aizdare lip\u012bgs kr\u016b\u0161turis\" srcset=\"https:\/\/zaoyigarment.com\/wp-content\/uploads\/2024\/06\/front-closure-sticky-bra.webp 1000w, https:\/\/zaoyigarment.com\/wp-content\/uploads\/2024\/06\/front-closure-sticky-bra-300x300.webp 300w, https:\/\/zaoyigarment.com\/wp-content\/uploads\/2024\/06\/front-closure-sticky-bra-150x150.webp 150w, https:\/\/zaoyigarment.com\/wp-content\/uploads\/2024\/06\/front-closure-sticky-bra-768x768.webp 768w, https:\/\/zaoyigarment.com\/wp-content\/uploads\/2024\/06\/front-closure-sticky-bra-12x12.webp 12w, https:\/\/zaoyigarment.com\/wp-content\/uploads\/2024\/06\/front-closure-sticky-bra-600x600.webp 600w, https:\/\/zaoyigarment.com\/wp-content\/uploads\/2024\/06\/front-closure-sticky-bra-100x100.webp 100w\" sizes=\"auto, (max-width: 1000px) 100vw, 1000px\" \/>\t\t\t\t\t\t\n\t\t\t\t\t<\/div>\n\t\t\t\t\t\t\t\t\n<style>\n#image_825228764 {\n  width: 100%;\n}\n<\/style>\n\t<\/div>\n\t\n\t<div class=\"img has-hover x md-x lg-x y md-y lg-y\" id=\"image_1276102873\">\n\t\t\t\t\t\t\t\t<div class=\"img-inner dark\" >\n\t\t\t<img loading=\"lazy\" decoding=\"async\" width=\"1000\" height=\"1000\" src=\"https:\/\/zaoyigarment.com\/wp-content\/uploads\/2024\/06\/silicone-bra-size-chart.webp\" class=\"attachment-large size-large\" alt=\"silikona kr\u016b\u0161tura izm\u0113ru tabula\" srcset=\"https:\/\/zaoyigarment.com\/wp-content\/uploads\/2024\/06\/silicone-bra-size-chart.webp 1000w, https:\/\/zaoyigarment.com\/wp-content\/uploads\/2024\/06\/silicone-bra-size-chart-300x300.webp 300w, https:\/\/zaoyigarment.com\/wp-content\/uploads\/2024\/06\/silicone-bra-size-chart-150x150.webp 150w, https:\/\/zaoyigarment.com\/wp-content\/uploads\/2024\/06\/silicone-bra-size-chart-768x768.webp 768w, https:\/\/zaoyigarment.com\/wp-content\/uploads\/2024\/06\/silicone-bra-size-chart-12x12.webp 12w, https:\/\/zaoyigarment.com\/wp-content\/uploads\/2024\/06\/silicone-bra-size-chart-600x600.webp 600w, https:\/\/zaoyigarment.com\/wp-content\/uploads\/2024\/06\/silicone-bra-size-chart-100x100.webp 100w\" sizes=\"auto, (max-width: 1000px) 100vw, 1000px\" \/>\t\t\t\t\t\t\n\t\t\t\t\t<\/div>\n\t\t\t\t\t\t\t\t\n<style>\n#image_1276102873 {\n  width: 100%;\n}\n<\/style>\n\t<\/div>","protected":false},"excerpt":{"rendered":"<p>Zaoyi Custom Mango Push-Up Bra ra\u017eot\u0101js un pieg\u0101d\u0101t\u0101js \u0136\u012bn\u0101<\/p>\n<p>- MOQ: 3000 gab<br \/>\n- tiek pied\u0101v\u0101ts OEM \/ ODM pakalpojums<br \/>\n- pieejams bezmaksas paraugs<br \/>\n\u2013 Kr\u016b\u0161turu p\u0101rstr\u0101de<br \/>\n- 25-35 dienu gatav\u012bbas laiks piel\u0101gotam pas\u016bt\u012bjumam<br \/>\n- Pie\u0146emiet piel\u0101go\u0161anu (specifik\u0101cijas, kr\u0101sa, dizains utt.)<\/p>\n<p>1) Lab\u0101kie kr\u016b\u0161tura risin\u0101jumi valk\u0101\u0161anai ar seks\u012bgiem t\u0113rpiem, kleit\u0101m bez muguras, k\u0101zu kleit\u0101m, t-krekliem utt.<br \/>\n2) Bez\u0161uvju un atbalsto\u0161s dizains komfortam<br \/>\n3) Gluds un medic\u012bnisk\u0101s kvalit\u0101tes g\u0113ls<br \/>\n4) Var izgatavot piel\u0101gotu audumu vai rakstu uz nipe\u013ca v\u0101ka<br \/>\n5) dinamiska kr\u0101sa, pret izbal\u0113\u0161anu<br \/>\n6) DIY piel\u0101go\u0161ana<\/p>\n<p>L\u016bdzu, sazinieties ar mums, ja v\u0113laties uzzin\u0101t mango pa\u0161l\u012bm\u0113jo\u0161o push-up kr\u016b\u0161tura cenas.<\/p>","protected":false},"featured_media":2728,"comment_status":"open","ping_status":"closed","template":"","meta":[],"product_brand":[],"product_cat":[15],"product_tag":[],"class_list":{"0":"post-2724","1":"product","2":"type-product","3":"status-publish","4":"has-post-thumbnail","6":"product_cat-push-up-bra","8":"first","9":"instock","10":"shipping-taxable","11":"product-type-simple"},"_links":{"self":[{"href":"https:\/\/zaoyigarment.com\/lv\/wp-json\/wp\/v2\/product\/2724","targetHints":{"allow":["GET"]}}],"collection":[{"href":"https:\/\/zaoyigarment.com\/lv\/wp-json\/wp\/v2\/product"}],"about":[{"href":"https:\/\/zaoyigarment.com\/lv\/wp-json\/wp\/v2\/types\/product"}],"replies":[{"embeddable":true,"href":"https:\/\/zaoyigarment.com\/lv\/wp-json\/wp\/v2\/comments?post=2724"}],"wp:featuredmedia":[{"embeddable":true,"href":"https:\/\/zaoyigarment.com\/lv\/wp-json\/wp\/v2\/media\/2728"}],"wp:attachment":[{"href":"https:\/\/zaoyigarment.com\/lv\/wp-json\/wp\/v2\/media?parent=2724"}],"wp:term":[{"taxonomy":"product_brand","embeddable":true,"href":"https:\/\/zaoyigarment.com\/lv\/wp-json\/wp\/v2\/product_brand?post=2724"},{"taxonomy":"product_cat","embeddable":true,"href":"https:\/\/zaoyigarment.com\/lv\/wp-json\/wp\/v2\/product_cat?post=2724"},{"taxonomy":"product_tag","embeddable":true,"href":"https:\/\/zaoyigarment.com\/lv\/wp-json\/wp\/v2\/product_tag?post=2724"}],"curies":[{"name":"wp","href":"https:\/\/api.w.org\/{rel}","templated":true}]}}