 {"id":2693,"date":"2024-08-16T02:21:54","date_gmt":"2024-08-16T02:21:54","guid":{"rendered":"https:\/\/zaoyigarment.com\/?post_type=product&#038;p=2693"},"modified":"2026-02-26T03:03:43","modified_gmt":"2026-02-26T03:03:43","slug":"double-side-sticky-bra-inserts-self-pads-for-small-chest-women-silicone-push-up-pad","status":"publish","type":"product","link":"https:\/\/zaoyigarment.com\/lv\/manufacturer\/double-side-sticky-bra-inserts-self-pads-for-small-chest-women-silicone-push-up-pad\/","title":{"rendered":"Divpus\u0113ji lip\u012bgi kr\u016b\u0161tura ielikt\u0146i Sievie\u0161u silikona atspie\u0161anas spilventi\u0146i maz\u0101m kr\u016bt\u012bm"},"content":{"rendered":"<div id=\"text-852099620\" class=\"text\">\n\t\t\n<div class=\"_1-Caexem\" tabindex=\"0\" role=\"button\" aria-label=\"1TP4\u0112rti lietojams: vienk\u0101r\u0161i piestipriniet kr\u016b\u0161tura pagarin\u0101t\u0101ju pie kr\u016b\u0161tura \u0101\u0137iem, lai to nekav\u0113joties pagarin\u0101tu.\">\n<ul>\n<li class=\"_1-Caexem\" tabindex=\"0\" role=\"button\" aria-label=\"$C\u0113rti kr\u016b\u0161tura pagarin\u0101t\u0101ji: 3 kr\u016b\u0161tura pagarin\u0101t\u0101ju komplekts ar elast\u012bgu materi\u0101lu, kas \u013cauj \u0113rti piel\u0101got kr\u016b\u0161tura siksnas izm\u0113ru, lai tas b\u016btu \u0113rti piegu\u013co\u0161s.\"><strong>\u0112rti kr\u016b\u0161tura palikt\u0146i:<\/strong> Ieg\u016bstiet skaistu dekolt\u0113 ar dabiska izskata dekolt\u0113, vienlaikus piedz\u012bvojot br\u012bni\u0161\u0137\u012bgu push-up efektu.<\/li>\n<li class=\"_1-Caexem\" tabindex=\"0\" role=\"button\" aria-label=\"$C\u0113rti kr\u016b\u0161tura pagarin\u0101t\u0101ji: 3 kr\u016b\u0161tura pagarin\u0101t\u0101ju komplekts ar elast\u012bgu materi\u0101lu, kas \u013cauj \u0113rti piel\u0101got kr\u016b\u0161tura siksnas izm\u0113ru, lai tas b\u016btu \u0113rti piegu\u013co\u0161s.\"><strong>Lieliski piem\u0113rots izskatam bez kr\u016b\u0161tura: <\/strong><span class=\"a-list-item a-size-base a-color-base\">Uzlabojiet kr\u016b\u0161turus un bikini, peldkost\u012bmus ar \u0161iem \u0113rtiem silikona palikt\u0146iem.<\/span><\/li>\n<li class=\"_1-Caexem\" tabindex=\"0\" role=\"button\" aria-label=\"$C\u0113rti kr\u016b\u0161tura pagarin\u0101t\u0101ji: 3 kr\u016b\u0161tura pagarin\u0101t\u0101ju komplekts ar elast\u012bgu materi\u0101lu, kas \u013cauj \u0113rti piel\u0101got kr\u016b\u0161tura siksnas izm\u0113ru, lai tas b\u016btu \u0113rti piegu\u013co\u0161s.\"><strong>\u0112rts un m\u012bksts:<\/strong> Izgatavoti no m\u012bkstiem un \u0113rtiem materi\u0101liem, \u0161ie kr\u016b\u0161tura ielikt\u0146i nekairina \u0101du un nerad\u012bs diskomfortu.<\/li>\n<li><strong>Viegli izmantot:<\/strong> Iestatiet kr\u016b\u0161tura kausa iek\u0161pus\u0113 vai ievietojiet kr\u016b\u0161tura palikt\u0146a kabat\u0101. Dro\u0161\u012bbas nol\u016bkos var piespraust ar\u012b pie kr\u016b\u0161tura vai peldbikses (piem\u0113ram, peldoties).<\/li>\n<li>\n<div class=\"a-fixed-left-grid-col a-col-left\"><strong><span class=\"a-color-base\">Kop\u0161anas instrukcijas: <\/span><\/strong><span style=\"font-size: 14.4px;\">Mazg\u0101jiet ar rok\u0101m, iegremd\u0113jot izlietn\u0113\/vann\u0101 ar v\u0113su un siltu \u016bdeni un da\u017eiem pilieniem mazg\u0101\u0161anas l\u012bdzek\u013ca. Viegli izspiediet cauri ziepj\u016bdeni. R\u016bp\u012bgi izskalojiet. Nolieciet plakaniski, lai no\u017e\u016btu.<\/span><\/div>\n<\/li>\n<\/ul>\n<h2><span id=\"types-of-bra-inserts\" class=\"mj-toc-section\">Kr\u016b\u0161tura ielikt\u0146u veidi<\/span><\/h2>\n<p>\u0160eit ir pieejami da\u017ei kr\u016b\u0161tura ielikt\u0146u veidi.<\/p>\n<ul>\n<li>Kr\u016btis palielin\u0101t\u0101ji<\/li>\n<li>Push-up ielikt\u0146i<\/li>\n<li>\u016adensiztur\u012bgi palikt\u0146i<\/li>\n<li>Ielikt\u0146i p\u0113c mastektomijas<\/li>\n<li>Veidot\u0101ji<\/li>\n<li>Putuplasta palikt\u0146i<\/li>\n<\/ul>\n<h2><\/h2>\n<\/div>\n\t\t\n<style>\n#text-852099620 {\n  line-height: 1.7;\n}\n<\/style>\n\t<\/div>","protected":false},"excerpt":{"rendered":"<p>Zaoyi piel\u0101goto lip\u012bgo kr\u016b\u0161tura ielikt\u0146u ra\u017eot\u0101js un pieg\u0101d\u0101t\u0101js \u0136\u012bn\u0101<\/p>\n<p>- MOQ: 3000 gab<br \/>\n- tiek pied\u0101v\u0101ts OEM \/ ODM pakalpojums<br \/>\n- pieejams bezmaksas paraugs<br \/>\n\u2013 Kr\u016b\u0161turu p\u0101rstr\u0101de<br \/>\n- 20-30 dienu gatav\u012bbas laiks piel\u0101gotam pas\u016bt\u012bjumam<br \/>\n- Pie\u0146emiet piel\u0101go\u0161anu (specifik\u0101cijas, kr\u0101sa, dizains utt.)<\/p>\n<p>1) Bez kr\u016b\u0161tura izskats: ieg\u016bstiet bez kr\u016b\u0161tura izskatu, nezaud\u0113jot komfortu un atbalstu.<br \/>\n2) Regul\u0113jams: viegli piel\u0101gojiet kr\u016b\u0161tura augstumu, lai tas atbilstu j\u016bsu \u0137erme\u0146a formai un sasniegtu perfektu piegul\u0161anu.<br \/>\n3) \u0112rts: izgatavots no m\u012bksta un dab\u012bga materi\u0101la, nodro\u0161inot papildu komfortu un atbalstu j\u016bsu kr\u016b\u0161turim.<\/p>\n<p>Ja v\u0113laties uzzin\u0101t lip\u012bgo kr\u016b\u0161tura ielikt\u0146u cenas, l\u016bdzu, sazinieties ar mums.<\/p>","protected":false},"featured_media":2700,"comment_status":"open","ping_status":"closed","template":"","meta":[],"product_brand":[],"product_cat":[42],"product_tag":[],"class_list":{"0":"post-2693","1":"product","2":"type-product","3":"status-publish","4":"has-post-thumbnail","6":"product_cat-bra-inserts","8":"first","9":"instock","10":"shipping-taxable","11":"product-type-simple"},"_links":{"self":[{"href":"https:\/\/zaoyigarment.com\/lv\/wp-json\/wp\/v2\/product\/2693","targetHints":{"allow":["GET"]}}],"collection":[{"href":"https:\/\/zaoyigarment.com\/lv\/wp-json\/wp\/v2\/product"}],"about":[{"href":"https:\/\/zaoyigarment.com\/lv\/wp-json\/wp\/v2\/types\/product"}],"replies":[{"embeddable":true,"href":"https:\/\/zaoyigarment.com\/lv\/wp-json\/wp\/v2\/comments?post=2693"}],"wp:featuredmedia":[{"embeddable":true,"href":"https:\/\/zaoyigarment.com\/lv\/wp-json\/wp\/v2\/media\/2700"}],"wp:attachment":[{"href":"https:\/\/zaoyigarment.com\/lv\/wp-json\/wp\/v2\/media?parent=2693"}],"wp:term":[{"taxonomy":"product_brand","embeddable":true,"href":"https:\/\/zaoyigarment.com\/lv\/wp-json\/wp\/v2\/product_brand?post=2693"},{"taxonomy":"product_cat","embeddable":true,"href":"https:\/\/zaoyigarment.com\/lv\/wp-json\/wp\/v2\/product_cat?post=2693"},{"taxonomy":"product_tag","embeddable":true,"href":"https:\/\/zaoyigarment.com\/lv\/wp-json\/wp\/v2\/product_tag?post=2693"}],"curies":[{"name":"wp","href":"https:\/\/api.w.org\/{rel}","templated":true}]}}