 {"id":2243,"date":"2024-02-20T07:25:58","date_gmt":"2024-02-20T07:25:58","guid":{"rendered":"https:\/\/zaoyigarment.com\/?post_type=product&#038;p=2243"},"modified":"2025-12-09T19:59:57","modified_gmt":"2025-12-09T19:59:57","slug":"woman-deep-u-plunge-bra-convertible-push-up-bra","status":"publish","type":"product","link":"https:\/\/zaoyigarment.com\/lv\/manufacturer\/woman-deep-u-plunge-bra-convertible-push-up-bra\/","title":{"rendered":"Sieviete Deep U Plunge Bra Convertible Push Up Bra"},"content":{"rendered":"<p><span class=\"a-list-item\"><strong>DAUDZUMS:<\/strong> 3000 gab piel\u0101gotai iesai\u0146o\u0161anai un lielapjoma pas\u016bt\u012bjumam<\/span><\/p>\n<ul class=\"a-unordered-list a-vertical a-spacing-mini\">\n<li><span class=\"a-list-item\"><strong>MATERI\u0100LS:<\/strong> 80% neilons, 20% spandekss<\/span><\/li>\n<li><span class=\"a-list-item\"><strong>IEGUVUMI:<\/strong> Vides un dro\u0161\u012bbas \u017eeleja, elpojo\u0161a, \u0161\u016bnu, izliekta, dro\u0161a<\/span><\/li>\n<li><span class=\"a-list-item\"><strong>DIZAINS:<\/strong> Da\u017e\u0101das dizaina iesp\u0113jas vai ar\u012b t\u0101s var piel\u0101got<\/span><\/li>\n<li><span class=\"a-list-item\"><strong>IZM\u0112RI:<\/strong> A\/B\/C\/D\/E\/F\/H, piel\u0101gots<\/span><\/li>\n<li><span class=\"a-list-item a-size-base a-color-base\"><strong>SP\u0112C\u012aGS ATBALSTS UN REGUL\u0112JAMA Z\u012aME:<\/strong> Mazie der A kausam. M\u016bsu sievie\u0161u kr\u016b\u0161turi bez siksn\u0101m ar savu izsmalcin\u0101to dzi\u013co U iegremd\u0113\u0161anas dizainu ir prasm\u012bgi izstr\u0101d\u0101ti, lai akcent\u0113tu j\u016bsu kr\u016btis un rad\u012btu perfektu dekolt\u0113. Tas prasm\u012bgi apkopo j\u016bsu kr\u016btis, radot vilino\u0161u un burv\u012bgu formu. Un neatkar\u012bgi no t\u0101, vai j\u016bs rot\u0101jat kleitu bez lenc\u012bt\u0113m vai v\u0113laties uzlabot savu kr\u016b\u0161u izliekumu, m\u016bsu kr\u016b\u0161turis bez atzveltnes ir lab\u0101k\u0101 izv\u0113le.<\/span><\/li>\n<li><span class=\"a-list-item a-size-base a-color-base\"><strong>\u0100DAI DRAUDZ\u012aGA ELPOJO\u0160A AUDUMA UN GUMJU L\u012aME:<\/strong>Materi\u0101ls ir izgatavots no visa dab\u012bg\u0101 neaust\u0101 auduma + medic\u012bnisk\u0101 silikona. Dabisk\u0101 gumijas l\u012bme ir p\u0101rkl\u0101ta ar gaisa caurumiem, kas saglab\u0101 lielisku gaisa caurlaid\u012bbu lieto\u0161anas laik\u0101.<\/span><\/li>\n<li><span class=\"a-list-item a-size-base a-color-base\"><strong>IZKL\u0100T\u012aGS Sp\u0101rnu IZSTR\u0100DE:<\/strong> Tam ir neredzami sp\u0101rni ab\u0101s pus\u0113s, kas nodro\u0161ina optim\u0101lu kr\u016b\u0161u atbalstu un \u013cauj piel\u0101got stingr\u012bbu atbilsto\u0161i sav\u0101m v\u0113lm\u0113m. Ar m\u016bsu bezsiksnu kr\u016b\u0161turi j\u016bs varat dro\u0161i vicin\u0101t savu valdzino\u0161o dekolt\u0113. Uzvelkot kleitu bez atzveltnes, m\u016bsu neredzamais kr\u016b\u0161turis paliek dro\u0161i sav\u0101 viet\u0101, nodro\u0161inot jums dubultu aizsardz\u012bbu bez jebk\u0101da apmulsuma. L\u012bm\u0113jo\u0161ie sp\u0101rni atvieglo valk\u0101\u0161anu un no\u0146em\u0161anu bez piep\u016bles, nodro\u0161inot bezr\u016bp\u012bgu pieredzi.<\/span><\/li>\n<li><span class=\"a-list-item a-size-base a-color-base\"><strong>DAUDZIEM GAD\u012aJUMIEM:<\/strong> Bez lenc\u012b\u0161u kr\u016b\u0161turis jebkuram seks\u012bgam stilam, topi bez atzveltn\u0113m, dzi\u013ci V veida kakla t\u0113rpi, vakart\u0113rpi bez atzveltnes\/bez lenc\u0113m, k\u0101zu kleitas, zemas piegriezuma kleitas, koktei\u013ckleitas, ball\u012b\u0161u kleitas utt. J\u016btieties br\u012bvi demonstr\u0113t savu sievi\u0161\u0137o \u0161armu.<\/span><\/li>\n<li><span class=\"a-list-item a-size-base a-color-base\">\u2764<strong>MAZG\u0100JAMS UN ATK\u0100RTOTI LIETOJAMS:<\/strong> \u0160o bezsiksnu kr\u016b\u0161turi var izmantot daudzas reizes, iev\u0113rojot pa\u0161reiz\u0113jo vides aizsardz\u012bbas t\u0113mu. Mazg\u0101jot \u0161o lip\u012bgo kr\u016b\u0161turi ar \u0161amp\u016bnu un \u016bdeni, saglab\u0101jiet to dabiski sausu un saglab\u0101siet lip\u012bg\u0101s \u017eelejas n\u0101kamajai lieto\u0161anas reizei.<\/span><\/li>\n<li>\n<figure id=\"attachment_2251\" aria-describedby=\"caption-attachment-2251\" style=\"width: 225px\" class=\"wp-caption alignleft\"><img loading=\"lazy\" decoding=\"async\" class=\"size-medium wp-image-2251\" src=\"https:\/\/zaoyigarment.com\/wp-content\/uploads\/2024\/02\/plunge-bra-225x300.webp\" alt=\"ienirt kr\u016b\u0161turis\" width=\"225\" height=\"300\" srcset=\"https:\/\/zaoyigarment.com\/wp-content\/uploads\/2024\/02\/plunge-bra-225x300.webp 225w, https:\/\/zaoyigarment.com\/wp-content\/uploads\/2024\/02\/plunge-bra-600x800.webp 600w, https:\/\/zaoyigarment.com\/wp-content\/uploads\/2024\/02\/plunge-bra.webp 750w\" sizes=\"auto, (max-width: 225px) 100vw, 225px\" \/><figcaption id=\"caption-attachment-2251\" class=\"wp-caption-text\">ienirt kr\u016b\u0161turis<\/figcaption><\/figure><\/li>\n<\/ul>\n<h2>Kr\u016b\u0161tura izm\u0113ru tabula ar att\u0113liem<\/h2>\n\t<div class=\"img has-hover x md-x lg-x y md-y lg-y\" id=\"image_784470653\">\n\t\t\t\t\t\t\t\t<div class=\"img-inner dark\" >\n\t\t\t<img loading=\"lazy\" decoding=\"async\" width=\"1020\" height=\"976\" src=\"https:\/\/zaoyigarment.com\/wp-content\/uploads\/2024\/01\/bra-size-calculator-1024x980.webp\" class=\"attachment-large size-large\" alt=\"kr\u016b\u0161tura izm\u0113ra kalkulators\" srcset=\"https:\/\/zaoyigarment.com\/wp-content\/uploads\/2024\/01\/bra-size-calculator-1024x980.webp 1024w, https:\/\/zaoyigarment.com\/wp-content\/uploads\/2024\/01\/bra-size-calculator-300x287.webp 300w, https:\/\/zaoyigarment.com\/wp-content\/uploads\/2024\/01\/bra-size-calculator-768x735.webp 768w, https:\/\/zaoyigarment.com\/wp-content\/uploads\/2024\/01\/bra-size-calculator-1536x1471.webp 1536w, https:\/\/zaoyigarment.com\/wp-content\/uploads\/2024\/01\/bra-size-calculator-600x575.webp 600w, https:\/\/zaoyigarment.com\/wp-content\/uploads\/2024\/01\/bra-size-calculator.webp 2000w\" sizes=\"auto, (max-width: 1020px) 100vw, 1020px\" \/>\t\t\t\t\t\t\n\t\t\t\t\t<\/div>\n\t\t\t\t\t\t\t\t\n<style>\n#image_784470653 {\n  width: 100%;\n}\n<\/style>\n\t<\/div>","protected":false},"excerpt":{"rendered":"<p>Zaoyi Custom U Plunge Push Up Bra ra\u017eot\u0101js un pieg\u0101d\u0101t\u0101js \u0136\u012bn\u0101<\/p>\n<p>- MOQ: 3000 gab<br \/>\n- tiek pied\u0101v\u0101ts OEM \/ ODM pakalpojums<br \/>\n- pieejams bezmaksas paraugs<br \/>\n\u2013 Kr\u016b\u0161turu p\u0101rstr\u0101de<br \/>\n- 25-35 dienu gatav\u012bbas laiks piel\u0101gotam pas\u016bt\u012bjumam<br \/>\n- Pie\u0146emiet piel\u0101go\u0161anu (specifik\u0101cijas, kr\u0101sa, dizains utt.)<\/p>\n<p>1) Lab\u0101kie kr\u016b\u0161tura risin\u0101jumi, ko valk\u0101t ar kleitu bez muguras, k\u0101zu kleitu, t-kreklu utt<br \/>\n2) Bez\u0161uvju un bezvadu dizains br\u012bv\u012bbai<br \/>\n3) Gluds un smalks neilona audums<br \/>\n4) Uz t\u0101 var izgatavot piel\u0101gotu audumu vai rakstu<br \/>\n5) dinamiska kr\u0101sa, pret izbal\u0113\u0161anu<br \/>\n6) DIY piel\u0101go\u0161ana<\/p>\n<p>Ja v\u0113laties pazemin\u0101t kr\u016b\u0161tura cenas, l\u016bdzu, sazinieties ar mums.<\/p>","protected":false},"featured_media":2853,"comment_status":"open","ping_status":"closed","template":"","meta":[],"product_brand":[],"product_cat":[37],"product_tag":[],"class_list":{"0":"post-2243","1":"product","2":"type-product","3":"status-publish","4":"has-post-thumbnail","6":"product_cat-backless-bra","8":"first","9":"instock","10":"shipping-taxable","11":"product-type-simple"},"_links":{"self":[{"href":"https:\/\/zaoyigarment.com\/lv\/wp-json\/wp\/v2\/product\/2243","targetHints":{"allow":["GET"]}}],"collection":[{"href":"https:\/\/zaoyigarment.com\/lv\/wp-json\/wp\/v2\/product"}],"about":[{"href":"https:\/\/zaoyigarment.com\/lv\/wp-json\/wp\/v2\/types\/product"}],"replies":[{"embeddable":true,"href":"https:\/\/zaoyigarment.com\/lv\/wp-json\/wp\/v2\/comments?post=2243"}],"wp:featuredmedia":[{"embeddable":true,"href":"https:\/\/zaoyigarment.com\/lv\/wp-json\/wp\/v2\/media\/2853"}],"wp:attachment":[{"href":"https:\/\/zaoyigarment.com\/lv\/wp-json\/wp\/v2\/media?parent=2243"}],"wp:term":[{"taxonomy":"product_brand","embeddable":true,"href":"https:\/\/zaoyigarment.com\/lv\/wp-json\/wp\/v2\/product_brand?post=2243"},{"taxonomy":"product_cat","embeddable":true,"href":"https:\/\/zaoyigarment.com\/lv\/wp-json\/wp\/v2\/product_cat?post=2243"},{"taxonomy":"product_tag","embeddable":true,"href":"https:\/\/zaoyigarment.com\/lv\/wp-json\/wp\/v2\/product_tag?post=2243"}],"curies":[{"name":"wp","href":"https:\/\/api.w.org\/{rel}","templated":true}]}}