 {"id":1968,"date":"2023-12-29T08:09:23","date_gmt":"2023-12-29T08:09:23","guid":{"rendered":"https:\/\/zaoyigarment.com\/?post_type=product&#038;p=1968"},"modified":"2026-03-19T17:50:20","modified_gmt":"2026-03-19T17:50:20","slug":"clear-strap-clear-strap-bra-metal-bra-strap","status":"publish","type":"product","link":"https:\/\/zaoyigarment.com\/lv\/manufacturer\/clear-strap-clear-strap-bra-metal-bra-strap\/","title":{"rendered":"Caursp\u012bd\u012bga siksna caursp\u012bd\u012bgai kr\u016b\u0161tura siksnai Met\u0101la kr\u016b\u0161tura siksna Dekorat\u012bva kr\u016b\u0161tura siksna"},"content":{"rendered":"<ul>\n<li><span class=\"a-list-item a-size-base a-color-base\"><strong>Biezs un iztur\u012bgs:<\/strong> M\u016bsu caursp\u012bd\u012bg\u0101s kr\u016b\u0161tura siksnas ir izgatavotas no augstas kvalit\u0101tes TPU materi\u0101la, padarot to iztur\u012bgu, nav viegli sl\u012bdo\u0161u, un tas var iztur\u0113t liel\u0101ku kr\u016b\u0161tura spiedienu, nesal\u016bstot.<\/span><\/li>\n<\/ul>\n<ul class=\"a-unordered-list a-vertical a-spacing-small\">\n<li><span class=\"a-list-item a-size-base a-color-base\"><strong>Da\u017e\u0101di platumi un neredzami:<\/strong> Mums ir pieejami 8\u00a0mm, 10\u00a0mm, 12\u00a0mm, 15\u00a0mm, 18\u00a0mm, 20\u00a0mm utt. izm\u0113ri, kas \u013cauj jums atrast sev piem\u0113rot\u0101ko. T\u0101 k\u0101 kr\u016b\u0161tura siksni\u0146as kr\u0101sa ir caursp\u012bd\u012bga, t\u0101 var labi sapl\u016bst ar j\u016bsu \u0101das toni.<\/span><\/li>\n<\/ul>\n<ul class=\"a-unordered-list a-vertical a-spacing-small\">\n<li><span class=\"a-list-item a-size-base a-color-base\"><strong>Regul\u0113jams un vienk\u0101r\u0161i lietojams:<\/strong> Neredzam\u0101s kr\u016b\u0161tura siksnas ir izstr\u0101d\u0101tas ar pietiekamu garumu saska\u0146\u0101 ar klientu atsauksm\u0113m, kuras var pagarin\u0101t l\u012bdz 70 cm, lai j\u016bs to var\u0113tu viegli piel\u0101got. \u0100\u0137is ir piem\u0113rots liel\u0101kajai da\u013cai kr\u016b\u0161turu cilpi\u0146u tirg\u016b, t\u0101p\u0113c ir \u013coti viegli pievienot vai no\u0146emt kr\u016b\u0161turus.<\/span><\/li>\n<\/ul>\n<ul>\n<li><span class=\"a-list-item a-size-base a-color-base\"><strong>\u0112rta valk\u0101\u0161ana:<\/strong> Caursp\u012bd\u012bg\u0101s kr\u016b\u0161tura siksnas ir izgatavotas no m\u012bksta, vesel\u012bga un videi draudz\u012bga sil\u012bcija, \u013cauj \u0113rti valk\u0101t, nekait\u0113jot \u0101dai, un to var izmantot atk\u0101rtoti, neradot \u0101das aler\u0123iju.<\/span><\/li>\n<\/ul>\n<ul class=\"a-unordered-list a-vertical a-spacing-small\">\n<li><span class=\"a-list-item a-size-base a-color-base\"><strong>Gad\u012bjums:<\/strong> Caursp\u012bd\u012bg\u0101s kr\u016b\u0161tura siksni\u0146as ir lieliski piem\u0113rotas sieviet\u0113m vasar\u0101, kuras valk\u0101 vesti, bik\u0161turu sv\u0101rkus, t\u016bbi\u0146u un kleitu, par\u0101dot dabisku un skaistu \u0101du, liekot jums izskat\u012bties nevainojami.<\/span><\/li>\n<\/ul>","protected":false},"excerpt":{"rendered":"<p>Zaoyi Custom kr\u016b\u0161tura siksna ra\u017eot\u0101js un pieg\u0101d\u0101t\u0101js \u0136\u012bn\u0101<\/p>\n<p>- MOQ: 3000 gab<br \/>\n- tiek pied\u0101v\u0101ts OEM \/ ODM pakalpojums<br \/>\n- pieejams bezmaksas paraugs<br \/>\n\u2013 Kr\u016b\u0161turu p\u0101rstr\u0101de<br \/>\n- 20-30 dienu gatav\u012bbas laiks piel\u0101gotam pas\u016bt\u012bjumam<br \/>\n- Pie\u0146emiet piel\u0101go\u0161anu (specifik\u0101cijas, kr\u0101sa, dizains utt.)<\/p>\n<p>3\/8\u2033 neredzamas siksnas<br \/>\n\u2022 Izgatavots no nealer\u0123iska TPU, kas ir m\u012bkst\u0101ka un sp\u0113c\u012bg\u0101ka alternat\u012bva lateksa vai plastmasas siksn\u0101m.<br \/>\n\u2022 Ni\u0137eli nesaturo\u0161i regul\u0113t\u0101ji un piederumi.<br \/>\n\u2022 Ne tikai kr\u016b\u0161turiem, tos var valk\u0101t ar\u012b ar peldkost\u012bmiem un kleit\u0101m.<br \/>\n\u2022 Skaidrs vai piel\u0101gots<br \/>\n\u2022 Da\u017e\u0101du izm\u0113ru izv\u0113le<\/p>\n<p>Ja v\u0113laties uzzin\u0101t kr\u016b\u0161tura siksnas cenu, l\u016bdzu, sazinieties ar mums.<\/p>","protected":false},"featured_media":1971,"comment_status":"open","ping_status":"closed","template":"","meta":[],"product_brand":[],"product_cat":[39,53],"product_tag":[],"class_list":{"0":"post-1968","1":"product","2":"type-product","3":"status-publish","4":"has-post-thumbnail","6":"product_cat-bra-strap","7":"product_cat-bra-accessories","9":"first","10":"instock","11":"shipping-taxable","12":"product-type-simple"},"_links":{"self":[{"href":"https:\/\/zaoyigarment.com\/lv\/wp-json\/wp\/v2\/product\/1968","targetHints":{"allow":["GET"]}}],"collection":[{"href":"https:\/\/zaoyigarment.com\/lv\/wp-json\/wp\/v2\/product"}],"about":[{"href":"https:\/\/zaoyigarment.com\/lv\/wp-json\/wp\/v2\/types\/product"}],"replies":[{"embeddable":true,"href":"https:\/\/zaoyigarment.com\/lv\/wp-json\/wp\/v2\/comments?post=1968"}],"wp:featuredmedia":[{"embeddable":true,"href":"https:\/\/zaoyigarment.com\/lv\/wp-json\/wp\/v2\/media\/1971"}],"wp:attachment":[{"href":"https:\/\/zaoyigarment.com\/lv\/wp-json\/wp\/v2\/media?parent=1968"}],"wp:term":[{"taxonomy":"product_brand","embeddable":true,"href":"https:\/\/zaoyigarment.com\/lv\/wp-json\/wp\/v2\/product_brand?post=1968"},{"taxonomy":"product_cat","embeddable":true,"href":"https:\/\/zaoyigarment.com\/lv\/wp-json\/wp\/v2\/product_cat?post=1968"},{"taxonomy":"product_tag","embeddable":true,"href":"https:\/\/zaoyigarment.com\/lv\/wp-json\/wp\/v2\/product_tag?post=1968"}],"curies":[{"name":"wp","href":"https:\/\/api.w.org\/{rel}","templated":true}]}}