 {"id":1919,"date":"2023-12-29T02:18:39","date_gmt":"2023-12-29T02:18:39","guid":{"rendered":"https:\/\/zaoyigarment.com\/?post_type=product&#038;p=1919"},"modified":"2025-10-20T02:31:14","modified_gmt":"2025-10-20T02:31:14","slug":"stick-on-bra-lifting-adhesive-sticky-bra","status":"publish","type":"product","link":"https:\/\/zaoyigarment.com\/lv\/manufacturer\/stick-on-bra-lifting-adhesive-sticky-bra\/","title":{"rendered":"Stick On Bra Lifting Adhesive Sticky Bra"},"content":{"rendered":"<div data-zone-id=\"0\" data-line-index=\"0\" data-line=\"true\">\n<ul>\n<li><span class=\"a-list-item\"><strong>S<\/strong><\/span><strong>IZE:<\/strong> 6,5-12 cm diametrs, piel\u0101gots<\/li>\n<li><strong>KR\u0100SA:\u00a0<\/strong>Kails vai piel\u0101gots<\/li>\n<li><span class=\"a-list-item\"><strong>IEGUVUMI:<\/strong> Piegu\u013c, neatst\u0101jot p\u0113das, sviedru iztur\u012bba, ziedu\/apa\u013ca forma, dro\u0161a.<\/span><\/li>\n<li><strong>IZMANTO\u0160ANAS METODE:<\/strong><\/li>\n<li>1. Pirms lieto\u0161anas nomazg\u0101jiet kr\u016btis un rokas ar t\u012bru \u016bdeni un turiet t\u0101s t\u012bras.<\/li>\n<li>2. Nopl\u0113siet izstr\u0101d\u0101juma aizsargpl\u0113vi ar lip\u012bgo pusi uz aug\u0161u un ievietojiet to plaukst\u0101.<\/li>\n<li>3. Nolieciet \u0137erme\u0146a aug\u0161da\u013cu uz priek\u0161u, uzman\u012bgi novietojiet kr\u016b\u0161u pl\u0101ksteri fokusa zon\u0101 un ar rok\u0101m izl\u012bdziniet kr\u016b\u0161u pl\u0101kstera malas, lai tas cie\u0161i piegu\u013c \u0101dai.<\/li>\n<li>4. Nav svara vai sve\u0161\u0137erme\u0146a saj\u016btas, ide\u0101ls kr\u016b\u0161u att\u0113lojums, piem\u0113rots da\u017e\u0101diem gad\u012bjumiem<\/li>\n<\/ul>\n<\/div>\n<ul class=\"a-unordered-list a-vertical a-spacing-mini\">\n<li><span class=\"a-list-item\"><strong>MAZG\u0100\u0160ANAS METODE:<\/strong><\/span><\/li>\n<li><span class=\"a-list-item\">1. Izmantojiet siltu \u016bdeni vai neitr\u0101lu \u0161amp\u016bnu, trauku ziepes, lai maigi izveidotu putas, un mazg\u0101jiet ar ap\u013cveida kust\u012bb\u0101m.<\/span><\/li>\n<li><span class=\"a-list-item\">2.Noskalo ar t\u012bru \u016bdeni. L\u016bdzu, uzmanieties un neizmantojiet nagus, lai izvair\u012btos no savainojumiem.<\/span><\/li>\n<li>3.P\u0113c t\u012br\u012b\u0161anas pakariniet, lai no\u017e\u016btu un izvairieties no tie\u0161iem saules stariem.<\/li>\n<li>4.P\u0113c t\u012br\u012b\u0161anas un \u017e\u0101v\u0113\u0161anas piestipriniet aizsargpl\u0113vi. Viena puse zaud\u0113s lip\u012bgumu, ja t\u0101 b\u016bs notraip\u012bta ar putek\u013ciem. Uzglab\u0101\u0161anas vieta ir j\u0101sarg\u0101 no tie\u0161iem saules stariem.<\/li>\n<li><strong>SVAR\u012aGI PADOMI:<\/strong><br \/>\nNav piem\u0113rots, ja jums ir \u0101das probl\u0113mas vai ja j\u016bsu \u0101da ir ievainota, infic\u0113ta vai apdegusi saul\u0113.<br \/>\nL\u016bdzu, nelietojiet \u0161o produktu, ja esat gr\u016btniece vai barojat b\u0113rnu ar kr\u016bti, ja Jums ir aler\u0123ija pret silikonu vai nesen veikta kr\u016b\u0161u palielin\u0101\u0161anas vai kr\u016b\u0161u samazin\u0101\u0161anas oper\u0101cija.<br \/>\nJa, lietojot \u0161o produktu, rodas jebk\u0101das \u0101das novirzes, nekav\u0113joties p\u0101rtrauciet lieto\u0161anu un nekav\u0113joties konsult\u0113jieties ar savu dermatologu vai \u0101das speci\u0101listu.<\/li>\n<\/ul>","protected":false},"excerpt":{"rendered":"<p>Zaoyi Custom Stick On Bra ra\u017eot\u0101js un pieg\u0101d\u0101t\u0101js \u0136\u012bn\u0101<\/p>\n<p>- MOQ: 3000 gab<br \/>\n- tiek pied\u0101v\u0101ts OEM \/ ODM pakalpojums<br \/>\n- pieejams bezmaksas paraugs<br \/>\n\u2013 Kr\u016b\u0161turu p\u0101rstr\u0101de<br \/>\n- 25-35 dienu gatav\u012bbas laiks piel\u0101gotam pas\u016bt\u012bjumam<br \/>\n- Pie\u0146emiet piel\u0101go\u0161anu (specifik\u0101cijas, kr\u0101sa, dizains utt.)<\/p>\n<p>1) Lab\u0101kie kr\u016b\u0161tura risin\u0101jumi valk\u0101\u0161anai ar k\u0101zu kleitu, kleitu bez muguras, peldkost\u012bmu, t-kreklu utt<br \/>\n2) Bez\u0161uvju un bezvadu dizains br\u012bv\u012bbai<br \/>\n3) Gluds un medic\u012bniskas kvalit\u0101tes materi\u0101ls<br \/>\n4) Uz kr\u016b\u0161tura var izgatavot piel\u0101gotu audumu vai rakstu<br \/>\n5) dinamiska \u0101das kr\u0101sa<br \/>\n6) DIY piel\u0101go\u0161ana<\/p>\n<p>Ja v\u0113laties uzzin\u0101t par kr\u016b\u0161tura cen\u0101m, l\u016bdzu, sazinieties ar mums.<\/p>","protected":false},"featured_media":2816,"comment_status":"open","ping_status":"closed","template":"","meta":[],"product_brand":[],"product_cat":[36],"product_tag":[],"class_list":{"0":"post-1919","1":"product","2":"type-product","3":"status-publish","4":"has-post-thumbnail","6":"product_cat-sticky-bra","8":"first","9":"instock","10":"shipping-taxable","11":"product-type-simple"},"_links":{"self":[{"href":"https:\/\/zaoyigarment.com\/lv\/wp-json\/wp\/v2\/product\/1919","targetHints":{"allow":["GET"]}}],"collection":[{"href":"https:\/\/zaoyigarment.com\/lv\/wp-json\/wp\/v2\/product"}],"about":[{"href":"https:\/\/zaoyigarment.com\/lv\/wp-json\/wp\/v2\/types\/product"}],"replies":[{"embeddable":true,"href":"https:\/\/zaoyigarment.com\/lv\/wp-json\/wp\/v2\/comments?post=1919"}],"wp:featuredmedia":[{"embeddable":true,"href":"https:\/\/zaoyigarment.com\/lv\/wp-json\/wp\/v2\/media\/2816"}],"wp:attachment":[{"href":"https:\/\/zaoyigarment.com\/lv\/wp-json\/wp\/v2\/media?parent=1919"}],"wp:term":[{"taxonomy":"product_brand","embeddable":true,"href":"https:\/\/zaoyigarment.com\/lv\/wp-json\/wp\/v2\/product_brand?post=1919"},{"taxonomy":"product_cat","embeddable":true,"href":"https:\/\/zaoyigarment.com\/lv\/wp-json\/wp\/v2\/product_cat?post=1919"},{"taxonomy":"product_tag","embeddable":true,"href":"https:\/\/zaoyigarment.com\/lv\/wp-json\/wp\/v2\/product_tag?post=1919"}],"curies":[{"name":"wp","href":"https:\/\/api.w.org\/{rel}","templated":true}]}}