 {"id":1908,"date":"2023-12-28T09:12:07","date_gmt":"2023-12-28T09:12:07","guid":{"rendered":"https:\/\/zaoyigarment.com\/?post_type=product&#038;p=1908"},"modified":"2025-08-26T09:54:09","modified_gmt":"2025-08-26T09:54:09","slug":"lifting-push-up-bra-adhesive-bra","status":"publish","type":"product","link":"https:\/\/zaoyigarment.com\/lv\/manufacturer\/lifting-push-up-bra-adhesive-bra\/","title":{"rendered":"Lifting Push Up Bra Adhesive Bra"},"content":{"rendered":"<ul class=\"a-unordered-list a-vertical a-spacing-mini\">\n<li><span class=\"a-list-item\"><strong>DAUDZUMS:<\/strong>\u00a03000 gab piel\u0101gotai iesai\u0146o\u0161anai un lielapjoma pas\u016bt\u012bjumam<\/span><\/li>\n<li><span class=\"a-list-item\"><strong>MATERI\u0100LS:<\/strong> Silikona<\/span><\/li>\n<li><span class=\"a-list-item\"><strong>IEGUVUMI:<\/strong> Vides un dro\u0161\u012bbas \u017eeleja, neredzama, izliekta, dro\u0161a<\/span><\/li>\n<li><span class=\"a-list-item\"><strong>DIZAINS:<\/strong>\u00a0Da\u017e\u0101das dizaina iesp\u0113jas vai ar\u012b t\u0101s var piel\u0101got<\/span><\/li>\n<li><span class=\"a-list-item\"><strong>IZM\u0112RI:<\/strong>\u00a0A\/B\/C\/D\/E\/F\/H, piel\u0101gots<\/span><\/li>\n<li><span class=\"a-list-item a-size-base a-color-base\"><strong>SLIME DESING:<\/strong> Slime dizains sniedz vis\u0113rt\u0101ko saj\u016btu.<\/span><\/li>\n<li><span class=\"a-list-item a-size-base a-color-base\"><strong>MAZG\u0100JAMS:<\/strong>\u00a0L\u012bm\u0113jo\u0161ie kr\u016b\u0161turi ir pa\u0161l\u012bm\u0113jo\u0161i un paliek lip\u012bgi p\u0113c mazg\u0101\u0161anas un \u017e\u0101v\u0113\u0161anas gais\u0101. To var izmantot vair\u0101kas reizes.<\/span><\/li>\n<li><span class=\"a-list-item a-size-base a-color-base\"><strong>DAUDZIEM GAD\u012aJUMIEM:<\/strong> Push up kr\u016b\u0161turis jebkuram seks\u012bgam stilam, topi bez atzveltn\u0113m, dzi\u013ci V veida kakla uzvalki, vakart\u0113rpi bez atzveltnes\/bez lenc\u012bt\u0113m, k\u0101zu kleitas, zemas piegriezuma kleitas, koktei\u013ckleitas, ball\u012b\u0161u kleitas utt. J\u016btieties br\u012bvi demonstr\u0113t savu sievi\u0161\u0137o \u0161armu.<\/span><\/li>\n<li><span class=\"a-list-item\"><strong>MAZG\u0100\u0160ANAS METODE:<\/strong><\/span><\/li>\n<li><span class=\"a-list-item\">1. Izmantojiet siltu \u016bdeni vai neitr\u0101lu \u0161amp\u016bnu, trauku ziepes, lai maigi izveidotu putas, un mazg\u0101jiet ar ap\u013cveida kust\u012bb\u0101m.<\/span><\/li>\n<li><span class=\"a-list-item\">2.Noskalo ar t\u012bru \u016bdeni. L\u016bdzu, uzmanieties un neizmantojiet nagus, lai izvair\u012btos no savainojumiem.<\/span><\/li>\n<li>3.P\u0113c t\u012br\u012b\u0161anas pakariniet, lai no\u017e\u016btu un izvairieties no tie\u0161iem saules stariem.<\/li>\n<li>4.P\u0113c t\u012br\u012b\u0161anas un \u017e\u0101v\u0113\u0161anas piestipriniet aizsargpl\u0113vi. Viena puse zaud\u0113s lip\u012bgumu, ja t\u0101 b\u016bs notraip\u012bta ar putek\u013ciem. Uzglab\u0101\u0161anas vieta ir j\u0101sarg\u0101 no tie\u0161iem saules stariem.<\/li>\n<li><strong>SVAR\u012aGI PADOMI:<\/strong><br \/>\nNav piem\u0113rots, ja jums ir \u0101das probl\u0113mas vai ja j\u016bsu \u0101da ir ievainota, infic\u0113ta vai apdegusi saul\u0113.<br \/>\nL\u016bdzu, nelietojiet \u0161o produktu, ja esat gr\u016btniece vai barojat b\u0113rnu ar kr\u016bti, ja Jums ir aler\u0123ija pret silikonu vai nesen veikta kr\u016b\u0161u palielin\u0101\u0161anas vai kr\u016b\u0161u samazin\u0101\u0161anas oper\u0101cija.<br \/>\nJa, lietojot \u0161o produktu, rodas jebk\u0101das \u0101das novirzes, nekav\u0113joties p\u0101rtrauciet lieto\u0161anu un nekav\u0113joties konsult\u0113jieties ar savu dermatologu vai \u0101das speci\u0101listu.<\/li>\n<\/ul>\n<h2>Kr\u016b\u0161tura izm\u0113ru tabula ar att\u0113liem<\/h2>\n\t<div class=\"img has-hover x md-x lg-x y md-y lg-y\" id=\"image_770316275\">\n\t\t\t\t\t\t\t\t<div class=\"img-inner dark\" >\n\t\t\t<img loading=\"lazy\" decoding=\"async\" width=\"1020\" height=\"976\" src=\"https:\/\/zaoyigarment.com\/wp-content\/uploads\/2024\/01\/bra-size-calculator-1024x980.webp\" class=\"attachment-large size-large\" alt=\"kr\u016b\u0161tura izm\u0113ra kalkulators\" srcset=\"https:\/\/zaoyigarment.com\/wp-content\/uploads\/2024\/01\/bra-size-calculator-1024x980.webp 1024w, https:\/\/zaoyigarment.com\/wp-content\/uploads\/2024\/01\/bra-size-calculator-300x287.webp 300w, https:\/\/zaoyigarment.com\/wp-content\/uploads\/2024\/01\/bra-size-calculator-768x735.webp 768w, https:\/\/zaoyigarment.com\/wp-content\/uploads\/2024\/01\/bra-size-calculator-1536x1471.webp 1536w, https:\/\/zaoyigarment.com\/wp-content\/uploads\/2024\/01\/bra-size-calculator-600x575.webp 600w, https:\/\/zaoyigarment.com\/wp-content\/uploads\/2024\/01\/bra-size-calculator.webp 2000w\" sizes=\"auto, (max-width: 1020px) 100vw, 1020px\" \/>\t\t\t\t\t\t\n\t\t\t\t\t<\/div>\n\t\t\t\t\t\t\t\t\n<style>\n#image_770316275 {\n  width: 100%;\n}\n<\/style>\n\t<\/div>","protected":false},"excerpt":{"rendered":"<p>Zaoyi Custom Lifting Push Up Bra ra\u017eot\u0101js un pieg\u0101d\u0101t\u0101js \u0136\u012bn\u0101<\/p>\n<p>- MOQ: 3000 gab<br \/>\n- tiek pied\u0101v\u0101ts OEM \/ ODM pakalpojums<br \/>\n- pieejams bezmaksas paraugs<br \/>\n\u2013 Kr\u016b\u0161turu p\u0101rstr\u0101de<br \/>\n- 25-35 dienu gatav\u012bbas laiks piel\u0101gotam pas\u016bt\u012bjumam<br \/>\n- Pie\u0146emiet piel\u0101go\u0161anu (specifik\u0101cijas, kr\u0101sa, dizains utt.)<\/p>\n<p>1) Lab\u0101kie risin\u0101jumi valk\u0101\u0161anai ar kleitu bez atzveltnes, T kreklu, k\u0101zu kleitu utt<br \/>\n2) Bez\u0161uvju un bezvadu dizains br\u012bv\u012bbai<br \/>\n3) Gluds un dabiskas vides dro\u0161\u012bbas sil\u012bcijs<br \/>\n4) Uz t\u0101 var izgatavot piel\u0101gotu audumu vai rakstu<br \/>\n5) dinamiska kr\u0101sa<br \/>\n6) DIY piel\u0101go\u0161ana<\/p>\n<p>Ja v\u0113laties sa\u0146emt lifting push up kr\u016b\u0161tura cenas, l\u016bdzu, sazinieties ar mums.<\/p>","protected":false},"featured_media":2815,"comment_status":"open","ping_status":"closed","template":"","meta":[],"product_brand":[],"product_cat":[15],"product_tag":[],"class_list":{"0":"post-1908","1":"product","2":"type-product","3":"status-publish","4":"has-post-thumbnail","6":"product_cat-push-up-bra","8":"first","9":"instock","10":"shipping-taxable","11":"product-type-simple"},"_links":{"self":[{"href":"https:\/\/zaoyigarment.com\/lv\/wp-json\/wp\/v2\/product\/1908","targetHints":{"allow":["GET"]}}],"collection":[{"href":"https:\/\/zaoyigarment.com\/lv\/wp-json\/wp\/v2\/product"}],"about":[{"href":"https:\/\/zaoyigarment.com\/lv\/wp-json\/wp\/v2\/types\/product"}],"replies":[{"embeddable":true,"href":"https:\/\/zaoyigarment.com\/lv\/wp-json\/wp\/v2\/comments?post=1908"}],"wp:featuredmedia":[{"embeddable":true,"href":"https:\/\/zaoyigarment.com\/lv\/wp-json\/wp\/v2\/media\/2815"}],"wp:attachment":[{"href":"https:\/\/zaoyigarment.com\/lv\/wp-json\/wp\/v2\/media?parent=1908"}],"wp:term":[{"taxonomy":"product_brand","embeddable":true,"href":"https:\/\/zaoyigarment.com\/lv\/wp-json\/wp\/v2\/product_brand?post=1908"},{"taxonomy":"product_cat","embeddable":true,"href":"https:\/\/zaoyigarment.com\/lv\/wp-json\/wp\/v2\/product_cat?post=1908"},{"taxonomy":"product_tag","embeddable":true,"href":"https:\/\/zaoyigarment.com\/lv\/wp-json\/wp\/v2\/product_tag?post=1908"}],"curies":[{"name":"wp","href":"https:\/\/api.w.org\/{rel}","templated":true}]}}