 {"id":1900,"date":"2023-12-27T09:17:18","date_gmt":"2023-12-27T09:17:18","guid":{"rendered":"https:\/\/zaoyigarment.com\/?post_type=product&#038;p=1900"},"modified":"2026-04-17T01:01:56","modified_gmt":"2026-04-17T01:01:56","slug":"ok-tape","status":"publish","type":"product","link":"https:\/\/zaoyigarment.com\/lv\/manufacturer\/ok-tape\/","title":{"rendered":"OK Tape Adhesive Bandage Wrap Pa\u0161l\u012bm\u0113jo\u0161as salied\u0113jo\u0161as p\u0101rs\u0113ji Lentes Bangade traum\u0101m"},"content":{"rendered":"<div data-zone-id=\"0\" data-line-index=\"0\" data-line=\"true\">\n<ul>\n<li><span class=\"a-list-item\"><strong>S<\/strong><\/span><strong>IZE:<\/strong> 2cm platums, 5m garums, piel\u0101gots<\/li>\n<li><strong>KR\u0100SA:\u00a0<\/strong>Pliks, oglek\u013ca kokoss vai piel\u0101gots<\/li>\n<li><span class=\"a-list-item\"><strong>IEGUVUMI:<\/strong> Lai pasarg\u0101tu \u0137ermeni, lai sportojot nesavainotos<\/span><\/li>\n<li><strong>KOP\u0160ANAS INSTRUKCIJA:<\/strong><\/li>\n<li>Sporta lentei nav nepiecie\u0161ama \u012bpa\u0161a kop\u0161ana.<\/li>\n<\/ul>\n<\/div>\n<ul class=\"a-unordered-list a-vertical a-spacing-mini\">\n<li><span class=\"a-list-item\"><strong>IEGUVUMI:<\/strong><\/span><\/li>\n<li>Lieliski piem\u0113rots funkcion\u0101liem p\u0101rs\u0113jiem, traum\u0113tu musku\u013cu atvieglo\u0161anai vai konservat\u012bvai dislok\u0101ciju \u0101rst\u0113\u0161anai<\/li>\n<li>\u013boti viegli nopl\u0113st, pateicoties robainajai malai<\/li>\n<li>Piln\u012bb\u0101 izgatavots no dab\u012bgiem un \u0101dai draudz\u012bgiem materi\u0101liem<\/li>\n<li><strong>SVAR\u012aGI PADOMI:<\/strong><br \/>\nNav piem\u0113rots, ja jums ir \u0101das probl\u0113mas vai ja j\u016bsu \u0101da ir ievainota, infic\u0113ta vai apdegusi saul\u0113.<br \/>\nL\u016bdzu, nelietojiet \u0161o produktu, ja esat gr\u016btniece vai barojat b\u0113rnu ar kr\u016bti, ja Jums ir aler\u0123ija pret silikagelu vai nesen veikta kr\u016b\u0161u palielin\u0101\u0161anas vai kr\u016b\u0161u samazin\u0101\u0161anas oper\u0101cija.<br \/>\nJa, lietojot \u0161o produktu, rodas jebk\u0101das \u0101das novirzes, nekav\u0113joties p\u0101rtrauciet lieto\u0161anu un nekav\u0113joties konsult\u0113jieties ar savu dermatologu vai \u0101das speci\u0101listu.<\/li>\n<\/ul>\n\t<div class=\"img has-hover x md-x lg-x y md-y lg-y\" id=\"image_192555190\">\n\t\t\t\t\t\t\t\t<div class=\"img-inner dark\" >\n\t\t\t<img loading=\"lazy\" decoding=\"async\" width=\"1020\" height=\"1020\" src=\"https:\/\/zaoyigarment.com\/wp-content\/uploads\/2023\/12\/adhesive-bandage-wrap-1024x1024.webp\" class=\"attachment-large size-large\" alt=\"l\u012bm\u0113jo\u0161\u0101 p\u0101rs\u0113ju iet\u012b\u0161ana\" srcset=\"https:\/\/zaoyigarment.com\/wp-content\/uploads\/2023\/12\/adhesive-bandage-wrap-1024x1024.webp 1024w, https:\/\/zaoyigarment.com\/wp-content\/uploads\/2023\/12\/adhesive-bandage-wrap-300x300.webp 300w, https:\/\/zaoyigarment.com\/wp-content\/uploads\/2023\/12\/adhesive-bandage-wrap-150x150.webp 150w, https:\/\/zaoyigarment.com\/wp-content\/uploads\/2023\/12\/adhesive-bandage-wrap-768x768.webp 768w, https:\/\/zaoyigarment.com\/wp-content\/uploads\/2023\/12\/adhesive-bandage-wrap-1536x1536.webp 1536w, https:\/\/zaoyigarment.com\/wp-content\/uploads\/2023\/12\/adhesive-bandage-wrap-2048x2048.webp 2048w, https:\/\/zaoyigarment.com\/wp-content\/uploads\/2023\/12\/adhesive-bandage-wrap-12x12.webp 12w, https:\/\/zaoyigarment.com\/wp-content\/uploads\/2023\/12\/adhesive-bandage-wrap-600x600.webp 600w, https:\/\/zaoyigarment.com\/wp-content\/uploads\/2023\/12\/adhesive-bandage-wrap-100x100.webp 100w\" sizes=\"auto, (max-width: 1020px) 100vw, 1020px\" \/>\t\t\t\t\t\t\n\t\t\t\t\t<\/div>\n\t\t\t\t\t\t\t\t\n<style>\n#image_192555190 {\n  width: 100%;\n}\n<\/style>\n\t<\/div>","protected":false},"excerpt":{"rendered":"<p>Zaoyi Custom OK lentes ra\u017eot\u0101js un pieg\u0101d\u0101t\u0101js \u0136\u012bn\u0101<\/p>\n<p>- MOQ: 3000 gab<br \/>\n- tiek pied\u0101v\u0101ts OEM \/ ODM pakalpojums<br \/>\n- pieejams bezmaksas paraugs<br \/>\n\u2013 Pre\u010du p\u0101rstr\u0101de<br \/>\n- 20-30 dienu gatav\u012bbas laiks piel\u0101gotam pas\u016bt\u012bjumam<br \/>\n- Pie\u0146emiet piel\u0101go\u0161anu (specifik\u0101cijas, kr\u0101sa, dizains utt.)<\/p>\n<p>1) Lab\u0101kie risin\u0101jumi aizsardz\u012bbai, nodarbojoties ar sportu<br \/>\n2) Bez\u0161uvju un modes dizains br\u012bv\u012bbai<br \/>\n3) Gluds un medic\u012bniskas kvalit\u0101tes materi\u0101ls<br \/>\n4) Uz t\u0101 var izgatavot piel\u0101gotu audumu vai rakstu<br \/>\n5) dinamiska kr\u0101sa, pret izbal\u0113\u0161anu<br \/>\n6) DIY piel\u0101go\u0161ana<\/p>\n<p>Ja v\u0113laties sa\u0146emt labas lentes cenas, l\u016bdzu, sazinieties ar mums.<\/p>","protected":false},"featured_media":3046,"comment_status":"open","ping_status":"closed","template":"","meta":[],"product_brand":[],"product_cat":[38],"product_tag":[],"class_list":{"0":"post-1900","1":"product","2":"type-product","3":"status-publish","4":"has-post-thumbnail","6":"product_cat-bra-tape","8":"first","9":"instock","10":"shipping-taxable","11":"product-type-simple"},"_links":{"self":[{"href":"https:\/\/zaoyigarment.com\/lv\/wp-json\/wp\/v2\/product\/1900","targetHints":{"allow":["GET"]}}],"collection":[{"href":"https:\/\/zaoyigarment.com\/lv\/wp-json\/wp\/v2\/product"}],"about":[{"href":"https:\/\/zaoyigarment.com\/lv\/wp-json\/wp\/v2\/types\/product"}],"replies":[{"embeddable":true,"href":"https:\/\/zaoyigarment.com\/lv\/wp-json\/wp\/v2\/comments?post=1900"}],"wp:featuredmedia":[{"embeddable":true,"href":"https:\/\/zaoyigarment.com\/lv\/wp-json\/wp\/v2\/media\/3046"}],"wp:attachment":[{"href":"https:\/\/zaoyigarment.com\/lv\/wp-json\/wp\/v2\/media?parent=1900"}],"wp:term":[{"taxonomy":"product_brand","embeddable":true,"href":"https:\/\/zaoyigarment.com\/lv\/wp-json\/wp\/v2\/product_brand?post=1900"},{"taxonomy":"product_cat","embeddable":true,"href":"https:\/\/zaoyigarment.com\/lv\/wp-json\/wp\/v2\/product_cat?post=1900"},{"taxonomy":"product_tag","embeddable":true,"href":"https:\/\/zaoyigarment.com\/lv\/wp-json\/wp\/v2\/product_tag?post=1900"}],"curies":[{"name":"wp","href":"https:\/\/api.w.org\/{rel}","templated":true}]}}