 {"id":1664,"date":"2023-12-12T08:08:00","date_gmt":"2023-12-12T08:08:00","guid":{"rendered":"https:\/\/zaoyigarment.com\/?post_type=product&#038;p=1664"},"modified":"2026-05-11T10:34:13","modified_gmt":"2026-05-11T10:34:13","slug":"bra-tape","status":"publish","type":"product","link":"https:\/\/zaoyigarment.com\/lv\/manufacturer\/bra-tape\/","title":{"rendered":"Kr\u016b\u0161tura lente Breast Tape Lift Tape Body Tape Waterproof"},"content":{"rendered":"<div id=\"featurebullets_feature_div\" class=\"celwidget\" data-feature-name=\"featurebullets\" data-csa-c-type=\"widget\" data-csa-c-content-id=\"featurebullets\" data-csa-c-slot-id=\"featurebullets_feature_div\" data-csa-c-asin=\"B07DF32D6Q\" data-csa-c-is-in-initial-active-row=\"false\" data-csa-c-id=\"3j0pnl-7cjnp-9t8psx-tspeog\">\n<div id=\"feature-bullets\" class=\"a-section a-spacing-medium a-spacing-top-small\">\n<ul class=\"a-unordered-list a-vertical a-spacing-mini\">\n<li>\n<div data-zone-id=\"0\" data-line-index=\"0\" data-line=\"true\">\n<div data-zone-id=\"0\" data-line-index=\"0\" data-line=\"true\"><strong style=\"font-size: 14.4px;\">IZM\u0112RS:<\/strong><span style=\"font-size: 14.4px;\"> Parastais platums ir 2,5 cm, 3,8 cm, 5 cm, 7,5 cm, 10 cm, garumu var izv\u0113l\u0113ties 3M, 4M, 5M. Iek\u0161\u0113j\u0101s kr\u0101sas kastes izm\u0113rs ir 7,5 * 6,5 * 7,5 cm, 11,5 * 8 * 8 cm. Visi izm\u0113ri piel\u0101goti<\/span><\/div>\n<\/div>\n<\/li>\n<li><span class=\"a-list-item\"><strong>MATERI\u0100LS:<\/strong> Kokvilna+spandekss<\/span><\/li>\n<li><span class=\"a-list-item\"><strong>MAKSIMALIZ\u0112T P\u0100RVAD\u0100T\u012aBU:<\/strong> Padariet to \u0113rtu uzglab\u0101\u0161anu, transport\u0113\u0161anu<\/span><\/li>\n<li><span class=\"a-list-item\"><strong>PIEEJAMS VAIRUM\u0100:<\/strong> Tiek pied\u0101v\u0101ts vairum\u0101 1000\u00a0skait\u012b\u0161anas kastes ar pie\u0146emam\u0101m vairumtirdzniec\u012bbas cen\u0101m, lai nodro\u0161in\u0101tu, ka jums ir kr\u0101jumi un nep\u0101rsniedz bud\u017eetu<\/span><\/li>\n<li><span class=\"a-list-item\"><strong>IDE\u0100LI PIEL\u0100DI K\u0100Z\u0100M, \u012aPA\u0160IEM PAS\u0100KUMIEM UN \u0112DIN\u0100\u0160ANAS BALL\u0112M:<\/strong> Ieg\u016bstiet neaizmirstamu p\u0101rliec\u012bbu, kad esat k\u0101z\u0101s, banket\u0101 un ball\u012bt\u0113, izmantojot \u0161o unik\u0101lo lenti<\/span><\/li>\n<li><strong>Padomi:<\/strong>L\u016bdzu, \u0146emiet v\u0113r\u0101, ka \u0161im produktam ir nopietna notur\u012bba!<br \/>\nDa\u017e\u0101m sieviet\u0113m ir pl\u0101na \u0101da ap apkakles kaulu vai kr\u016b\u0161kurvja aug\u0161da\u013cu. Nevalk\u0101jiet produktu ilg\u0101k par 8 stund\u0101m. L\u016bdzu, esiet \u013coti piesardz\u012bgs, ja izv\u0113laties uzkl\u0101t lenti \u0161\u012bm viet\u0101m.<br \/>\nLieto\u0161anas laik\u0101 nepak\u013caujiet produktu ilgsto\u0161ai saules iedarb\u012bbai vai karstumam. Tas var izrais\u012bt \u0101das kairin\u0101jumu. Produkt\u0101 nesau\u013cojieties.<\/li>\n<li><b>L\u016bdzu, \u0146emiet v\u0113r\u0101:<\/b><br \/>\n<b>K\u0101 izvair\u012bties no \u0101das aler\u0123ij\u0101m un asaro\u0161anas probl\u0113m\u0101m?<\/b><\/p>\n<ul>\n<li>Veiciet vienk\u0101r\u0161u \u0101das jut\u012bguma testu<\/li>\n<li>Ne\u013caujiet lentei palikt uz \u0101das ilg\u0101k par 12 stund\u0101m<\/li>\n<li>Nav piem\u0113rots gr\u016btniec\u0113m, z\u012bd\u012b\u0161anas laik\u0101 vai cilv\u0113kiem ar jut\u012bgu\/maigu \u0101du<\/li>\n<li>L\u016bdzu, atcerieties izmantot siltu \u016bdeni vai \u0113terisko e\u013c\u013cu, lai l\u0113ni un maigi no\u0146emtu kr\u016b\u0161u l\u012bmlenti, kas pal\u012bdz nov\u0113rst \u0101das pl\u012bsumus, jo p\u0101r\u0101k \u0101tra to norau\u0161ana var izrais\u012bt savainojumus. Varat ar\u012b uz\u0146emt karstu vannu, lai to nopl\u0113stu<\/li>\n<\/ul>\n<p><b>K\u0101 veikt vieglu \u0101das testu, lai noskaidrotu, vai j\u016bsu \u0101da ir jut\u012bga vai n\u0113?<\/b><\/p>\n<ol>\n<li>J\u016bs varat nogriezt nelielu lentes sloksni un piel\u012bm\u0113t to uz rokas iek\u0161puses, p\u0113c tam nopl\u0113st to p\u0113c 6 stund\u0101m.<\/li>\n<li>Nov\u0113ro savu \u0101du.<\/li>\n<li>Ja p\u0113c testa jums rodas nev\u0113lama reakcija (piem\u0113ram, aps\u0101rtums, dedzin\u0101\u0161ana vai diskomforts), l\u016bdzu, nekav\u0113joties p\u0101rtrauciet lietot \u0161o lenti.<\/li>\n<\/ol>\n<\/li>\n<\/ul>\n<\/div>\n<\/div>\n\t<div class=\"img has-hover x md-x lg-x y md-y lg-y\" id=\"image_830192837\">\n\t\t\t\t\t\t\t\t<div class=\"img-inner dark\" >\n\t\t\t<img loading=\"lazy\" decoding=\"async\" width=\"800\" height=\"801\" src=\"https:\/\/zaoyigarment.com\/wp-content\/uploads\/2024\/02\/how-to-use-bra-tape.webp\" class=\"attachment-large size-large\" alt=\"k\u0101 lietot kr\u016b\u0161tura lenti\" srcset=\"https:\/\/zaoyigarment.com\/wp-content\/uploads\/2024\/02\/how-to-use-bra-tape.webp 800w, https:\/\/zaoyigarment.com\/wp-content\/uploads\/2024\/02\/how-to-use-bra-tape-300x300.webp 300w, https:\/\/zaoyigarment.com\/wp-content\/uploads\/2024\/02\/how-to-use-bra-tape-150x150.webp 150w, https:\/\/zaoyigarment.com\/wp-content\/uploads\/2024\/02\/how-to-use-bra-tape-768x769.webp 768w, https:\/\/zaoyigarment.com\/wp-content\/uploads\/2024\/02\/how-to-use-bra-tape-600x601.webp 600w, https:\/\/zaoyigarment.com\/wp-content\/uploads\/2024\/02\/how-to-use-bra-tape-100x100.webp 100w\" sizes=\"auto, (max-width: 800px) 100vw, 800px\" \/>\t\t\t\t\t\t\n\t\t\t\t\t<\/div>\n\t\t\t\t\t\t\t\t\n<style>\n#image_830192837 {\n  width: 100%;\n}\n<\/style>\n\t<\/div>","protected":false},"excerpt":{"rendered":"<p>Zaoyi piel\u0101gotas kr\u016b\u0161tura lentes ra\u017eot\u0101js un pieg\u0101d\u0101t\u0101js \u0136\u012bn\u0101<\/p>\n<p>- MOQ: 3000 gab<br \/>\n- tiek pied\u0101v\u0101ts OEM \/ ODM pakalpojums<br \/>\n- pieejams bezmaksas paraugs<br \/>\n- Pie\u0146emiet piel\u0101go\u0161anu (specifik\u0101cijas, kr\u0101sa, dizains utt.)<\/p>\n<p>Ja v\u0113laties uzzin\u0101t kr\u016b\u0161tura lentes cenas, l\u016bdzu, sazinieties ar mums.<\/p>","protected":false},"featured_media":2805,"comment_status":"open","ping_status":"closed","template":"","meta":[],"product_brand":[],"product_cat":[38],"product_tag":[],"class_list":{"0":"post-1664","1":"product","2":"type-product","3":"status-publish","4":"has-post-thumbnail","6":"product_cat-bra-tape","8":"first","9":"instock","10":"shipping-taxable","11":"product-type-simple"},"_links":{"self":[{"href":"https:\/\/zaoyigarment.com\/lv\/wp-json\/wp\/v2\/product\/1664","targetHints":{"allow":["GET"]}}],"collection":[{"href":"https:\/\/zaoyigarment.com\/lv\/wp-json\/wp\/v2\/product"}],"about":[{"href":"https:\/\/zaoyigarment.com\/lv\/wp-json\/wp\/v2\/types\/product"}],"replies":[{"embeddable":true,"href":"https:\/\/zaoyigarment.com\/lv\/wp-json\/wp\/v2\/comments?post=1664"}],"wp:featuredmedia":[{"embeddable":true,"href":"https:\/\/zaoyigarment.com\/lv\/wp-json\/wp\/v2\/media\/2805"}],"wp:attachment":[{"href":"https:\/\/zaoyigarment.com\/lv\/wp-json\/wp\/v2\/media?parent=1664"}],"wp:term":[{"taxonomy":"product_brand","embeddable":true,"href":"https:\/\/zaoyigarment.com\/lv\/wp-json\/wp\/v2\/product_brand?post=1664"},{"taxonomy":"product_cat","embeddable":true,"href":"https:\/\/zaoyigarment.com\/lv\/wp-json\/wp\/v2\/product_cat?post=1664"},{"taxonomy":"product_tag","embeddable":true,"href":"https:\/\/zaoyigarment.com\/lv\/wp-json\/wp\/v2\/product_tag?post=1664"}],"curies":[{"name":"wp","href":"https:\/\/api.w.org\/{rel}","templated":true}]}}