 {"id":1402,"date":"2023-06-08T08:15:42","date_gmt":"2023-06-08T08:15:42","guid":{"rendered":"https:\/\/zaoyigarment.com\/?post_type=product&#038;p=1402"},"modified":"2026-04-17T01:04:43","modified_gmt":"2026-04-17T01:04:43","slug":"push-up-bras","status":"publish","type":"product","link":"https:\/\/zaoyigarment.com\/lv\/manufacturer\/push-up-bras\/","title":{"rendered":"Push Up Bra | Push Up Bras bez lenc\u012bt\u0113m Butterfly kr\u016b\u0161turis"},"content":{"rendered":"<ul class=\"a-unordered-list a-vertical a-spacing-mini\">\n<li><span class=\"a-list-item\"><strong>DAUDZUMS:<\/strong> 3000 gab piel\u0101gotai iesai\u0146o\u0161anai un lielapjoma pas\u016bt\u012bjumam<\/span><\/li>\n<li><span class=\"a-list-item\"><strong>MATERI\u0100LS:<\/strong> 80% neilons, 20% spandekss<\/span><\/li>\n<li><span class=\"a-list-item\"><strong>IEGUVUMI:<\/strong> Vides un dro\u0161\u012bbas \u017eeleja, elpojo\u0161a, \u0161\u016bnu, izliekta, dro\u0161a<\/span><\/li>\n<li><span class=\"a-list-item\"><strong>DIZAINS:<\/strong> Da\u017e\u0101das dizaina iesp\u0113jas vai ar\u012b t\u0101s var piel\u0101got<\/span><\/li>\n<li><span class=\"a-list-item\"><strong>IZM\u0112RI:<\/strong> A\/B\/C\/D\/E\/F\/H, piel\u0101gots<\/span><\/li>\n<li><span class=\"a-list-item a-size-base a-color-base\"><strong>SP\u0112C\u012aGS ATBALSTS UN REGUL\u0112JAMA Z\u012aME:<\/strong> Lielisks atbalsts ir lieliski piem\u0113rots kr\u016b\u0161u pacel\u0161anai. Ar vienu vilk\u0161anu j\u016bs varat uzreiz pacelt kausu un tur\u0113t kr\u016btis taisnas. Atvadieties no kr\u016b\u0161u nokar\u0101\u0161an\u0101s probl\u0113m\u0101m, viegli izveidojiet perfektu kr\u016b\u0161u izliekumu.<\/span><\/li>\n<li><span class=\"a-list-item a-size-base a-color-base\"><strong>\u0100DAI DRAUDZ\u012aGA ELPOJO\u0160A AUDUMA UN GUMJU L\u012aME:<\/strong>Materi\u0101ls ir izgatavots no visa dab\u012bg\u0101 neaust\u0101 auduma + medic\u012bnisk\u0101 silikona. Dabisk\u0101 gumijas l\u012bme ir p\u0101rkl\u0101ta ar gaisa caurumiem, kas saglab\u0101 lielisku gaisa caurlaid\u012bbu lieto\u0161anas laik\u0101.<\/span><\/li>\n<li><span class=\"a-list-item a-size-base a-color-base\"><strong>IZKL\u0100T\u012aGS Sp\u0101rnu IZSTR\u0100DE:<\/strong> Sp\u0101rnu formas dizains var lab\u0101k iet\u012bt kr\u016b\u0161u \u0101du, ilg\u0101ks adh\u0113zijas laiks. Kr\u016b\u0161tura virsmas audumam ir l\u012bdz\u012bga tekst\u016bra k\u0101 \u0101dai, kas sp\u0113c\u012bg\u0101 apgaismojum\u0101 var labi nosl\u0113pt kr\u016b\u0161tura p\u0113das. It k\u0101 vi\u0146\u0161 neko neb\u016btu \u0123\u0113rbis.<\/span><\/li>\n<li><span class=\"a-list-item a-size-base a-color-base\"><strong>MAZG\u0100JAMS:<\/strong> L\u012bm\u0113jo\u0161ie kr\u016b\u0161turi ir pa\u0161l\u012bm\u0113jo\u0161i un paliek lip\u012bgi p\u0113c mazg\u0101\u0161anas un \u017e\u0101v\u0113\u0161anas gais\u0101. To var izmantot vair\u0101kas reizes.<\/span><\/li>\n<li><span class=\"a-list-item a-size-base a-color-base\"><strong>DAUDZIEM GAD\u012aJUMIEM:<\/strong> Bez lenc\u012b\u0161u kr\u016b\u0161turis jebkuram seks\u012bgam stilam, topi bez atzveltn\u0113m, dzi\u013ci V veida kakla t\u0113rpi, vakart\u0113rpi bez atzveltnes\/bez lenc\u0113m, k\u0101zu kleitas, zemas piegriezuma kleitas, koktei\u013ckleitas, ball\u012b\u0161u kleitas utt. J\u016btieties br\u012bvi demonstr\u0113t savu sievi\u0161\u0137o \u0161armu.<\/span><\/li>\n<\/ul>\n<h2><\/h2>\n<h2>Kr\u016b\u0161tura izm\u0113ru tabula ar att\u0113liem<\/h2>\n\t<div class=\"img has-hover x md-x lg-x y md-y lg-y\" id=\"image_981056565\">\n\t\t\t\t\t\t\t\t<div class=\"img-inner dark\" >\n\t\t\t<img loading=\"lazy\" decoding=\"async\" width=\"1020\" height=\"976\" src=\"https:\/\/zaoyigarment.com\/wp-content\/uploads\/2024\/01\/bra-size-calculator-1024x980.webp\" class=\"attachment-large size-large\" alt=\"kr\u016b\u0161tura izm\u0113ra kalkulators\" srcset=\"https:\/\/zaoyigarment.com\/wp-content\/uploads\/2024\/01\/bra-size-calculator-1024x980.webp 1024w, https:\/\/zaoyigarment.com\/wp-content\/uploads\/2024\/01\/bra-size-calculator-300x287.webp 300w, https:\/\/zaoyigarment.com\/wp-content\/uploads\/2024\/01\/bra-size-calculator-768x735.webp 768w, https:\/\/zaoyigarment.com\/wp-content\/uploads\/2024\/01\/bra-size-calculator-1536x1471.webp 1536w, https:\/\/zaoyigarment.com\/wp-content\/uploads\/2024\/01\/bra-size-calculator-600x575.webp 600w, https:\/\/zaoyigarment.com\/wp-content\/uploads\/2024\/01\/bra-size-calculator.webp 2000w\" sizes=\"auto, (max-width: 1020px) 100vw, 1020px\" \/>\t\t\t\t\t\t\n\t\t\t\t\t<\/div>\n\t\t\t\t\t\t\t\t\n<style>\n#image_981056565 {\n  width: 100%;\n}\n<\/style>\n\t<\/div>","protected":false},"excerpt":{"rendered":"<p>Zaoyi piel\u0101gota strapless Push Up kr\u016b\u0161tura ra\u017eot\u0101js un pieg\u0101d\u0101t\u0101js \u0136\u012bn\u0101<\/p>\n<p>- MOQ: 3000 gab<br \/>\n- tiek pied\u0101v\u0101ts OEM \/ ODM pakalpojums<br \/>\n- pieejams bezmaksas paraugs<br \/>\n\u2013 Kr\u016b\u0161turu p\u0101rstr\u0101de<br \/>\n- 25-35 dienu gatav\u012bbas laiks piel\u0101gotam pas\u016bt\u012bjumam<br \/>\n- Pie\u0146emiet piel\u0101go\u0161anu (specifik\u0101cijas, kr\u0101sa, dizains utt.)<\/p>\n<p>1) Lab\u0101kie kr\u016b\u0161tura risin\u0101jumi, ko valk\u0101t ar kleitu bez muguras, k\u0101zu kleitu, t-kreklu utt<br \/>\n2) Bez\u0161uvju un bezvadu dizains br\u012bv\u012bbai<br \/>\n3) Gluds un smalks neilona audums<br \/>\n4) Uz t\u0101 var izgatavot piel\u0101gotu audumu vai rakstu<br \/>\n5) dinamiska kr\u0101sa, pret izbal\u0113\u0161anu<br \/>\n6) DIY piel\u0101go\u0161ana<\/p>\n<p>Ja v\u0113laties sa\u0146emt push up kr\u016b\u0161tura cenas bez lenc\u012bt\u0113m, l\u016bdzu, sazinieties ar mums.<\/p>","protected":false},"featured_media":2801,"comment_status":"open","ping_status":"closed","template":"","meta":[],"product_brand":[],"product_cat":[15],"product_tag":[],"class_list":{"0":"post-1402","1":"product","2":"type-product","3":"status-publish","4":"has-post-thumbnail","6":"product_cat-push-up-bra","8":"first","9":"instock","10":"shipping-taxable","11":"product-type-simple"},"_links":{"self":[{"href":"https:\/\/zaoyigarment.com\/lv\/wp-json\/wp\/v2\/product\/1402","targetHints":{"allow":["GET"]}}],"collection":[{"href":"https:\/\/zaoyigarment.com\/lv\/wp-json\/wp\/v2\/product"}],"about":[{"href":"https:\/\/zaoyigarment.com\/lv\/wp-json\/wp\/v2\/types\/product"}],"replies":[{"embeddable":true,"href":"https:\/\/zaoyigarment.com\/lv\/wp-json\/wp\/v2\/comments?post=1402"}],"wp:featuredmedia":[{"embeddable":true,"href":"https:\/\/zaoyigarment.com\/lv\/wp-json\/wp\/v2\/media\/2801"}],"wp:attachment":[{"href":"https:\/\/zaoyigarment.com\/lv\/wp-json\/wp\/v2\/media?parent=1402"}],"wp:term":[{"taxonomy":"product_brand","embeddable":true,"href":"https:\/\/zaoyigarment.com\/lv\/wp-json\/wp\/v2\/product_brand?post=1402"},{"taxonomy":"product_cat","embeddable":true,"href":"https:\/\/zaoyigarment.com\/lv\/wp-json\/wp\/v2\/product_cat?post=1402"},{"taxonomy":"product_tag","embeddable":true,"href":"https:\/\/zaoyigarment.com\/lv\/wp-json\/wp\/v2\/product_tag?post=1402"}],"curies":[{"name":"wp","href":"https:\/\/api.w.org\/{rel}","templated":true}]}}