 {"id":1393,"date":"2023-06-08T07:38:38","date_gmt":"2023-06-08T07:38:38","guid":{"rendered":"https:\/\/zaoyigarment.com\/?post_type=product&#038;p=1393"},"modified":"2026-04-17T01:03:30","modified_gmt":"2026-04-17T01:03:30","slug":"sticky-bra","status":"publish","type":"product","link":"https:\/\/zaoyigarment.com\/lv\/manufacturer\/sticky-bra\/","title":{"rendered":"Lip\u012bgs kr\u016b\u0161turis| L\u012bm\u0113jo\u0161a Invisible Bra Push Up silikona apak\u0161ve\u013ca"},"content":{"rendered":"<div id=\"featurebullets_feature_div\" class=\"celwidget\" data-feature-name=\"featurebullets\" data-csa-c-type=\"widget\" data-csa-c-content-id=\"featurebullets\" data-csa-c-slot-id=\"featurebullets_feature_div\" data-csa-c-asin=\"B07DF32D6Q\" data-csa-c-is-in-initial-active-row=\"false\" data-csa-c-id=\"3j0pnl-7cjnp-9t8psx-tspeog\">\n<div id=\"feature-bullets\" class=\"a-section a-spacing-medium a-spacing-top-small\">\n<div data-zone-id=\"0\" data-line-index=\"0\" data-line=\"true\">\n<ul>\n<li><span class=\"a-list-item\"><strong>S<\/strong><\/span><strong style=\"font-size: 14.4px;\">IZE:<\/strong><span style=\"font-size: 14.4px;\"> A\/B\/C\/D, piel\u0101gots<\/span><\/li>\n<li><strong style=\"font-size: 14.4px;\">KR\u0100SA: <\/strong>Kails vai piel\u0101gots<\/li>\n<li><span class=\"a-list-item\"><strong>IEGUVUMI:<\/strong> Piegu\u013c, neatst\u0101jot p\u0113das, sviedru iztur\u012bba, apa\u013ca forma, dro\u0161s.<\/span><\/li>\n<li><span class=\"a-list-item\"><strong>VAR IZV\u0112L\u0112TIES DA\u017d\u0100DU BIEZUMU:<\/strong> Var izv\u0113l\u0113ties 0,5 cm, 1,0 cm, 1,5 cm, 2,0 cm biezumu vai piel\u0101got.<\/span><\/li>\n<li><span class=\"a-list-item\"><strong>VALK\u0100\u0160ANAS METODE:<\/strong> Novietojiet kr\u016bz\u012bti, lai notur\u0113tu salveti, noregul\u0113jiet poz\u012bciju, piestipriniet priek\u0161\u0113jo klipsi, nospiediet priek\u0161metus, lai tie ide\u0101li piegu\u013c.<\/span><\/li>\n<\/ul>\n<\/div>\n<ul class=\"a-unordered-list a-vertical a-spacing-mini\">\n<li><span class=\"a-list-item\"><strong>MAZG\u0100\u0160ANAS METODE:<\/strong> <\/span><\/li>\n<li><span class=\"a-list-item\">1. Izmantojiet siltu \u016bdeni vai neitr\u0101lu \u0161amp\u016bnu, trauku ziepes, lai maigi izveidotu putas, un mazg\u0101jiet ar ap\u013cveida kust\u012bb\u0101m.<\/span><\/li>\n<li><span class=\"a-list-item\">2.Noskalo ar t\u012bru \u016bdeni. L\u016bdzu, uzmanieties un neizmantojiet nagus, lai izvair\u012btos no savainojumiem.<\/span><\/li>\n<li>3.P\u0113c t\u012br\u012b\u0161anas pakariniet, lai no\u017e\u016btu un izvairieties no tie\u0161iem saules stariem.<\/li>\n<li>4.P\u0113c t\u012br\u012b\u0161anas un \u017e\u0101v\u0113\u0161anas piestipriniet aizsargpl\u0113vi. Viena puse zaud\u0113s lip\u012bgumu, ja t\u0101 b\u016bs notraip\u012bta ar putek\u013ciem. Uzglab\u0101\u0161anas vieta ir j\u0101sarg\u0101 no tie\u0161iem saules stariem.<\/li>\n<\/ul>\n<ul>\n<li><strong>SVAR\u012aGI PADOMI:<\/strong><br \/>\nNav piem\u0113rots, ja jums ir \u0101das probl\u0113mas vai ja j\u016bsu \u0101da ir ievainota, infic\u0113ta vai apdegusi saul\u0113.<br \/>\nL\u016bdzu, nelietojiet \u0161o produktu, ja esat gr\u016btniece vai barojat b\u0113rnu ar kr\u016bti, ja Jums ir aler\u0123ija pret silikonu vai nesen veikta kr\u016b\u0161u palielin\u0101\u0161anas vai kr\u016b\u0161u samazin\u0101\u0161anas oper\u0101cija.<br \/>\nJa, lietojot \u0161o produktu, rodas jebk\u0101das \u0101das novirzes, nekav\u0113joties p\u0101rtrauciet lieto\u0161anu un nekav\u0113joties konsult\u0113jieties ar savu dermatologu vai \u0101das speci\u0101listu.<\/li>\n<\/ul>\n<\/div>\n<\/div>\n<div id=\"acf-carousel_feature_div\" class=\"celwidget\" data-feature-name=\"acf-carousel\" data-csa-c-type=\"widget\" data-csa-c-content-id=\"acf-carousel\" data-csa-c-slot-id=\"acf-carousel_feature_div\" data-csa-c-asin=\"B07DF32D6Q\" data-csa-c-is-in-initial-active-row=\"false\" data-csa-c-id=\"oqpgyr-mh4egp-nntzd2-kyiiqq\"><\/div>\n<div id=\"provenanceCertifications_feature_div\" class=\"celwidget\" data-feature-name=\"provenanceCertifications\" data-csa-c-type=\"widget\" data-csa-c-content-id=\"provenanceCertifications\" data-csa-c-slot-id=\"provenanceCertifications_feature_div\" data-csa-c-asin=\"B07DF32D6Q\" data-csa-c-is-in-initial-active-row=\"false\" data-csa-c-id=\"6t8ho-xbknmj-nqaso5-ne24gd\">\n<div id=\"provenance-certifications\" class=\"a-section a-spacing-medium a-spacing-top-micro\"><\/div>\n<\/div>\n<h2>Kr\u016b\u0161tura izm\u0113ru tabula ar att\u0113liem<\/h2>\n\t<div class=\"img has-hover x md-x lg-x y md-y lg-y\" id=\"image_208447276\">\n\t\t\t\t\t\t\t\t<div class=\"img-inner dark\" >\n\t\t\t<img loading=\"lazy\" decoding=\"async\" width=\"1020\" height=\"976\" src=\"https:\/\/zaoyigarment.com\/wp-content\/uploads\/2024\/01\/bra-size-calculator-1024x980.webp\" class=\"attachment-large size-large\" alt=\"kr\u016b\u0161tura izm\u0113ra kalkulators\" srcset=\"https:\/\/zaoyigarment.com\/wp-content\/uploads\/2024\/01\/bra-size-calculator-1024x980.webp 1024w, https:\/\/zaoyigarment.com\/wp-content\/uploads\/2024\/01\/bra-size-calculator-300x287.webp 300w, https:\/\/zaoyigarment.com\/wp-content\/uploads\/2024\/01\/bra-size-calculator-768x735.webp 768w, https:\/\/zaoyigarment.com\/wp-content\/uploads\/2024\/01\/bra-size-calculator-1536x1471.webp 1536w, https:\/\/zaoyigarment.com\/wp-content\/uploads\/2024\/01\/bra-size-calculator-600x575.webp 600w, https:\/\/zaoyigarment.com\/wp-content\/uploads\/2024\/01\/bra-size-calculator.webp 2000w\" sizes=\"auto, (max-width: 1020px) 100vw, 1020px\" \/>\t\t\t\t\t\t\n\t\t\t\t\t<\/div>\n\t\t\t\t\t\t\t\t\n<style>\n#image_208447276 {\n  width: 100%;\n}\n<\/style>\n\t<\/div>","protected":false},"excerpt":{"rendered":"<p>Zaoyi Custom Sticky Bra ra\u017eot\u0101js un pieg\u0101d\u0101t\u0101js \u0136\u012bn\u0101<\/p>\n<p>- MOQ: 3000 gab<br \/>\n- tiek pied\u0101v\u0101ts OEM \/ ODM pakalpojums<br \/>\n- pieejams bezmaksas paraugs<br \/>\n\u2013 Kr\u016b\u0161turu p\u0101rstr\u0101de<br \/>\n- 25-35 dienu gatav\u012bbas laiks piel\u0101gotam pas\u016bt\u012bjumam<br \/>\n- Pie\u0146emiet piel\u0101go\u0161anu (specifik\u0101cijas, kr\u0101sa, dizains utt.)<\/p>\n<p>1) Lab\u0101kie kr\u016b\u0161tura risin\u0101jumi valk\u0101\u0161anai ar k\u0101zu kleitu, kleitu bez muguras, t-kreklu utt<br \/>\n2) Bez\u0161uvju un bezvadu dizains br\u012bv\u012bbai<br \/>\n3) Gluds un medic\u012bniskas kvalit\u0101tes materi\u0101ls<br \/>\n4) Uz kr\u016b\u0161tura var izgatavot piel\u0101gotu audumu vai rakstu<br \/>\n5) dinamiska \u0101das kr\u0101sa<br \/>\n6) DIY piel\u0101go\u0161ana<\/p>\n<p>Ja v\u0113laties sa\u0146emt lip\u012bgo kr\u016b\u0161turu cenas, l\u016bdzu, sazinieties ar mums.<\/p>","protected":false},"featured_media":2791,"comment_status":"open","ping_status":"closed","template":"","meta":[],"product_brand":[],"product_cat":[36],"product_tag":[],"class_list":{"0":"post-1393","1":"product","2":"type-product","3":"status-publish","4":"has-post-thumbnail","6":"product_cat-sticky-bra","8":"first","9":"instock","10":"shipping-taxable","11":"product-type-simple"},"_links":{"self":[{"href":"https:\/\/zaoyigarment.com\/lv\/wp-json\/wp\/v2\/product\/1393","targetHints":{"allow":["GET"]}}],"collection":[{"href":"https:\/\/zaoyigarment.com\/lv\/wp-json\/wp\/v2\/product"}],"about":[{"href":"https:\/\/zaoyigarment.com\/lv\/wp-json\/wp\/v2\/types\/product"}],"replies":[{"embeddable":true,"href":"https:\/\/zaoyigarment.com\/lv\/wp-json\/wp\/v2\/comments?post=1393"}],"wp:featuredmedia":[{"embeddable":true,"href":"https:\/\/zaoyigarment.com\/lv\/wp-json\/wp\/v2\/media\/2791"}],"wp:attachment":[{"href":"https:\/\/zaoyigarment.com\/lv\/wp-json\/wp\/v2\/media?parent=1393"}],"wp:term":[{"taxonomy":"product_brand","embeddable":true,"href":"https:\/\/zaoyigarment.com\/lv\/wp-json\/wp\/v2\/product_brand?post=1393"},{"taxonomy":"product_cat","embeddable":true,"href":"https:\/\/zaoyigarment.com\/lv\/wp-json\/wp\/v2\/product_cat?post=1393"},{"taxonomy":"product_tag","embeddable":true,"href":"https:\/\/zaoyigarment.com\/lv\/wp-json\/wp\/v2\/product_tag?post=1393"}],"curies":[{"name":"wp","href":"https:\/\/api.w.org\/{rel}","templated":true}]}}