 {"id":3052,"date":"2024-10-21T08:20:20","date_gmt":"2024-10-21T08:20:20","guid":{"rendered":"https:\/\/zaoyigarment.com\/?post_type=product&#038;p=3052"},"modified":"2025-09-23T00:33:15","modified_gmt":"2025-09-23T00:33:15","slug":"lace-body-tape","status":"publish","type":"product","link":"https:\/\/zaoyigarment.com\/it\/manufacturer\/lace-body-tape\/","title":{"rendered":"Nastro per il corpo in pizzo Nastro per il sollevamento del seno Nastro in pizzo Nastro traspirante per il seno"},"content":{"rendered":"<div id=\"featurebullets_feature_div\" class=\"celwidget\" data-feature-name=\"featurebullets\" data-csa-c-type=\"widget\" data-csa-c-content-id=\"featurebullets\" data-csa-c-slot-id=\"featurebullets_feature_div\" data-csa-c-asin=\"B07DF32D6Q\" data-csa-c-is-in-initial-active-row=\"false\" data-csa-c-id=\"3j0pnl-7cjnp-9t8psx-tspeog\">\n<div id=\"feature-bullets\" class=\"a-section a-spacing-medium a-spacing-top-small\">\n<ul class=\"a-unordered-list a-vertical a-spacing-mini\">\n<li>\n<div data-zone-id=\"0\" data-line-index=\"0\" data-line=\"true\">\n<div data-zone-id=\"0\" data-line-index=\"0\" data-line=\"true\"><strong style=\"font-size: 14.4px;\">TAGLIA DEL NASTRO DEL CORPO IN PIZZO:<\/strong><span style=\"font-size: 14.4px;\"> La larghezza regolare \u00e8 2,5 cm, 3,8 cm, 5 cm, 7,5 cm, 10 cm, la lunghezza pu\u00f2 essere scelta tra 3 M, 4 M, 5 M. La dimensione della scatola colorata interna \u00e8 7,5 * 6,5 * 7,5 cm, 11,5 * 8 * 8 cm. Tutte le dimensioni sono personalizzate<\/span><\/div>\n<\/div>\n<\/li>\n<li><span class=\"a-list-item\"><strong>MATERIALE:<\/strong> Cotone+elastam<\/span><\/li>\n<li><span class=\"a-list-item\"><strong>MASSIMIZZA LA PORTABILIT\u00c0:<\/strong> Semplifica lo stoccaggio e il trasporto<\/span><\/li>\n<li><span class=\"a-list-item\"><strong>DISPONIBILE IN GRUPPO:<\/strong> Offerti in scatole da 1000 sfusi con prezzi all&#039;ingrosso convenienti per assicurarti di rimanere rifornito e di rispettare il budget<\/span><\/li>\n<li><span class=\"a-list-item\"><strong>PERFETTO PER MATRIMONI, EVENTI SPECIALI E FESTE CON CATER:<\/strong> Porta una sicurezza indimenticabile quando sei al matrimonio, al banchetto e alla festa con questo nastro unico<\/span><\/li>\n<li><strong>Suggerimenti: <\/strong>Tieni presente che questo prodotto ha una presa seria!<br \/>\nAlcune donne hanno la pelle sottile attorno alla clavicola o alla parte superiore del torace. Non indossare il prodotto per pi\u00f9 di 8 ore. Si prega di essere molto cauti se si sceglie di applicare il nastro su quelle aree.<br \/>\nNon esporre il prodotto a prolungata esposizione al sole o al calore durante l&#039;uso. Ci\u00f2 pu\u00f2 causare irritazione cutanea. Non prendere il sole con il prodotto.<\/li>\n<li><strong>Vantaggi:<\/strong><\/li>\n<li>STRONG-HOLD\u2013 offre un supporto eccellente, assicurando che l&#039;adesivo rimanga in posizione anche durante le giornate estive pi\u00f9 attive, resistendo all&#039;acqua e al sudore. Il suo adesivo acrilico si lega delicatamente alla pelle, offrendo un sollevamento confortevole ed eliminando la necessit\u00e0 di cinghie che potrebbero rovinare il tuo outfit.<\/li>\n<li>PER TUTTE LE TAGLIE \u2013 \u00e8 adatto per taglie di coppa dalla A alla Z, consentendoti di personalizzare la quantit\u00e0 necessaria in base alle dimensioni e al peso del tuo seno. Misura l&#039;area di applicazione, taglia su misura e applica il nastro per ottenere il sollevamento e la forma desiderati in base al tuo stile di abbigliamento.<\/li>\n<li>ASPETTO DISCRETO: con il suo colore &quot;Tan&quot; e le versatili opzioni di applicazione, questo nastro per il contorno del seno offre un aspetto naturale e invisibile. Applica il nastro per ottenere l&#039;effetto desiderato, che sia &quot;Lifted&quot; o &quot;Natural&quot;, per vari outfit come senza schienale, senza spalline, in rete trasparente, abiti da sposa o t-shirt basiche.<\/li>\n<li><b>Notare che:<\/b><br \/>\n<b>Come evitare allergie cutanee e problemi di lacrimazione della pelle?<\/b><\/p>\n<ul>\n<li>Eseguire un semplice test di sensibilit\u00e0 cutanea<\/li>\n<li>Non lasciare che il nastro rimanga sulla pelle per pi\u00f9 di 12 ore<\/li>\n<li>Non adatto a donne incinte, che allattano o a persone con pelle sensibile\/delicata<\/li>\n<li>Ricordarsi di utilizzare acqua tiepida o olio essenziale per rimuovere lentamente e delicatamente il nastro per il seno che aiuta a prevenire la lacerazione della pelle, strapparlo troppo rapidamente potrebbe causare lesioni. Puoi anche fare un bagno caldo per fregarlo<\/li>\n<\/ul>\n<p><b>Come fare un semplice test cutaneo per riconoscere se la tua pelle \u00e8 sensibile o no?<\/b><\/p>\n<ol>\n<li>Puoi tagliare una piccola striscia di nastro adesivo e attaccarla all&#039;interno del braccio, quindi strapparla dopo 6 ore.<\/li>\n<li>Osserva la tua pelle.<\/li>\n<li>Se si verifica una reazione avversa dopo il test (come arrossamento, bruciore o disagio), interrompere immediatamente l&#039;uso di questo nastro.<\/li>\n<\/ol>\n<\/li>\n<\/ul>\n<\/div>\n<\/div>\n\t<div class=\"img has-hover x md-x lg-x y md-y lg-y\" id=\"image_318615072\">\n\t\t\t\t\t\t\t\t<div class=\"img-inner dark\" >\n\t\t\t<img loading=\"lazy\" decoding=\"async\" width=\"1020\" height=\"1020\" src=\"https:\/\/zaoyigarment.com\/wp-content\/uploads\/2024\/10\/lace-body-tape-1024x1024.webp\" class=\"attachment-large size-large\" alt=\"nastro in pizzo\" srcset=\"https:\/\/zaoyigarment.com\/wp-content\/uploads\/2024\/10\/lace-body-tape-1024x1024.webp 1024w, https:\/\/zaoyigarment.com\/wp-content\/uploads\/2024\/10\/lace-body-tape-300x300.webp 300w, https:\/\/zaoyigarment.com\/wp-content\/uploads\/2024\/10\/lace-body-tape-150x150.webp 150w, https:\/\/zaoyigarment.com\/wp-content\/uploads\/2024\/10\/lace-body-tape-768x768.webp 768w, https:\/\/zaoyigarment.com\/wp-content\/uploads\/2024\/10\/lace-body-tape-1536x1536.webp 1536w, https:\/\/zaoyigarment.com\/wp-content\/uploads\/2024\/10\/lace-body-tape-2048x2048.webp 2048w, https:\/\/zaoyigarment.com\/wp-content\/uploads\/2024\/10\/lace-body-tape-12x12.webp 12w, https:\/\/zaoyigarment.com\/wp-content\/uploads\/2024\/10\/lace-body-tape-600x600.webp 600w, https:\/\/zaoyigarment.com\/wp-content\/uploads\/2024\/10\/lace-body-tape-100x100.webp 100w\" sizes=\"auto, (max-width: 1020px) 100vw, 1020px\" \/>\t\t\t\t\t\t\n\t\t\t\t\t<\/div>\n\t\t\t\t\t\t\t\t\n<style>\n#image_318615072 {\n  width: 100%;\n}\n<\/style>\n\t<\/div>\n\t\n\t<div class=\"img has-hover x md-x lg-x y md-y lg-y\" id=\"image_677918938\">\n\t\t\t\t\t\t\t\t<div class=\"img-inner dark\" >\n\t\t\t<img loading=\"lazy\" decoding=\"async\" width=\"1020\" height=\"1020\" src=\"https:\/\/zaoyigarment.com\/wp-content\/uploads\/2024\/10\/how-to-use-bra-tape-1024x1024.webp\" class=\"attachment-large size-large\" alt=\"come usare il nastro del reggiseno\" srcset=\"https:\/\/zaoyigarment.com\/wp-content\/uploads\/2024\/10\/how-to-use-bra-tape-1024x1024.webp 1024w, https:\/\/zaoyigarment.com\/wp-content\/uploads\/2024\/10\/how-to-use-bra-tape-300x300.webp 300w, https:\/\/zaoyigarment.com\/wp-content\/uploads\/2024\/10\/how-to-use-bra-tape-150x150.webp 150w, https:\/\/zaoyigarment.com\/wp-content\/uploads\/2024\/10\/how-to-use-bra-tape-768x768.webp 768w, https:\/\/zaoyigarment.com\/wp-content\/uploads\/2024\/10\/how-to-use-bra-tape-12x12.webp 12w, https:\/\/zaoyigarment.com\/wp-content\/uploads\/2024\/10\/how-to-use-bra-tape-600x600.webp 600w, https:\/\/zaoyigarment.com\/wp-content\/uploads\/2024\/10\/how-to-use-bra-tape-100x100.webp 100w, https:\/\/zaoyigarment.com\/wp-content\/uploads\/2024\/10\/how-to-use-bra-tape.webp 1500w\" sizes=\"auto, (max-width: 1020px) 100vw, 1020px\" \/>\t\t\t\t\t\t\n\t\t\t\t\t<\/div>\n\t\t\t\t\t\t\t\t\n<style>\n#image_677918938 {\n  width: 100%;\n}\n<\/style>\n\t<\/div>","protected":false},"excerpt":{"rendered":"<p>Produttore e fornitore di nastri per il corpo in pizzo personalizzati Zaoyi in Cina<\/p>\n<p>\u2013 MOQ: 3000 pezzi<br \/>\n\u2013 Servizio OEM\/ODM offerto<br \/>\n\u2013 Campione gratuito disponibile<br \/>\n\u2013 Accetta la personalizzazione (specifiche, colore, design, ecc.)<\/p>\n<p>Se desideri conoscere i prezzi del nastro in pizzo per il corpo, contattaci.<\/p>","protected":false},"featured_media":3057,"comment_status":"open","ping_status":"closed","template":"","meta":[],"product_brand":[],"product_cat":[38],"product_tag":[],"class_list":{"0":"post-3052","1":"product","2":"type-product","3":"status-publish","4":"has-post-thumbnail","6":"product_cat-bra-tape","8":"first","9":"instock","10":"shipping-taxable","11":"product-type-simple"},"_links":{"self":[{"href":"https:\/\/zaoyigarment.com\/it\/wp-json\/wp\/v2\/product\/3052","targetHints":{"allow":["GET"]}}],"collection":[{"href":"https:\/\/zaoyigarment.com\/it\/wp-json\/wp\/v2\/product"}],"about":[{"href":"https:\/\/zaoyigarment.com\/it\/wp-json\/wp\/v2\/types\/product"}],"replies":[{"embeddable":true,"href":"https:\/\/zaoyigarment.com\/it\/wp-json\/wp\/v2\/comments?post=3052"}],"wp:featuredmedia":[{"embeddable":true,"href":"https:\/\/zaoyigarment.com\/it\/wp-json\/wp\/v2\/media\/3057"}],"wp:attachment":[{"href":"https:\/\/zaoyigarment.com\/it\/wp-json\/wp\/v2\/media?parent=3052"}],"wp:term":[{"taxonomy":"product_brand","embeddable":true,"href":"https:\/\/zaoyigarment.com\/it\/wp-json\/wp\/v2\/product_brand?post=3052"},{"taxonomy":"product_cat","embeddable":true,"href":"https:\/\/zaoyigarment.com\/it\/wp-json\/wp\/v2\/product_cat?post=3052"},{"taxonomy":"product_tag","embeddable":true,"href":"https:\/\/zaoyigarment.com\/it\/wp-json\/wp\/v2\/product_tag?post=3052"}],"curies":[{"name":"wp","href":"https:\/\/api.w.org\/{rel}","templated":true}]}}