 {"id":1968,"date":"2023-12-29T08:09:23","date_gmt":"2023-12-29T08:09:23","guid":{"rendered":"https:\/\/zaoyigarment.com\/?post_type=product&#038;p=1968"},"modified":"2026-03-19T17:50:20","modified_gmt":"2026-03-19T17:50:20","slug":"clear-strap-clear-strap-bra-metal-bra-strap","status":"publish","type":"product","link":"https:\/\/zaoyigarment.com\/it\/manufacturer\/clear-strap-clear-strap-bra-metal-bra-strap\/","title":{"rendered":"Cinturino trasparente per reggiseno con cinturino trasparente. Cinturino per reggiseno in metallo. Cinturino decorativo per reggiseno"},"content":{"rendered":"<ul>\n<li><span class=\"a-list-item a-size-base a-color-base\"><strong>Spessa e resistente:<\/strong> I nostri spallacci trasparenti per reggiseno sono realizzati in materiale TPU di alta qualit\u00e0, che li rende resistenti, non scivolano facilmente e possono sostenere la pressione di un seno grande senza rompersi.<\/span><\/li>\n<\/ul>\n<ul class=\"a-unordered-list a-vertical a-spacing-small\">\n<li><span class=\"a-list-item a-size-base a-color-base\"><strong>Una variet\u00e0 di larghezze e invisibili:<\/strong> Abbiamo taglie da 8 mm, 10 mm, 12 mm, 15 mm, 18 mm, 20 mm, ecc. tra cui scegliere, consentendoti di trovare quella giusta per te. Poich\u00e9 il colore del cinturino del reggiseno \u00e8 trasparente, pu\u00f2 fondersi bene con il tono della tua pelle.<\/span><\/li>\n<\/ul>\n<ul class=\"a-unordered-list a-vertical a-spacing-small\">\n<li><span class=\"a-list-item a-size-base a-color-base\"><strong>Regolabile e semplice da usare:<\/strong> Le spalline invisibili del reggiseno sono progettate con una lunghezza sufficiente in base al feedback dei clienti, che pu\u00f2 essere estesa fino a 70 cm, in modo da poterle regolare facilmente. Il gancio \u00e8 adatto alla maggior parte degli occhielli dei reggiseni sul mercato, quindi \u00e8 molto facile aggiungere o rimuovere i reggiseni.<\/span><\/li>\n<\/ul>\n<ul>\n<li><span class=\"a-list-item a-size-base a-color-base\"><strong>Comodo da indossare:<\/strong> Le spalline trasparenti del reggiseno sono realizzate in silicone morbido, sano ed ecologico, ti consentono di indossarle comodamente senza danneggiare la pelle e possono essere riutilizzate senza irritanti allergie cutanee.<\/span><\/li>\n<\/ul>\n<ul class=\"a-unordered-list a-vertical a-spacing-small\">\n<li><span class=\"a-list-item a-size-base a-color-base\"><strong>Occasione:<\/strong> Le spalline trasparenti del reggiseno sono perfette per le donne in estate che indossano un gilet, una gonna con bretelle, un top a tubo e un vestito, mostrando una pelle naturale e bella, facendoti sembrare impeccabile.<\/span><\/li>\n<\/ul>","protected":false},"excerpt":{"rendered":"<p>Zaoyi Produttore e fornitore di cinturini per reggiseno personalizzati in Cina<\/p>\n<p>\u2013 MOQ: 3000 pezzi<br \/>\n\u2013 Servizio OEM\/ODM offerto<br \/>\n\u2013 Campione gratuito disponibile<br \/>\n\u2013 Riciclaggio del reggiseno<br \/>\n\u2013 20-30 giorni di tempo pronto per l&#039;ordine personalizzato<br \/>\n\u2013 Accetta la personalizzazione (specifiche, colore, design, ecc.)<\/p>\n<p>Cinghie invisibili da 3\/8\u2033<br \/>\n\u2022 Realizzato in TPU anallergico, un&#039;alternativa pi\u00f9 morbida e resistente ai cinturini in lattice o plastica.<br \/>\n\u2022 Regolatori e raccordi senza nichel.<br \/>\n\u2022 Non solo come reggiseni, possono essere indossati anche con costumi da bagno e abiti.<br \/>\n\u2022 Chiaro o personalizzato<br \/>\n\u2022 Scelta di dimensioni diverse<\/p>\n<p>Se vuoi conoscere il prezzo di una spallina per reggiseno, contattaci.<\/p>","protected":false},"featured_media":1971,"comment_status":"open","ping_status":"closed","template":"","meta":[],"product_brand":[],"product_cat":[39,53],"product_tag":[],"class_list":{"0":"post-1968","1":"product","2":"type-product","3":"status-publish","4":"has-post-thumbnail","6":"product_cat-bra-strap","7":"product_cat-bra-accessories","9":"first","10":"instock","11":"shipping-taxable","12":"product-type-simple"},"_links":{"self":[{"href":"https:\/\/zaoyigarment.com\/it\/wp-json\/wp\/v2\/product\/1968","targetHints":{"allow":["GET"]}}],"collection":[{"href":"https:\/\/zaoyigarment.com\/it\/wp-json\/wp\/v2\/product"}],"about":[{"href":"https:\/\/zaoyigarment.com\/it\/wp-json\/wp\/v2\/types\/product"}],"replies":[{"embeddable":true,"href":"https:\/\/zaoyigarment.com\/it\/wp-json\/wp\/v2\/comments?post=1968"}],"wp:featuredmedia":[{"embeddable":true,"href":"https:\/\/zaoyigarment.com\/it\/wp-json\/wp\/v2\/media\/1971"}],"wp:attachment":[{"href":"https:\/\/zaoyigarment.com\/it\/wp-json\/wp\/v2\/media?parent=1968"}],"wp:term":[{"taxonomy":"product_brand","embeddable":true,"href":"https:\/\/zaoyigarment.com\/it\/wp-json\/wp\/v2\/product_brand?post=1968"},{"taxonomy":"product_cat","embeddable":true,"href":"https:\/\/zaoyigarment.com\/it\/wp-json\/wp\/v2\/product_cat?post=1968"},{"taxonomy":"product_tag","embeddable":true,"href":"https:\/\/zaoyigarment.com\/it\/wp-json\/wp\/v2\/product_tag?post=1968"}],"curies":[{"name":"wp","href":"https:\/\/api.w.org\/{rel}","templated":true}]}}