 {"id":1931,"date":"2023-12-29T06:16:54","date_gmt":"2023-12-29T06:16:54","guid":{"rendered":"https:\/\/zaoyigarment.com\/?post_type=product&#038;p=1931"},"modified":"2026-05-15T23:58:11","modified_gmt":"2026-05-15T23:58:11","slug":"bra-converter-bra-clasps-bra-clip","status":"publish","type":"product","link":"https:\/\/zaoyigarment.com\/it\/manufacturer\/bra-converter-bra-clasps-bra-clip\/","title":{"rendered":"Convertitore per reggiseno Fermagli per reggiseno Clip per reggiseno Adattatore per cinturino per reggiseno"},"content":{"rendered":"<ul>\n<li><span class=\"a-list-item a-size-base a-color-base\"><strong>Elimina il fastidio della caduta delle spalline del reggiseno<\/strong> \u2013 Si regola facilmente per adattarsi a qualsiasi altezza e le clip manterranno le spalline del reggiseno in posizione e ben nascoste.<\/span><\/li>\n<\/ul>\n<ul class=\"a-unordered-list a-vertical a-spacing-small\">\n<li><span class=\"a-list-item a-size-base a-color-base\"><strong>Design ergonomico<\/strong> \u2013 Trasforma con discrezione qualsiasi reggiseno in modo facile e comodo. Il design ergonomico allevia il disagio e impedisce alle fastidiose spalline del reggiseno di penetrare nelle spalle.<\/span><\/li>\n<\/ul>\n<ul class=\"a-unordered-list a-vertical a-spacing-small\">\n<li><span class=\"a-list-item a-size-base a-color-base\"><strong>Occasione<\/strong> \u2013 Perfetto per dorso a vogatore, abiti, camicie, camicette, top sportivi e altro ancora. Trasforma con discrezione qualsiasi reggiseno in modo facile e comodo. Si aggancia alla parte superiore del bikini per un look pi\u00f9 completo e sexy.<\/span><\/li>\n<\/ul>\n<ul class=\"a-unordered-list a-vertical a-spacing-small\">\n<li><span class=\"a-list-item a-size-base a-color-base\"><strong>Set di clip per spalline per reggiseno di grande valore<\/strong> \u2013 9 fermagli per reggiseno, 3 estensori per reggiseno e 3 supporti per spalline per reggiseno nei tradizionali colori bianco, nero e beige.<\/span><\/li>\n<li><span class=\"a-list-item a-size-base a-color-base\"><strong>Aumentare la dimensione della tazza:<\/strong> quando indossi le clip del reggiseno sul retro, puoi regolare la dimensione della coppa. Aiuta a dare maggiore sostegno al seno, ad aumentare la dimensione della coppa e a rendere la scollatura pi\u00f9 piena e sexy.<\/span><\/li>\n<li><span class=\"a-list-item a-size-base a-color-base\"><strong>Misura adatta:<\/strong> la dimensione di ciascuna clip della cinghia del reggiseno per la schiena \u00e8 di circa 1,8 \u00d7 1,4 pollici. \u00c8 adatto a qualsiasi reggiseno con spalline regolari. Pu\u00f2 aiutarti a regolare il reggiseno facilmente e comodamente.<\/span><\/li>\n<\/ul>","protected":false},"excerpt":{"rendered":"<p>Produttore e fornitore di convertitori per reggiseni personalizzati Zaoyi in Cina<\/p>\n<p>\u2013 MOQ: 3000 pezzi<br \/>\n\u2013 Servizio OEM\/ODM offerto<br \/>\n\u2013 Campione gratuito disponibile<br \/>\n\u2013 Riciclaggio del reggiseno<br \/>\n\u2013 20-30 giorni di tempo pronto per l&#039;ordine personalizzato<br \/>\n\u2013 Accetta la personalizzazione (specifiche, colore, design, ecc.)<\/p>\n<p>1) Perfetto per schiena scoperta, abiti, camicie, camicette, top sportivi e altro ancora.<br \/>\nTrasforma con discrezione qualsiasi reggiseno in modo facile e comodo. Si aggancia alla parte superiore del bikini per un look pi\u00f9 completo e sexy.<br \/>\n2)100% polipropilene<br \/>\n3) Pu\u00f2 trasformare la cinghia del reggiseno<br \/>\n4) Colore vibrante, anti-sbiadimento<br \/>\n5)Personalizzazione fai da te<\/p>\n<p>Se desideri ottenere i prezzi del convertitore di reggiseni, contattaci.<\/p>","protected":false},"featured_media":1936,"comment_status":"open","ping_status":"closed","template":"","meta":[],"product_brand":[],"product_cat":[39,53],"product_tag":[],"class_list":{"0":"post-1931","1":"product","2":"type-product","3":"status-publish","4":"has-post-thumbnail","6":"product_cat-bra-strap","7":"product_cat-bra-accessories","9":"first","10":"instock","11":"shipping-taxable","12":"product-type-simple"},"_links":{"self":[{"href":"https:\/\/zaoyigarment.com\/it\/wp-json\/wp\/v2\/product\/1931","targetHints":{"allow":["GET"]}}],"collection":[{"href":"https:\/\/zaoyigarment.com\/it\/wp-json\/wp\/v2\/product"}],"about":[{"href":"https:\/\/zaoyigarment.com\/it\/wp-json\/wp\/v2\/types\/product"}],"replies":[{"embeddable":true,"href":"https:\/\/zaoyigarment.com\/it\/wp-json\/wp\/v2\/comments?post=1931"}],"wp:featuredmedia":[{"embeddable":true,"href":"https:\/\/zaoyigarment.com\/it\/wp-json\/wp\/v2\/media\/1936"}],"wp:attachment":[{"href":"https:\/\/zaoyigarment.com\/it\/wp-json\/wp\/v2\/media?parent=1931"}],"wp:term":[{"taxonomy":"product_brand","embeddable":true,"href":"https:\/\/zaoyigarment.com\/it\/wp-json\/wp\/v2\/product_brand?post=1931"},{"taxonomy":"product_cat","embeddable":true,"href":"https:\/\/zaoyigarment.com\/it\/wp-json\/wp\/v2\/product_cat?post=1931"},{"taxonomy":"product_tag","embeddable":true,"href":"https:\/\/zaoyigarment.com\/it\/wp-json\/wp\/v2\/product_tag?post=1931"}],"curies":[{"name":"wp","href":"https:\/\/api.w.org\/{rel}","templated":true}]}}