 {"id":1919,"date":"2023-12-29T02:18:39","date_gmt":"2023-12-29T02:18:39","guid":{"rendered":"https:\/\/zaoyigarment.com\/?post_type=product&#038;p=1919"},"modified":"2025-10-20T02:31:14","modified_gmt":"2025-10-20T02:31:14","slug":"stick-on-bra-lifting-adhesive-sticky-bra","status":"publish","type":"product","link":"https:\/\/zaoyigarment.com\/it\/manufacturer\/stick-on-bra-lifting-adhesive-sticky-bra\/","title":{"rendered":"Reggiseno adesivo adesivo per sollevamento reggiseno"},"content":{"rendered":"<div data-zone-id=\"0\" data-line-index=\"0\" data-line=\"true\">\n<ul>\n<li><span class=\"a-list-item\"><strong>S<\/strong><\/span><strong>INSERIRE:<\/strong> Diametro 6,5-12 cm, personalizzato<\/li>\n<li><strong>COLORE:\u00a0<\/strong>Nudo o personalizzato<\/li>\n<li><span class=\"a-list-item\"><strong>BENEFICI:<\/strong> Vestibilit\u00e0 senza lasciare traccia, resistenza al sudore, forma a fiore\/rotonda, sicurezza.<\/span><\/li>\n<li><strong>METODO DI UTILIZZO:<\/strong><\/li>\n<li>1. Lavare il seno e le mani con acqua pulita prima dell&#039;uso e mantenerli puliti.<\/li>\n<li>2. Strappare la pellicola protettiva del prodotto, con il lato adesivo rivolto verso l&#039;alto, e posizionarla nel palmo della mano<\/li>\n<li>3. Inclinare la parte superiore del corpo in avanti, posizionare delicatamente il cerotto sull&#039;area interessata e levigare i bordi del cerotto con le mani per adattarlo perfettamente alla pelle.<\/li>\n<li>4. Nessuna sensazione di peso o di corpo estraneo, perfetta visualizzazione del seno, adatta a varie occasioni<\/li>\n<\/ul>\n<\/div>\n<ul class=\"a-unordered-list a-vertical a-spacing-mini\">\n<li><span class=\"a-list-item\"><strong>METODO DI LAVAGGIO:<\/strong><\/span><\/li>\n<li><span class=\"a-list-item\">1.Utilizzare acqua tiepida o shampoo neutro, detersivo per i piatti per formare delicatamente la schiuma e lavare con movimenti circolari.<\/span><\/li>\n<li><span class=\"a-list-item\">2.Sciacquare con acqua pulita. Si prega di fare attenzione a non usare le unghie per evitare lesioni.<\/span><\/li>\n<li>3. Dopo la pulizia, appendere ad asciugare ed evitare la luce solare diretta.<\/li>\n<li>4.Dopo aver pulito e asciugato, applicare la pellicola protettiva. Un lato perder\u00e0 la sua appiccicosit\u00e0 se \u00e8 macchiato di polvere. L&#039;area di stoccaggio deve essere tenuta lontana dalla luce solare diretta.<\/li>\n<li><strong>CONSIGLI IMPORTANTI:<\/strong><br \/>\nNon adatto in caso di problemi alla pelle o quando la pelle \u00e8 ferita, infetta o scottata dal sole.<br \/>\nSi prega di non utilizzare questo prodotto in caso di gravidanza o allattamento, se si \u00e8 allergici al silicone o se si \u00e8 sottoposto di recente ad un intervento di aumento o riduzione del seno.<br \/>\nSe si verificano anomalie della pelle durante l&#039;utilizzo di questo prodotto, interrompere immediatamente l&#039;uso e consultare immediatamente il proprio dermatologo o specialista della pelle.<\/li>\n<\/ul>","protected":false},"excerpt":{"rendered":"<p>Zaoyi Custom Stick On Bra Produttore e fornitore in Cina<\/p>\n<p>\u2013 MOQ: 3000 pezzi<br \/>\n\u2013 Servizio OEM\/ODM offerto<br \/>\n\u2013 Campione gratuito disponibile<br \/>\n\u2013 Riciclaggio del reggiseno<br \/>\n\u2013 25-35 giorni di tempo pronto per l&#039;ordine personalizzato<br \/>\n\u2013 Accetta la personalizzazione (specifiche, colore, design, ecc.)<\/p>\n<p>1) Le migliori soluzioni di reggiseno da indossare con abito da sposa, abito senza schienale, costume da bagno, maglietta ecc<br \/>\n2) Design senza cuciture e wireless per la libert\u00e0<br \/>\n3) Materiale liscio e di grado medico<br \/>\n4) Pu\u00f2 realizzare tessuti o motivi personalizzati sul reggiseno<br \/>\n5) Colore della pelle vivace<br \/>\n6)Personalizzazione fai da te<\/p>\n<p>Se vuoi rimanere bloccato sui prezzi dei reggiseni, contattaci.<\/p>","protected":false},"featured_media":2816,"comment_status":"open","ping_status":"closed","template":"","meta":[],"product_brand":[],"product_cat":[36],"product_tag":[],"class_list":{"0":"post-1919","1":"product","2":"type-product","3":"status-publish","4":"has-post-thumbnail","6":"product_cat-sticky-bra","8":"first","9":"instock","10":"shipping-taxable","11":"product-type-simple"},"_links":{"self":[{"href":"https:\/\/zaoyigarment.com\/it\/wp-json\/wp\/v2\/product\/1919","targetHints":{"allow":["GET"]}}],"collection":[{"href":"https:\/\/zaoyigarment.com\/it\/wp-json\/wp\/v2\/product"}],"about":[{"href":"https:\/\/zaoyigarment.com\/it\/wp-json\/wp\/v2\/types\/product"}],"replies":[{"embeddable":true,"href":"https:\/\/zaoyigarment.com\/it\/wp-json\/wp\/v2\/comments?post=1919"}],"wp:featuredmedia":[{"embeddable":true,"href":"https:\/\/zaoyigarment.com\/it\/wp-json\/wp\/v2\/media\/2816"}],"wp:attachment":[{"href":"https:\/\/zaoyigarment.com\/it\/wp-json\/wp\/v2\/media?parent=1919"}],"wp:term":[{"taxonomy":"product_brand","embeddable":true,"href":"https:\/\/zaoyigarment.com\/it\/wp-json\/wp\/v2\/product_brand?post=1919"},{"taxonomy":"product_cat","embeddable":true,"href":"https:\/\/zaoyigarment.com\/it\/wp-json\/wp\/v2\/product_cat?post=1919"},{"taxonomy":"product_tag","embeddable":true,"href":"https:\/\/zaoyigarment.com\/it\/wp-json\/wp\/v2\/product_tag?post=1919"}],"curies":[{"name":"wp","href":"https:\/\/api.w.org\/{rel}","templated":true}]}}