 {"id":1664,"date":"2023-12-12T08:08:00","date_gmt":"2023-12-12T08:08:00","guid":{"rendered":"https:\/\/zaoyigarment.com\/?post_type=product&#038;p=1664"},"modified":"2026-04-17T01:01:41","modified_gmt":"2026-04-17T01:01:41","slug":"bra-tape","status":"publish","type":"product","link":"https:\/\/zaoyigarment.com\/it\/manufacturer\/bra-tape\/","title":{"rendered":"Nastro per reggiseno Nastro per seno Nastro per sollevamento Nastro per corpo Impermeabile"},"content":{"rendered":"<div id=\"featurebullets_feature_div\" class=\"celwidget\" data-feature-name=\"featurebullets\" data-csa-c-type=\"widget\" data-csa-c-content-id=\"featurebullets\" data-csa-c-slot-id=\"featurebullets_feature_div\" data-csa-c-asin=\"B07DF32D6Q\" data-csa-c-is-in-initial-active-row=\"false\" data-csa-c-id=\"3j0pnl-7cjnp-9t8psx-tspeog\">\n<div id=\"feature-bullets\" class=\"a-section a-spacing-medium a-spacing-top-small\">\n<ul class=\"a-unordered-list a-vertical a-spacing-mini\">\n<li>\n<div data-zone-id=\"0\" data-line-index=\"0\" data-line=\"true\">\n<div data-zone-id=\"0\" data-line-index=\"0\" data-line=\"true\"><strong style=\"font-size: 14.4px;\">MISURARE:<\/strong><span style=\"font-size: 14.4px;\"> La larghezza normale \u00e8 2,5 cm, 3,8 cm, 5 cm, 7,5 cm, 10 cm, la lunghezza pu\u00f2 scegliere 3 M, 4 M, 5 M. La dimensione interna della scatola dei colori \u00e8 7,5*6,5*7,5 cm, 11,5*8*8 cm. Taglie tutte personalizzate<\/span><\/div>\n<\/div>\n<\/li>\n<li><span class=\"a-list-item\"><strong>MATERIALE:<\/strong> Cotone+elastam<\/span><\/li>\n<li><span class=\"a-list-item\"><strong>MASSIMIZZA LA PORTABILIT\u00c0:<\/strong> Semplifica lo stoccaggio e il trasporto<\/span><\/li>\n<li><span class=\"a-list-item\"><strong>DISPONIBILE IN GRUPPO:<\/strong> Offerti in scatole da 1000 sfusi con prezzi all&#039;ingrosso convenienti per assicurarti di rimanere rifornito e di rispettare il budget<\/span><\/li>\n<li><span class=\"a-list-item\"><strong>PERFETTO PER MATRIMONI, EVENTI SPECIALI E FESTE CON CATER:<\/strong> Porta una sicurezza indimenticabile durante il matrimonio, il banchetto e la festa con questo nastro unico<\/span><\/li>\n<li><strong>Suggerimenti:<\/strong>Tieni presente che questo prodotto ha una presa seria!<br \/>\nAlcune donne hanno la pelle sottile attorno alla clavicola o alla parte superiore del torace. Non indossare il prodotto per pi\u00f9 di 8 ore. Si prega di prestare molta attenzione se si sceglie di applicare il nastro adesivo in tali aree.<br \/>\nNon esporre il prodotto a un&#039;esposizione prolungata al sole o al calore durante l&#039;uso. Ci\u00f2 pu\u00f2 causare irritazione alla pelle. Non prendere il sole nel prodotto.<\/li>\n<li><b>Notare che:<\/b><br \/>\n<b>Come evitare allergie cutanee e problemi di lacerazioni della pelle?<\/b><\/p>\n<ul>\n<li>Effettuare un semplice test di sensibilit\u00e0 cutanea<\/li>\n<li>Non lasciare che il nastro rimanga sulla pelle per pi\u00f9 di 12 ore<\/li>\n<li>Non adatto a donne incinte, che allattano o a persone con pelle sensibile\/delicata<\/li>\n<li>Ricordarsi di utilizzare acqua tiepida o olio essenziale per rimuovere lentamente e delicatamente il nastro per il seno che aiuta a prevenire la lacerazione della pelle, strapparlo troppo rapidamente potrebbe causare lesioni. Puoi anche fare un bagno caldo per fregarlo<\/li>\n<\/ul>\n<p><b>Come fare un semplice test cutaneo per riconoscere se la tua pelle \u00e8 sensibile o no?<\/b><\/p>\n<ol>\n<li>Puoi tagliare una piccola striscia di nastro adesivo e attaccarla all&#039;interno del braccio, quindi strapparla dopo 6 ore.<\/li>\n<li>Osserva la tua pelle.<\/li>\n<li>Se si verifica una reazione avversa dopo il test (come arrossamento, bruciore o disagio), interrompere immediatamente l&#039;uso di questo nastro.<\/li>\n<\/ol>\n<\/li>\n<\/ul>\n<\/div>\n<\/div>\n\t<div class=\"img has-hover x md-x lg-x y md-y lg-y\" id=\"image_935626655\">\n\t\t\t\t\t\t\t\t<div class=\"img-inner dark\" >\n\t\t\t<img loading=\"lazy\" decoding=\"async\" width=\"800\" height=\"801\" src=\"https:\/\/zaoyigarment.com\/wp-content\/uploads\/2024\/02\/how-to-use-bra-tape.webp\" class=\"attachment-large size-large\" alt=\"come usare il nastro del reggiseno\" srcset=\"https:\/\/zaoyigarment.com\/wp-content\/uploads\/2024\/02\/how-to-use-bra-tape.webp 800w, https:\/\/zaoyigarment.com\/wp-content\/uploads\/2024\/02\/how-to-use-bra-tape-300x300.webp 300w, https:\/\/zaoyigarment.com\/wp-content\/uploads\/2024\/02\/how-to-use-bra-tape-150x150.webp 150w, https:\/\/zaoyigarment.com\/wp-content\/uploads\/2024\/02\/how-to-use-bra-tape-768x769.webp 768w, https:\/\/zaoyigarment.com\/wp-content\/uploads\/2024\/02\/how-to-use-bra-tape-600x601.webp 600w, https:\/\/zaoyigarment.com\/wp-content\/uploads\/2024\/02\/how-to-use-bra-tape-100x100.webp 100w\" sizes=\"auto, (max-width: 800px) 100vw, 800px\" \/>\t\t\t\t\t\t\n\t\t\t\t\t<\/div>\n\t\t\t\t\t\t\t\t\n<style>\n#image_935626655 {\n  width: 100%;\n}\n<\/style>\n\t<\/div>","protected":false},"excerpt":{"rendered":"<p>Produttore e fornitore di nastri per reggiseno personalizzati Zaoyi in Cina<\/p>\n<p>\u2013 MOQ: 3000 pezzi<br \/>\n\u2013 Servizio OEM\/ODM offerto<br \/>\n\u2013 Campione gratuito disponibile<br \/>\n\u2013 Accetta la personalizzazione (specifiche, colore, design, ecc.)<\/p>\n<p>Se desideri ottenere i prezzi dei nastri per reggiseno, contattaci.<\/p>","protected":false},"featured_media":2805,"comment_status":"open","ping_status":"closed","template":"","meta":[],"product_brand":[],"product_cat":[38],"product_tag":[],"class_list":{"0":"post-1664","1":"product","2":"type-product","3":"status-publish","4":"has-post-thumbnail","6":"product_cat-bra-tape","8":"first","9":"instock","10":"shipping-taxable","11":"product-type-simple"},"_links":{"self":[{"href":"https:\/\/zaoyigarment.com\/it\/wp-json\/wp\/v2\/product\/1664","targetHints":{"allow":["GET"]}}],"collection":[{"href":"https:\/\/zaoyigarment.com\/it\/wp-json\/wp\/v2\/product"}],"about":[{"href":"https:\/\/zaoyigarment.com\/it\/wp-json\/wp\/v2\/types\/product"}],"replies":[{"embeddable":true,"href":"https:\/\/zaoyigarment.com\/it\/wp-json\/wp\/v2\/comments?post=1664"}],"wp:featuredmedia":[{"embeddable":true,"href":"https:\/\/zaoyigarment.com\/it\/wp-json\/wp\/v2\/media\/2805"}],"wp:attachment":[{"href":"https:\/\/zaoyigarment.com\/it\/wp-json\/wp\/v2\/media?parent=1664"}],"wp:term":[{"taxonomy":"product_brand","embeddable":true,"href":"https:\/\/zaoyigarment.com\/it\/wp-json\/wp\/v2\/product_brand?post=1664"},{"taxonomy":"product_cat","embeddable":true,"href":"https:\/\/zaoyigarment.com\/it\/wp-json\/wp\/v2\/product_cat?post=1664"},{"taxonomy":"product_tag","embeddable":true,"href":"https:\/\/zaoyigarment.com\/it\/wp-json\/wp\/v2\/product_tag?post=1664"}],"curies":[{"name":"wp","href":"https:\/\/api.w.org\/{rel}","templated":true}]}}