 {"id":1402,"date":"2023-06-08T08:15:42","date_gmt":"2023-06-08T08:15:42","guid":{"rendered":"https:\/\/zaoyigarment.com\/?post_type=product&#038;p=1402"},"modified":"2026-04-17T01:04:43","modified_gmt":"2026-04-17T01:04:43","slug":"push-up-bras","status":"publish","type":"product","link":"https:\/\/zaoyigarment.com\/it\/manufacturer\/push-up-bras\/","title":{"rendered":"Reggiseno push up | Reggiseno a farfalla con reggiseni push up senza spalline"},"content":{"rendered":"<ul class=\"a-unordered-list a-vertical a-spacing-mini\">\n<li><span class=\"a-list-item\"><strong>QUANTIT\u00c0:<\/strong> 3000 pezzi per imballaggio personalizzato e ordine all&#039;ingrosso<\/span><\/li>\n<li><span class=\"a-list-item\"><strong>MATERIALE:<\/strong> 80% nylon e 20% spandex<\/span><\/li>\n<li><span class=\"a-list-item\"><strong>BENEFICI:<\/strong> Gel per ambiente e sicurezza, traspirante, cellulare, convesso, sicurezza<\/span><\/li>\n<li><span class=\"a-list-item\"><strong>PROGETTO:<\/strong> Diverse opzioni di progettazione o possono essere personalizzate<\/span><\/li>\n<li><span class=\"a-list-item\"><strong>DIMENSIONI:<\/strong> A\/B\/C\/D\/E\/F\/H, personalizzato<\/span><\/li>\n<li><span class=\"a-list-item a-size-base a-color-base\"><strong>SUPPORTO FORTE E COULISSE REGOLABILE:<\/strong> Ottimo sostegno \u00e8 perfetto per sollevare il seno. Con un solo gesto puoi sollevare istantaneamente la coppa e mantenere il seno dritto. D\u00ec addio al problema del seno cadente, modella facilmente la curva perfetta del seno.<\/span><\/li>\n<li><span class=\"a-list-item a-size-base a-color-base\"><strong>ADESIVO PER TESSUTO E GOMMA TRASPIRANTE DELICATO SULLA PELLE:<\/strong>Il materiale \u00e8 realizzato in tessuto non tessuto completamente naturale + silicone medico. L&#039;adesivo in gomma naturale \u00e8 ricoperto da fori per l&#039;aria, che mantengono un&#039;eccellente permeabilit\u00e0 all&#039;aria durante l&#039;utilizzo.<\/span><\/li>\n<li><span class=\"a-list-item a-size-base a-color-base\"><strong>DESIGN ALA SQUISITO:<\/strong> Il design a forma di ala pu\u00f2 avvolgere meglio la pelle del seno e tempi di adesione pi\u00f9 lunghi. Il tessuto superficiale del reggiseno ha una consistenza simile a quella della pelle, che pu\u00f2 nascondere bene le tracce del reggiseno sotto una forte luce. Come se non indossasse nulla.<\/span><\/li>\n<li><span class=\"a-list-item a-size-base a-color-base\"><strong>LAVABILE:<\/strong> I reggiseni adesivi sono autoadesivi e rimangono appiccicosi dopo essere stati lavati e asciugati all&#039;aria. Pu\u00f2 essere utilizzato pi\u00f9 volte.<\/span><\/li>\n<li><span class=\"a-list-item a-size-base a-color-base\"><strong>PER MOLTE OCCASIONI:<\/strong> Reggiseno senza spalline per qualsiasi stile sexy, top senza spalline, abiti con scollo a V profondo, abiti da sera senza spalline\/senza schienale, abiti da sposa, abiti scollati, abiti da cocktail, abiti da festa, ecc. Sentiti libero di mostrare il tuo fascino femminile.<\/span><\/li>\n<\/ul>\n<h2><\/h2>\n<h2>Tabella delle taglie del reggiseno con immagini<\/h2>\n\t<div class=\"img has-hover x md-x lg-x y md-y lg-y\" id=\"image_770737958\">\n\t\t\t\t\t\t\t\t<div class=\"img-inner dark\" >\n\t\t\t<img loading=\"lazy\" decoding=\"async\" width=\"1020\" height=\"976\" src=\"https:\/\/zaoyigarment.com\/wp-content\/uploads\/2024\/01\/bra-size-calculator-1024x980.webp\" class=\"attachment-large size-large\" alt=\"calcolatore della taglia del reggiseno\" srcset=\"https:\/\/zaoyigarment.com\/wp-content\/uploads\/2024\/01\/bra-size-calculator-1024x980.webp 1024w, https:\/\/zaoyigarment.com\/wp-content\/uploads\/2024\/01\/bra-size-calculator-300x287.webp 300w, https:\/\/zaoyigarment.com\/wp-content\/uploads\/2024\/01\/bra-size-calculator-768x735.webp 768w, https:\/\/zaoyigarment.com\/wp-content\/uploads\/2024\/01\/bra-size-calculator-1536x1471.webp 1536w, https:\/\/zaoyigarment.com\/wp-content\/uploads\/2024\/01\/bra-size-calculator-600x575.webp 600w, https:\/\/zaoyigarment.com\/wp-content\/uploads\/2024\/01\/bra-size-calculator.webp 2000w\" sizes=\"auto, (max-width: 1020px) 100vw, 1020px\" \/>\t\t\t\t\t\t\n\t\t\t\t\t<\/div>\n\t\t\t\t\t\t\t\t\n<style>\n#image_770737958 {\n  width: 100%;\n}\n<\/style>\n\t<\/div>","protected":false},"excerpt":{"rendered":"<p>Produttore e fornitore di reggiseni push up senza spalline personalizzati Zaoyi in Cina<\/p>\n<p>\u2013 MOQ: 3000 pezzi<br \/>\n\u2013 Servizio OEM\/ODM offerto<br \/>\n\u2013 Campione gratuito disponibile<br \/>\n\u2013 Riciclaggio del reggiseno<br \/>\n\u2013 25-35 giorni di tempo pronto per l&#039;ordine personalizzato<br \/>\n\u2013 Accetta la personalizzazione (specifiche, colore, design, ecc.)<\/p>\n<p>1) Le migliori soluzioni di reggiseno da indossare con abiti senza schienale, abiti da sposa, t-shirt, ecc<br \/>\n2) Design senza cuciture e wireless per la libert\u00e0<br \/>\n3) Tessuto di nylon liscio e delicato<br \/>\n4) Pu\u00f2 realizzare tessuti o motivi personalizzati<br \/>\n5) Colore vibrante, anti-sbiadimento<br \/>\n6)Personalizzazione fai da te<\/p>\n<p>Se desideri ottenere i prezzi del reggiseno push up senza spalline, contattaci.<\/p>","protected":false},"featured_media":2801,"comment_status":"open","ping_status":"closed","template":"","meta":[],"product_brand":[],"product_cat":[15],"product_tag":[],"class_list":{"0":"post-1402","1":"product","2":"type-product","3":"status-publish","4":"has-post-thumbnail","6":"product_cat-push-up-bra","8":"first","9":"instock","10":"shipping-taxable","11":"product-type-simple"},"_links":{"self":[{"href":"https:\/\/zaoyigarment.com\/it\/wp-json\/wp\/v2\/product\/1402","targetHints":{"allow":["GET"]}}],"collection":[{"href":"https:\/\/zaoyigarment.com\/it\/wp-json\/wp\/v2\/product"}],"about":[{"href":"https:\/\/zaoyigarment.com\/it\/wp-json\/wp\/v2\/types\/product"}],"replies":[{"embeddable":true,"href":"https:\/\/zaoyigarment.com\/it\/wp-json\/wp\/v2\/comments?post=1402"}],"wp:featuredmedia":[{"embeddable":true,"href":"https:\/\/zaoyigarment.com\/it\/wp-json\/wp\/v2\/media\/2801"}],"wp:attachment":[{"href":"https:\/\/zaoyigarment.com\/it\/wp-json\/wp\/v2\/media?parent=1402"}],"wp:term":[{"taxonomy":"product_brand","embeddable":true,"href":"https:\/\/zaoyigarment.com\/it\/wp-json\/wp\/v2\/product_brand?post=1402"},{"taxonomy":"product_cat","embeddable":true,"href":"https:\/\/zaoyigarment.com\/it\/wp-json\/wp\/v2\/product_cat?post=1402"},{"taxonomy":"product_tag","embeddable":true,"href":"https:\/\/zaoyigarment.com\/it\/wp-json\/wp\/v2\/product_tag?post=1402"}],"curies":[{"name":"wp","href":"https:\/\/api.w.org\/{rel}","templated":true}]}}