 {"id":3122,"date":"2025-09-10T08:08:06","date_gmt":"2025-09-10T08:08:06","guid":{"rendered":"https:\/\/zaoyigarment.com\/?post_type=product&#038;p=3122"},"modified":"2026-03-01T23:58:12","modified_gmt":"2026-03-01T23:58:12","slug":"pastie-nipple-breast-cover","status":"publish","type":"product","link":"https:\/\/zaoyigarment.com\/is\/manufacturer\/pastie-nipple-breast-cover\/","title":{"rendered":"L\u00edmmi\u00f0i fyrir geirv\u00f6rtu og brj\u00f3stahl\u00edf fyrir kj\u00f3lapart\u00fd H\u00fa\u00f0litur l\u00edmbrj\u00f3stahaldari L\u00edmandi geirv\u00f6rtur"},"content":{"rendered":"<ul class=\"a-unordered-list a-vertical a-spacing-mini\">\n<li><span class=\"a-list-item\"><strong>\ud83c\udf6aNAFN:<\/strong> <a href=\"https:\/\/nipplecover.us\/product\/round-nonwoven-fabric-nipple-cover\/\" target=\"_blank\" rel=\"noopener\">geirv\u00f6rtuhl\u00edf<\/a>, brj\u00f3stbl\u00f6\u00f0, geirv\u00f6rtuhl\u00edfar, brj\u00f3sthl\u00edf<\/span><\/li>\n<li><span class=\"a-list-item\"><strong>\ud83c\udf6aFORM:<\/strong>\u00a0 spor\u00f6skjulaga, <a href=\"https:\/\/zaoyigarment.com\/is\/manufacturer\/butterfly-nipple-cover-sticky-bra-adhesive-bra-breast-covers-sexy-outfit\/\">hva\u00f0a form sem er<\/a><\/span><\/li>\n<li><span class=\"a-list-item\"><strong>\ud83c\udf6a\u00deR\u00c1\u00d0LAUST:<\/strong> J\u00e1<\/span><\/li>\n<li><span class=\"a-list-item\"><strong>\ud83c\udf6aV\u00d6RULITI:<\/strong> nakinn, kak\u00f3, br\u00fann, svartur, s\u00e9rsni\u00f0inn.<\/span><\/li>\n<li><span class=\"a-list-item\">\ud83c\udf6a<strong>ST\u00c6R\u00d0IR:<\/strong> s\u00e9rsni\u00f0in<\/span><\/li>\n<li><span class=\"a-list-item\">\ud83c\udf6a<strong>UMS\u00d3KN:<\/strong> br\u00fa\u00f0kaup, kyn\u00feokkafullur b\u00faningur, veisla, veisla, frj\u00e1lslegur osfrv.<\/span><\/li>\n<li><span class=\"a-color-base\"><span class=\"a-color-base\"><span class=\"a-list-item\"><strong>\ud83c\udf6aEFNGER\u00d0:\u00a0 <\/strong><span class=\"product-composition-detail__component ng-star-inserted\" data-testid=\"composition-detail-component\">100% b\u00f3mull, AUKA EFNI: 100% hlaup.<\/span><\/span><\/span><\/span><\/li>\n<li><span class=\"a-color-base\"><span class=\"a-list-item\"><strong>\ud83c\udf6aUmh\u00f6nnunarlei\u00f0beiningar: <\/strong>notkun \u00ed eitt skipti<\/span><\/span><\/li>\n<li><strong><span class=\"a-color-base\"><span class=\"a-list-item\">\ud83c\udf6a<\/span><\/span>MIKILV\u00c6G R\u00c1\u00d0:<\/strong><br \/>\nHentar ekki ef \u00fe\u00fa ert me\u00f0 h\u00fa\u00f0vandam\u00e1l e\u00f0a \u00feegar h\u00fa\u00f0in er sl\u00f6su\u00f0, s\u00fdkt e\u00f0a s\u00f3lbrennd.<br \/>\nVinsamlegast ekki nota \u00feessa v\u00f6ru ef \u00fe\u00fa ert \u00feungu\u00f0 e\u00f0a me\u00f0 barn \u00e1 brj\u00f3sti, ef \u00fe\u00fa ert me\u00f0 ofn\u00e6mi fyrir k\u00edsilgeli e\u00f0a ef \u00fe\u00fa hefur n\u00fdlega fari\u00f0 \u00ed brj\u00f3stast\u00e6kkun e\u00f0a brj\u00f3staminnkun.<br \/>\nEf einhver \u00f3e\u00f0lileg h\u00fa\u00f0 kemur fram \u00e1 me\u00f0an \u00fe\u00fa notar \u00feessa v\u00f6ru skaltu h\u00e6tta notkun tafarlaust og hafa tafarlaust samband vi\u00f0 h\u00fa\u00f0sj\u00fakd\u00f3mafr\u00e6\u00f0ing e\u00f0a h\u00fa\u00f0s\u00e9rfr\u00e6\u00f0ing.<\/li>\n<\/ul>\n<p>&nbsp;<\/p>\n\t<div class=\"img has-hover x md-x lg-x y md-y lg-y\" id=\"image_2071061205\">\n\t\t\t\t\t\t\t\t<div class=\"img-inner dark\" >\n\t\t\t<img loading=\"lazy\" decoding=\"async\" width=\"1020\" height=\"1020\" src=\"https:\/\/zaoyigarment.com\/wp-content\/uploads\/2025\/09\/Pastie-Nipple-Breast-Cover-for-Dress-Party-Skin-Bra-Sticky-Nips-8-1024x1024.jpg\" class=\"attachment-large size-large\" alt=\"Brj\u00f3sth\u00fa\u00f0hl\u00edf fyrir Kj\u00f3lveislu H\u00fa\u00f0 Brj\u00f3stahaldara L\u00edmandi Geirv\u00f6rtur 8\" srcset=\"https:\/\/zaoyigarment.com\/wp-content\/uploads\/2025\/09\/Pastie-Nipple-Breast-Cover-for-Dress-Party-Skin-Bra-Sticky-Nips-8-1024x1024.jpg 1024w, https:\/\/zaoyigarment.com\/wp-content\/uploads\/2025\/09\/Pastie-Nipple-Breast-Cover-for-Dress-Party-Skin-Bra-Sticky-Nips-8-300x300.jpg 300w, https:\/\/zaoyigarment.com\/wp-content\/uploads\/2025\/09\/Pastie-Nipple-Breast-Cover-for-Dress-Party-Skin-Bra-Sticky-Nips-8-150x150.jpg 150w, https:\/\/zaoyigarment.com\/wp-content\/uploads\/2025\/09\/Pastie-Nipple-Breast-Cover-for-Dress-Party-Skin-Bra-Sticky-Nips-8-768x768.jpg 768w, https:\/\/zaoyigarment.com\/wp-content\/uploads\/2025\/09\/Pastie-Nipple-Breast-Cover-for-Dress-Party-Skin-Bra-Sticky-Nips-8-12x12.jpg 12w, https:\/\/zaoyigarment.com\/wp-content\/uploads\/2025\/09\/Pastie-Nipple-Breast-Cover-for-Dress-Party-Skin-Bra-Sticky-Nips-8-600x600.jpg 600w, https:\/\/zaoyigarment.com\/wp-content\/uploads\/2025\/09\/Pastie-Nipple-Breast-Cover-for-Dress-Party-Skin-Bra-Sticky-Nips-8-100x100.jpg 100w, https:\/\/zaoyigarment.com\/wp-content\/uploads\/2025\/09\/Pastie-Nipple-Breast-Cover-for-Dress-Party-Skin-Bra-Sticky-Nips-8.jpg 1500w\" sizes=\"auto, (max-width: 1020px) 100vw, 1020px\" \/>\t\t\t\t\t\t\n\t\t\t\t\t<\/div>\n\t\t\t\t\t\t\t\t\n<style>\n#image_2071061205 {\n  width: 100%;\n}\n<\/style>\n\t<\/div>\n\t\n\t<div class=\"img has-hover x md-x lg-x y md-y lg-y\" id=\"image_155597018\">\n\t\t\t\t\t\t\t\t<div class=\"img-inner dark\" >\n\t\t\t<img loading=\"lazy\" decoding=\"async\" width=\"1020\" height=\"1020\" src=\"https:\/\/zaoyigarment.com\/wp-content\/uploads\/2025\/09\/Pastie-Nipple-Breast-Cover-for-Dress-Party-Skin-Bra-Sticky-Nips-3-1024x1024.jpg\" class=\"attachment-large size-large\" alt=\"Brj\u00f3sth\u00fa\u00f0hl\u00edf fyrir Kj\u00f3lveislu H\u00fa\u00f0 Brj\u00f3stahaldara L\u00edmandi Geirv\u00f6rtur 3\" srcset=\"https:\/\/zaoyigarment.com\/wp-content\/uploads\/2025\/09\/Pastie-Nipple-Breast-Cover-for-Dress-Party-Skin-Bra-Sticky-Nips-3-1024x1024.jpg 1024w, https:\/\/zaoyigarment.com\/wp-content\/uploads\/2025\/09\/Pastie-Nipple-Breast-Cover-for-Dress-Party-Skin-Bra-Sticky-Nips-3-300x300.jpg 300w, https:\/\/zaoyigarment.com\/wp-content\/uploads\/2025\/09\/Pastie-Nipple-Breast-Cover-for-Dress-Party-Skin-Bra-Sticky-Nips-3-150x150.jpg 150w, https:\/\/zaoyigarment.com\/wp-content\/uploads\/2025\/09\/Pastie-Nipple-Breast-Cover-for-Dress-Party-Skin-Bra-Sticky-Nips-3-768x768.jpg 768w, https:\/\/zaoyigarment.com\/wp-content\/uploads\/2025\/09\/Pastie-Nipple-Breast-Cover-for-Dress-Party-Skin-Bra-Sticky-Nips-3-12x12.jpg 12w, https:\/\/zaoyigarment.com\/wp-content\/uploads\/2025\/09\/Pastie-Nipple-Breast-Cover-for-Dress-Party-Skin-Bra-Sticky-Nips-3-600x600.jpg 600w, https:\/\/zaoyigarment.com\/wp-content\/uploads\/2025\/09\/Pastie-Nipple-Breast-Cover-for-Dress-Party-Skin-Bra-Sticky-Nips-3-100x100.jpg 100w, https:\/\/zaoyigarment.com\/wp-content\/uploads\/2025\/09\/Pastie-Nipple-Breast-Cover-for-Dress-Party-Skin-Bra-Sticky-Nips-3.jpg 1500w\" sizes=\"auto, (max-width: 1020px) 100vw, 1020px\" \/>\t\t\t\t\t\t\n\t\t\t\t\t<\/div>\n\t\t\t\t\t\t\t\t\n<style>\n#image_155597018 {\n  width: 100%;\n}\n<\/style>\n\t<\/div>\n\t\n\t<div class=\"img has-hover x md-x lg-x y md-y lg-y\" id=\"image_1577213378\">\n\t\t\t\t\t\t\t\t<div class=\"img-inner dark\" >\n\t\t\t<img loading=\"lazy\" decoding=\"async\" width=\"1020\" height=\"1020\" src=\"https:\/\/zaoyigarment.com\/wp-content\/uploads\/2025\/09\/Pastie-Nipple-Breast-Cover-for-Dress-Party-Skin-Bra-Sticky-Nips-2-1024x1024.jpg\" class=\"attachment-large size-large\" alt=\"Brj\u00f3sth\u00fa\u00f0hl\u00edf fyrir Kj\u00f3lveislu H\u00fa\u00f0 Brj\u00f3stahaldara L\u00edmandi Geirv\u00f6rtur 2\" srcset=\"https:\/\/zaoyigarment.com\/wp-content\/uploads\/2025\/09\/Pastie-Nipple-Breast-Cover-for-Dress-Party-Skin-Bra-Sticky-Nips-2-1024x1024.jpg 1024w, https:\/\/zaoyigarment.com\/wp-content\/uploads\/2025\/09\/Pastie-Nipple-Breast-Cover-for-Dress-Party-Skin-Bra-Sticky-Nips-2-300x300.jpg 300w, https:\/\/zaoyigarment.com\/wp-content\/uploads\/2025\/09\/Pastie-Nipple-Breast-Cover-for-Dress-Party-Skin-Bra-Sticky-Nips-2-150x150.jpg 150w, https:\/\/zaoyigarment.com\/wp-content\/uploads\/2025\/09\/Pastie-Nipple-Breast-Cover-for-Dress-Party-Skin-Bra-Sticky-Nips-2-768x768.jpg 768w, https:\/\/zaoyigarment.com\/wp-content\/uploads\/2025\/09\/Pastie-Nipple-Breast-Cover-for-Dress-Party-Skin-Bra-Sticky-Nips-2-12x12.jpg 12w, https:\/\/zaoyigarment.com\/wp-content\/uploads\/2025\/09\/Pastie-Nipple-Breast-Cover-for-Dress-Party-Skin-Bra-Sticky-Nips-2-600x600.jpg 600w, https:\/\/zaoyigarment.com\/wp-content\/uploads\/2025\/09\/Pastie-Nipple-Breast-Cover-for-Dress-Party-Skin-Bra-Sticky-Nips-2-100x100.jpg 100w, https:\/\/zaoyigarment.com\/wp-content\/uploads\/2025\/09\/Pastie-Nipple-Breast-Cover-for-Dress-Party-Skin-Bra-Sticky-Nips-2.jpg 1500w\" sizes=\"auto, (max-width: 1020px) 100vw, 1020px\" \/>\t\t\t\t\t\t\n\t\t\t\t\t<\/div>\n\t\t\t\t\t\t\t\t\n<style>\n#image_1577213378 {\n  width: 100%;\n}\n<\/style>\n\t<\/div>","protected":false},"excerpt":{"rendered":"<p>Zaoyi S\u00e9rsni\u00f0in Brj\u00f3sth\u00fa\u00f0hl\u00edf Framlei\u00f0andi og Birgir \u00ed K\u00edna<\/p>\n<p>\u2013 L\u00e1gmarksp\u00f6ntun: 1000stk<br \/>\n- OEM \/ ODM \u00fej\u00f3nusta \u00ed bo\u00f0i<br \/>\n- \u00d3keypis s\u00fdnishorn \u00ed bo\u00f0i<br \/>\n\u2013 Endurvinnsla brj\u00f3stahaldara<br \/>\n- 25-35 dagar tilb\u00fainn t\u00edmi fyrir s\u00e9rsni\u00f0na p\u00f6ntun<br \/>\n- Sam\u00feykkja a\u00f0l\u00f6gun (forskriftir, litur, h\u00f6nnun osfrv.)<\/p>\n<p>1) Bestu brj\u00f3stahaldaralausnir til a\u00f0 kl\u00e6\u00f0ast me\u00f0 kyn\u00feokkafullum b\u00faningum, baklausum kj\u00f3lum, br\u00fa\u00f0arkj\u00f3lum, stuttermabolum osfrv<br \/>\n2) \u00d3a\u00f0finnanlegur og stu\u00f0ningsh\u00f6nnun fyrir \u00fe\u00e6gindi<br \/>\n3) Sl\u00e9tt og l\u00e6knisfr\u00e6\u00f0ilegt hlaup<br \/>\n4) Getur gert s\u00e9rsni\u00f0i\u00f0 efni e\u00f0a mynstur \u00e1 geirv\u00f6rtuhl\u00edfinni<br \/>\n5) L\u00edflegur litur, andst\u00e6\u00f0ingur-litun<br \/>\n6) DIY a\u00f0l\u00f6gun<\/p>\n<p>Ef \u00fe\u00fa vilt f\u00e1 ver\u00f0 \u00e1 brj\u00f3sth\u00fa\u00f0hl\u00edfum, vinsamlegast haf\u00f0u samband vi\u00f0 okkur. Takk fyrir.<\/p>","protected":false},"featured_media":3123,"comment_status":"open","ping_status":"closed","template":"","meta":[],"product_brand":[],"product_cat":[52],"product_tag":[],"class_list":{"0":"post-3122","1":"product","2":"type-product","3":"status-publish","4":"has-post-thumbnail","6":"product_cat-nipple-cover","8":"first","9":"instock","10":"shipping-taxable","11":"product-type-simple"},"_links":{"self":[{"href":"https:\/\/zaoyigarment.com\/is\/wp-json\/wp\/v2\/product\/3122","targetHints":{"allow":["GET"]}}],"collection":[{"href":"https:\/\/zaoyigarment.com\/is\/wp-json\/wp\/v2\/product"}],"about":[{"href":"https:\/\/zaoyigarment.com\/is\/wp-json\/wp\/v2\/types\/product"}],"replies":[{"embeddable":true,"href":"https:\/\/zaoyigarment.com\/is\/wp-json\/wp\/v2\/comments?post=3122"}],"wp:featuredmedia":[{"embeddable":true,"href":"https:\/\/zaoyigarment.com\/is\/wp-json\/wp\/v2\/media\/3123"}],"wp:attachment":[{"href":"https:\/\/zaoyigarment.com\/is\/wp-json\/wp\/v2\/media?parent=3122"}],"wp:term":[{"taxonomy":"product_brand","embeddable":true,"href":"https:\/\/zaoyigarment.com\/is\/wp-json\/wp\/v2\/product_brand?post=3122"},{"taxonomy":"product_cat","embeddable":true,"href":"https:\/\/zaoyigarment.com\/is\/wp-json\/wp\/v2\/product_cat?post=3122"},{"taxonomy":"product_tag","embeddable":true,"href":"https:\/\/zaoyigarment.com\/is\/wp-json\/wp\/v2\/product_tag?post=3122"}],"curies":[{"name":"wp","href":"https:\/\/api.w.org\/{rel}","templated":true}]}}