 {"id":3052,"date":"2024-10-21T08:20:20","date_gmt":"2024-10-21T08:20:20","guid":{"rendered":"https:\/\/zaoyigarment.com\/?post_type=product&#038;p=3052"},"modified":"2025-09-23T00:33:15","modified_gmt":"2025-09-23T00:33:15","slug":"lace-body-tape","status":"publish","type":"product","link":"https:\/\/zaoyigarment.com\/is\/manufacturer\/lace-body-tape\/","title":{"rendered":"Lace Body Tape Breast Lift Lace Tape Andar Brj\u00f3st Tape"},"content":{"rendered":"<div id=\"featurebullets_feature_div\" class=\"celwidget\" data-feature-name=\"featurebullets\" data-csa-c-type=\"widget\" data-csa-c-content-id=\"featurebullets\" data-csa-c-slot-id=\"featurebullets_feature_div\" data-csa-c-asin=\"B07DF32D6Q\" data-csa-c-is-in-initial-active-row=\"false\" data-csa-c-id=\"3j0pnl-7cjnp-9t8psx-tspeog\">\n<div id=\"feature-bullets\" class=\"a-section a-spacing-medium a-spacing-top-small\">\n<ul class=\"a-unordered-list a-vertical a-spacing-mini\">\n<li>\n<div data-zone-id=\"0\" data-line-index=\"0\" data-line=\"true\">\n<div data-zone-id=\"0\" data-line-index=\"0\" data-line=\"true\"><strong style=\"font-size: 14.4px;\">BLUNTUR BODY TAPE ST\u00c6R\u00d0:<\/strong><span style=\"font-size: 14.4px;\"> Venjuleg breidd er 2,5 cm, 3,8 cm, 5 cm, 7,5 cm, 10 cm, lengd getur vali\u00f0 3M, 4M, 5M. St\u00e6r\u00f0 innri litakassa er 7,5*6,5*7,5cm, 11,5*8*8cm. St\u00e6r\u00f0ir allar s\u00e9rsni\u00f0nar<\/span><\/div>\n<\/div>\n<\/li>\n<li><span class=\"a-list-item\"><strong>EFNI:<\/strong> B\u00f3mull+spandex<\/span><\/li>\n<li><span class=\"a-list-item\"><strong>H\u00e1marka flytjanleika:<\/strong> Ger\u00f0u \u00fea\u00f0 au\u00f0velt a\u00f0 geyma, flytja<\/span><\/li>\n<li><span class=\"a-list-item\"><strong>LAUS \u00cd lausu:<\/strong> F\u00e6st \u00ed lausu 1000 k\u00f6ssum me\u00f0 g\u00f3\u00f0u heilds\u00f6luver\u00f0i til a\u00f0 tryggja a\u00f0 \u00fe\u00fa haldir lager og innan fj\u00e1rhags\u00e1\u00e6tlunar<\/span><\/li>\n<li><span class=\"a-list-item\"><strong>Fullkomi\u00f0 fyrir br\u00fa\u00f0kaup, s\u00e9rstaka vi\u00f0bur\u00f0i og veisluveislur:<\/strong> Komdu me\u00f0 \u00f3gleymanlegt sj\u00e1lfstraust \u00feegar \u00fe\u00fa ert \u00ed br\u00fa\u00f0kaupinu, veislunni og veislunni me\u00f0 \u00feessari einst\u00f6ku sp\u00f3lu<\/span><\/li>\n<li><strong>\u00c1bendingar: <\/strong>Vinsamlegast haf\u00f0u \u00ed huga a\u00f0 \u00feessi vara hefur alvarlegt hald!<br \/>\nSumar konur eru me\u00f0 mj\u00f3a h\u00fa\u00f0 \u00ed kringum kragabeini\u00f0 e\u00f0a efri hluta bringunnar. Ekki nota v\u00f6runa lengur en \u00ed 8 klst. Vertu mj\u00f6g vark\u00e1r ef \u00fe\u00fa velur a\u00f0 setja l\u00edmband \u00e1 \u00feessi sv\u00e6\u00f0i.<br \/>\nEkki \u00fatsetja v\u00f6runa fyrir langvarandi s\u00f3larlj\u00f3si e\u00f0a hita me\u00f0an \u00e1 notkun stendur. \u00deetta getur valdi\u00f0 ertingu \u00ed h\u00fa\u00f0. Ekki fara \u00ed s\u00f3lba\u00f0 \u00ed v\u00f6runni.<\/li>\n<li><strong>Kostir:<\/strong><\/li>\n<li>STRONG-HOLD\u2013 b\u00fd\u00f0ur upp \u00e1 fr\u00e1b\u00e6ran stu\u00f0ning, tryggir a\u00f0 l\u00edmi\u00f0 haldist \u00e1 s\u00ednum sta\u00f0 jafnvel \u00e1 virkum sumard\u00f6gum, \u00feolir vatn og svita. Akr\u00edll\u00edmi\u00f0 festist mj\u00faklega vi\u00f0 h\u00fa\u00f0ina, veitir \u00fe\u00e6gilega lyftingu og \u00fatilokar \u00fe\u00f6rfina \u00e1 \u00f3lum sem g\u00e6tu ey\u00f0ilagt b\u00faninginn \u00feinn.<\/li>\n<li>FYRIR ALLAR ST\u00c6R\u00d0IR \u2013 hentar fyrir A til \u00d6 bollast\u00e6r\u00f0ir, sem gerir \u00fe\u00e9r kleift a\u00f0 s\u00e9rsn\u00ed\u00f0a magni\u00f0 sem \u00fearf \u00fat fr\u00e1 st\u00e6r\u00f0 og \u00feyngd brj\u00f3stanna. M\u00e6ldu notkunarsv\u00e6\u00f0i\u00f0, klipptu til a\u00f0 \u00fea\u00f0 passi og settu l\u00edmbandi\u00f0 \u00e1 til a\u00f0 n\u00e1 \u00e6skilegri lyftingu og l\u00f6gun \u00ed samr\u00e6mi vi\u00f0 fatast\u00edl \u00feinn.<\/li>\n<li>N\u00c6SKULEGT \u00daTLIT \u2013 me\u00f0 \u201eTan\u201c litnum s\u00ednum og fj\u00f6lh\u00e6fum notkunarm\u00f6guleikum gefur \u00feetta brj\u00f3stl\u00ednul\u00edmband n\u00e1tt\u00farulegt og \u00f3s\u00fdnilegt \u00fatlit. Settu l\u00edmbandi\u00f0 \u00e1 til a\u00f0 n\u00e1 \u00feeim \u00e1hrifum sem \u00fe\u00fa vilt, hvort sem \u00fea\u00f0 er \u201eLifted\u201c e\u00f0a \u201eNatural,\u201c fyrir \u00fdmsan fatna\u00f0 eins og baklausan, \u00f3larlausan, gegns\u00e6jan m\u00f6skva, br\u00fa\u00f0arkj\u00f3la e\u00f0a einfalda stuttermaboli.<\/li>\n<li><b>Vinsamlegast athugi\u00f0:<\/b><br \/>\n<b>Hvernig \u00e1 a\u00f0 for\u00f0ast h\u00fa\u00f0ofn\u00e6mi og t\u00e1randi h\u00fa\u00f0vandam\u00e1l?<\/b><\/p>\n<ul>\n<li>Ger\u00f0u einfalt h\u00fa\u00f0n\u00e6mt pr\u00f3f<\/li>\n<li>Ekki l\u00e1ta l\u00edmbandi\u00f0 sitja \u00e1 h\u00fa\u00f0inni lengur en \u00ed 12 klukkustundir<\/li>\n<li>Hentar ekki \u00feungu\u00f0um konum, me\u00f0 barn \u00e1 brj\u00f3sti e\u00f0a f\u00f3lki me\u00f0 vi\u00f0kv\u00e6ma\/vi\u00f0kv\u00e6ma h\u00fa\u00f0<\/li>\n<li>Vinsamlega mundu a\u00f0 nota heitt vatn e\u00f0a ilmkjarnaol\u00edur til a\u00f0 fjarl\u00e6gja brj\u00f3stbandi\u00f0 h\u00e6gt og varlega sem kemur \u00ed veg fyrir a\u00f0 h\u00fa\u00f0in rifni, ef \u00fea\u00f0 rifnar of hratt getur \u00fea\u00f0 valdi\u00f0 mei\u00f0slum. \u00de\u00fa getur l\u00edka fari\u00f0 \u00ed heitt ba\u00f0 til a\u00f0 r\u00edfa \u00fea\u00f0 af<\/li>\n<\/ul>\n<p><b>Hvernig \u00e1 a\u00f0 gera au\u00f0velt h\u00fa\u00f0pr\u00f3f til a\u00f0 segja h\u00fa\u00f0ina \u00fe\u00edna vi\u00f0kv\u00e6ma e\u00f0a ekki?<\/b><\/p>\n<ol>\n<li>\u00de\u00fa getur klippt litla r\u00f6nd af l\u00edmbandi og l\u00edmt innan \u00e1 handlegginn og rifi\u00f0 hana s\u00ed\u00f0an af eftir 6 klukkustundir.<\/li>\n<li>Fylgstu me\u00f0 h\u00fa\u00f0inni \u00feinni.<\/li>\n<li>Ef \u00fe\u00fa f\u00e6r\u00f0 aukaverkanir eftir pr\u00f3fi\u00f0 (svo sem ro\u00f0a, svi\u00f0a e\u00f0a \u00f3\u00fe\u00e6gindi), vinsamlegast h\u00e6ttu a\u00f0 nota \u00feetta bor\u00f0i strax.<\/li>\n<\/ol>\n<\/li>\n<\/ul>\n<\/div>\n<\/div>\n\t<div class=\"img has-hover x md-x lg-x y md-y lg-y\" id=\"image_1519911134\">\n\t\t\t\t\t\t\t\t<div class=\"img-inner dark\" >\n\t\t\t<img loading=\"lazy\" decoding=\"async\" width=\"1020\" height=\"1020\" src=\"https:\/\/zaoyigarment.com\/wp-content\/uploads\/2024\/10\/lace-body-tape-1024x1024.webp\" class=\"attachment-large size-large\" alt=\"bl\u00fandur l\u00edkami bor\u00f0i\" srcset=\"https:\/\/zaoyigarment.com\/wp-content\/uploads\/2024\/10\/lace-body-tape-1024x1024.webp 1024w, https:\/\/zaoyigarment.com\/wp-content\/uploads\/2024\/10\/lace-body-tape-300x300.webp 300w, https:\/\/zaoyigarment.com\/wp-content\/uploads\/2024\/10\/lace-body-tape-150x150.webp 150w, https:\/\/zaoyigarment.com\/wp-content\/uploads\/2024\/10\/lace-body-tape-768x768.webp 768w, https:\/\/zaoyigarment.com\/wp-content\/uploads\/2024\/10\/lace-body-tape-1536x1536.webp 1536w, https:\/\/zaoyigarment.com\/wp-content\/uploads\/2024\/10\/lace-body-tape-2048x2048.webp 2048w, https:\/\/zaoyigarment.com\/wp-content\/uploads\/2024\/10\/lace-body-tape-12x12.webp 12w, https:\/\/zaoyigarment.com\/wp-content\/uploads\/2024\/10\/lace-body-tape-600x600.webp 600w, https:\/\/zaoyigarment.com\/wp-content\/uploads\/2024\/10\/lace-body-tape-100x100.webp 100w\" sizes=\"auto, (max-width: 1020px) 100vw, 1020px\" \/>\t\t\t\t\t\t\n\t\t\t\t\t<\/div>\n\t\t\t\t\t\t\t\t\n<style>\n#image_1519911134 {\n  width: 100%;\n}\n<\/style>\n\t<\/div>\n\t\n\t<div class=\"img has-hover x md-x lg-x y md-y lg-y\" id=\"image_347569356\">\n\t\t\t\t\t\t\t\t<div class=\"img-inner dark\" >\n\t\t\t<img loading=\"lazy\" decoding=\"async\" width=\"1020\" height=\"1020\" src=\"https:\/\/zaoyigarment.com\/wp-content\/uploads\/2024\/10\/how-to-use-bra-tape-1024x1024.webp\" class=\"attachment-large size-large\" alt=\"hvernig \u00e1 a\u00f0 nota brj\u00f3stahaldaraband\" srcset=\"https:\/\/zaoyigarment.com\/wp-content\/uploads\/2024\/10\/how-to-use-bra-tape-1024x1024.webp 1024w, https:\/\/zaoyigarment.com\/wp-content\/uploads\/2024\/10\/how-to-use-bra-tape-300x300.webp 300w, https:\/\/zaoyigarment.com\/wp-content\/uploads\/2024\/10\/how-to-use-bra-tape-150x150.webp 150w, https:\/\/zaoyigarment.com\/wp-content\/uploads\/2024\/10\/how-to-use-bra-tape-768x768.webp 768w, https:\/\/zaoyigarment.com\/wp-content\/uploads\/2024\/10\/how-to-use-bra-tape-12x12.webp 12w, https:\/\/zaoyigarment.com\/wp-content\/uploads\/2024\/10\/how-to-use-bra-tape-600x600.webp 600w, https:\/\/zaoyigarment.com\/wp-content\/uploads\/2024\/10\/how-to-use-bra-tape-100x100.webp 100w, https:\/\/zaoyigarment.com\/wp-content\/uploads\/2024\/10\/how-to-use-bra-tape.webp 1500w\" sizes=\"auto, (max-width: 1020px) 100vw, 1020px\" \/>\t\t\t\t\t\t\n\t\t\t\t\t<\/div>\n\t\t\t\t\t\t\t\t\n<style>\n#image_347569356 {\n  width: 100%;\n}\n<\/style>\n\t<\/div>","protected":false},"excerpt":{"rendered":"<p>Zaoyi Custom Lace Body Tape Framlei\u00f0andi og birgir \u00ed K\u00edna<\/p>\n<p>- MOQ: 3000 stk<br \/>\n- OEM \/ ODM \u00fej\u00f3nusta \u00ed bo\u00f0i<br \/>\n- \u00d3keypis s\u00fdnishorn \u00ed bo\u00f0i<br \/>\n- Sam\u00feykkja a\u00f0l\u00f6gun (forskriftir, litur, h\u00f6nnun osfrv.)<\/p>\n<p>Ef \u00fe\u00fa vilt f\u00e1 ver\u00f0 \u00e1 bl\u00fandubor\u00f0i, vinsamlegast haf\u00f0u samband vi\u00f0 okkur.<\/p>","protected":false},"featured_media":3057,"comment_status":"open","ping_status":"closed","template":"","meta":[],"product_brand":[],"product_cat":[38],"product_tag":[],"class_list":{"0":"post-3052","1":"product","2":"type-product","3":"status-publish","4":"has-post-thumbnail","6":"product_cat-bra-tape","8":"first","9":"instock","10":"shipping-taxable","11":"product-type-simple"},"_links":{"self":[{"href":"https:\/\/zaoyigarment.com\/is\/wp-json\/wp\/v2\/product\/3052","targetHints":{"allow":["GET"]}}],"collection":[{"href":"https:\/\/zaoyigarment.com\/is\/wp-json\/wp\/v2\/product"}],"about":[{"href":"https:\/\/zaoyigarment.com\/is\/wp-json\/wp\/v2\/types\/product"}],"replies":[{"embeddable":true,"href":"https:\/\/zaoyigarment.com\/is\/wp-json\/wp\/v2\/comments?post=3052"}],"wp:featuredmedia":[{"embeddable":true,"href":"https:\/\/zaoyigarment.com\/is\/wp-json\/wp\/v2\/media\/3057"}],"wp:attachment":[{"href":"https:\/\/zaoyigarment.com\/is\/wp-json\/wp\/v2\/media?parent=3052"}],"wp:term":[{"taxonomy":"product_brand","embeddable":true,"href":"https:\/\/zaoyigarment.com\/is\/wp-json\/wp\/v2\/product_brand?post=3052"},{"taxonomy":"product_cat","embeddable":true,"href":"https:\/\/zaoyigarment.com\/is\/wp-json\/wp\/v2\/product_cat?post=3052"},{"taxonomy":"product_tag","embeddable":true,"href":"https:\/\/zaoyigarment.com\/is\/wp-json\/wp\/v2\/product_tag?post=3052"}],"curies":[{"name":"wp","href":"https:\/\/api.w.org\/{rel}","templated":true}]}}