 {"id":2693,"date":"2024-08-16T02:21:54","date_gmt":"2024-08-16T02:21:54","guid":{"rendered":"https:\/\/zaoyigarment.com\/?post_type=product&#038;p=2693"},"modified":"2026-05-05T12:18:13","modified_gmt":"2026-05-05T12:18:13","slug":"double-side-sticky-bra-inserts-self-pads-for-small-chest-women-silicone-push-up-pad","status":"publish","type":"product","link":"https:\/\/zaoyigarment.com\/is\/manufacturer\/double-side-sticky-bra-inserts-self-pads-for-small-chest-women-silicone-push-up-pad\/","title":{"rendered":"Tv\u00f6faldur hli\u00f0 Sticky Bra Innleggur Self Pads fyrir litla brj\u00f3st kvenna Silicone Push Up Pad"},"content":{"rendered":"<div id=\"text-476978643\" class=\"text\">\n\t\t\n<div class=\"_1-Caexem\" tabindex=\"0\" role=\"button\" aria-label=\"$EAu\u00f0velt \u00ed notkun: Festu brj\u00f3stahaldaraframlenginguna einfaldlega vi\u00f0 brj\u00f3stahaldarakr\u00f3kana \u00fe\u00edna til a\u00f0 lengja strax.\">\n<ul>\n<li class=\"_1-Caexem\" tabindex=\"0\" role=\"button\" aria-label=\"$\u00de\u00e6gilegir brj\u00f3stahaldaraframlengingar: Sett af 3 brj\u00f3stahaldaraframlengingum me\u00f0 teygjanlegu efni, sem gerir \u00fea\u00f0 au\u00f0velt a\u00f0 stilla bandst\u00e6r\u00f0 brj\u00f3stahaldara til a\u00f0 passa vel.\"><strong>\u00de\u00e6gilegir brj\u00f3stahaldarar:<\/strong> F\u00e1\u00f0u fallegt klofi\u00f0 me\u00f0 n\u00e1tt\u00farulegu klofinu \u00e1 me\u00f0an \u00fe\u00fa upplifir gl\u00e6silega push-up \u00e1hrif.<\/li>\n<li class=\"_1-Caexem\" tabindex=\"0\" role=\"button\" aria-label=\"$\u00de\u00e6gilegir brj\u00f3stahaldaraframlengingar: Sett af 3 brj\u00f3stahaldaraframlengingum me\u00f0 teygjanlegu efni, sem gerir \u00fea\u00f0 au\u00f0velt a\u00f0 stilla bandst\u00e6r\u00f0 brj\u00f3stahaldara til a\u00f0 passa vel.\"><strong>Fullkomi\u00f0 fyrir braless \u00fatlit: <\/strong><span class=\"a-list-item a-size-base a-color-base\">Auka brj\u00f3stahaldara og bikin\u00ed, sundf\u00f6t me\u00f0 \u00feessum \u00fe\u00e6gilegu s\u00edlikonp\u00fa\u00f0um.<\/span><\/li>\n<li class=\"_1-Caexem\" tabindex=\"0\" role=\"button\" aria-label=\"$\u00de\u00e6gilegir brj\u00f3stahaldaraframlengingar: Sett af 3 brj\u00f3stahaldaraframlengingum me\u00f0 teygjanlegu efni, sem gerir \u00fea\u00f0 au\u00f0velt a\u00f0 stilla bandst\u00e6r\u00f0 brj\u00f3stahaldara til a\u00f0 passa vel.\"><strong>\u00de\u00e6gilegt og mj\u00fakt:<\/strong> \u00deessi brj\u00f3stahaldarainnlegg er b\u00fainn til \u00far mj\u00fakum og \u00fe\u00e6gilegum efnum og ertir hvorki h\u00fa\u00f0ina n\u00e9 valda \u00f3\u00fe\u00e6gindum.<\/li>\n<li><strong>Au\u00f0velt \u00ed notkun:<\/strong> Sett \u00ed brj\u00f3stahaldarabolla e\u00f0a stungi\u00f0 \u00ed vasa \u00e1 brj\u00f3stahaldara. Einnig h\u00e6gt a\u00f0 festa vi\u00f0 brj\u00f3stahaldara e\u00f0a sundbol til \u00f6ryggis (eins og \u00feegar \u00fe\u00fa ert \u00ed sund).<\/li>\n<li>\n<div class=\"a-fixed-left-grid-col a-col-left\"><strong><span class=\"a-color-base\">Umhir\u00f0ulei\u00f0beiningar: <\/span><\/strong><span style=\"font-size: 14.4px;\">Hand\u00fevottur me\u00f0 \u00fev\u00ed a\u00f0 s\u00f6kkva \u00ed vask\/ker me\u00f0 k\u00f6ldu volgu vatni og nokkrum dropum af \u00fevottaefni. Kreisti\u00f0 s\u00e1puvatn varlega \u00ed gegn. Skola\u00f0u vandlega. Leggi\u00f0 flatt til \u00feerris.<\/span><\/div>\n<\/li>\n<\/ul>\n<h2><span id=\"types-of-bra-inserts\" class=\"mj-toc-section\">Tegundir brj\u00f3stahaldarainnleggja<\/span><\/h2>\n<p>H\u00e9r eru nokkrar tegundir af brj\u00f3stahaldarainnleggjum \u00ed bo\u00f0i.<\/p>\n<ul>\n<li>Brj\u00f3stb\u00e6tir<\/li>\n<li>Push-up innlegg<\/li>\n<li>Vatnsheldir p\u00fa\u00f0ar<\/li>\n<li>Innskot eftir brj\u00f3stn\u00e1m<\/li>\n<li>Shapers<\/li>\n<li>Fro\u00f0up\u00fa\u00f0ar<\/li>\n<\/ul>\n<h2><\/h2>\n<\/div>\n\t\t\n<style>\n#text-476978643 {\n  line-height: 1.7;\n}\n<\/style>\n\t<\/div>","protected":false},"excerpt":{"rendered":"<p>Zaoyi Custom Sticky Bra Inserts Framlei\u00f0andi og birgir \u00ed K\u00edna<\/p>\n<p>- MOQ: 3000 stk<br \/>\n- OEM \/ ODM \u00fej\u00f3nusta \u00ed bo\u00f0i<br \/>\n- \u00d3keypis s\u00fdnishorn \u00ed bo\u00f0i<br \/>\n\u2013 Endurvinnsla brj\u00f3stahaldara<br \/>\n- 20-30 dagar tilb\u00fainn t\u00edmi fyrir s\u00e9rsni\u00f0na p\u00f6ntun<br \/>\n- Sam\u00feykkja a\u00f0l\u00f6gun (forskriftir, litur, h\u00f6nnun osfrv.)<\/p>\n<p>1)Braless \u00fatlit: N\u00e1\u00f0u brj\u00f3stalausa \u00fatlitinu \u00e1n \u00feess a\u00f0 f\u00f3rna \u00fe\u00e6gindum og stu\u00f0ningi.<br \/>\n2) Stillanlegt: Au\u00f0veldlega stilltu h\u00e6\u00f0 brj\u00f3stahaldara \u00fe\u00edns til a\u00f0 passa l\u00edkama \u00feinn og n\u00e1 fullkominni passa.<br \/>\n3) \u00de\u00e6gilegt: \u00dar mj\u00faku og n\u00e1tt\u00farulegu efni, sem veitir auka \u00fe\u00e6gindi og stu\u00f0ning fyrir brj\u00f3stahaldara.<\/p>\n<p>Ef \u00fe\u00fa vilt f\u00e1 ver\u00f0 \u00e1 kl\u00edstru\u00f0 brj\u00f3stahaldarainnlegg, vinsamlegast haf\u00f0u samband vi\u00f0 okkur.<\/p>","protected":false},"featured_media":2700,"comment_status":"open","ping_status":"closed","template":"","meta":[],"product_brand":[],"product_cat":[42],"product_tag":[],"class_list":{"0":"post-2693","1":"product","2":"type-product","3":"status-publish","4":"has-post-thumbnail","6":"product_cat-bra-inserts","8":"first","9":"instock","10":"shipping-taxable","11":"product-type-simple"},"_links":{"self":[{"href":"https:\/\/zaoyigarment.com\/is\/wp-json\/wp\/v2\/product\/2693","targetHints":{"allow":["GET"]}}],"collection":[{"href":"https:\/\/zaoyigarment.com\/is\/wp-json\/wp\/v2\/product"}],"about":[{"href":"https:\/\/zaoyigarment.com\/is\/wp-json\/wp\/v2\/types\/product"}],"replies":[{"embeddable":true,"href":"https:\/\/zaoyigarment.com\/is\/wp-json\/wp\/v2\/comments?post=2693"}],"wp:featuredmedia":[{"embeddable":true,"href":"https:\/\/zaoyigarment.com\/is\/wp-json\/wp\/v2\/media\/2700"}],"wp:attachment":[{"href":"https:\/\/zaoyigarment.com\/is\/wp-json\/wp\/v2\/media?parent=2693"}],"wp:term":[{"taxonomy":"product_brand","embeddable":true,"href":"https:\/\/zaoyigarment.com\/is\/wp-json\/wp\/v2\/product_brand?post=2693"},{"taxonomy":"product_cat","embeddable":true,"href":"https:\/\/zaoyigarment.com\/is\/wp-json\/wp\/v2\/product_cat?post=2693"},{"taxonomy":"product_tag","embeddable":true,"href":"https:\/\/zaoyigarment.com\/is\/wp-json\/wp\/v2\/product_tag?post=2693"}],"curies":[{"name":"wp","href":"https:\/\/api.w.org\/{rel}","templated":true}]}}