 {"id":2303,"date":"2024-02-26T08:48:58","date_gmt":"2024-02-26T08:48:58","guid":{"rendered":"https:\/\/zaoyigarment.com\/?post_type=product&#038;p=2303"},"modified":"2025-08-26T09:53:53","modified_gmt":"2025-08-26T09:53:53","slug":"butterfly-nipple-cover-sticky-bra-adhesive-bra-breast-covers-sexy-outfit","status":"publish","type":"product","link":"https:\/\/zaoyigarment.com\/is\/manufacturer\/butterfly-nipple-cover-sticky-bra-adhesive-bra-breast-covers-sexy-outfit\/","title":{"rendered":"Fi\u00f0rilda geirv\u00f6rtuhl\u00edf Sticky brj\u00f3stahaldara L\u00edmbrj\u00f3stahaldara brj\u00f3sthl\u00edf fyrir kyn\u00feokkafullan b\u00faning"},"content":{"rendered":"<ul class=\"a-unordered-list a-vertical a-spacing-mini\">\n<li><span class=\"a-list-item\"><strong>\ud83c\udf6aNAFN:<\/strong> geirv\u00f6rtuhl\u00edfar, brj\u00f3stbl\u00f6\u00f0<\/span><\/li>\n<li><span class=\"a-list-item\"><strong>\ud83c\udf6aFORM:<\/strong> <a href=\"https:\/\/zaoyigarment.com\/is\/manufacturer\/sexy-bra-breast-boob-covers-colorful-fun-nipple-covers\/\">hva\u00f0a form sem er<\/a><\/span><\/li>\n<li><span class=\"a-list-item\"><strong>\ud83c\udf6a\u00deR\u00c1\u00d0LAUST:<\/strong> J\u00e1<\/span><\/li>\n<li><span class=\"a-list-item\"><strong>\ud83c\udf6aV\u00d6RULITI:<\/strong> bl\u00e1r, svartur, br\u00fann, s\u00e9rsni\u00f0inn.<\/span><\/li>\n<li><span class=\"a-list-item\">\ud83c\udf6a<strong>ST\u00c6R\u00d0IR:<\/strong> s\u00e9rsni\u00f0in<\/span><\/li>\n<li><span class=\"a-list-item\">\ud83c\udf6a<strong>UMS\u00d3KN:<\/strong> kyn\u00feokkafullur b\u00faningur, veisla, veisla, frj\u00e1lslegur osfrv.<\/span><\/li>\n<li><span class=\"a-color-base\"><span class=\"a-list-item\"><strong>\ud83c\udf6aEFNGER\u00d0: <\/strong>p\u00fa+g\u00e6lud\u00fdr<\/span><\/span><\/li>\n<li><span class=\"a-color-base\"><span class=\"a-list-item\"><strong>\ud83c\udf6aUmh\u00f6nnunarlei\u00f0beiningar: <\/strong>einnota<\/span><\/span><\/li>\n<li><strong><span class=\"a-color-base\"><span class=\"a-list-item\">\ud83c\udf6a<\/span><\/span>MIKILV\u00c6G R\u00c1\u00d0:<\/strong><br \/>\nHentar ekki ef \u00fe\u00fa ert me\u00f0 h\u00fa\u00f0vandam\u00e1l e\u00f0a \u00feegar h\u00fa\u00f0in er sl\u00f6su\u00f0, s\u00fdkt e\u00f0a s\u00f3lbrennd.<br \/>\nVinsamlegast ekki nota \u00feessa v\u00f6ru ef \u00fe\u00fa ert \u00feungu\u00f0 e\u00f0a me\u00f0 barn \u00e1 brj\u00f3sti, ef \u00fe\u00fa ert me\u00f0 ofn\u00e6mi fyrir k\u00edsilgeli e\u00f0a ef \u00fe\u00fa hefur n\u00fdlega fari\u00f0 \u00ed brj\u00f3stast\u00e6kkun e\u00f0a brj\u00f3staminnkun.<br \/>\nEf einhver \u00f3e\u00f0lileg h\u00fa\u00f0 kemur fram \u00e1 me\u00f0an \u00fe\u00fa notar \u00feessa v\u00f6ru skaltu h\u00e6tta notkun tafarlaust og hafa tafarlaust samband vi\u00f0 h\u00fa\u00f0sj\u00fakd\u00f3mafr\u00e6\u00f0ing e\u00f0a h\u00fa\u00f0s\u00e9rfr\u00e6\u00f0ing.<\/li>\n<\/ul>\n<h2><\/h2>\n<h2>Br\u00fanast\u00e6r\u00f0artafla me\u00f0 myndum<\/h2>\n\t<div class=\"img has-hover x md-x lg-x y md-y lg-y\" id=\"image_1722312462\">\n\t\t\t\t\t\t\t\t<div class=\"img-inner dark\" >\n\t\t\t<img loading=\"lazy\" decoding=\"async\" width=\"1020\" height=\"976\" src=\"https:\/\/zaoyigarment.com\/wp-content\/uploads\/2024\/01\/bra-size-calculator-1024x980.webp\" class=\"attachment-large size-large\" alt=\"reikniv\u00e9l fyrir brj\u00f3stahaldarast\u00e6r\u00f0\" srcset=\"https:\/\/zaoyigarment.com\/wp-content\/uploads\/2024\/01\/bra-size-calculator-1024x980.webp 1024w, https:\/\/zaoyigarment.com\/wp-content\/uploads\/2024\/01\/bra-size-calculator-300x287.webp 300w, https:\/\/zaoyigarment.com\/wp-content\/uploads\/2024\/01\/bra-size-calculator-768x735.webp 768w, https:\/\/zaoyigarment.com\/wp-content\/uploads\/2024\/01\/bra-size-calculator-1536x1471.webp 1536w, https:\/\/zaoyigarment.com\/wp-content\/uploads\/2024\/01\/bra-size-calculator-600x575.webp 600w, https:\/\/zaoyigarment.com\/wp-content\/uploads\/2024\/01\/bra-size-calculator.webp 2000w\" sizes=\"auto, (max-width: 1020px) 100vw, 1020px\" \/>\t\t\t\t\t\t\n\t\t\t\t\t<\/div>\n\t\t\t\t\t\t\t\t\n<style>\n#image_1722312462 {\n  width: 100%;\n}\n<\/style>\n\t<\/div>","protected":false},"excerpt":{"rendered":"<p>Zaoyi s\u00e9rsni\u00f0in geirv\u00f6rtuhl\u00edf Framlei\u00f0andi og birgir \u00ed K\u00edna<\/p>\n<p>- MOQ: 3000 stk<br \/>\n- OEM \/ ODM \u00fej\u00f3nusta \u00ed bo\u00f0i<br \/>\n- \u00d3keypis s\u00fdnishorn \u00ed bo\u00f0i<br \/>\n\u2013 Endurvinnsla brj\u00f3stahaldara<br \/>\n- 25-35 dagar tilb\u00fainn t\u00edmi fyrir s\u00e9rsni\u00f0na p\u00f6ntun<br \/>\n- Sam\u00feykkja a\u00f0l\u00f6gun (forskriftir, litur, h\u00f6nnun osfrv.)<\/p>\n<p>1) Bestu brj\u00f3stahaldaralausnirnar til a\u00f0 kl\u00e6\u00f0ast me\u00f0 kyn\u00feokkafullum b\u00faningi, baklausum kj\u00f3l, br\u00fa\u00f0arkj\u00f3l, stuttermabol osfrv<br \/>\n2) \u00d3a\u00f0finnanlegur og stu\u00f0ningsh\u00f6nnun fyrir \u00fe\u00e6gindi<br \/>\n3) Sl\u00e9tt og l\u00e6knisfr\u00e6\u00f0ilegt hlaup<br \/>\n4) Getur gert s\u00e9rsni\u00f0i\u00f0 efni e\u00f0a mynstur \u00e1 geirv\u00f6rtuhl\u00edfinni<br \/>\n5) L\u00edflegur litur, andst\u00e6\u00f0ingur-litun<br \/>\n6) DIY a\u00f0l\u00f6gun<\/p>\n<p>Ef \u00fe\u00fa vilt f\u00e1 ver\u00f0 \u00e1 geirv\u00f6rtuhl\u00edf, vinsamlegast haf\u00f0u samband vi\u00f0 okkur.<\/p>","protected":false},"featured_media":2871,"comment_status":"open","ping_status":"closed","template":"","meta":[],"product_brand":[],"product_cat":[52],"product_tag":[],"class_list":{"0":"post-2303","1":"product","2":"type-product","3":"status-publish","4":"has-post-thumbnail","6":"product_cat-nipple-cover","8":"first","9":"instock","10":"shipping-taxable","11":"product-type-simple"},"_links":{"self":[{"href":"https:\/\/zaoyigarment.com\/is\/wp-json\/wp\/v2\/product\/2303","targetHints":{"allow":["GET"]}}],"collection":[{"href":"https:\/\/zaoyigarment.com\/is\/wp-json\/wp\/v2\/product"}],"about":[{"href":"https:\/\/zaoyigarment.com\/is\/wp-json\/wp\/v2\/types\/product"}],"replies":[{"embeddable":true,"href":"https:\/\/zaoyigarment.com\/is\/wp-json\/wp\/v2\/comments?post=2303"}],"wp:featuredmedia":[{"embeddable":true,"href":"https:\/\/zaoyigarment.com\/is\/wp-json\/wp\/v2\/media\/2871"}],"wp:attachment":[{"href":"https:\/\/zaoyigarment.com\/is\/wp-json\/wp\/v2\/media?parent=2303"}],"wp:term":[{"taxonomy":"product_brand","embeddable":true,"href":"https:\/\/zaoyigarment.com\/is\/wp-json\/wp\/v2\/product_brand?post=2303"},{"taxonomy":"product_cat","embeddable":true,"href":"https:\/\/zaoyigarment.com\/is\/wp-json\/wp\/v2\/product_cat?post=2303"},{"taxonomy":"product_tag","embeddable":true,"href":"https:\/\/zaoyigarment.com\/is\/wp-json\/wp\/v2\/product_tag?post=2303"}],"curies":[{"name":"wp","href":"https:\/\/api.w.org\/{rel}","templated":true}]}}