 {"id":2243,"date":"2024-02-20T07:25:58","date_gmt":"2024-02-20T07:25:58","guid":{"rendered":"https:\/\/zaoyigarment.com\/?post_type=product&#038;p=2243"},"modified":"2025-12-09T19:59:57","modified_gmt":"2025-12-09T19:59:57","slug":"woman-deep-u-plunge-bra-convertible-push-up-bra","status":"publish","type":"product","link":"https:\/\/zaoyigarment.com\/is\/manufacturer\/woman-deep-u-plunge-bra-convertible-push-up-bra\/","title":{"rendered":"Woman Deep U Plunge Bra Convertible Push Up Bra"},"content":{"rendered":"<p><span class=\"a-list-item\"><strong>MAGN:<\/strong> 3000 stk fyrir s\u00e9rsni\u00f0na p\u00f6kkun og magnp\u00f6ntun<\/span><\/p>\n<ul class=\"a-unordered-list a-vertical a-spacing-mini\">\n<li><span class=\"a-list-item\"><strong>EFNI:<\/strong> 80% nylon, 20% spandex<\/span><\/li>\n<li><span class=\"a-list-item\"><strong>KOSTIR:<\/strong> Umhverfis- og \u00f6ryggisgel, andar, frumu, k\u00fapt, \u00f6ryggi<\/span><\/li>\n<li><span class=\"a-list-item\"><strong>H\u00d6NNUN:<\/strong> Mismunandi h\u00f6nnunarm\u00f6guleikar, e\u00f0a geta s\u00e9rsni\u00f0i\u00f0<\/span><\/li>\n<li><span class=\"a-list-item\"><strong>M\u00c1L:<\/strong> A\/B\/C\/D\/E\/F\/H, s\u00e9rsni\u00f0in<\/span><\/li>\n<li><span class=\"a-list-item a-size-base a-color-base\"><strong>STERKUR stu\u00f0ningur og stillanlegur teiknistrengur:<\/strong> L\u00edtil passar fyrir A Cup. Me\u00f0 st\u00f3rkostlegri dj\u00fapu U d\u00fdfuh\u00f6nnuninni eru \u00f3larlausu brj\u00f3stahaldararnir okkar fyrir konur s\u00e9rmennta\u00f0ir til a\u00f0 leggja \u00e1herslu \u00e1 brj\u00f3sti\u00f0 og b\u00faa til hi\u00f0 fullkomna klof. Hann safnar saman brj\u00f3stunum \u00fe\u00ednum af fagmennsku, sem lei\u00f0ir til t\u00e6landi og heillandi l\u00f6gun. Og hvort sem \u00fe\u00fa ert a\u00f0 pr\u00fd\u00f0a \u00f3larlausan kj\u00f3l e\u00f0a leitast vi\u00f0 a\u00f0 auka a\u00f0dr\u00e1ttarafl brj\u00f3stferils \u00fe\u00edns, \u00fe\u00e1 er baklausi brj\u00f3stahaldarinn okkar fullkominn valkostur.<\/span><\/li>\n<li><span class=\"a-list-item a-size-base a-color-base\"><strong>H\u00da\u00d0V\u00cdNLEGT ANDAR D\u00daK OG GUMMI L\u00cdM:<\/strong>Efni\u00f0 er \u00far n\u00e1tt\u00farulegu \u00f3ofnu efni + l\u00e6knisk\u00edsill. N\u00e1tt\u00farulega tyggj\u00f3l\u00edmi\u00f0 er \u00feaki\u00f0 loftg\u00f6tum, sem vi\u00f0halda fr\u00e1b\u00e6ru loftgegndr\u00e6pi \u00feegar \u00fe\u00fa notar \u00fea\u00f0.<\/span><\/li>\n<li><span class=\"a-list-item a-size-base a-color-base\"><strong>FR\u00c1B\u00c6R V\u00c6NGH\u00d6NNUN:<\/strong> Er me\u00f0 \u00f3s\u00fdnilega v\u00e6ngi \u00e1 b\u00e1\u00f0um hli\u00f0um, sem b\u00fd\u00f0ur upp \u00e1 \u00e1kj\u00f3sanlegan brj\u00f3ststu\u00f0ning og gerir \u00fe\u00e9r kleift a\u00f0 s\u00e9rsn\u00ed\u00f0a \u00fe\u00e9ttleikann a\u00f0 \u00fe\u00ednum \u00f3skum. \u00de\u00fa getur sj\u00e1lfstraust flagga\u00f0 gr\u00edpandi klofinu \u00fe\u00ednu me\u00f0 \u00f3larlausu brj\u00f3stahaldaranum okkar. \u00deegar \u00fe\u00fa kl\u00e6\u00f0ist baklausum kj\u00f3l, er \u00f3s\u00fdnilegi brj\u00f3stahaldarinn okkar \u00e1fram tryggilega \u00e1 s\u00ednum sta\u00f0 og veitir \u00fe\u00e9r tv\u00f6falda vernd \u00e1n nokkurrar vandr\u00e6\u00f0a. L\u00edmandi v\u00e6ngirnir au\u00f0velda \u00e1reynslulaust a\u00f0 kl\u00e6\u00f0ast og fjarl\u00e6gja, sem tryggir vandr\u00e6\u00f0alausa upplifun.<\/span><\/li>\n<li><span class=\"a-list-item a-size-base a-color-base\"><strong>FYRIR M\u00d6RG TILEFNI:<\/strong> \u00d3larlaus brj\u00f3stahaldara fyrir hva\u00f0a kyn\u00feokkafulla st\u00edl sem er, baklausir halterabolir, dj\u00fapir V-h\u00e1lsjakkar, baklausir\/\u00f3larlausir kv\u00f6ldkj\u00f3lar, br\u00fa\u00f0arkj\u00f3lar, l\u00e1glitir kj\u00f3lar, kokteilkj\u00f3lar, veislukj\u00f3lar o.fl. Ekki hika vi\u00f0 a\u00f0 s\u00fdna kvenlegan sjarma \u00feinn.<\/span><\/li>\n<li><span class=\"a-list-item a-size-base a-color-base\">\u2764<strong>\u00devottah\u00e6ft og endurn\u00fdtanlegt:<\/strong> H\u00e6gt er a\u00f0 nota \u00feennan \u00f3larlausa brj\u00f3stahaldara oft, \u00ed samr\u00e6mi vi\u00f0 n\u00faverandi umhverfisverndar\u00feema. A\u00f0 \u00fevo \u00feennan kl\u00edstra\u00f0a brj\u00f3stahaldara me\u00f0 sjamp\u00f3i og vatni, halda honum \u00feurru n\u00e1tt\u00farulega, mun samt geyma l\u00edmgelin til n\u00e6sta notkunar.<\/span><\/li>\n<li>\n<figure id=\"attachment_2251\" aria-describedby=\"caption-attachment-2251\" style=\"width: 225px\" class=\"wp-caption alignleft\"><img loading=\"lazy\" decoding=\"async\" class=\"size-medium wp-image-2251\" src=\"https:\/\/zaoyigarment.com\/wp-content\/uploads\/2024\/02\/plunge-bra-225x300.webp\" alt=\"d\u00fdfa brj\u00f3stahaldara\" width=\"225\" height=\"300\" srcset=\"https:\/\/zaoyigarment.com\/wp-content\/uploads\/2024\/02\/plunge-bra-225x300.webp 225w, https:\/\/zaoyigarment.com\/wp-content\/uploads\/2024\/02\/plunge-bra-600x800.webp 600w, https:\/\/zaoyigarment.com\/wp-content\/uploads\/2024\/02\/plunge-bra.webp 750w\" sizes=\"auto, (max-width: 225px) 100vw, 225px\" \/><figcaption id=\"caption-attachment-2251\" class=\"wp-caption-text\">d\u00fdfa brj\u00f3stahaldara<\/figcaption><\/figure><\/li>\n<\/ul>\n<h2>Br\u00fanast\u00e6r\u00f0artafla me\u00f0 myndum<\/h2>\n\t<div class=\"img has-hover x md-x lg-x y md-y lg-y\" id=\"image_524936338\">\n\t\t\t\t\t\t\t\t<div class=\"img-inner dark\" >\n\t\t\t<img loading=\"lazy\" decoding=\"async\" width=\"1020\" height=\"976\" src=\"https:\/\/zaoyigarment.com\/wp-content\/uploads\/2024\/01\/bra-size-calculator-1024x980.webp\" class=\"attachment-large size-large\" alt=\"reikniv\u00e9l fyrir brj\u00f3stahaldarast\u00e6r\u00f0\" srcset=\"https:\/\/zaoyigarment.com\/wp-content\/uploads\/2024\/01\/bra-size-calculator-1024x980.webp 1024w, https:\/\/zaoyigarment.com\/wp-content\/uploads\/2024\/01\/bra-size-calculator-300x287.webp 300w, https:\/\/zaoyigarment.com\/wp-content\/uploads\/2024\/01\/bra-size-calculator-768x735.webp 768w, https:\/\/zaoyigarment.com\/wp-content\/uploads\/2024\/01\/bra-size-calculator-1536x1471.webp 1536w, https:\/\/zaoyigarment.com\/wp-content\/uploads\/2024\/01\/bra-size-calculator-600x575.webp 600w, https:\/\/zaoyigarment.com\/wp-content\/uploads\/2024\/01\/bra-size-calculator.webp 2000w\" sizes=\"auto, (max-width: 1020px) 100vw, 1020px\" \/>\t\t\t\t\t\t\n\t\t\t\t\t<\/div>\n\t\t\t\t\t\t\t\t\n<style>\n#image_524936338 {\n  width: 100%;\n}\n<\/style>\n\t<\/div>","protected":false},"excerpt":{"rendered":"<p>Zaoyi Custom U Plunge Push Up Bra Framlei\u00f0andi og birgir \u00ed K\u00edna<\/p>\n<p>- MOQ: 3000 stk<br \/>\n- OEM \/ ODM \u00fej\u00f3nusta \u00ed bo\u00f0i<br \/>\n- \u00d3keypis s\u00fdnishorn \u00ed bo\u00f0i<br \/>\n\u2013 Endurvinnsla brj\u00f3stahaldara<br \/>\n- 25-35 dagar tilb\u00fainn t\u00edmi fyrir s\u00e9rsni\u00f0na p\u00f6ntun<br \/>\n- Sam\u00feykkja a\u00f0l\u00f6gun (forskriftir, litur, h\u00f6nnun osfrv.)<\/p>\n<p>1) Bestu brj\u00f3stahaldaralausnir til a\u00f0 kl\u00e6\u00f0ast me\u00f0 baklausum kj\u00f3l, br\u00fa\u00f0arkj\u00f3l, stuttermabol o.s.frv<br \/>\n2) \u00d3a\u00f0finnanlegur og \u00fer\u00e1\u00f0laus h\u00f6nnun fyrir frelsi<br \/>\n3) Sl\u00e9tt og vi\u00f0kv\u00e6mt nylon efni<br \/>\n4) Getur gert s\u00e9rsni\u00f0i\u00f0 efni e\u00f0a mynstur \u00e1 \u00fea\u00f0<br \/>\n5) L\u00edflegur litur, andst\u00e6\u00f0ingur-litun<br \/>\n6) DIY a\u00f0l\u00f6gun<\/p>\n<p>Ef \u00fe\u00fa vilt f\u00e1 u s\u00f6kkva h\u00e6kka ver\u00f0 \u00e1 brj\u00f3stahaldara, vinsamlegast haf\u00f0u samband vi\u00f0 okkur.<\/p>","protected":false},"featured_media":2853,"comment_status":"open","ping_status":"closed","template":"","meta":[],"product_brand":[],"product_cat":[37],"product_tag":[],"class_list":{"0":"post-2243","1":"product","2":"type-product","3":"status-publish","4":"has-post-thumbnail","6":"product_cat-backless-bra","8":"first","9":"instock","10":"shipping-taxable","11":"product-type-simple"},"_links":{"self":[{"href":"https:\/\/zaoyigarment.com\/is\/wp-json\/wp\/v2\/product\/2243","targetHints":{"allow":["GET"]}}],"collection":[{"href":"https:\/\/zaoyigarment.com\/is\/wp-json\/wp\/v2\/product"}],"about":[{"href":"https:\/\/zaoyigarment.com\/is\/wp-json\/wp\/v2\/types\/product"}],"replies":[{"embeddable":true,"href":"https:\/\/zaoyigarment.com\/is\/wp-json\/wp\/v2\/comments?post=2243"}],"wp:featuredmedia":[{"embeddable":true,"href":"https:\/\/zaoyigarment.com\/is\/wp-json\/wp\/v2\/media\/2853"}],"wp:attachment":[{"href":"https:\/\/zaoyigarment.com\/is\/wp-json\/wp\/v2\/media?parent=2243"}],"wp:term":[{"taxonomy":"product_brand","embeddable":true,"href":"https:\/\/zaoyigarment.com\/is\/wp-json\/wp\/v2\/product_brand?post=2243"},{"taxonomy":"product_cat","embeddable":true,"href":"https:\/\/zaoyigarment.com\/is\/wp-json\/wp\/v2\/product_cat?post=2243"},{"taxonomy":"product_tag","embeddable":true,"href":"https:\/\/zaoyigarment.com\/is\/wp-json\/wp\/v2\/product_tag?post=2243"}],"curies":[{"name":"wp","href":"https:\/\/api.w.org\/{rel}","templated":true}]}}