 {"id":1931,"date":"2023-12-29T06:16:54","date_gmt":"2023-12-29T06:16:54","guid":{"rendered":"https:\/\/zaoyigarment.com\/?post_type=product&#038;p=1931"},"modified":"2026-03-30T10:54:24","modified_gmt":"2026-03-30T10:54:24","slug":"bra-converter-bra-clasps-bra-clip","status":"publish","type":"product","link":"https:\/\/zaoyigarment.com\/is\/manufacturer\/bra-converter-bra-clasps-bra-clip\/","title":{"rendered":"Bra Breytir Bra Klemmur Bra Clip Bra \u00f3l millistykki"},"content":{"rendered":"<ul>\n<li><span class=\"a-list-item a-size-base a-color-base\"><strong>Fjarl\u00e6g\u00f0u vandr\u00e6\u00f0in vi\u00f0 fallandi brj\u00f3stahaldara\u00f3lar<\/strong> \u2013 A\u00f0lagast au\u00f0veldlega til a\u00f0 passa hva\u00f0a h\u00e6\u00f0 sem er og klemmurnar halda brj\u00f3stahaldarab\u00f6ndum \u00e1 s\u00ednum sta\u00f0 og vel falin.<\/span><\/li>\n<\/ul>\n<ul class=\"a-unordered-list a-vertical a-spacing-small\">\n<li><span class=\"a-list-item a-size-base a-color-base\"><strong>Vistv\u00e6n h\u00f6nnun<\/strong> - Umbreyttu hva\u00f0a brj\u00f3stahaldara sem er \u00e1 einfaldan og \u00fe\u00e6gilegan h\u00e1tt. Vinnuvistfr\u00e6\u00f0ileg h\u00f6nnun dregur \u00far \u00f3\u00fe\u00e6gindum og kemur \u00ed veg fyrir a\u00f0 \u00feessar lei\u00f0inlegu brj\u00f3stahaldarab\u00f6nd grafist \u00ed axlir \u00fe\u00ednar.<\/span><\/li>\n<\/ul>\n<ul class=\"a-unordered-list a-vertical a-spacing-small\">\n<li><span class=\"a-list-item a-size-base a-color-base\"><strong>Tilefni<\/strong> \u2013 Fullkomi\u00f0 fyrir racer bak, kj\u00f3la, skyrtur, bl\u00fassur, \u00ed\u00fer\u00f3ttabol og fleira. Umbreyttu hva\u00f0a brj\u00f3stahaldara sem er \u00e1 einfaldan og \u00fe\u00e6gilegan h\u00e1tt. Klemmur \u00e1 bikin\u00edtoppinn \u00feinn fyrir fyllra og kyn\u00feokkafyllra \u00fatlit.<\/span><\/li>\n<\/ul>\n<ul class=\"a-unordered-list a-vertical a-spacing-small\">\n<li><span class=\"a-list-item a-size-base a-color-base\"><strong>Super Value brj\u00f3stahaldarabandsklemmasett<\/strong> \u2013 9 stk brj\u00f3stahaldaraklemmur, 3 stk brj\u00f3stahaldaralengingar og 3 stk brj\u00f3stahaldarab\u00f6nd \u00ed hef\u00f0bundnum hv\u00edtum, sv\u00f6rtum og beige litum.<\/span><\/li>\n<li><span class=\"a-list-item a-size-base a-color-base\"><strong>Auka st\u00e6r\u00f0 bolla:<\/strong> \u00feegar \u00fe\u00fa ert me\u00f0 brj\u00f3stahaldaraklemmurnar \u00e1 bakinu getur\u00f0u stillt st\u00e6r\u00f0 bollans. \u00dea\u00f0 hj\u00e1lpar til vi\u00f0 a\u00f0 veita brj\u00f3stunum meiri stu\u00f0ning, auka bollast\u00e6r\u00f0ina og gera klofi\u00f0 fyllra og kyn\u00feokkafyllra.<\/span><\/li>\n<li><span class=\"a-list-item a-size-base a-color-base\"><strong>Hentug st\u00e6r\u00f0:<\/strong> st\u00e6r\u00f0 hvers brj\u00f3stahaldarabandsklemma fyrir baki\u00f0 er um 1,8\u00d71,4 tommur. \u00dea\u00f0 hentar \u00f6llum brj\u00f3stahaldara me\u00f0 venjulegum axlab\u00f6ndum. \u00dea\u00f0 getur hj\u00e1lpa\u00f0 \u00fe\u00e9r a\u00f0 stilla brj\u00f3stahaldarann \u00feinn au\u00f0veldlega og \u00fe\u00e6gilega.<\/span><\/li>\n<\/ul>","protected":false},"excerpt":{"rendered":"<p>Zaoyi Custom Bra Converter Framlei\u00f0andi og birgir \u00ed K\u00edna<\/p>\n<p>- MOQ: 3000 stk<br \/>\n- OEM \/ ODM \u00fej\u00f3nusta \u00ed bo\u00f0i<br \/>\n- \u00d3keypis s\u00fdnishorn \u00ed bo\u00f0i<br \/>\n\u2013 Endurvinnsla brj\u00f3stahaldara<br \/>\n- 20-30 dagar tilb\u00fainn t\u00edmi fyrir s\u00e9rsni\u00f0na p\u00f6ntun<br \/>\n- Sam\u00feykkja a\u00f0l\u00f6gun (forskriftir, litur, h\u00f6nnun osfrv.)<\/p>\n<p>1) Fullkomi\u00f0 fyrir racer bak, kj\u00f3la, skyrtur, bl\u00fassur, \u00ed\u00fer\u00f3ttaboli og fleira.<br \/>\nUmbreyttu hva\u00f0a brj\u00f3stahaldara sem er \u00e1 einfaldan og \u00fe\u00e6gilegan h\u00e1tt. Klemmur \u00e1 bikin\u00edtoppinn \u00feinn fyrir fyllra og kyn\u00feokkafyllra \u00fatlit.<br \/>\n2)100% P\u00f3l\u00fdpr\u00f3p\u00fdlen<br \/>\n3) Getur umbreytt \u00f3l \u00e1 brassi<br \/>\n4) L\u00edflegur litur, andst\u00e6\u00f0ingur-litun<br \/>\n5) DIY a\u00f0l\u00f6gun<\/p>\n<p>Ef \u00fe\u00fa vilt f\u00e1 ver\u00f0 fyrir brj\u00f3stahaldarabreytir, vinsamlegast haf\u00f0u samband vi\u00f0 okkur.<\/p>","protected":false},"featured_media":1936,"comment_status":"open","ping_status":"closed","template":"","meta":[],"product_brand":[],"product_cat":[39,53],"product_tag":[],"class_list":{"0":"post-1931","1":"product","2":"type-product","3":"status-publish","4":"has-post-thumbnail","6":"product_cat-bra-strap","7":"product_cat-bra-accessories","9":"first","10":"instock","11":"shipping-taxable","12":"product-type-simple"},"_links":{"self":[{"href":"https:\/\/zaoyigarment.com\/is\/wp-json\/wp\/v2\/product\/1931","targetHints":{"allow":["GET"]}}],"collection":[{"href":"https:\/\/zaoyigarment.com\/is\/wp-json\/wp\/v2\/product"}],"about":[{"href":"https:\/\/zaoyigarment.com\/is\/wp-json\/wp\/v2\/types\/product"}],"replies":[{"embeddable":true,"href":"https:\/\/zaoyigarment.com\/is\/wp-json\/wp\/v2\/comments?post=1931"}],"wp:featuredmedia":[{"embeddable":true,"href":"https:\/\/zaoyigarment.com\/is\/wp-json\/wp\/v2\/media\/1936"}],"wp:attachment":[{"href":"https:\/\/zaoyigarment.com\/is\/wp-json\/wp\/v2\/media?parent=1931"}],"wp:term":[{"taxonomy":"product_brand","embeddable":true,"href":"https:\/\/zaoyigarment.com\/is\/wp-json\/wp\/v2\/product_brand?post=1931"},{"taxonomy":"product_cat","embeddable":true,"href":"https:\/\/zaoyigarment.com\/is\/wp-json\/wp\/v2\/product_cat?post=1931"},{"taxonomy":"product_tag","embeddable":true,"href":"https:\/\/zaoyigarment.com\/is\/wp-json\/wp\/v2\/product_tag?post=1931"}],"curies":[{"name":"wp","href":"https:\/\/api.w.org\/{rel}","templated":true}]}}