 {"id":1926,"date":"2023-12-29T03:03:54","date_gmt":"2023-12-29T03:03:54","guid":{"rendered":"https:\/\/zaoyigarment.com\/?post_type=product&#038;p=1926"},"modified":"2025-09-10T11:49:05","modified_gmt":"2025-09-10T11:49:05","slug":"bra-extender-womens-soft-comfortable-bra-extenders","status":"publish","type":"product","link":"https:\/\/zaoyigarment.com\/is\/manufacturer\/bra-extender-womens-soft-comfortable-bra-extenders\/","title":{"rendered":"Bra Extender Mj\u00fakir, \u00fe\u00e6gilegir Bra Extender fyrir konur"},"content":{"rendered":"<div class=\"_1-Caexem\" tabindex=\"0\" role=\"button\" aria-label=\"$EAu\u00f0velt \u00ed notkun: Festu brj\u00f3stahaldaraframlenginguna einfaldlega vi\u00f0 brj\u00f3stahaldarakr\u00f3kana \u00fe\u00edna til a\u00f0 lengja strax.\">\n<ul>\n<li class=\"_1-Caexem\" tabindex=\"0\" role=\"button\" aria-label=\"$\u00de\u00e6gilegir brj\u00f3stahaldaraframlengingar: Sett af 3 brj\u00f3stahaldaraframlengingum me\u00f0 teygjanlegu efni, sem gerir \u00fea\u00f0 au\u00f0velt a\u00f0 stilla bandst\u00e6r\u00f0 brj\u00f3stahaldara til a\u00f0 passa vel.\"><strong>\u00de\u00e6gilegir brj\u00f3stahaldaraframlengingar:<\/strong> Sett af 3 brj\u00f3stahaldaraframlengingum me\u00f0 teygjanlegu efni, sem gerir \u00fea\u00f0 au\u00f0velt a\u00f0 stilla bandst\u00e6r\u00f0 brj\u00f3stahaldara til a\u00f0 passa vel.<\/li>\n<li class=\"_1-Caexem\" tabindex=\"0\" role=\"button\" aria-label=\"$\u00de\u00e6gilegir brj\u00f3stahaldaraframlengingar: Sett af 3 brj\u00f3stahaldaraframlengingum me\u00f0 teygjanlegu efni, sem gerir \u00fea\u00f0 au\u00f0velt a\u00f0 stilla bandst\u00e6r\u00f0 brj\u00f3stahaldara til a\u00f0 passa vel.\"><strong>Fullkomi\u00f0 fyrir braless \u00fatlit:<\/strong> Tilvali\u00f0 fyrir \u00fe\u00e1 sem kj\u00f3sa brj\u00f3stahaldaralaust \u00fatlit en vilja samt stu\u00f0ning fr\u00e1 brj\u00f3stahaldara. Brj\u00f3stahaldaraframlengingarnar gera \u00fe\u00e9r kleift a\u00f0 losa bandi\u00f0 \u00e1n \u00feess a\u00f0 sker\u00f0a stu\u00f0ninginn.<\/li>\n<li class=\"_1-Caexem\" tabindex=\"0\" role=\"button\" aria-label=\"$\u00de\u00e6gilegir brj\u00f3stahaldaraframlengingar: Sett af 3 brj\u00f3stahaldaraframlengingum me\u00f0 teygjanlegu efni, sem gerir \u00fea\u00f0 au\u00f0velt a\u00f0 stilla bandst\u00e6r\u00f0 brj\u00f3stahaldara til a\u00f0 passa vel.\"><strong>\u00de\u00e6gilegt og mj\u00fakt:<\/strong> \u00deessir brj\u00f3stahaldaralengingar eru b\u00fanir til \u00far mj\u00fakum og \u00fe\u00e6gilegum efnum og munu hvorki erta h\u00fa\u00f0ina n\u00e9 valda \u00f3\u00fe\u00e6gindum.<\/li>\n<li><strong>Au\u00f0velt \u00ed notkun:<\/strong> Festu brj\u00f3stahaldaraframlenginguna einfaldlega vi\u00f0 kr\u00f3kana \u00e1 brj\u00f3stahaldaranum \u00fe\u00ednum til a\u00f0 auka bandst\u00e6r\u00f0ina samstundis.<\/li>\n<li><strong>Nota\u00f0u a\u00f0fer\u00f0:<\/strong>Festu kr\u00f3kana \u00e1 ne\u00f0ri hli\u00f0 framlengingarinnar vi\u00f0 brj\u00f3stahaldara kr\u00f3kalykkjurnar \u00fe\u00ednar, nota\u00f0u s\u00ed\u00f0an kr\u00f3kana \u00e1 brj\u00f3stahaldara til a\u00f0 festa kr\u00f3kalykkjurnar \u00e1 framhli\u00f0 framlengingarinnar.<\/li>\n<\/ul>\n<h3 class=\"a-spacing-mini\">Brj\u00f3stahaldaraframlengingin er notu\u00f0 til a\u00f0 auka st\u00e6r\u00f0arsvi\u00f0i\u00f0 fyrir \u00f3hentuga brj\u00f3stahaldara sem er of \u00fe\u00e9tt. \u00dea\u00f0 er f\u00e6ranlegt og stillanlegt.<\/h3>\n<p class=\"a-spacing-base\">Efnishlutinn er \u00far p\u00f3l\u00fdester efni me\u00f0 flaueli, mj\u00fakur og \u00fe\u00e6gilegur. Skildu eftir engin spor, engin kl\u00edpa og engan kl\u00e1\u00f0a \u00e1 vi\u00f0kv\u00e6mu h\u00fa\u00f0inni \u00feinni. M\u00e1lmkr\u00f3karnir eru ger\u00f0ir \u00far ry\u00f0fr\u00edu st\u00e1li, sem myndi ekki hverfa e\u00f0a ry\u00f0ga.<\/p>\n<p class=\"a-spacing-base\">3 ra\u00f0ir me\u00f0 2 kr\u00f3kum me\u00f0 teygjubandi, hentar flestum.<\/p>\n<\/div>","protected":false},"excerpt":{"rendered":"<p>Zaoyi Custom Bra Extender Framlei\u00f0andi og birgir \u00ed K\u00edna<\/p>\n<p>- MOQ: 3000 stk<br \/>\n- OEM \/ ODM \u00fej\u00f3nusta \u00ed bo\u00f0i<br \/>\n- \u00d3keypis s\u00fdnishorn \u00ed bo\u00f0i<br \/>\n\u2013 Endurvinnsla brj\u00f3stahaldara<br \/>\n- 20-30 dagar tilb\u00fainn t\u00edmi fyrir s\u00e9rsni\u00f0na p\u00f6ntun<br \/>\n- Sam\u00feykkja a\u00f0l\u00f6gun (forskriftir, litur, h\u00f6nnun osfrv.)<\/p>\n<p>1)Braless \u00fatlit: N\u00e1\u00f0u brj\u00f3stalausa \u00fatlitinu \u00e1n \u00feess a\u00f0 f\u00f3rna \u00fe\u00e6gindum og stu\u00f0ningi.<br \/>\n2) Stillanlegt: Au\u00f0veldlega stilltu lengd brj\u00f3stahaldarabandsins til a\u00f0 passa l\u00edkama \u00feinn og n\u00e1 fullkominni passa.<br \/>\n3) \u00de\u00e6gilegt: Gert \u00far mj\u00faku og andar efni, sem veitir auka \u00fe\u00e6gindi og stu\u00f0ning fyrir brj\u00f3stahaldarann \u00feinn.<\/p>\n<p>Ef \u00fe\u00fa vilt f\u00e1 ver\u00f0 fyrir brj\u00f3stahaldaralengingar, vinsamlegast haf\u00f0u samband vi\u00f0 okkur.<\/p>","protected":false},"featured_media":2822,"comment_status":"open","ping_status":"closed","template":"","meta":[],"product_brand":[],"product_cat":[40,53],"product_tag":[],"class_list":{"0":"post-1926","1":"product","2":"type-product","3":"status-publish","4":"has-post-thumbnail","6":"product_cat-bra-extenders","7":"product_cat-bra-accessories","9":"first","10":"instock","11":"shipping-taxable","12":"product-type-simple"},"_links":{"self":[{"href":"https:\/\/zaoyigarment.com\/is\/wp-json\/wp\/v2\/product\/1926","targetHints":{"allow":["GET"]}}],"collection":[{"href":"https:\/\/zaoyigarment.com\/is\/wp-json\/wp\/v2\/product"}],"about":[{"href":"https:\/\/zaoyigarment.com\/is\/wp-json\/wp\/v2\/types\/product"}],"replies":[{"embeddable":true,"href":"https:\/\/zaoyigarment.com\/is\/wp-json\/wp\/v2\/comments?post=1926"}],"wp:featuredmedia":[{"embeddable":true,"href":"https:\/\/zaoyigarment.com\/is\/wp-json\/wp\/v2\/media\/2822"}],"wp:attachment":[{"href":"https:\/\/zaoyigarment.com\/is\/wp-json\/wp\/v2\/media?parent=1926"}],"wp:term":[{"taxonomy":"product_brand","embeddable":true,"href":"https:\/\/zaoyigarment.com\/is\/wp-json\/wp\/v2\/product_brand?post=1926"},{"taxonomy":"product_cat","embeddable":true,"href":"https:\/\/zaoyigarment.com\/is\/wp-json\/wp\/v2\/product_cat?post=1926"},{"taxonomy":"product_tag","embeddable":true,"href":"https:\/\/zaoyigarment.com\/is\/wp-json\/wp\/v2\/product_tag?post=1926"}],"curies":[{"name":"wp","href":"https:\/\/api.w.org\/{rel}","templated":true}]}}