 {"id":1919,"date":"2023-12-29T02:18:39","date_gmt":"2023-12-29T02:18:39","guid":{"rendered":"https:\/\/zaoyigarment.com\/?post_type=product&#038;p=1919"},"modified":"2025-10-20T02:31:14","modified_gmt":"2025-10-20T02:31:14","slug":"stick-on-bra-lifting-adhesive-sticky-bra","status":"publish","type":"product","link":"https:\/\/zaoyigarment.com\/is\/manufacturer\/stick-on-bra-lifting-adhesive-sticky-bra\/","title":{"rendered":"Stick On Bra Lifting Adhesive Sticky Bra"},"content":{"rendered":"<div data-zone-id=\"0\" data-line-index=\"0\" data-line=\"true\">\n<ul>\n<li><span class=\"a-list-item\"><strong>S<\/strong><\/span><strong>IZE:<\/strong> 6,5-12cm \u00feverm\u00e1l, s\u00e9rsni\u00f0in<\/li>\n<li><strong>LITUR:\u00a0<\/strong>Nakinn, e\u00f0a s\u00e9rsni\u00f0inn<\/li>\n<li><span class=\"a-list-item\"><strong>KOSTIR:<\/strong> Passa \u00e1n \u00feess a\u00f0 skilja eftir sig spor, svita\u00feol, bl\u00f3ma\/hringlaga l\u00f6gun, \u00f6ryggi.<\/span><\/li>\n<li><strong>NOTKUN A\u00d0FER\u00d0:<\/strong><\/li>\n<li>1. \u00devo\u00f0u brj\u00f3st og hendur me\u00f0 hreinu vatni fyrir notkun og haltu \u00feeim hreinum.<\/li>\n<li>2. R\u00edf\u00f0u hl\u00edf\u00f0arfilmuna af v\u00f6runni af me\u00f0 l\u00edmhli\u00f0ina upp og settu hana \u00ed l\u00f3fann<\/li>\n<li>3. Halla\u00f0u efri hluta l\u00edkamans fram, settu brj\u00f3stpl\u00e1sturinn varlega \u00e1 f\u00f3kussv\u00e6\u00f0i\u00f0 og sl\u00e9tta\u00f0u br\u00fanir brj\u00f3stpl\u00e1strsins me\u00f0 h\u00f6ndunum svo hann passi vel a\u00f0 h\u00fa\u00f0inni.<\/li>\n<li>4. Engin \u00feyngdar- e\u00f0a a\u00f0skotatilfinning, fullkomin s\u00fdning \u00e1 brj\u00f3stunum \u00fe\u00ednum, hentugur fyrir \u00fdmis t\u00e6kif\u00e6ri<\/li>\n<\/ul>\n<\/div>\n<ul class=\"a-unordered-list a-vertical a-spacing-mini\">\n<li><span class=\"a-list-item\"><strong>\u00devottaa\u00f0fer\u00f0:<\/strong><\/span><\/li>\n<li><span class=\"a-list-item\">1.Nota\u00f0u heitt vatn e\u00f0a hlutlaust sjamp\u00f3, upp\u00fevottas\u00e1pu til a\u00f0 vinna varlega \u00far fro\u00f0u og \u00fevo\u00f0u \u00ed hringlaga hreyfingum.<\/span><\/li>\n<li><span class=\"a-list-item\">2. Skoli\u00f0 me\u00f0 hreinu vatni. G\u00e6ttu \u00feess a\u00f0 nota ekki neglurnar til a\u00f0 for\u00f0ast mei\u00f0sli.<\/span><\/li>\n<li>3.Eftir hreinsun skaltu hanga til a\u00f0 \u00feorna og for\u00f0ast beint s\u00f3larlj\u00f3s.<\/li>\n<li>4.Eftir hreinsun og \u00feurrkun, festu hl\u00edf\u00f0arfilmuna. \u00d6nnur hli\u00f0 mun missa kl\u00edstur ef h\u00fan er bletu\u00f0 af ryki. Geymslusv\u00e6\u00f0i\u00f0 \u00e6tti a\u00f0 vera fjarri beinu s\u00f3larlj\u00f3si.<\/li>\n<li><strong>MIKILV\u00c6G R\u00c1\u00d0:<\/strong><br \/>\nHentar ekki ef \u00fe\u00fa ert me\u00f0 h\u00fa\u00f0vandam\u00e1l e\u00f0a \u00feegar h\u00fa\u00f0in er sl\u00f6su\u00f0, s\u00fdkt e\u00f0a s\u00f3lbrennd.<br \/>\nVinsamlegast ekki nota \u00feessa v\u00f6ru ef \u00fe\u00fa ert \u00feungu\u00f0 e\u00f0a me\u00f0 barn \u00e1 brj\u00f3sti, ef \u00fe\u00fa ert me\u00f0 ofn\u00e6mi fyrir s\u00edlikoni e\u00f0a ef \u00fe\u00fa hefur n\u00fdlega fari\u00f0 \u00ed brj\u00f3stast\u00e6kkun e\u00f0a brj\u00f3staminnkun.<br \/>\nEf einhver \u00f3e\u00f0lileg h\u00fa\u00f0 kemur fram \u00e1 me\u00f0an \u00fe\u00fa notar \u00feessa v\u00f6ru skaltu h\u00e6tta notkun tafarlaust og hafa tafarlaust samband vi\u00f0 h\u00fa\u00f0sj\u00fakd\u00f3mafr\u00e6\u00f0ing e\u00f0a h\u00fa\u00f0s\u00e9rfr\u00e6\u00f0ing.<\/li>\n<\/ul>","protected":false},"excerpt":{"rendered":"<p>Zaoyi Custom Stick On Bra Framlei\u00f0andi og birgir \u00ed K\u00edna<\/p>\n<p>- MOQ: 3000 stk<br \/>\n- OEM \/ ODM \u00fej\u00f3nusta \u00ed bo\u00f0i<br \/>\n- \u00d3keypis s\u00fdnishorn \u00ed bo\u00f0i<br \/>\n\u2013 Endurvinnsla brj\u00f3stahaldara<br \/>\n- 25-35 dagar tilb\u00fainn t\u00edmi fyrir s\u00e9rsni\u00f0na p\u00f6ntun<br \/>\n- Sam\u00feykkja a\u00f0l\u00f6gun (forskriftir, litur, h\u00f6nnun osfrv.)<\/p>\n<p>1) Bestu brj\u00f3stahaldaralausnir til a\u00f0 kl\u00e6\u00f0ast me\u00f0 br\u00fa\u00f0arkj\u00f3l, baklausum kj\u00f3l, sundf\u00f6tum, stuttermabol osfrv<br \/>\n2) \u00d3a\u00f0finnanlegur og \u00fer\u00e1\u00f0laus h\u00f6nnun fyrir frelsi<br \/>\n3) Sl\u00e9tt og l\u00e6knisfr\u00e6\u00f0ilegt efni<br \/>\n4) Getur gert s\u00e9rsni\u00f0i\u00f0 efni e\u00f0a mynstur \u00e1 brassi<br \/>\n5) L\u00edflegur h\u00fa\u00f0litur<br \/>\n6) DIY a\u00f0l\u00f6gun<\/p>\n<p>Ef \u00fe\u00fa vilt hafa ver\u00f0 \u00e1 brj\u00f3stahaldara, vinsamlegast haf\u00f0u samband vi\u00f0 okkur.<\/p>","protected":false},"featured_media":2816,"comment_status":"open","ping_status":"closed","template":"","meta":[],"product_brand":[],"product_cat":[36],"product_tag":[],"class_list":{"0":"post-1919","1":"product","2":"type-product","3":"status-publish","4":"has-post-thumbnail","6":"product_cat-sticky-bra","8":"first","9":"instock","10":"shipping-taxable","11":"product-type-simple"},"_links":{"self":[{"href":"https:\/\/zaoyigarment.com\/is\/wp-json\/wp\/v2\/product\/1919","targetHints":{"allow":["GET"]}}],"collection":[{"href":"https:\/\/zaoyigarment.com\/is\/wp-json\/wp\/v2\/product"}],"about":[{"href":"https:\/\/zaoyigarment.com\/is\/wp-json\/wp\/v2\/types\/product"}],"replies":[{"embeddable":true,"href":"https:\/\/zaoyigarment.com\/is\/wp-json\/wp\/v2\/comments?post=1919"}],"wp:featuredmedia":[{"embeddable":true,"href":"https:\/\/zaoyigarment.com\/is\/wp-json\/wp\/v2\/media\/2816"}],"wp:attachment":[{"href":"https:\/\/zaoyigarment.com\/is\/wp-json\/wp\/v2\/media?parent=1919"}],"wp:term":[{"taxonomy":"product_brand","embeddable":true,"href":"https:\/\/zaoyigarment.com\/is\/wp-json\/wp\/v2\/product_brand?post=1919"},{"taxonomy":"product_cat","embeddable":true,"href":"https:\/\/zaoyigarment.com\/is\/wp-json\/wp\/v2\/product_cat?post=1919"},{"taxonomy":"product_tag","embeddable":true,"href":"https:\/\/zaoyigarment.com\/is\/wp-json\/wp\/v2\/product_tag?post=1919"}],"curies":[{"name":"wp","href":"https:\/\/api.w.org\/{rel}","templated":true}]}}