 {"id":1402,"date":"2023-06-08T08:15:42","date_gmt":"2023-06-08T08:15:42","guid":{"rendered":"https:\/\/zaoyigarment.com\/?post_type=product&#038;p=1402"},"modified":"2026-05-05T12:20:31","modified_gmt":"2026-05-05T12:20:31","slug":"push-up-bras","status":"publish","type":"product","link":"https:\/\/zaoyigarment.com\/is\/manufacturer\/push-up-bras\/","title":{"rendered":"Push Up Bra | \u00d3larlaus Push Up Bras Butterfly Bra"},"content":{"rendered":"<ul class=\"a-unordered-list a-vertical a-spacing-mini\">\n<li><span class=\"a-list-item\"><strong>MAGN:<\/strong> 3000 stk fyrir s\u00e9rsni\u00f0na p\u00f6kkun og magnp\u00f6ntun<\/span><\/li>\n<li><span class=\"a-list-item\"><strong>EFNI:<\/strong> 80% nylon, 20% spandex<\/span><\/li>\n<li><span class=\"a-list-item\"><strong>KOSTIR:<\/strong> Umhverfis- og \u00f6ryggisgel, andar, frumu, k\u00fapt, \u00f6ryggi<\/span><\/li>\n<li><span class=\"a-list-item\"><strong>H\u00d6NNUN:<\/strong> Mismunandi h\u00f6nnunarm\u00f6guleikar, e\u00f0a geta s\u00e9rsni\u00f0i\u00f0<\/span><\/li>\n<li><span class=\"a-list-item\"><strong>M\u00c1L:<\/strong> A\/B\/C\/D\/E\/F\/H, s\u00e9rsni\u00f0in<\/span><\/li>\n<li><span class=\"a-list-item a-size-base a-color-base\"><strong>STERKUR stu\u00f0ningur og stillanlegur teiknistrengur:<\/strong> Fr\u00e1b\u00e6r stu\u00f0ningur er fullkominn til a\u00f0 lyfta brj\u00f3stunum. Me\u00f0 einu togi getur\u00f0u lyft bikarnum samstundis og haldi\u00f0 brj\u00f3stunum beinum. Seg\u00f0u bless vi\u00f0 vandr\u00e6\u00f0in vi\u00f0 a\u00f0 slappa brj\u00f3st, m\u00f3ta\u00f0u au\u00f0veldlega hinn fullkomna feril brj\u00f3stanna.<\/span><\/li>\n<li><span class=\"a-list-item a-size-base a-color-base\"><strong>H\u00da\u00d0V\u00cdNLEGT ANDAR D\u00daK OG GUMMI L\u00cdM:<\/strong>Efni\u00f0 er \u00far n\u00e1tt\u00farulegu \u00f3ofnu efni + l\u00e6knisk\u00edsill. N\u00e1tt\u00farulega tyggj\u00f3l\u00edmi\u00f0 er \u00feaki\u00f0 loftg\u00f6tum sem vi\u00f0halda fr\u00e1b\u00e6ru loftgegndr\u00e6pi \u00feegar \u00fe\u00fa notar \u00fea\u00f0.<\/span><\/li>\n<li><span class=\"a-list-item a-size-base a-color-base\"><strong>FR\u00c1B\u00c6R V\u00c6NGH\u00d6NNUN:<\/strong> H\u00f6nnun v\u00e6ngjalaga getur vefja\u00f0 brj\u00f3sth\u00fa\u00f0 betur, lengri vi\u00f0lo\u00f0un t\u00edma. Yfirbor\u00f0sefni brj\u00f3stahaldarans hefur svipa\u00f0a \u00e1fer\u00f0 og h\u00fa\u00f0arinnar sem getur fali\u00f0 ummerki brj\u00f3stahaldarans vel undir sterku lj\u00f3si. Eins og hann v\u00e6ri ekkert kl\u00e6ddur.<\/span><\/li>\n<li><span class=\"a-list-item a-size-base a-color-base\"><strong>\u00devottah\u00e6ft:<\/strong> L\u00edmandi brj\u00f3stahaldara eru sj\u00e1lfl\u00edmandi og haldast kl\u00edstru\u00f0 eftir a\u00f0 hafa veri\u00f0 \u00fevegin og loft\u00feurrku\u00f0. \u00dea\u00f0 er h\u00e6gt a\u00f0 nota \u00fea\u00f0 m\u00f6rgum sinnum.<\/span><\/li>\n<li><span class=\"a-list-item a-size-base a-color-base\"><strong>FYRIR M\u00d6RG TILEFNI:<\/strong> \u00d3larlaus brj\u00f3stahaldara fyrir hva\u00f0a kyn\u00feokkafulla st\u00edl sem er, baklausir halterabolir, dj\u00fapir V-h\u00e1lsjakkar, baklausir\/\u00f3larlausir kv\u00f6ldkj\u00f3lar, br\u00fa\u00f0arkj\u00f3lar, l\u00e1glitir kj\u00f3lar, kokteilkj\u00f3lar, veislukj\u00f3lar o.fl. Ekki hika vi\u00f0 a\u00f0 s\u00fdna kvenlegan sjarma \u00feinn.<\/span><\/li>\n<\/ul>\n<h2><\/h2>\n<h2>Br\u00fanast\u00e6r\u00f0artafla me\u00f0 myndum<\/h2>\n\t<div class=\"img has-hover x md-x lg-x y md-y lg-y\" id=\"image_477246102\">\n\t\t\t\t\t\t\t\t<div class=\"img-inner dark\" >\n\t\t\t<img loading=\"lazy\" decoding=\"async\" width=\"1020\" height=\"976\" src=\"https:\/\/zaoyigarment.com\/wp-content\/uploads\/2024\/01\/bra-size-calculator-1024x980.webp\" class=\"attachment-large size-large\" alt=\"reikniv\u00e9l fyrir brj\u00f3stahaldarast\u00e6r\u00f0\" srcset=\"https:\/\/zaoyigarment.com\/wp-content\/uploads\/2024\/01\/bra-size-calculator-1024x980.webp 1024w, https:\/\/zaoyigarment.com\/wp-content\/uploads\/2024\/01\/bra-size-calculator-300x287.webp 300w, https:\/\/zaoyigarment.com\/wp-content\/uploads\/2024\/01\/bra-size-calculator-768x735.webp 768w, https:\/\/zaoyigarment.com\/wp-content\/uploads\/2024\/01\/bra-size-calculator-1536x1471.webp 1536w, https:\/\/zaoyigarment.com\/wp-content\/uploads\/2024\/01\/bra-size-calculator-600x575.webp 600w, https:\/\/zaoyigarment.com\/wp-content\/uploads\/2024\/01\/bra-size-calculator.webp 2000w\" sizes=\"auto, (max-width: 1020px) 100vw, 1020px\" \/>\t\t\t\t\t\t\n\t\t\t\t\t<\/div>\n\t\t\t\t\t\t\t\t\n<style>\n#image_477246102 {\n  width: 100%;\n}\n<\/style>\n\t<\/div>","protected":false},"excerpt":{"rendered":"<p>Zaoyi s\u00e9rsni\u00f0in \u00f3larlaus Push Up brj\u00f3stahaldara framlei\u00f0andi og birgir \u00ed K\u00edna<\/p>\n<p>- MOQ: 3000 stk<br \/>\n- OEM \/ ODM \u00fej\u00f3nusta \u00ed bo\u00f0i<br \/>\n- \u00d3keypis s\u00fdnishorn \u00ed bo\u00f0i<br \/>\n\u2013 Endurvinnsla brj\u00f3stahaldara<br \/>\n- 25-35 dagar tilb\u00fainn t\u00edmi fyrir s\u00e9rsni\u00f0na p\u00f6ntun<br \/>\n- Sam\u00feykkja a\u00f0l\u00f6gun (forskriftir, litur, h\u00f6nnun osfrv.)<\/p>\n<p>1) Bestu brj\u00f3stahaldaralausnir til a\u00f0 kl\u00e6\u00f0ast me\u00f0 baklausum kj\u00f3l, br\u00fa\u00f0arkj\u00f3l, stuttermabol o.s.frv<br \/>\n2) \u00d3a\u00f0finnanlegur og \u00fer\u00e1\u00f0laus h\u00f6nnun fyrir frelsi<br \/>\n3) Sl\u00e9tt og vi\u00f0kv\u00e6mt nylon efni<br \/>\n4) Getur gert s\u00e9rsni\u00f0i\u00f0 efni e\u00f0a mynstur \u00e1 \u00fea\u00f0<br \/>\n5) L\u00edflegur litur, andst\u00e6\u00f0ingur-litun<br \/>\n6) DIY a\u00f0l\u00f6gun<\/p>\n<p>Ef \u00fe\u00fa vilt f\u00e1 \u00f3larlausa push up ver\u00f0 \u00e1 brj\u00f3stahaldara, vinsamlegast haf\u00f0u samband vi\u00f0 okkur.<\/p>","protected":false},"featured_media":2801,"comment_status":"open","ping_status":"closed","template":"","meta":[],"product_brand":[],"product_cat":[15],"product_tag":[],"class_list":{"0":"post-1402","1":"product","2":"type-product","3":"status-publish","4":"has-post-thumbnail","6":"product_cat-adhesive-bra","8":"first","9":"instock","10":"shipping-taxable","11":"product-type-simple"},"_links":{"self":[{"href":"https:\/\/zaoyigarment.com\/is\/wp-json\/wp\/v2\/product\/1402","targetHints":{"allow":["GET"]}}],"collection":[{"href":"https:\/\/zaoyigarment.com\/is\/wp-json\/wp\/v2\/product"}],"about":[{"href":"https:\/\/zaoyigarment.com\/is\/wp-json\/wp\/v2\/types\/product"}],"replies":[{"embeddable":true,"href":"https:\/\/zaoyigarment.com\/is\/wp-json\/wp\/v2\/comments?post=1402"}],"wp:featuredmedia":[{"embeddable":true,"href":"https:\/\/zaoyigarment.com\/is\/wp-json\/wp\/v2\/media\/2801"}],"wp:attachment":[{"href":"https:\/\/zaoyigarment.com\/is\/wp-json\/wp\/v2\/media?parent=1402"}],"wp:term":[{"taxonomy":"product_brand","embeddable":true,"href":"https:\/\/zaoyigarment.com\/is\/wp-json\/wp\/v2\/product_brand?post=1402"},{"taxonomy":"product_cat","embeddable":true,"href":"https:\/\/zaoyigarment.com\/is\/wp-json\/wp\/v2\/product_cat?post=1402"},{"taxonomy":"product_tag","embeddable":true,"href":"https:\/\/zaoyigarment.com\/is\/wp-json\/wp\/v2\/product_tag?post=1402"}],"curies":[{"name":"wp","href":"https:\/\/api.w.org\/{rel}","templated":true}]}}