 {"id":3122,"date":"2025-09-10T08:08:06","date_gmt":"2025-09-10T08:08:06","guid":{"rendered":"https:\/\/zaoyigarment.com\/?post_type=product&#038;p=3122"},"modified":"2026-03-01T23:58:12","modified_gmt":"2026-03-01T23:58:12","slug":"pastie-nipple-breast-cover","status":"publish","type":"product","link":"https:\/\/zaoyigarment.com\/fr\/manufacturer\/pastie-nipple-breast-cover\/","title":{"rendered":"Cache-t\u00e9ton adh\u00e9sif pour robe de soir\u00e9e, soutien-gorge invisible couleur chair"},"content":{"rendered":"<ul class=\"a-unordered-list a-vertical a-spacing-mini\">\n<li><span class=\"a-list-item\"><strong>\ud83c\udf6aNOM\u00a0:<\/strong> <a href=\"https:\/\/nipplecover.us\/product\/round-nonwoven-fabric-nipple-cover\/\" target=\"_blank\" rel=\"noopener\">cache-t\u00e9ton<\/a>, p\u00e9tales de sein, cache-mamelons, couvre-sein<\/span><\/li>\n<li><span class=\"a-list-item\"><strong>\ud83c\udf6aFORMES\u00a0:<\/strong>\u00a0 ovale, <a href=\"https:\/\/zaoyigarment.com\/fr\/manufacturer\/butterfly-nipple-cover-sticky-bra-adhesive-bra-breast-covers-sexy-outfit\/\">n&#039;importe quelle forme<\/a><\/span><\/li>\n<li><span class=\"a-list-item\"><strong>\ud83c\udf6aSANS FIL\u00a0:<\/strong> Oui<\/span><\/li>\n<li><span class=\"a-list-item\"><strong>\ud83c\udf6aCOULEUR DU PRODUIT\u00a0:<\/strong> chair, coco, marron, noir, personnalis\u00e9.<\/span><\/li>\n<li><span class=\"a-list-item\">\ud83c\udf6a<strong>TAILLES\u00a0:<\/strong> personnalis\u00e9<\/span><\/li>\n<li><span class=\"a-list-item\">\ud83c\udf6a<strong>APPLICATION:<\/strong> mariage, tenue sexy, f\u00eate, banquet, d\u00e9contract\u00e9, etc.<\/span><\/li>\n<li><span class=\"a-color-base\"><span class=\"a-color-base\"><span class=\"a-list-item\"><strong>\ud83c\udf6aTYPE DE MAT\u00c9RIEL\u00a0:\u00a0 <\/strong><span class=\"product-composition-detail__component ng-star-inserted\" data-testid=\"composition-detail-component\">100 % coton, MAT\u00c9RIAU SUPPL\u00c9MENTAIRE : 100 % gel.<\/span><\/span><\/span><\/span><\/li>\n<li><span class=\"a-color-base\"><span class=\"a-list-item\"><strong>\ud83c\udf6aINSTRUCTIONS D&#039;ENTRETIEN\u00a0: <\/strong>usage unique<\/span><\/span><\/li>\n<li><strong><span class=\"a-color-base\"><span class=\"a-list-item\">\ud83c\udf6a<\/span><\/span>CONSEILS IMPORTANTS\u00a0:<\/strong><br \/>\nNe convient pas si vous avez des probl\u00e8mes de peau ou si votre peau est bless\u00e9e, infect\u00e9e ou br\u00fbl\u00e9e par le soleil.<br \/>\nVeuillez ne pas utiliser ce produit si vous \u00eates enceinte ou si vous allaitez, si vous \u00eates allergique au gel de silice ou si vous avez r\u00e9cemment subi une op\u00e9ration d&#039;augmentation ou de r\u00e9duction mammaire.<br \/>\nSi des anomalies cutan\u00e9es surviennent lors de l&#039;utilisation de ce produit, arr\u00eatez imm\u00e9diatement de l&#039;utiliser et consultez imm\u00e9diatement votre dermatologue ou sp\u00e9cialiste de la peau.<\/li>\n<\/ul>\n<p>&nbsp;<\/p>\n\t<div class=\"img has-hover x md-x lg-x y md-y lg-y\" id=\"image_1958478108\">\n\t\t\t\t\t\t\t\t<div class=\"img-inner dark\" >\n\t\t\t<img loading=\"lazy\" decoding=\"async\" width=\"1020\" height=\"1020\" src=\"https:\/\/zaoyigarment.com\/wp-content\/uploads\/2025\/09\/Pastie-Nipple-Breast-Cover-for-Dress-Party-Skin-Bra-Sticky-Nips-8-1024x1024.jpg\" class=\"attachment-large size-large\" alt=\"Cache-mamelon et couvre-sein pour robe de soir\u00e9e, soutien-gorge adh\u00e9sif, cache-mamelons collants 8\" srcset=\"https:\/\/zaoyigarment.com\/wp-content\/uploads\/2025\/09\/Pastie-Nipple-Breast-Cover-for-Dress-Party-Skin-Bra-Sticky-Nips-8-1024x1024.jpg 1024w, https:\/\/zaoyigarment.com\/wp-content\/uploads\/2025\/09\/Pastie-Nipple-Breast-Cover-for-Dress-Party-Skin-Bra-Sticky-Nips-8-300x300.jpg 300w, https:\/\/zaoyigarment.com\/wp-content\/uploads\/2025\/09\/Pastie-Nipple-Breast-Cover-for-Dress-Party-Skin-Bra-Sticky-Nips-8-150x150.jpg 150w, https:\/\/zaoyigarment.com\/wp-content\/uploads\/2025\/09\/Pastie-Nipple-Breast-Cover-for-Dress-Party-Skin-Bra-Sticky-Nips-8-768x768.jpg 768w, https:\/\/zaoyigarment.com\/wp-content\/uploads\/2025\/09\/Pastie-Nipple-Breast-Cover-for-Dress-Party-Skin-Bra-Sticky-Nips-8-12x12.jpg 12w, https:\/\/zaoyigarment.com\/wp-content\/uploads\/2025\/09\/Pastie-Nipple-Breast-Cover-for-Dress-Party-Skin-Bra-Sticky-Nips-8-600x600.jpg 600w, https:\/\/zaoyigarment.com\/wp-content\/uploads\/2025\/09\/Pastie-Nipple-Breast-Cover-for-Dress-Party-Skin-Bra-Sticky-Nips-8-100x100.jpg 100w, https:\/\/zaoyigarment.com\/wp-content\/uploads\/2025\/09\/Pastie-Nipple-Breast-Cover-for-Dress-Party-Skin-Bra-Sticky-Nips-8.jpg 1500w\" sizes=\"auto, (max-width: 1020px) 100vw, 1020px\" \/>\t\t\t\t\t\t\n\t\t\t\t\t<\/div>\n\t\t\t\t\t\t\t\t\n<style>\n#image_1958478108 {\n  width: 100%;\n}\n<\/style>\n\t<\/div>\n\t\n\t<div class=\"img has-hover x md-x lg-x y md-y lg-y\" id=\"image_1578695473\">\n\t\t\t\t\t\t\t\t<div class=\"img-inner dark\" >\n\t\t\t<img loading=\"lazy\" decoding=\"async\" width=\"1020\" height=\"1020\" src=\"https:\/\/zaoyigarment.com\/wp-content\/uploads\/2025\/09\/Pastie-Nipple-Breast-Cover-for-Dress-Party-Skin-Bra-Sticky-Nips-3-1024x1024.jpg\" class=\"attachment-large size-large\" alt=\"Cache-mamelon et couvre-sein pour robe de soir\u00e9e, soutien-gorge adh\u00e9sif, cache-mamelons collants 3\" srcset=\"https:\/\/zaoyigarment.com\/wp-content\/uploads\/2025\/09\/Pastie-Nipple-Breast-Cover-for-Dress-Party-Skin-Bra-Sticky-Nips-3-1024x1024.jpg 1024w, https:\/\/zaoyigarment.com\/wp-content\/uploads\/2025\/09\/Pastie-Nipple-Breast-Cover-for-Dress-Party-Skin-Bra-Sticky-Nips-3-300x300.jpg 300w, https:\/\/zaoyigarment.com\/wp-content\/uploads\/2025\/09\/Pastie-Nipple-Breast-Cover-for-Dress-Party-Skin-Bra-Sticky-Nips-3-150x150.jpg 150w, https:\/\/zaoyigarment.com\/wp-content\/uploads\/2025\/09\/Pastie-Nipple-Breast-Cover-for-Dress-Party-Skin-Bra-Sticky-Nips-3-768x768.jpg 768w, https:\/\/zaoyigarment.com\/wp-content\/uploads\/2025\/09\/Pastie-Nipple-Breast-Cover-for-Dress-Party-Skin-Bra-Sticky-Nips-3-12x12.jpg 12w, https:\/\/zaoyigarment.com\/wp-content\/uploads\/2025\/09\/Pastie-Nipple-Breast-Cover-for-Dress-Party-Skin-Bra-Sticky-Nips-3-600x600.jpg 600w, https:\/\/zaoyigarment.com\/wp-content\/uploads\/2025\/09\/Pastie-Nipple-Breast-Cover-for-Dress-Party-Skin-Bra-Sticky-Nips-3-100x100.jpg 100w, https:\/\/zaoyigarment.com\/wp-content\/uploads\/2025\/09\/Pastie-Nipple-Breast-Cover-for-Dress-Party-Skin-Bra-Sticky-Nips-3.jpg 1500w\" sizes=\"auto, (max-width: 1020px) 100vw, 1020px\" \/>\t\t\t\t\t\t\n\t\t\t\t\t<\/div>\n\t\t\t\t\t\t\t\t\n<style>\n#image_1578695473 {\n  width: 100%;\n}\n<\/style>\n\t<\/div>\n\t\n\t<div class=\"img has-hover x md-x lg-x y md-y lg-y\" id=\"image_1265648532\">\n\t\t\t\t\t\t\t\t<div class=\"img-inner dark\" >\n\t\t\t<img loading=\"lazy\" decoding=\"async\" width=\"1020\" height=\"1020\" src=\"https:\/\/zaoyigarment.com\/wp-content\/uploads\/2025\/09\/Pastie-Nipple-Breast-Cover-for-Dress-Party-Skin-Bra-Sticky-Nips-2-1024x1024.jpg\" class=\"attachment-large size-large\" alt=\"Cache-mamelon et couvre-sein pour robe de soir\u00e9e, soutien-gorge adh\u00e9sif, cache-mamelons collants 2\" srcset=\"https:\/\/zaoyigarment.com\/wp-content\/uploads\/2025\/09\/Pastie-Nipple-Breast-Cover-for-Dress-Party-Skin-Bra-Sticky-Nips-2-1024x1024.jpg 1024w, https:\/\/zaoyigarment.com\/wp-content\/uploads\/2025\/09\/Pastie-Nipple-Breast-Cover-for-Dress-Party-Skin-Bra-Sticky-Nips-2-300x300.jpg 300w, https:\/\/zaoyigarment.com\/wp-content\/uploads\/2025\/09\/Pastie-Nipple-Breast-Cover-for-Dress-Party-Skin-Bra-Sticky-Nips-2-150x150.jpg 150w, https:\/\/zaoyigarment.com\/wp-content\/uploads\/2025\/09\/Pastie-Nipple-Breast-Cover-for-Dress-Party-Skin-Bra-Sticky-Nips-2-768x768.jpg 768w, https:\/\/zaoyigarment.com\/wp-content\/uploads\/2025\/09\/Pastie-Nipple-Breast-Cover-for-Dress-Party-Skin-Bra-Sticky-Nips-2-12x12.jpg 12w, https:\/\/zaoyigarment.com\/wp-content\/uploads\/2025\/09\/Pastie-Nipple-Breast-Cover-for-Dress-Party-Skin-Bra-Sticky-Nips-2-600x600.jpg 600w, https:\/\/zaoyigarment.com\/wp-content\/uploads\/2025\/09\/Pastie-Nipple-Breast-Cover-for-Dress-Party-Skin-Bra-Sticky-Nips-2-100x100.jpg 100w, https:\/\/zaoyigarment.com\/wp-content\/uploads\/2025\/09\/Pastie-Nipple-Breast-Cover-for-Dress-Party-Skin-Bra-Sticky-Nips-2.jpg 1500w\" sizes=\"auto, (max-width: 1020px) 100vw, 1020px\" \/>\t\t\t\t\t\t\n\t\t\t\t\t<\/div>\n\t\t\t\t\t\t\t\t\n<style>\n#image_1265648532 {\n  width: 100%;\n}\n<\/style>\n\t<\/div>","protected":false},"excerpt":{"rendered":"<p>Zaoyi Fabricant et fournisseur de cache-mamelons et couvre-seins personnalis\u00e9s en Chine<\/p>\n<p>\u2013 MOQ : 1000 pi\u00e8ces<br \/>\n\u2013 Service OEM\/ODM offert<br \/>\n\u2013 \u00c9chantillon gratuit disponible<br \/>\n\u2013 Recyclage des soutiens-gorge<br \/>\n\u2013 D\u00e9lai de pr\u00e9paration de 25 \u00e0 35 jours pour une commande personnalis\u00e9e<br \/>\n\u2013 Accepter la personnalisation (sp\u00e9cifications, couleur, design, etc.)<\/p>\n<p>1) Meilleures solutions de soutien-gorge \u00e0 porter avec des tenues sexy, des robes dos nu, des robes de mari\u00e9e, des t-shirts, etc.<br \/>\n2) Conception sans couture et de soutien pour le confort<br \/>\n3) Gel lisse et de qualit\u00e9 m\u00e9dicale<br \/>\n4) Peut cr\u00e9er un tissu ou un motif personnalis\u00e9 sur le cache-t\u00e9ton<br \/>\n5) Couleur vibrante, anti-d\u00e9coloration<br \/>\n6) personnalisation bricolage<\/p>\n<p>Si vous souhaitez obtenir les prix des cache-mamelons et couvre-seins, veuillez nous contacter. Merci.<\/p>","protected":false},"featured_media":3123,"comment_status":"open","ping_status":"closed","template":"","meta":[],"product_brand":[],"product_cat":[52],"product_tag":[],"class_list":{"0":"post-3122","1":"product","2":"type-product","3":"status-publish","4":"has-post-thumbnail","6":"product_cat-nipple-cover","8":"first","9":"instock","10":"shipping-taxable","11":"product-type-simple"},"_links":{"self":[{"href":"https:\/\/zaoyigarment.com\/fr\/wp-json\/wp\/v2\/product\/3122","targetHints":{"allow":["GET"]}}],"collection":[{"href":"https:\/\/zaoyigarment.com\/fr\/wp-json\/wp\/v2\/product"}],"about":[{"href":"https:\/\/zaoyigarment.com\/fr\/wp-json\/wp\/v2\/types\/product"}],"replies":[{"embeddable":true,"href":"https:\/\/zaoyigarment.com\/fr\/wp-json\/wp\/v2\/comments?post=3122"}],"wp:featuredmedia":[{"embeddable":true,"href":"https:\/\/zaoyigarment.com\/fr\/wp-json\/wp\/v2\/media\/3123"}],"wp:attachment":[{"href":"https:\/\/zaoyigarment.com\/fr\/wp-json\/wp\/v2\/media?parent=3122"}],"wp:term":[{"taxonomy":"product_brand","embeddable":true,"href":"https:\/\/zaoyigarment.com\/fr\/wp-json\/wp\/v2\/product_brand?post=3122"},{"taxonomy":"product_cat","embeddable":true,"href":"https:\/\/zaoyigarment.com\/fr\/wp-json\/wp\/v2\/product_cat?post=3122"},{"taxonomy":"product_tag","embeddable":true,"href":"https:\/\/zaoyigarment.com\/fr\/wp-json\/wp\/v2\/product_tag?post=3122"}],"curies":[{"name":"wp","href":"https:\/\/api.w.org\/{rel}","templated":true}]}}