 {"id":3052,"date":"2024-10-21T08:20:20","date_gmt":"2024-10-21T08:20:20","guid":{"rendered":"https:\/\/zaoyigarment.com\/?post_type=product&#038;p=3052"},"modified":"2025-09-23T00:33:15","modified_gmt":"2025-09-23T00:33:15","slug":"lace-body-tape","status":"publish","type":"product","link":"https:\/\/zaoyigarment.com\/fr\/manufacturer\/lace-body-tape\/","title":{"rendered":"Ruban en dentelle pour le corps, ruban en dentelle pour lifting des seins, ruban respirant pour la poitrine"},"content":{"rendered":"<div id=\"featurebullets_feature_div\" class=\"celwidget\" data-feature-name=\"featurebullets\" data-csa-c-type=\"widget\" data-csa-c-content-id=\"featurebullets\" data-csa-c-slot-id=\"featurebullets_feature_div\" data-csa-c-asin=\"B07DF32D6Q\" data-csa-c-is-in-initial-active-row=\"false\" data-csa-c-id=\"3j0pnl-7cjnp-9t8psx-tspeog\">\n<div id=\"feature-bullets\" class=\"a-section a-spacing-medium a-spacing-top-small\">\n<ul class=\"a-unordered-list a-vertical a-spacing-mini\">\n<li>\n<div data-zone-id=\"0\" data-line-index=\"0\" data-line=\"true\">\n<div data-zone-id=\"0\" data-line-index=\"0\" data-line=\"true\"><strong style=\"font-size: 14.4px;\">TAILLE DU RUBAN DE CORPS EN DENTELLE :<\/strong><span style=\"font-size: 14.4px;\"> La largeur standard est de 2,5 cm, 3,8 cm, 5 cm, 7,5 cm, 10 cm, la longueur peut \u00eatre choisie entre 3 m, 4 m, 5 m. La taille de la bo\u00eete de couleur int\u00e9rieure est de 7,5 x 6,5 x 7,5 cm, 11,5 x 8 x 8 cm. Toutes les tailles sont personnalis\u00e9es<\/span><\/div>\n<\/div>\n<\/li>\n<li><span class=\"a-list-item\"><strong>MAT\u00c9RIEL:<\/strong> Coton + spandex<\/span><\/li>\n<li><span class=\"a-list-item\"><strong>MAXIMISER LA PORTABILIT\u00c9\u00a0:<\/strong> Facilite le stockage, le transport<\/span><\/li>\n<li><span class=\"a-list-item\"><strong>DISPONIBLE EN VRAC\u00a0:<\/strong> Offert en bo\u00eetes de 1 000 unit\u00e9s \u00e0 des prix de gros abordables pour vous assurer de rester approvisionn\u00e9 et dans les limites de votre budget.<\/span><\/li>\n<li><span class=\"a-list-item\"><strong>PARFAIT POUR LES MARIAGES, LES \u00c9V\u00c9NEMENTS SP\u00c9CIAUX ET LES F\u00caTES AVEC TRAITEUR\u00a0:<\/strong> Apportez une confiance inoubliable lorsque vous \u00eates au mariage, au banquet et \u00e0 la f\u00eate avec ce ruban adh\u00e9sif unique<\/span><\/li>\n<li><strong>Conseils: <\/strong>N\u2019oubliez pas que ce produit a une emprise s\u00e9rieuse\u00a0!<br \/>\nCertaines femmes ont la peau fine autour de la clavicule ou de la partie sup\u00e9rieure de la poitrine. Ne portez pas le produit plus de 8 heures. Soyez tr\u00e8s prudent si vous choisissez d&#039;appliquer du ruban adh\u00e9sif sur ces zones.<br \/>\nN&#039;exposez pas le produit au soleil ou \u00e0 la chaleur pendant son utilisation. Cela peut provoquer une irritation cutan\u00e9e. Ne vous exposez pas au soleil avec le produit.<\/li>\n<li><strong>Avantages:<\/strong><\/li>\n<li>STRONG-HOLD \u2013 offre un excellent maintien, garantissant que l&#039;adh\u00e9sif reste en place m\u00eame pendant les journ\u00e9es d&#039;\u00e9t\u00e9 actives, r\u00e9sistant \u00e0 l&#039;eau et \u00e0 la transpiration. Son adh\u00e9sif acrylique adh\u00e8re doucement \u00e0 votre peau, offrant un maintien confortable et \u00e9liminant le besoin de bretelles qui pourraient ruiner votre tenue.<\/li>\n<li>POUR TOUTES LES TAILLES \u2013 convient aux tailles de bonnets A \u00e0 Z, ce qui vous permet de personnaliser la quantit\u00e9 n\u00e9cessaire en fonction de la taille et du poids de vos seins. Mesurez la zone d&#039;application, coupez pour l&#039;ajuster et appliquez le ruban adh\u00e9sif pour obtenir la forme et le volume souhait\u00e9s en fonction de votre style vestimentaire.<\/li>\n<li>ASPECT DISCRET \u2013 Avec sa couleur \u00ab Tan \u00bb et ses multiples possibilit\u00e9s d&#039;application, ce ruban de contour de la poitrine offre un aspect naturel et invisible. Appliquez le ruban pour obtenir l&#039;effet souhait\u00e9, qu&#039;il soit \u00ab lift\u00e9 \u00bb ou \u00ab naturel \u00bb, pour diverses tenues comme le dos nu, le bustier, la maille transparente, les robes de mari\u00e9e ou les t-shirts basiques.<\/li>\n<li><b>Veuillez noter:<\/b><br \/>\n<b>Comment \u00e9viter les allergies cutan\u00e9es et les probl\u00e8mes de d\u00e9chirure cutan\u00e9e ?<\/b><\/p>\n<ul>\n<li>Effectuer un test cutan\u00e9 simple<\/li>\n<li>Ne laissez pas le ruban adh\u00e9sif rester sur votre peau pendant plus de 12 heures<\/li>\n<li>Ne convient pas aux femmes enceintes, allaitantes ou aux personnes ayant la peau sensible\/d\u00e9licate<\/li>\n<li>N&#039;oubliez pas d&#039;utiliser de l&#039;eau ti\u00e8de ou de l&#039;huile essentielle pour retirer lentement et doucement le ruban de poitrine, ce qui aide \u00e0 pr\u00e9venir les d\u00e9chirures cutan\u00e9es. L&#039;arracher trop rapidement pourrait provoquer des blessures. Vous pouvez \u00e9galement prendre un bain chaud pour l&#039;arracher<\/li>\n<\/ul>\n<p><b>Comment faire un test cutan\u00e9 facile pour savoir si votre peau est sensible ou non\u00a0?<\/b><\/p>\n<ol>\n<li>Vous pouvez couper une petite bande de ruban adh\u00e9sif et la coller \u00e0 l\u2019int\u00e9rieur de votre bras, puis l\u2019arracher au bout de 6 heures.<\/li>\n<li>Observez votre peau.<\/li>\n<li>Si vous ressentez une r\u00e9action ind\u00e9sirable apr\u00e8s le test (telle qu&#039;une rougeur, une br\u00fblure ou un inconfort), veuillez cesser d&#039;utiliser ce ruban imm\u00e9diatement.<\/li>\n<\/ol>\n<\/li>\n<\/ul>\n<\/div>\n<\/div>\n\t<div class=\"img has-hover x md-x lg-x y md-y lg-y\" id=\"image_729252717\">\n\t\t\t\t\t\t\t\t<div class=\"img-inner dark\" >\n\t\t\t<img loading=\"lazy\" decoding=\"async\" width=\"1020\" height=\"1020\" src=\"https:\/\/zaoyigarment.com\/wp-content\/uploads\/2024\/10\/lace-body-tape-1024x1024.webp\" class=\"attachment-large size-large\" alt=\"ruban adh\u00e9sif en dentelle pour le corps\" srcset=\"https:\/\/zaoyigarment.com\/wp-content\/uploads\/2024\/10\/lace-body-tape-1024x1024.webp 1024w, https:\/\/zaoyigarment.com\/wp-content\/uploads\/2024\/10\/lace-body-tape-300x300.webp 300w, https:\/\/zaoyigarment.com\/wp-content\/uploads\/2024\/10\/lace-body-tape-150x150.webp 150w, https:\/\/zaoyigarment.com\/wp-content\/uploads\/2024\/10\/lace-body-tape-768x768.webp 768w, https:\/\/zaoyigarment.com\/wp-content\/uploads\/2024\/10\/lace-body-tape-1536x1536.webp 1536w, https:\/\/zaoyigarment.com\/wp-content\/uploads\/2024\/10\/lace-body-tape-2048x2048.webp 2048w, https:\/\/zaoyigarment.com\/wp-content\/uploads\/2024\/10\/lace-body-tape-12x12.webp 12w, https:\/\/zaoyigarment.com\/wp-content\/uploads\/2024\/10\/lace-body-tape-600x600.webp 600w, https:\/\/zaoyigarment.com\/wp-content\/uploads\/2024\/10\/lace-body-tape-100x100.webp 100w\" sizes=\"auto, (max-width: 1020px) 100vw, 1020px\" \/>\t\t\t\t\t\t\n\t\t\t\t\t<\/div>\n\t\t\t\t\t\t\t\t\n<style>\n#image_729252717 {\n  width: 100%;\n}\n<\/style>\n\t<\/div>\n\t\n\t<div class=\"img has-hover x md-x lg-x y md-y lg-y\" id=\"image_44700299\">\n\t\t\t\t\t\t\t\t<div class=\"img-inner dark\" >\n\t\t\t<img loading=\"lazy\" decoding=\"async\" width=\"1020\" height=\"1020\" src=\"https:\/\/zaoyigarment.com\/wp-content\/uploads\/2024\/10\/how-to-use-bra-tape-1024x1024.webp\" class=\"attachment-large size-large\" alt=\"comment utiliser le ruban de soutien-gorge\" srcset=\"https:\/\/zaoyigarment.com\/wp-content\/uploads\/2024\/10\/how-to-use-bra-tape-1024x1024.webp 1024w, https:\/\/zaoyigarment.com\/wp-content\/uploads\/2024\/10\/how-to-use-bra-tape-300x300.webp 300w, https:\/\/zaoyigarment.com\/wp-content\/uploads\/2024\/10\/how-to-use-bra-tape-150x150.webp 150w, https:\/\/zaoyigarment.com\/wp-content\/uploads\/2024\/10\/how-to-use-bra-tape-768x768.webp 768w, https:\/\/zaoyigarment.com\/wp-content\/uploads\/2024\/10\/how-to-use-bra-tape-12x12.webp 12w, https:\/\/zaoyigarment.com\/wp-content\/uploads\/2024\/10\/how-to-use-bra-tape-600x600.webp 600w, https:\/\/zaoyigarment.com\/wp-content\/uploads\/2024\/10\/how-to-use-bra-tape-100x100.webp 100w, https:\/\/zaoyigarment.com\/wp-content\/uploads\/2024\/10\/how-to-use-bra-tape.webp 1500w\" sizes=\"auto, (max-width: 1020px) 100vw, 1020px\" \/>\t\t\t\t\t\t\n\t\t\t\t\t<\/div>\n\t\t\t\t\t\t\t\t\n<style>\n#image_44700299 {\n  width: 100%;\n}\n<\/style>\n\t<\/div>","protected":false},"excerpt":{"rendered":"<p>Fabricant et fournisseur de rubans adh\u00e9sifs en dentelle personnalis\u00e9s Zaoyi en Chine<\/p>\n<p>\u2013 MOQ\u00a0: 3000\u00a0pi\u00e8ces<br \/>\n\u2013 Service OEM\/ODM offert<br \/>\n\u2013 \u00c9chantillon gratuit disponible<br \/>\n\u2013 Accepter la personnalisation (sp\u00e9cifications, couleur, design, etc.)<\/p>\n<p>Si vous souhaitez obtenir les prix du ruban adh\u00e9sif en dentelle pour le corps, veuillez nous contacter.<\/p>","protected":false},"featured_media":3057,"comment_status":"open","ping_status":"closed","template":"","meta":[],"product_brand":[],"product_cat":[38],"product_tag":[],"class_list":{"0":"post-3052","1":"product","2":"type-product","3":"status-publish","4":"has-post-thumbnail","6":"product_cat-bra-tape","8":"first","9":"instock","10":"shipping-taxable","11":"product-type-simple"},"_links":{"self":[{"href":"https:\/\/zaoyigarment.com\/fr\/wp-json\/wp\/v2\/product\/3052","targetHints":{"allow":["GET"]}}],"collection":[{"href":"https:\/\/zaoyigarment.com\/fr\/wp-json\/wp\/v2\/product"}],"about":[{"href":"https:\/\/zaoyigarment.com\/fr\/wp-json\/wp\/v2\/types\/product"}],"replies":[{"embeddable":true,"href":"https:\/\/zaoyigarment.com\/fr\/wp-json\/wp\/v2\/comments?post=3052"}],"wp:featuredmedia":[{"embeddable":true,"href":"https:\/\/zaoyigarment.com\/fr\/wp-json\/wp\/v2\/media\/3057"}],"wp:attachment":[{"href":"https:\/\/zaoyigarment.com\/fr\/wp-json\/wp\/v2\/media?parent=3052"}],"wp:term":[{"taxonomy":"product_brand","embeddable":true,"href":"https:\/\/zaoyigarment.com\/fr\/wp-json\/wp\/v2\/product_brand?post=3052"},{"taxonomy":"product_cat","embeddable":true,"href":"https:\/\/zaoyigarment.com\/fr\/wp-json\/wp\/v2\/product_cat?post=3052"},{"taxonomy":"product_tag","embeddable":true,"href":"https:\/\/zaoyigarment.com\/fr\/wp-json\/wp\/v2\/product_tag?post=3052"}],"curies":[{"name":"wp","href":"https:\/\/api.w.org\/{rel}","templated":true}]}}