 {"id":2982,"date":"2024-10-15T09:21:32","date_gmt":"2024-10-15T09:21:32","guid":{"rendered":"https:\/\/zaoyigarment.com\/?post_type=product&#038;p=2982"},"modified":"2025-09-23T00:32:16","modified_gmt":"2025-09-23T00:32:16","slug":"best-nipple-cover","status":"publish","type":"product","link":"https:\/\/zaoyigarment.com\/fr\/manufacturer\/best-nipple-cover\/","title":{"rendered":"Meilleur couvre-t\u00e9tons Couvre-t\u00e9tons sexy Ruban de couverture de mamelon pour femmes et hommes"},"content":{"rendered":"<ul class=\"a-unordered-list a-vertical a-spacing-mini\">\n<li><span class=\"a-list-item\"><strong>\ud83c\udf6aNOM\u00a0:<\/strong> cache-t\u00e9tons, p\u00e9tales de poitrine, cache-t\u00e9tons<\/span><\/li>\n<li><span class=\"a-list-item\"><strong>\ud83c\udf6aFORMES\u00a0:<\/strong> <a href=\"https:\/\/zaoyigarment.com\/fr\/manufacturer\/sexy-bra-breast-boob-covers-colorful-fun-nipple-covers\/\">n&#039;importe quelle forme<\/a><\/span><\/li>\n<li><span class=\"a-list-item\"><strong>\ud83c\udf6aSANS FIL\u00a0:<\/strong> Oui<\/span><\/li>\n<li><span class=\"a-list-item\"><strong>\ud83c\udf6aCOULEUR DU PRODUIT\u00a0:<\/strong> nude, coco, marron, customis\u00e9.<\/span><\/li>\n<li><span class=\"a-list-item\">\ud83c\udf6a<strong>TAILLES\u00a0:<\/strong> personnalis\u00e9<\/span><\/li>\n<li><span class=\"a-list-item\">\ud83c\udf6a<strong>APPLICATION:<\/strong> mariage, tenue sexy, f\u00eate, banquet, d\u00e9contract\u00e9, etc.<\/span><\/li>\n<li><span class=\"a-color-base\"><span class=\"a-color-base\"><span class=\"a-list-item\"><strong>\ud83c\udf6aTYPE DE MAT\u00c9RIEL\u00a0:\u00a0 <\/strong><span class=\"product-composition-detail__component ng-star-inserted\" data-testid=\"composition-detail-component\">Polyester 100%, MAT\u00c9RIAU SUPPL\u00c9MENTAIRE 49% : Silicone 100%<\/span><\/span><\/span><\/span><\/li>\n<li><span class=\"a-color-base\"><span class=\"a-list-item\"><strong>\ud83c\udf6aINSTRUCTIONS D&#039;ENTRETIEN\u00a0: <\/strong>usage unique<\/span><\/span><\/li>\n<li><strong><span class=\"a-color-base\"><span class=\"a-list-item\">\ud83c\udf6a<\/span><\/span>CONSEILS IMPORTANTS\u00a0:<\/strong><br \/>\nNe convient pas si vous avez des probl\u00e8mes de peau ou si votre peau est bless\u00e9e, infect\u00e9e ou br\u00fbl\u00e9e par le soleil.<br \/>\nVeuillez ne pas utiliser ce produit si vous \u00eates enceinte ou si vous allaitez, si vous \u00eates allergique au gel de silice ou si vous avez r\u00e9cemment subi une op\u00e9ration d&#039;augmentation ou de r\u00e9duction mammaire.<br \/>\nSi des anomalies cutan\u00e9es surviennent lors de l&#039;utilisation de ce produit, arr\u00eatez imm\u00e9diatement de l&#039;utiliser et consultez imm\u00e9diatement votre dermatologue ou sp\u00e9cialiste de la peau.<\/li>\n<\/ul>\n<h2><\/h2>\n<h2>Tableau des tailles de soutien-gorge avec images<\/h2>\n\t<div class=\"img has-hover x md-x lg-x y md-y lg-y\" id=\"image_589578368\">\n\t\t\t\t\t\t\t\t<div class=\"img-inner dark\" >\n\t\t\t<img loading=\"lazy\" decoding=\"async\" width=\"1020\" height=\"1020\" src=\"https:\/\/zaoyigarment.com\/wp-content\/uploads\/2024\/10\/nipple-covers-1024x1024.webp\" class=\"attachment-large size-large\" alt=\"couvre-t\u00e9tons\" srcset=\"https:\/\/zaoyigarment.com\/wp-content\/uploads\/2024\/10\/nipple-covers-1024x1024.webp 1024w, https:\/\/zaoyigarment.com\/wp-content\/uploads\/2024\/10\/nipple-covers-300x300.webp 300w, https:\/\/zaoyigarment.com\/wp-content\/uploads\/2024\/10\/nipple-covers-150x150.webp 150w, https:\/\/zaoyigarment.com\/wp-content\/uploads\/2024\/10\/nipple-covers-768x768.webp 768w, https:\/\/zaoyigarment.com\/wp-content\/uploads\/2024\/10\/nipple-covers-1536x1536.webp 1536w, https:\/\/zaoyigarment.com\/wp-content\/uploads\/2024\/10\/nipple-covers-2048x2048.webp 2048w, https:\/\/zaoyigarment.com\/wp-content\/uploads\/2024\/10\/nipple-covers-12x12.webp 12w, https:\/\/zaoyigarment.com\/wp-content\/uploads\/2024\/10\/nipple-covers-600x600.webp 600w, https:\/\/zaoyigarment.com\/wp-content\/uploads\/2024\/10\/nipple-covers-100x100.webp 100w\" sizes=\"auto, (max-width: 1020px) 100vw, 1020px\" \/>\t\t\t\t\t\t\n\t\t\t\t\t<\/div>\n\t\t\t\t\t\t\t\t\n<style>\n#image_589578368 {\n  width: 100%;\n}\n<\/style>\n\t<\/div>\n\t\n\t<div class=\"img has-hover x md-x lg-x y md-y lg-y\" id=\"image_664416970\">\n\t\t\t\t\t\t\t\t<div class=\"img-inner dark\" >\n\t\t\t<img loading=\"lazy\" decoding=\"async\" width=\"1020\" height=\"1020\" src=\"https:\/\/zaoyigarment.com\/wp-content\/uploads\/2024\/10\/wholesale-nipple-covers-1024x1024.webp\" class=\"attachment-large size-large\" alt=\"couvre-t\u00e9tons en gros\" srcset=\"https:\/\/zaoyigarment.com\/wp-content\/uploads\/2024\/10\/wholesale-nipple-covers-1024x1024.webp 1024w, https:\/\/zaoyigarment.com\/wp-content\/uploads\/2024\/10\/wholesale-nipple-covers-300x300.webp 300w, https:\/\/zaoyigarment.com\/wp-content\/uploads\/2024\/10\/wholesale-nipple-covers-150x150.webp 150w, https:\/\/zaoyigarment.com\/wp-content\/uploads\/2024\/10\/wholesale-nipple-covers-768x768.webp 768w, https:\/\/zaoyigarment.com\/wp-content\/uploads\/2024\/10\/wholesale-nipple-covers-1536x1536.webp 1536w, https:\/\/zaoyigarment.com\/wp-content\/uploads\/2024\/10\/wholesale-nipple-covers-2048x2048.webp 2048w, https:\/\/zaoyigarment.com\/wp-content\/uploads\/2024\/10\/wholesale-nipple-covers-12x12.webp 12w, https:\/\/zaoyigarment.com\/wp-content\/uploads\/2024\/10\/wholesale-nipple-covers-600x600.webp 600w, https:\/\/zaoyigarment.com\/wp-content\/uploads\/2024\/10\/wholesale-nipple-covers-100x100.webp 100w\" sizes=\"auto, (max-width: 1020px) 100vw, 1020px\" \/>\t\t\t\t\t\t\n\t\t\t\t\t<\/div>\n\t\t\t\t\t\t\t\t\n<style>\n#image_664416970 {\n  width: 100%;\n}\n<\/style>\n\t<\/div>","protected":false},"excerpt":{"rendered":"<p>Zaoyi Custom Best Nipple Cover Fabricant et fournisseur en Chine<\/p>\n<p>\u2013 MOQ\u00a0: 3000\u00a0pi\u00e8ces<br \/>\n\u2013 Service OEM\/ODM offert<br \/>\n\u2013 \u00c9chantillon gratuit disponible<br \/>\n\u2013 Recyclage des soutiens-gorge<br \/>\n\u2013 D\u00e9lai de pr\u00e9paration de 25 \u00e0 35 jours pour une commande personnalis\u00e9e<br \/>\n\u2013 Accepter la personnalisation (sp\u00e9cifications, couleur, design, etc.)<\/p>\n<p>1) Meilleures solutions de soutien-gorge \u00e0 porter avec des tenues sexy, des robes dos nu, des robes de mari\u00e9e, des t-shirts, etc.<br \/>\n2) Conception sans couture et de soutien pour le confort<br \/>\n3) Gel lisse et de qualit\u00e9 m\u00e9dicale<br \/>\n4) Peut cr\u00e9er un tissu ou un motif personnalis\u00e9 sur le cache-t\u00e9ton<br \/>\n5) Couleur vibrante, anti-d\u00e9coloration<br \/>\n6) personnalisation bricolage<\/p>\n<p>Si vous souhaitez obtenir les meilleurs prix pour les cache-t\u00e9tons, veuillez nous contacter. Merci.<\/p>","protected":false},"featured_media":2984,"comment_status":"open","ping_status":"closed","template":"","meta":[],"product_brand":[],"product_cat":[52],"product_tag":[],"class_list":{"0":"post-2982","1":"product","2":"type-product","3":"status-publish","4":"has-post-thumbnail","6":"product_cat-nipple-cover","8":"first","9":"instock","10":"shipping-taxable","11":"product-type-simple"},"_links":{"self":[{"href":"https:\/\/zaoyigarment.com\/fr\/wp-json\/wp\/v2\/product\/2982","targetHints":{"allow":["GET"]}}],"collection":[{"href":"https:\/\/zaoyigarment.com\/fr\/wp-json\/wp\/v2\/product"}],"about":[{"href":"https:\/\/zaoyigarment.com\/fr\/wp-json\/wp\/v2\/types\/product"}],"replies":[{"embeddable":true,"href":"https:\/\/zaoyigarment.com\/fr\/wp-json\/wp\/v2\/comments?post=2982"}],"wp:featuredmedia":[{"embeddable":true,"href":"https:\/\/zaoyigarment.com\/fr\/wp-json\/wp\/v2\/media\/2984"}],"wp:attachment":[{"href":"https:\/\/zaoyigarment.com\/fr\/wp-json\/wp\/v2\/media?parent=2982"}],"wp:term":[{"taxonomy":"product_brand","embeddable":true,"href":"https:\/\/zaoyigarment.com\/fr\/wp-json\/wp\/v2\/product_brand?post=2982"},{"taxonomy":"product_cat","embeddable":true,"href":"https:\/\/zaoyigarment.com\/fr\/wp-json\/wp\/v2\/product_cat?post=2982"},{"taxonomy":"product_tag","embeddable":true,"href":"https:\/\/zaoyigarment.com\/fr\/wp-json\/wp\/v2\/product_tag?post=2982"}],"curies":[{"name":"wp","href":"https:\/\/api.w.org\/{rel}","templated":true}]}}