 {"id":2693,"date":"2024-08-16T02:21:54","date_gmt":"2024-08-16T02:21:54","guid":{"rendered":"https:\/\/zaoyigarment.com\/?post_type=product&#038;p=2693"},"modified":"2026-02-26T03:03:43","modified_gmt":"2026-02-26T03:03:43","slug":"double-side-sticky-bra-inserts-self-pads-for-small-chest-women-silicone-push-up-pad","status":"publish","type":"product","link":"https:\/\/zaoyigarment.com\/fr\/manufacturer\/double-side-sticky-bra-inserts-self-pads-for-small-chest-women-silicone-push-up-pad\/","title":{"rendered":"Coussinets auto-adh\u00e9sifs pour soutien-gorge double face pour femmes \u00e0 petite poitrine Coussinets push-up en silicone"},"content":{"rendered":"<div id=\"text-2464145182\" class=\"text\">\n\t\t\n<div class=\"_1-Caexem\" tabindex=\"0\" role=\"button\" aria-label=\"$Facile \u00e0 utiliser : attachez simplement l&#039;extension de soutien-gorge aux crochets de votre soutien-gorge pour une extension instantan\u00e9e.\">\n<ul>\n<li class=\"_1-Caexem\" tabindex=\"0\" role=\"button\" aria-label=\"$Rallonges de soutien-gorge pratiques : lot de 3 rallonges de soutien-gorge avec mat\u00e9riau \u00e9lastique, ce qui facilite l&#039;ajustement de la taille de la bande de votre soutien-gorge pour un ajustement confortable.\"><strong>Coussinets de soutien-gorge pratiques\u00a0:<\/strong> Obtenez un magnifique d\u00e9collet\u00e9 avec un d\u00e9collet\u00e9 d&#039;apparence naturelle tout en b\u00e9n\u00e9ficiant d&#039;un magnifique effet push-up.<\/li>\n<li class=\"_1-Caexem\" tabindex=\"0\" role=\"button\" aria-label=\"$Rallonges de soutien-gorge pratiques : lot de 3 rallonges de soutien-gorge avec mat\u00e9riau \u00e9lastique, ce qui facilite l&#039;ajustement de la taille de la bande de votre soutien-gorge pour un ajustement confortable.\"><strong>Parfait pour un look sans soutien-gorge\u00a0: <\/strong><span class=\"a-list-item a-size-base a-color-base\">Boostez vos soutiens-gorge, bikinis et maillots de bain avec ces coussinets en silicone confortables.<\/span><\/li>\n<li class=\"_1-Caexem\" tabindex=\"0\" role=\"button\" aria-label=\"$Rallonges de soutien-gorge pratiques : lot de 3 rallonges de soutien-gorge avec mat\u00e9riau \u00e9lastique, ce qui facilite l&#039;ajustement de la taille de la bande de votre soutien-gorge pour un ajustement confortable.\"><strong>Confortable et doux :<\/strong> Fabriqu\u00e9s avec des mat\u00e9riaux doux et confortables, ces inserts de soutien-gorge n&#039;irriteront pas votre peau et ne causeront aucun inconfort.<\/li>\n<li><strong>Facile \u00e0 utiliser:<\/strong> \u00c0 placer \u00e0 l&#039;int\u00e9rieur du bonnet du soutien-gorge ou \u00e0 glisser dans la poche du coussinet du soutien-gorge. Peut \u00e9galement \u00eatre \u00e9pingl\u00e9 \u00e0 un soutien-gorge ou \u00e0 un haut de bain pour plus de s\u00e9curit\u00e9 (par exemple pendant la natation).<\/li>\n<li>\n<div class=\"a-fixed-left-grid-col a-col-left\"><strong><span class=\"a-color-base\">Conseils d&#039;entretien : <\/span><\/strong><span style=\"font-size: 14.4px;\">Laver \u00e0 la main en plongeant dans un \u00e9vier\/une baignoire d\u2019eau ti\u00e8de et quelques gouttes de d\u00e9tergent. Pressez doucement l\u2019eau savonneuse. Rincer abondamment. Faire s\u00e9cher \u00e0 plat.<\/span><\/div>\n<\/li>\n<\/ul>\n<h2><span id=\"types-of-bra-inserts\" class=\"mj-toc-section\">Types d&#039;inserts de soutien-gorge<\/span><\/h2>\n<p>Voici quelques types d\u2019inserts de soutien-gorge disponibles.<\/p>\n<ul>\n<li>Rehausseurs de poitrine<\/li>\n<li>Inserts push-up<\/li>\n<li>Coussinets imperm\u00e9ables<\/li>\n<li>Inserts post-mastectomie<\/li>\n<li>Fa\u00e7onneurs<\/li>\n<li>Coussinets en mousse<\/li>\n<\/ul>\n<h2><\/h2>\n<\/div>\n\t\t\n<style>\n#text-2464145182 {\n  line-height: 1.7;\n}\n<\/style>\n\t<\/div>","protected":false},"excerpt":{"rendered":"<p>Fabricant et fournisseur d&#039;inserts de soutien-gorge adh\u00e9sifs personnalis\u00e9s Zaoyi en Chine<\/p>\n<p>\u2013 MOQ\u00a0: 3000\u00a0pi\u00e8ces<br \/>\n\u2013 Service OEM\/ODM offert<br \/>\n\u2013 \u00c9chantillon gratuit disponible<br \/>\n\u2013 Recyclage des soutiens-gorge<br \/>\n\u2013 D\u00e9lai de pr\u00e9paration de 20 \u00e0 30 jours pour une commande personnalis\u00e9e<br \/>\n\u2013 Accepter la personnalisation (sp\u00e9cifications, couleur, design, etc.)<\/p>\n<p>1) Look sans soutien-gorge : obtenez un look sans soutien-gorge sans sacrifier le confort et le soutien.<br \/>\n2) r\u00e9glable : ajustez facilement la hauteur de votre soutien-gorge pour l&#039;adapter \u00e0 la forme de votre corps et obtenir un ajustement parfait.<br \/>\n3)Confortable : Fabriqu\u00e9 en mat\u00e9riau doux et naturel, offrant un confort et un soutien suppl\u00e9mentaires pour votre soutien-gorge.<\/p>\n<p>Si vous souhaitez obtenir les prix des inserts de soutien-gorge collants, veuillez nous contacter.<\/p>","protected":false},"featured_media":2700,"comment_status":"open","ping_status":"closed","template":"","meta":[],"product_brand":[],"product_cat":[42],"product_tag":[],"class_list":{"0":"post-2693","1":"product","2":"type-product","3":"status-publish","4":"has-post-thumbnail","6":"product_cat-bra-inserts","8":"first","9":"instock","10":"shipping-taxable","11":"product-type-simple"},"_links":{"self":[{"href":"https:\/\/zaoyigarment.com\/fr\/wp-json\/wp\/v2\/product\/2693","targetHints":{"allow":["GET"]}}],"collection":[{"href":"https:\/\/zaoyigarment.com\/fr\/wp-json\/wp\/v2\/product"}],"about":[{"href":"https:\/\/zaoyigarment.com\/fr\/wp-json\/wp\/v2\/types\/product"}],"replies":[{"embeddable":true,"href":"https:\/\/zaoyigarment.com\/fr\/wp-json\/wp\/v2\/comments?post=2693"}],"wp:featuredmedia":[{"embeddable":true,"href":"https:\/\/zaoyigarment.com\/fr\/wp-json\/wp\/v2\/media\/2700"}],"wp:attachment":[{"href":"https:\/\/zaoyigarment.com\/fr\/wp-json\/wp\/v2\/media?parent=2693"}],"wp:term":[{"taxonomy":"product_brand","embeddable":true,"href":"https:\/\/zaoyigarment.com\/fr\/wp-json\/wp\/v2\/product_brand?post=2693"},{"taxonomy":"product_cat","embeddable":true,"href":"https:\/\/zaoyigarment.com\/fr\/wp-json\/wp\/v2\/product_cat?post=2693"},{"taxonomy":"product_tag","embeddable":true,"href":"https:\/\/zaoyigarment.com\/fr\/wp-json\/wp\/v2\/product_tag?post=2693"}],"curies":[{"name":"wp","href":"https:\/\/api.w.org\/{rel}","templated":true}]}}