 {"id":2661,"date":"2024-08-09T08:22:47","date_gmt":"2024-08-09T08:22:47","guid":{"rendered":"https:\/\/zaoyigarment.com\/?post_type=product&#038;p=2661"},"modified":"2026-04-17T01:03:03","modified_gmt":"2026-04-17T01:03:03","slug":"silicone-nipple-covers","status":"publish","type":"product","link":"https:\/\/zaoyigarment.com\/fr\/manufacturer\/silicone-nipple-covers\/","title":{"rendered":"Cache-t\u00e9tons en silicone mat pour tous types de peau Nippies Skin Adhesive Nipples Covers"},"content":{"rendered":"<ul class=\"a-unordered-list a-vertical a-spacing-mini\">\n<li><span class=\"a-list-item\"><strong>\ud83c\udf6aNOM\u00a0:<\/strong> cache-t\u00e9tons en silicone, p\u00e9tales de poitrine, cache-t\u00e9tons<\/span><\/li>\n<li><span class=\"a-list-item\"><strong>\ud83c\udf6aFORMES\u00a0:<\/strong> <a href=\"https:\/\/zaoyigarment.com\/fr\/manufacturer\/sexy-bra-breast-boob-covers-colorful-fun-nipple-covers\/\">n&#039;importe quelle forme<\/a><\/span><\/li>\n<li><span class=\"a-list-item\"><strong>\ud83c\udf6aSANS FIL\u00a0:<\/strong> Oui<\/span><\/li>\n<li><span class=\"a-list-item\"><strong>\ud83c\udf6aCOULEUR DU PRODUIT\u00a0:<\/strong> nude, coco, latte, personnalis\u00e9.<\/span><\/li>\n<li><span class=\"a-list-item\">\ud83c\udf6a<strong>TAILLES\u00a0:<\/strong> 8 cm, personnalis\u00e9<\/span><\/li>\n<li><span class=\"a-list-item\">\ud83c\udf6a<strong>APPLICATION:<\/strong> mariage, tenue sexy, f\u00eate, banquet, d\u00e9contract\u00e9, etc.<\/span><\/li>\n<li><span class=\"a-color-base\"><span class=\"a-list-item\"><strong>\ud83c\udf6aTYPE DE MAT\u00c9RIEL\u00a0: <\/strong>silicone<\/span><\/span><\/li>\n<li><span class=\"a-color-base\"><span class=\"a-list-item\"><strong>\ud83c\udf6aINSTRUCTIONS D&#039;ENTRETIEN\u00a0: <\/strong>r\u00e9utilisable<\/span><\/span><\/li>\n<li><strong><span class=\"a-color-base\"><span class=\"a-list-item\">\ud83c\udf6a<\/span><\/span>CONSEILS IMPORTANTS\u00a0:<\/strong><br \/>\nNe convient pas si vous avez des probl\u00e8mes de peau ou si votre peau est bless\u00e9e, infect\u00e9e ou br\u00fbl\u00e9e par le soleil.<br \/>\nVeuillez ne pas utiliser ce produit si vous \u00eates enceinte ou si vous allaitez, si vous \u00eates allergique au gel de silice ou si vous avez r\u00e9cemment subi une op\u00e9ration d&#039;augmentation ou de r\u00e9duction mammaire.<br \/>\nSi des anomalies cutan\u00e9es surviennent lors de l&#039;utilisation de ce produit, arr\u00eatez imm\u00e9diatement de l&#039;utiliser et consultez imm\u00e9diatement votre dermatologue ou sp\u00e9cialiste de la peau.<\/li>\n<\/ul>\n<h2><\/h2>\n<h2>Tableau des tailles de soutien-gorge avec images<\/h2>\n\t<div class=\"img has-hover x md-x lg-x y md-y lg-y\" id=\"image_668340089\">\n\t\t\t\t\t\t\t\t<div class=\"img-inner dark\" >\n\t\t\t<img loading=\"lazy\" decoding=\"async\" width=\"1000\" height=\"1000\" src=\"https:\/\/zaoyigarment.com\/wp-content\/uploads\/2024\/08\/invisible-nipple-cover.webp\" class=\"attachment-large size-large\" alt=\"cache-t\u00e9tons invisible\" srcset=\"https:\/\/zaoyigarment.com\/wp-content\/uploads\/2024\/08\/invisible-nipple-cover.webp 1000w, https:\/\/zaoyigarment.com\/wp-content\/uploads\/2024\/08\/invisible-nipple-cover-300x300.webp 300w, https:\/\/zaoyigarment.com\/wp-content\/uploads\/2024\/08\/invisible-nipple-cover-150x150.webp 150w, https:\/\/zaoyigarment.com\/wp-content\/uploads\/2024\/08\/invisible-nipple-cover-768x768.webp 768w, https:\/\/zaoyigarment.com\/wp-content\/uploads\/2024\/08\/invisible-nipple-cover-12x12.webp 12w, https:\/\/zaoyigarment.com\/wp-content\/uploads\/2024\/08\/invisible-nipple-cover-600x600.webp 600w, https:\/\/zaoyigarment.com\/wp-content\/uploads\/2024\/08\/invisible-nipple-cover-100x100.webp 100w\" sizes=\"auto, (max-width: 1000px) 100vw, 1000px\" \/>\t\t\t\t\t\t\n\t\t\t\t\t<\/div>\n\t\t\t\t\t\t\t\t\n<style>\n#image_668340089 {\n  width: 100%;\n}\n<\/style>\n\t<\/div>\n\t\n\t<div class=\"img has-hover x md-x lg-x y md-y lg-y\" id=\"image_437489586\">\n\t\t\t\t\t\t\t\t<div class=\"img-inner dark\" >\n\t\t\t<img loading=\"lazy\" decoding=\"async\" width=\"1000\" height=\"1000\" src=\"https:\/\/zaoyigarment.com\/wp-content\/uploads\/2024\/08\/nipple-pasties.webp\" class=\"attachment-large size-large\" alt=\"cache-t\u00e9tons\" srcset=\"https:\/\/zaoyigarment.com\/wp-content\/uploads\/2024\/08\/nipple-pasties.webp 1000w, https:\/\/zaoyigarment.com\/wp-content\/uploads\/2024\/08\/nipple-pasties-300x300.webp 300w, https:\/\/zaoyigarment.com\/wp-content\/uploads\/2024\/08\/nipple-pasties-150x150.webp 150w, https:\/\/zaoyigarment.com\/wp-content\/uploads\/2024\/08\/nipple-pasties-768x768.webp 768w, https:\/\/zaoyigarment.com\/wp-content\/uploads\/2024\/08\/nipple-pasties-12x12.webp 12w, https:\/\/zaoyigarment.com\/wp-content\/uploads\/2024\/08\/nipple-pasties-600x600.webp 600w, https:\/\/zaoyigarment.com\/wp-content\/uploads\/2024\/08\/nipple-pasties-100x100.webp 100w\" sizes=\"auto, (max-width: 1000px) 100vw, 1000px\" \/>\t\t\t\t\t\t\n\t\t\t\t\t<\/div>\n\t\t\t\t\t\t\t\t\n<style>\n#image_437489586 {\n  width: 100%;\n}\n<\/style>\n\t<\/div>","protected":false},"excerpt":{"rendered":"<p>Fabricant et fournisseur de cache-t\u00e9tons en silicone personnalis\u00e9s Zaoyi en Chine<\/p>\n<p>\u2013 MOQ\u00a0: 3000\u00a0pi\u00e8ces<br \/>\n\u2013 Service OEM\/ODM offert<br \/>\n\u2013 \u00c9chantillon gratuit disponible<br \/>\n\u2013 Recyclage des soutiens-gorge<br \/>\n\u2013 D\u00e9lai de pr\u00e9paration de 25 \u00e0 35 jours pour une commande personnalis\u00e9e<br \/>\n\u2013 Accepter la personnalisation (sp\u00e9cifications, couleur, design, etc.)<\/p>\n<p>1) Meilleures solutions de soutien-gorge \u00e0 porter avec des tenues sexy, des robes dos nu, des robes de mari\u00e9e, des t-shirts, etc.<br \/>\n2) Conception sans couture et de soutien pour le confort<br \/>\n3) Gel lisse et de qualit\u00e9 m\u00e9dicale<br \/>\n4) Peut cr\u00e9er un tissu ou un motif personnalis\u00e9 sur le cache-t\u00e9ton<br \/>\n5) Couleur vibrante, anti-d\u00e9coloration<br \/>\n6) personnalisation bricolage<\/p>\n<p>Si vous souhaitez obtenir les prix des couvre-t\u00e9tons en silicone, veuillez nous contacter.<\/p>","protected":false},"featured_media":2669,"comment_status":"open","ping_status":"closed","template":"","meta":[],"product_brand":[],"product_cat":[52],"product_tag":[],"class_list":{"0":"post-2661","1":"product","2":"type-product","3":"status-publish","4":"has-post-thumbnail","6":"product_cat-nipple-cover","8":"first","9":"instock","10":"shipping-taxable","11":"product-type-simple"},"_links":{"self":[{"href":"https:\/\/zaoyigarment.com\/fr\/wp-json\/wp\/v2\/product\/2661","targetHints":{"allow":["GET"]}}],"collection":[{"href":"https:\/\/zaoyigarment.com\/fr\/wp-json\/wp\/v2\/product"}],"about":[{"href":"https:\/\/zaoyigarment.com\/fr\/wp-json\/wp\/v2\/types\/product"}],"replies":[{"embeddable":true,"href":"https:\/\/zaoyigarment.com\/fr\/wp-json\/wp\/v2\/comments?post=2661"}],"wp:featuredmedia":[{"embeddable":true,"href":"https:\/\/zaoyigarment.com\/fr\/wp-json\/wp\/v2\/media\/2669"}],"wp:attachment":[{"href":"https:\/\/zaoyigarment.com\/fr\/wp-json\/wp\/v2\/media?parent=2661"}],"wp:term":[{"taxonomy":"product_brand","embeddable":true,"href":"https:\/\/zaoyigarment.com\/fr\/wp-json\/wp\/v2\/product_brand?post=2661"},{"taxonomy":"product_cat","embeddable":true,"href":"https:\/\/zaoyigarment.com\/fr\/wp-json\/wp\/v2\/product_cat?post=2661"},{"taxonomy":"product_tag","embeddable":true,"href":"https:\/\/zaoyigarment.com\/fr\/wp-json\/wp\/v2\/product_tag?post=2661"}],"curies":[{"name":"wp","href":"https:\/\/api.w.org\/{rel}","templated":true}]}}