 {"id":2651,"date":"2024-08-09T06:13:58","date_gmt":"2024-08-09T06:13:58","guid":{"rendered":"https:\/\/zaoyigarment.com\/?post_type=product&#038;p=2651"},"modified":"2025-10-17T02:56:29","modified_gmt":"2025-10-17T02:56:29","slug":"bra-laundry-bag","status":"publish","type":"product","link":"https:\/\/zaoyigarment.com\/fr\/manufacturer\/bra-laundry-bag\/","title":{"rendered":"Sac \u00e0 linge pour soutien-gorge Sacs de lavage pour soutien-gorge 3 tailles pour ensembles de lingerie d\u00e9licats"},"content":{"rendered":"<ul class=\"a-unordered-list a-vertical a-spacing-mini\">\n<li><span class=\"a-list-item\"><strong>\ud83c\udf6aNOM\u00a0:<\/strong> sac \u00e0 linge pour soutien-gorge, sac de lavage pour soutien-gorge, sac \u00e0 linge<\/span><\/li>\n<li><span class=\"a-list-item\"><strong>\ud83c\udf6aFORMES\u00a0:<\/strong> rectangle<\/span><\/li>\n<li><span class=\"a-list-item\"><strong>\ud83c\udf6aSANS FIL\u00a0:<\/strong> Oui<\/span><\/li>\n<li><span class=\"a-list-item\"><strong>\ud83c\udf6aCOULEUR DU PRODUIT\u00a0:<\/strong> blanc, noir, personnalis\u00e9.<\/span><\/li>\n<li><span class=\"a-list-item\">\ud83c\udf6a<strong>TAILLES\u00a0:<\/strong> personnalis\u00e9<\/span><\/li>\n<li><span class=\"a-list-item\">\ud83c\udf6a<strong>APPLICATION:<\/strong> bretelles de soutien-gorge anti-glissement<\/span><\/li>\n<li><span class=\"a-color-base\"><span class=\"a-list-item\"><strong>\ud83c\udf6aTYPE DE MAT\u00c9RIEL\u00a0: <\/strong>polyester<\/span><\/span><\/li>\n<li><span class=\"a-color-base\"><span class=\"a-list-item\"><strong>\ud83c\udf6aINSTRUCTIONS D&#039;ENTRETIEN\u00a0: <\/strong>r\u00e9utilisable<\/span><\/span><\/li>\n<li><strong><span class=\"a-color-base\"><span class=\"a-list-item\">\ud83c\udf6a<\/span><\/span>CONSEILS IMPORTANTS\u00a0:<\/strong><br \/>\nLavage en machine, maximum<\/li>\n<li>Temp\u00e9rature 140 \u00b0F<\/li>\n<li>S\u00e9chage en machine \u00e0 moins de 140 \u00b0F<\/li>\n<li>Pas de blanchiment<\/li>\n<li>Pas de nettoyage \u00e0 sec<\/li>\n<li>Pas de repassage<\/li>\n<\/ul>\n<h2><\/h2>\n<h2><\/h2>\n\t<div class=\"img has-hover x md-x lg-x y md-y lg-y\" id=\"image_1399955020\">\n\t\t\t\t\t\t\t\t<div class=\"img-inner dark\" >\n\t\t\t<img loading=\"lazy\" decoding=\"async\" width=\"1000\" height=\"1000\" src=\"https:\/\/zaoyigarment.com\/wp-content\/uploads\/2024\/08\/laundry-bag-specifics.webp\" class=\"attachment-large size-large\" alt=\"sp\u00e9cificit\u00e9s du sac \u00e0 linge\" srcset=\"https:\/\/zaoyigarment.com\/wp-content\/uploads\/2024\/08\/laundry-bag-specifics.webp 1000w, https:\/\/zaoyigarment.com\/wp-content\/uploads\/2024\/08\/laundry-bag-specifics-300x300.webp 300w, https:\/\/zaoyigarment.com\/wp-content\/uploads\/2024\/08\/laundry-bag-specifics-150x150.webp 150w, https:\/\/zaoyigarment.com\/wp-content\/uploads\/2024\/08\/laundry-bag-specifics-768x768.webp 768w, https:\/\/zaoyigarment.com\/wp-content\/uploads\/2024\/08\/laundry-bag-specifics-12x12.webp 12w, https:\/\/zaoyigarment.com\/wp-content\/uploads\/2024\/08\/laundry-bag-specifics-600x600.webp 600w, https:\/\/zaoyigarment.com\/wp-content\/uploads\/2024\/08\/laundry-bag-specifics-100x100.webp 100w\" sizes=\"auto, (max-width: 1000px) 100vw, 1000px\" \/>\t\t\t\t\t\t\n\t\t\t\t\t<\/div>\n\t\t\t\t\t\t\t\t\n<style>\n#image_1399955020 {\n  width: 100%;\n}\n<\/style>\n\t<\/div>\n\t\n\t<div class=\"img has-hover x md-x lg-x y md-y lg-y\" id=\"image_1272075235\">\n\t\t\t\t\t\t\t\t<div class=\"img-inner dark\" >\n\t\t\t<img loading=\"lazy\" decoding=\"async\" width=\"1000\" height=\"1000\" src=\"https:\/\/zaoyigarment.com\/wp-content\/uploads\/2024\/08\/bra-wash-bag-specifics.webp\" class=\"attachment-large size-large\" alt=\"sp\u00e9cificit\u00e9s du sac de lavage pour soutien-gorge\" srcset=\"https:\/\/zaoyigarment.com\/wp-content\/uploads\/2024\/08\/bra-wash-bag-specifics.webp 1000w, https:\/\/zaoyigarment.com\/wp-content\/uploads\/2024\/08\/bra-wash-bag-specifics-300x300.webp 300w, https:\/\/zaoyigarment.com\/wp-content\/uploads\/2024\/08\/bra-wash-bag-specifics-150x150.webp 150w, https:\/\/zaoyigarment.com\/wp-content\/uploads\/2024\/08\/bra-wash-bag-specifics-768x768.webp 768w, https:\/\/zaoyigarment.com\/wp-content\/uploads\/2024\/08\/bra-wash-bag-specifics-12x12.webp 12w, https:\/\/zaoyigarment.com\/wp-content\/uploads\/2024\/08\/bra-wash-bag-specifics-600x600.webp 600w, https:\/\/zaoyigarment.com\/wp-content\/uploads\/2024\/08\/bra-wash-bag-specifics-100x100.webp 100w\" sizes=\"auto, (max-width: 1000px) 100vw, 1000px\" \/>\t\t\t\t\t\t\n\t\t\t\t\t<\/div>\n\t\t\t\t\t\t\t\t\n<style>\n#image_1272075235 {\n  width: 100%;\n}\n<\/style>\n\t<\/div>","protected":false},"excerpt":{"rendered":"<p>Fabricant et fournisseur de sacs \u00e0 linge personnalis\u00e9s pour soutien-gorge Zaoyi en Chine<\/p>\n<p>\u2013 MOQ\u00a0: 3000\u00a0pi\u00e8ces<br \/>\n\u2013 Service OEM\/ODM offert<br \/>\n\u2013 \u00c9chantillon gratuit disponible<br \/>\n\u2013 Choix des mat\u00e9riaux de recyclage<br \/>\n\u2013 D\u00e9lai de pr\u00e9paration de 25 \u00e0 35 jours pour une commande personnalis\u00e9e<br \/>\n\u2013 Accepter la personnalisation (sp\u00e9cifications, couleur, design, etc.)<\/p>\n<p>1) Les meilleures solutions de lavage de soutien-gorge<br \/>\n2) Aucun agent fluorescent ajout\u00e9<br \/>\n3) Maillage de 2,5 fois le ticker<br \/>\n4) Perm\u00e9able<br \/>\n5) Bord de verrouillage super renforc\u00e9<\/p>\n<p>Si vous souhaitez conna\u00eetre les prix des sacs \u00e0 linge pour soutien-gorge, veuillez nous contacter.<\/p>","protected":false},"featured_media":2653,"comment_status":"open","ping_status":"closed","template":"","meta":[],"product_brand":[],"product_cat":[53],"product_tag":[],"class_list":{"0":"post-2651","1":"product","2":"type-product","3":"status-publish","4":"has-post-thumbnail","6":"product_cat-bra-accessories","8":"first","9":"instock","10":"shipping-taxable","11":"product-type-simple"},"_links":{"self":[{"href":"https:\/\/zaoyigarment.com\/fr\/wp-json\/wp\/v2\/product\/2651","targetHints":{"allow":["GET"]}}],"collection":[{"href":"https:\/\/zaoyigarment.com\/fr\/wp-json\/wp\/v2\/product"}],"about":[{"href":"https:\/\/zaoyigarment.com\/fr\/wp-json\/wp\/v2\/types\/product"}],"replies":[{"embeddable":true,"href":"https:\/\/zaoyigarment.com\/fr\/wp-json\/wp\/v2\/comments?post=2651"}],"wp:featuredmedia":[{"embeddable":true,"href":"https:\/\/zaoyigarment.com\/fr\/wp-json\/wp\/v2\/media\/2653"}],"wp:attachment":[{"href":"https:\/\/zaoyigarment.com\/fr\/wp-json\/wp\/v2\/media?parent=2651"}],"wp:term":[{"taxonomy":"product_brand","embeddable":true,"href":"https:\/\/zaoyigarment.com\/fr\/wp-json\/wp\/v2\/product_brand?post=2651"},{"taxonomy":"product_cat","embeddable":true,"href":"https:\/\/zaoyigarment.com\/fr\/wp-json\/wp\/v2\/product_cat?post=2651"},{"taxonomy":"product_tag","embeddable":true,"href":"https:\/\/zaoyigarment.com\/fr\/wp-json\/wp\/v2\/product_tag?post=2651"}],"curies":[{"name":"wp","href":"https:\/\/api.w.org\/{rel}","templated":true}]}}