 {"id":2625,"date":"2024-07-26T07:49:30","date_gmt":"2024-07-26T07:49:30","guid":{"rendered":"https:\/\/zaoyigarment.com\/?post_type=product&#038;p=2625"},"modified":"2026-04-15T12:32:15","modified_gmt":"2026-04-15T12:32:15","slug":"bra-strap-cushions","status":"publish","type":"product","link":"https:\/\/zaoyigarment.com\/fr\/manufacturer\/bra-strap-cushions\/","title":{"rendered":"Coussinets de bretelles de soutien-gorge r\u00e9glables Coussinets de bretelles de soutien-gorge en silicone pour lingerie et sous-v\u00eatements pour femmes"},"content":{"rendered":"<ul class=\"a-unordered-list a-vertical a-spacing-mini\">\n<li><span class=\"a-list-item\"><strong>\ud83c\udf6aNOM\u00a0:<\/strong> coussin de bretelles de soutien-gorge, coussins d&#039;\u00e9paule, coussinets de bretelles de soutien-gorge<\/span><\/li>\n<li><span class=\"a-list-item\"><strong>\ud83c\udf6aFORMES\u00a0:<\/strong> rectangle<\/span><\/li>\n<li><span class=\"a-list-item\"><strong>\ud83c\udf6aSANS FIL\u00a0:<\/strong> Oui<\/span><\/li>\n<li><span class=\"a-list-item\"><strong>\ud83c\udf6aCOULEUR DU PRODUIT\u00a0:<\/strong> nude, noir, transparent, personnalis\u00e9.<\/span><\/li>\n<li><span class=\"a-list-item\">\ud83c\udf6a<strong>TAILLES\u00a0:<\/strong> personnalis\u00e9<\/span><\/li>\n<li><span class=\"a-list-item\">\ud83c\udf6a<strong>APPLICATION:<\/strong> bretelles de soutien-gorge anti-glissement<\/span><\/li>\n<li><span class=\"a-color-base\"><span class=\"a-list-item\"><strong>\ud83c\udf6aTYPE DE MAT\u00c9RIEL\u00a0: <\/strong>silicone<\/span><\/span><\/li>\n<li><span class=\"a-color-base\"><span class=\"a-list-item\"><strong>\ud83c\udf6aINSTRUCTIONS D&#039;ENTRETIEN\u00a0: <\/strong>r\u00e9utilisable<\/span><\/span><\/li>\n<li><strong><span class=\"a-color-base\"><span class=\"a-list-item\">\ud83c\udf6a<\/span><\/span>CONSEILS IMPORTANTS\u00a0:<\/strong><br \/>\nNe convient pas si vous avez des probl\u00e8mes de peau ou si votre peau est bless\u00e9e, infect\u00e9e ou br\u00fbl\u00e9e par le soleil.<br \/>\nVeuillez ne pas utiliser ce produit si vous \u00eates enceinte ou si vous allaitez, si vous \u00eates allergique au gel de silice ou si vous avez r\u00e9cemment subi une op\u00e9ration d&#039;augmentation ou de r\u00e9duction mammaire.<br \/>\nSi des anomalies cutan\u00e9es surviennent lors de l&#039;utilisation de ce produit, arr\u00eatez imm\u00e9diatement de l&#039;utiliser et consultez imm\u00e9diatement votre dermatologue ou sp\u00e9cialiste de la peau.<\/li>\n<\/ul>\n<h2><\/h2>\n<h2><\/h2>\n\t<div class=\"img has-hover x md-x lg-x y md-y lg-y\" id=\"image_1660843836\">\n\t\t\t\t\t\t\t\t<div class=\"img-inner dark\" >\n\t\t\t<img loading=\"lazy\" decoding=\"async\" width=\"1000\" height=\"1000\" src=\"https:\/\/zaoyigarment.com\/wp-content\/uploads\/2024\/07\/Invisible-Silicone-Shoulder-Pads-1.webp\" class=\"attachment-large size-large\" alt=\"\u00c9paulettes invisibles en silicone\" srcset=\"https:\/\/zaoyigarment.com\/wp-content\/uploads\/2024\/07\/Invisible-Silicone-Shoulder-Pads-1.webp 1000w, https:\/\/zaoyigarment.com\/wp-content\/uploads\/2024\/07\/Invisible-Silicone-Shoulder-Pads-1-300x300.webp 300w, https:\/\/zaoyigarment.com\/wp-content\/uploads\/2024\/07\/Invisible-Silicone-Shoulder-Pads-1-150x150.webp 150w, https:\/\/zaoyigarment.com\/wp-content\/uploads\/2024\/07\/Invisible-Silicone-Shoulder-Pads-1-768x768.webp 768w, https:\/\/zaoyigarment.com\/wp-content\/uploads\/2024\/07\/Invisible-Silicone-Shoulder-Pads-1-12x12.webp 12w, https:\/\/zaoyigarment.com\/wp-content\/uploads\/2024\/07\/Invisible-Silicone-Shoulder-Pads-1-600x600.webp 600w, https:\/\/zaoyigarment.com\/wp-content\/uploads\/2024\/07\/Invisible-Silicone-Shoulder-Pads-1-100x100.webp 100w\" sizes=\"auto, (max-width: 1000px) 100vw, 1000px\" \/>\t\t\t\t\t\t\n\t\t\t\t\t<\/div>\n\t\t\t\t\t\t\t\t\n<style>\n#image_1660843836 {\n  width: 100%;\n}\n<\/style>\n\t<\/div>","protected":false},"excerpt":{"rendered":"<p>Fabricant et fournisseur de coussinets de soutien-gorge en silicone personnalis\u00e9s Zaoyi en Chine<\/p>\n<p>\u2013 MOQ\u00a0: 3000\u00a0pi\u00e8ces<br \/>\n\u2013 Service OEM\/ODM offert<br \/>\n\u2013 \u00c9chantillon gratuit disponible<br \/>\n\u2013 Recyclage des soutiens-gorge<br \/>\n\u2013 D\u00e9lai de pr\u00e9paration de 25 \u00e0 35 jours pour une commande personnalis\u00e9e<br \/>\n\u2013 Accepter la personnalisation (sp\u00e9cifications, couleur, design, etc.)<\/p>\n<p>1) Meilleures solutions de soutien-gorge pour \u00e9viter le glissement des bretelles du soutien-gorge<br \/>\n2) Conception sans couture et de soutien pour le confort<br \/>\n3) Gel lisse et de qualit\u00e9 m\u00e9dicale<br \/>\n4) Peut cr\u00e9er un tissu ou un motif personnalis\u00e9 sur le cache-t\u00e9ton<br \/>\n5) Couleur vibrante, anti-d\u00e9coloration<br \/>\n6) personnalisation bricolage<\/p>\n<p>Si vous souhaitez obtenir les prix des coussinets de bretelles de soutien-gorge en silicone, veuillez nous contacter.<\/p>","protected":false},"featured_media":2904,"comment_status":"open","ping_status":"closed","template":"","meta":[],"product_brand":[],"product_cat":[53],"product_tag":[],"class_list":{"0":"post-2625","1":"product","2":"type-product","3":"status-publish","4":"has-post-thumbnail","6":"product_cat-bra-accessories","8":"first","9":"instock","10":"shipping-taxable","11":"product-type-simple"},"_links":{"self":[{"href":"https:\/\/zaoyigarment.com\/fr\/wp-json\/wp\/v2\/product\/2625","targetHints":{"allow":["GET"]}}],"collection":[{"href":"https:\/\/zaoyigarment.com\/fr\/wp-json\/wp\/v2\/product"}],"about":[{"href":"https:\/\/zaoyigarment.com\/fr\/wp-json\/wp\/v2\/types\/product"}],"replies":[{"embeddable":true,"href":"https:\/\/zaoyigarment.com\/fr\/wp-json\/wp\/v2\/comments?post=2625"}],"wp:featuredmedia":[{"embeddable":true,"href":"https:\/\/zaoyigarment.com\/fr\/wp-json\/wp\/v2\/media\/2904"}],"wp:attachment":[{"href":"https:\/\/zaoyigarment.com\/fr\/wp-json\/wp\/v2\/media?parent=2625"}],"wp:term":[{"taxonomy":"product_brand","embeddable":true,"href":"https:\/\/zaoyigarment.com\/fr\/wp-json\/wp\/v2\/product_brand?post=2625"},{"taxonomy":"product_cat","embeddable":true,"href":"https:\/\/zaoyigarment.com\/fr\/wp-json\/wp\/v2\/product_cat?post=2625"},{"taxonomy":"product_tag","embeddable":true,"href":"https:\/\/zaoyigarment.com\/fr\/wp-json\/wp\/v2\/product_tag?post=2625"}],"curies":[{"name":"wp","href":"https:\/\/api.w.org\/{rel}","templated":true}]}}