 {"id":2243,"date":"2024-02-20T07:25:58","date_gmt":"2024-02-20T07:25:58","guid":{"rendered":"https:\/\/zaoyigarment.com\/?post_type=product&#038;p=2243"},"modified":"2026-05-15T23:59:10","modified_gmt":"2026-05-15T23:59:10","slug":"woman-deep-u-plunge-bra-convertible-push-up-bra","status":"publish","type":"product","link":"https:\/\/zaoyigarment.com\/fr\/manufacturer\/woman-deep-u-plunge-bra-convertible-push-up-bra\/","title":{"rendered":"Soutien-gorge plongeant profond en U pour femme, soutien-gorge push-up convertible"},"content":{"rendered":"<p><span class=\"a-list-item\"><strong>QUANTIT\u00c9:<\/strong> 3000 pi\u00e8ces pour un emballage personnalis\u00e9 et une commande en gros<\/span><\/p>\n<ul class=\"a-unordered-list a-vertical a-spacing-mini\">\n<li><span class=\"a-list-item\"><strong>MAT\u00c9RIEL:<\/strong> 80 % nylon, 20 % \u00e9lasthanne<\/span><\/li>\n<li><span class=\"a-list-item\"><strong>AVANTAGES:<\/strong> Gel environnement et s\u00e9curit\u00e9, respirant, cellulaire, convexe, s\u00e9curit\u00e9<\/span><\/li>\n<li><span class=\"a-list-item\"><strong>CONCEPTION:<\/strong> Diff\u00e9rentes options de conception, ou peuvent \u00eatre personnalis\u00e9es<\/span><\/li>\n<li><span class=\"a-list-item\"><strong>DIMENSIONS:<\/strong> A\/B\/C\/D\/E\/F\/H, personnalis\u00e9<\/span><\/li>\n<li><span class=\"a-list-item a-size-base a-color-base\"><strong>SUPPORT FORT ET CORDON DE TIRAGE R\u00c9GLABLE\u00a0:<\/strong> Petit ajustement pour une tasse. Avec son superbe design plongeant en U profond, nos soutiens-gorge sans bretelles pour femmes sont savamment confectionn\u00e9s pour accentuer votre poitrine et cr\u00e9er un d\u00e9collet\u00e9 parfait. Il rassemble habilement vos seins, r\u00e9sultant en une forme s\u00e9duisante et enchanteresse. Et que vous portiez une robe sans bretelles ou que vous cherchiez \u00e0 rehausser l&#039;allure de la courbe de votre poitrine, notre soutien-gorge dos nu est le choix ultime.<\/span><\/li>\n<li><span class=\"a-list-item a-size-base a-color-base\"><strong>TISSU RESPIRANT DOUX POUR LA PEAU ET ADH\u00c9SIF GOMME\u00a0:<\/strong>Le mat\u00e9riau est compos\u00e9 de tissu non tiss\u00e9 naturel + de silicone m\u00e9dical. L&#039;adh\u00e9sif en gomme naturelle est recouvert de trous d&#039;a\u00e9ration, qui maintiennent une excellente perm\u00e9abilit\u00e9 \u00e0 l&#039;air lorsque vous l&#039;utilisez.<\/span><\/li>\n<li><span class=\"a-list-item a-size-base a-color-base\"><strong>CONCEPTION D&#039;AILE EXQUISE\u00a0:<\/strong> Dot\u00e9 d&#039;ailes invisibles des deux c\u00f4t\u00e9s, offrant un soutien optimal de la poitrine et vous permettant de personnaliser le serrage \u00e0 votre guise. Vous pouvez afficher en toute confiance votre d\u00e9collet\u00e9 captivant avec notre soutien-gorge habill\u00e9 sans bretelles. Lorsque vous enfilez une robe dos nu, notre soutien-gorge invisible reste bien en place, vous offrant une double protection sans aucune g\u00eane. Les ailes adh\u00e9sives facilitent le port et le retrait sans effort, garantissant une exp\u00e9rience sans tracas.<\/span><\/li>\n<li><span class=\"a-list-item a-size-base a-color-base\"><strong>POUR DE NOMBREUSES OCCASIONS\u00a0:<\/strong> Soutien-gorge sans bretelles pour tout style sexy, hauts dos nu, costumes \u00e0 col en V profond, robes de soir\u00e9e dos nu\/sans bretelles, robes de mari\u00e9e, robes d\u00e9collet\u00e9es, robes de cocktail, robes de soir\u00e9e, etc. N&#039;h\u00e9sitez pas \u00e0 montrer votre charme f\u00e9minin.<\/span><\/li>\n<li><span class=\"a-list-item a-size-base a-color-base\">\u2764<strong>LAVABLE ET R\u00c9UTILISABLE\u00a0:<\/strong> Ce soutien-gorge sans bretelles peut \u00eatre utilis\u00e9 de nombreuses fois, conform\u00e9ment au th\u00e8me actuel de la protection de l&#039;environnement. Laver ce soutien-gorge collant avec du shampoing et de l&#039;eau, le garder au sec naturellement, conservera les gels adh\u00e9sifs pour votre prochaine utilisation.<\/span><\/li>\n<li>\n<figure id=\"attachment_2251\" aria-describedby=\"caption-attachment-2251\" style=\"width: 225px\" class=\"wp-caption alignleft\"><img loading=\"lazy\" decoding=\"async\" class=\"size-medium wp-image-2251\" src=\"https:\/\/zaoyigarment.com\/wp-content\/uploads\/2024\/02\/plunge-bra-225x300.webp\" alt=\"bien plonger\" width=\"225\" height=\"300\" srcset=\"https:\/\/zaoyigarment.com\/wp-content\/uploads\/2024\/02\/plunge-bra-225x300.webp 225w, https:\/\/zaoyigarment.com\/wp-content\/uploads\/2024\/02\/plunge-bra-600x800.webp 600w, https:\/\/zaoyigarment.com\/wp-content\/uploads\/2024\/02\/plunge-bra.webp 750w\" sizes=\"auto, (max-width: 225px) 100vw, 225px\" \/><figcaption id=\"caption-attachment-2251\" class=\"wp-caption-text\">bien plonger<\/figcaption><\/figure><\/li>\n<\/ul>\n<h2>Tableau des tailles de soutien-gorge avec images<\/h2>\n\t<div class=\"img has-hover x md-x lg-x y md-y lg-y\" id=\"image_547330146\">\n\t\t\t\t\t\t\t\t<div class=\"img-inner dark\" >\n\t\t\t<img loading=\"lazy\" decoding=\"async\" width=\"1020\" height=\"976\" src=\"https:\/\/zaoyigarment.com\/wp-content\/uploads\/2024\/01\/bra-size-calculator-1024x980.webp\" class=\"attachment-large size-large\" alt=\"calculateur de taille de soutien-gorge\" srcset=\"https:\/\/zaoyigarment.com\/wp-content\/uploads\/2024\/01\/bra-size-calculator-1024x980.webp 1024w, https:\/\/zaoyigarment.com\/wp-content\/uploads\/2024\/01\/bra-size-calculator-300x287.webp 300w, https:\/\/zaoyigarment.com\/wp-content\/uploads\/2024\/01\/bra-size-calculator-768x735.webp 768w, https:\/\/zaoyigarment.com\/wp-content\/uploads\/2024\/01\/bra-size-calculator-1536x1471.webp 1536w, https:\/\/zaoyigarment.com\/wp-content\/uploads\/2024\/01\/bra-size-calculator-600x575.webp 600w, https:\/\/zaoyigarment.com\/wp-content\/uploads\/2024\/01\/bra-size-calculator.webp 2000w\" sizes=\"auto, (max-width: 1020px) 100vw, 1020px\" \/>\t\t\t\t\t\t\n\t\t\t\t\t<\/div>\n\t\t\t\t\t\t\t\t\n<style>\n#image_547330146 {\n  width: 100%;\n}\n<\/style>\n\t<\/div>","protected":false},"excerpt":{"rendered":"<p>Zaoyi Custom U Plunge Push Up Bra Fabricant et fournisseur en Chine<\/p>\n<p>\u2013 MOQ\u00a0: 3000\u00a0pi\u00e8ces<br \/>\n\u2013 Service OEM\/ODM offert<br \/>\n\u2013 \u00c9chantillon gratuit disponible<br \/>\n\u2013 Recyclage des soutiens-gorge<br \/>\n\u2013 D\u00e9lai de pr\u00e9paration de 25 \u00e0 35 jours pour une commande personnalis\u00e9e<br \/>\n\u2013 Accepter la personnalisation (sp\u00e9cifications, couleur, design, etc.)<\/p>\n<p>1) Meilleures solutions de soutien-gorge \u00e0 porter avec une robe dos nu, une robe de mari\u00e9e, un t-shirt, etc.<br \/>\n2) Conception transparente et sans fil pour la libert\u00e9<br \/>\n3) tissu en nylon lisse et d\u00e9licat<br \/>\n4) Peut cr\u00e9er un tissu ou un motif personnalis\u00e9 dessus<br \/>\n5) Couleur vibrante, anti-d\u00e9coloration<br \/>\n6) personnalisation bricolage<\/p>\n<p>Si vous souhaitez conna\u00eetre les prix des soutiens-gorge push-up, veuillez nous contacter.<\/p>","protected":false},"featured_media":2853,"comment_status":"open","ping_status":"closed","template":"","meta":[],"product_brand":[],"product_cat":[15],"product_tag":[],"class_list":{"0":"post-2243","1":"product","2":"type-product","3":"status-publish","4":"has-post-thumbnail","6":"product_cat-adhesive-bra","8":"first","9":"instock","10":"shipping-taxable","11":"product-type-simple"},"_links":{"self":[{"href":"https:\/\/zaoyigarment.com\/fr\/wp-json\/wp\/v2\/product\/2243","targetHints":{"allow":["GET"]}}],"collection":[{"href":"https:\/\/zaoyigarment.com\/fr\/wp-json\/wp\/v2\/product"}],"about":[{"href":"https:\/\/zaoyigarment.com\/fr\/wp-json\/wp\/v2\/types\/product"}],"replies":[{"embeddable":true,"href":"https:\/\/zaoyigarment.com\/fr\/wp-json\/wp\/v2\/comments?post=2243"}],"wp:featuredmedia":[{"embeddable":true,"href":"https:\/\/zaoyigarment.com\/fr\/wp-json\/wp\/v2\/media\/2853"}],"wp:attachment":[{"href":"https:\/\/zaoyigarment.com\/fr\/wp-json\/wp\/v2\/media?parent=2243"}],"wp:term":[{"taxonomy":"product_brand","embeddable":true,"href":"https:\/\/zaoyigarment.com\/fr\/wp-json\/wp\/v2\/product_brand?post=2243"},{"taxonomy":"product_cat","embeddable":true,"href":"https:\/\/zaoyigarment.com\/fr\/wp-json\/wp\/v2\/product_cat?post=2243"},{"taxonomy":"product_tag","embeddable":true,"href":"https:\/\/zaoyigarment.com\/fr\/wp-json\/wp\/v2\/product_tag?post=2243"}],"curies":[{"name":"wp","href":"https:\/\/api.w.org\/{rel}","templated":true}]}}