 {"id":1926,"date":"2023-12-29T03:03:54","date_gmt":"2023-12-29T03:03:54","guid":{"rendered":"https:\/\/zaoyigarment.com\/?post_type=product&#038;p=1926"},"modified":"2025-09-10T11:49:05","modified_gmt":"2025-09-10T11:49:05","slug":"bra-extender-womens-soft-comfortable-bra-extenders","status":"publish","type":"product","link":"https:\/\/zaoyigarment.com\/fr\/manufacturer\/bra-extender-womens-soft-comfortable-bra-extenders\/","title":{"rendered":"Extension de soutien-gorge pour femmes, extension de soutien-gorge douce et confortable"},"content":{"rendered":"<div class=\"_1-Caexem\" tabindex=\"0\" role=\"button\" aria-label=\"$Facile \u00e0 utiliser : attachez simplement l&#039;extension de soutien-gorge aux crochets de votre soutien-gorge pour une extension instantan\u00e9e.\">\n<ul>\n<li class=\"_1-Caexem\" tabindex=\"0\" role=\"button\" aria-label=\"$Rallonges de soutien-gorge pratiques : lot de 3 rallonges de soutien-gorge avec mat\u00e9riau \u00e9lastique, ce qui facilite l&#039;ajustement de la taille de la bande de votre soutien-gorge pour un ajustement confortable.\"><strong>Extensions de soutien-gorge pratiques\u00a0:<\/strong> Lot de 3 extensions de soutien-gorge avec mat\u00e9riau \u00e9lastique, permettant d&#039;ajuster facilement la taille de la bande de votre soutien-gorge pour un ajustement confortable.<\/li>\n<li class=\"_1-Caexem\" tabindex=\"0\" role=\"button\" aria-label=\"$Rallonges de soutien-gorge pratiques : lot de 3 rallonges de soutien-gorge avec mat\u00e9riau \u00e9lastique, ce qui facilite l&#039;ajustement de la taille de la bande de votre soutien-gorge pour un ajustement confortable.\"><strong>Parfait pour un look sans soutien-gorge\u00a0:<\/strong> Id\u00e9al pour celles qui pr\u00e9f\u00e8rent un look sans soutien-gorge mais qui souhaitent tout de m\u00eame le maintien d&#039;un soutien-gorge. Les rallonges de soutien-gorge vous permettent de desserrer la bande sans compromettre le maintien.<\/li>\n<li class=\"_1-Caexem\" tabindex=\"0\" role=\"button\" aria-label=\"$Rallonges de soutien-gorge pratiques : lot de 3 rallonges de soutien-gorge avec mat\u00e9riau \u00e9lastique, ce qui facilite l&#039;ajustement de la taille de la bande de votre soutien-gorge pour un ajustement confortable.\"><strong>Confortable et doux :<\/strong> Fabriqu\u00e9es avec des mat\u00e9riaux doux et confortables, ces extensions de soutien-gorge n&#039;irriteront pas votre peau et ne causeront aucune g\u00eane.<\/li>\n<li><strong>Facile \u00e0 utiliser:<\/strong> Attachez simplement l&#039;extension de soutien-gorge aux crochets de votre soutien-gorge pour augmenter instantan\u00e9ment la taille du bandeau.<\/li>\n<li><strong>M\u00e9thode d&#039;utilisation\u00a0:<\/strong>Attachez les crochets situ\u00e9s sous l&#039;extension aux boucles de crochets de votre soutien-gorge, puis utilisez les crochets de votre soutien-gorge pour attacher les boucles \u00e0 crochets sur le c\u00f4t\u00e9 avant de l&#039;extension.<\/li>\n<\/ul>\n<h3 class=\"a-spacing-mini\">L&#039;extension de soutien-gorge est utilis\u00e9e pour augmenter votre gamme de tailles en cas de soutien-gorge inadapt\u00e9 et trop serr\u00e9. Il est amovible et r\u00e9glable.<\/h3>\n<p class=\"a-spacing-base\">La partie en tissu est en polyester avec velours, doux et confortable. Ne laissez aucune trace, aucun pincement et aucun prurit sur votre peau d\u00e9licate. Les crochets m\u00e9talliques sont en acier inoxydable, qui ne se d\u00e9colorent pas et ne rouillent pas.<\/p>\n<p class=\"a-spacing-base\">3 rang\u00e9es de 2 crochets avec sangle \u00e9lastique, adapt\u00e9s \u00e0 la plupart des gens.<\/p>\n<\/div>","protected":false},"excerpt":{"rendered":"<p>Zaoyi Custom Bra Extender Fabricant et fournisseur en Chine<\/p>\n<p>\u2013 MOQ\u00a0: 3000\u00a0pi\u00e8ces<br \/>\n\u2013 Service OEM\/ODM offert<br \/>\n\u2013 \u00c9chantillon gratuit disponible<br \/>\n\u2013 Recyclage des soutiens-gorge<br \/>\n\u2013 D\u00e9lai de pr\u00e9paration de 20 \u00e0 30 jours pour une commande personnalis\u00e9e<br \/>\n\u2013 Accepter la personnalisation (sp\u00e9cifications, couleur, design, etc.)<\/p>\n<p>1) Look sans soutien-gorge : obtenez un look sans soutien-gorge sans sacrifier le confort et le soutien.<br \/>\n2) r\u00e9glable : ajustez facilement la longueur de votre bande de soutien-gorge pour l&#039;adapter \u00e0 la forme de votre corps et obtenir un ajustement parfait.<br \/>\n3) Confortable : fabriqu\u00e9 en mat\u00e9riau doux et respirant, offrant un confort et un soutien suppl\u00e9mentaires \u00e0 votre soutien-gorge.<\/p>\n<p>Si vous souhaitez conna\u00eetre les prix des extensions de soutien-gorge, veuillez nous contacter.<\/p>","protected":false},"featured_media":2822,"comment_status":"open","ping_status":"closed","template":"","meta":[],"product_brand":[],"product_cat":[40,53],"product_tag":[],"class_list":{"0":"post-1926","1":"product","2":"type-product","3":"status-publish","4":"has-post-thumbnail","6":"product_cat-bra-extenders","7":"product_cat-bra-accessories","9":"first","10":"instock","11":"shipping-taxable","12":"product-type-simple"},"_links":{"self":[{"href":"https:\/\/zaoyigarment.com\/fr\/wp-json\/wp\/v2\/product\/1926","targetHints":{"allow":["GET"]}}],"collection":[{"href":"https:\/\/zaoyigarment.com\/fr\/wp-json\/wp\/v2\/product"}],"about":[{"href":"https:\/\/zaoyigarment.com\/fr\/wp-json\/wp\/v2\/types\/product"}],"replies":[{"embeddable":true,"href":"https:\/\/zaoyigarment.com\/fr\/wp-json\/wp\/v2\/comments?post=1926"}],"wp:featuredmedia":[{"embeddable":true,"href":"https:\/\/zaoyigarment.com\/fr\/wp-json\/wp\/v2\/media\/2822"}],"wp:attachment":[{"href":"https:\/\/zaoyigarment.com\/fr\/wp-json\/wp\/v2\/media?parent=1926"}],"wp:term":[{"taxonomy":"product_brand","embeddable":true,"href":"https:\/\/zaoyigarment.com\/fr\/wp-json\/wp\/v2\/product_brand?post=1926"},{"taxonomy":"product_cat","embeddable":true,"href":"https:\/\/zaoyigarment.com\/fr\/wp-json\/wp\/v2\/product_cat?post=1926"},{"taxonomy":"product_tag","embeddable":true,"href":"https:\/\/zaoyigarment.com\/fr\/wp-json\/wp\/v2\/product_tag?post=1926"}],"curies":[{"name":"wp","href":"https:\/\/api.w.org\/{rel}","templated":true}]}}