 {"id":1919,"date":"2023-12-29T02:18:39","date_gmt":"2023-12-29T02:18:39","guid":{"rendered":"https:\/\/zaoyigarment.com\/?post_type=product&#038;p=1919"},"modified":"2025-10-20T02:31:14","modified_gmt":"2025-10-20T02:31:14","slug":"stick-on-bra-lifting-adhesive-sticky-bra","status":"publish","type":"product","link":"https:\/\/zaoyigarment.com\/fr\/manufacturer\/stick-on-bra-lifting-adhesive-sticky-bra\/","title":{"rendered":"Soutien-gorge collant adh\u00e9sif de levage \u00e0 coller"},"content":{"rendered":"<div data-zone-id=\"0\" data-line-index=\"0\" data-line=\"true\">\n<ul>\n<li><span class=\"a-list-item\"><strong>S<\/strong><\/span><strong>INS\u00c9RER:<\/strong> 6,5-12 cm de diam\u00e8tre, personnalis\u00e9<\/li>\n<li><strong>COULEUR:\u00a0<\/strong>Nu ou personnalis\u00e9<\/li>\n<li><span class=\"a-list-item\"><strong>AVANTAGES:<\/strong> Ajustement sans laisser de trace, r\u00e9sistance \u00e0 la transpiration, forme fleur\/ronde, s\u00e9curit\u00e9.<\/span><\/li>\n<li><strong>M\u00c9THODE D&#039;UTILISATION\u00a0:<\/strong><\/li>\n<li>1. Lavez votre sein et vos mains \u00e0 l&#039;eau claire avant utilisation et gardez-les propres.<\/li>\n<li>2. Retirez le film protecteur du produit, face adh\u00e9sive vers le haut, et placez-le dans la paume de votre main.<\/li>\n<li>3. Penchez le haut de votre corps vers l&#039;avant, placez doucement le patch mammaire sur la zone cibl\u00e9e et lissez les bords du patch mammaire avec vos mains pour qu&#039;il s&#039;adapte \u00e9troitement \u00e0 la peau.<\/li>\n<li>4. Aucune sensation de port de poids ou de corps \u00e9tranger, affichage parfait de vos seins, adapt\u00e9 \u00e0 diverses occasions<\/li>\n<\/ul>\n<\/div>\n<ul class=\"a-unordered-list a-vertical a-spacing-mini\">\n<li><span class=\"a-list-item\"><strong>M\u00c9THODE DE LAVAGE\u00a0:<\/strong><\/span><\/li>\n<li><span class=\"a-list-item\">1. Utilisez de l&#039;eau ti\u00e8de ou un shampoing neutre, du savon \u00e0 vaisselle pour faire mousser doucement et lavez en mouvements circulaires.<\/span><\/li>\n<li><span class=\"a-list-item\">2. Rincer \u00e0 l&#039;eau claire. Faites attention \u00e0 ne pas utiliser vos ongles pour \u00e9viter de vous blesser.<\/span><\/li>\n<li>3. Apr\u00e8s le nettoyage, suspendez-le pour s\u00e9cher et \u00e9vitez la lumi\u00e8re directe du soleil.<\/li>\n<li>4. Apr\u00e8s le nettoyage et le s\u00e9chage, fixez le film protecteur. Un c\u00f4t\u00e9 perdra son caract\u00e8re collant s&#039;il est tach\u00e9 de poussi\u00e8re. La zone de stockage doit \u00eatre prot\u00e9g\u00e9e de la lumi\u00e8re directe du soleil.<\/li>\n<li><strong>CONSEILS IMPORTANTS\u00a0:<\/strong><br \/>\nNe convient pas si vous avez des probl\u00e8mes de peau ou si votre peau est bless\u00e9e, infect\u00e9e ou br\u00fbl\u00e9e par le soleil.<br \/>\nVeuillez ne pas utiliser ce produit si vous \u00eates enceinte ou si vous allaitez, si vous \u00eates allergique au silicone ou si vous avez r\u00e9cemment subi une op\u00e9ration d&#039;augmentation ou de r\u00e9duction mammaire.<br \/>\nSi des anomalies cutan\u00e9es surviennent lors de l&#039;utilisation de ce produit, arr\u00eatez imm\u00e9diatement de l&#039;utiliser et consultez imm\u00e9diatement votre dermatologue ou sp\u00e9cialiste de la peau.<\/li>\n<\/ul>","protected":false},"excerpt":{"rendered":"<p>Zaoyi Custom Stick On Bra Fabricant et fournisseur en Chine<\/p>\n<p>\u2013 MOQ\u00a0: 3000\u00a0pi\u00e8ces<br \/>\n\u2013 Service OEM\/ODM offert<br \/>\n\u2013 \u00c9chantillon gratuit disponible<br \/>\n\u2013 Recyclage des soutiens-gorge<br \/>\n\u2013 D\u00e9lai de pr\u00e9paration de 25 \u00e0 35 jours pour une commande personnalis\u00e9e<br \/>\n\u2013 Accepter la personnalisation (sp\u00e9cifications, couleur, design, etc.)<\/p>\n<p>1) Meilleures solutions de soutien-gorge \u00e0 porter avec une robe de mari\u00e9e, une robe dos nu, un maillot de bain, un t-shirt, etc.<br \/>\n2) Conception transparente et sans fil pour la libert\u00e9<br \/>\n3) Mat\u00e9riau lisse et de qualit\u00e9 m\u00e9dicale<br \/>\n4) Peut cr\u00e9er un tissu ou un motif personnalis\u00e9 sur le soutien-gorge<br \/>\n5) Couleur de peau vibrante<br \/>\n6) personnalisation bricolage<\/p>\n<p>Si vous souhaitez conna\u00eetre les prix des soutiens-gorge, veuillez nous contacter.<\/p>","protected":false},"featured_media":2816,"comment_status":"open","ping_status":"closed","template":"","meta":[],"product_brand":[],"product_cat":[36],"product_tag":[],"class_list":{"0":"post-1919","1":"product","2":"type-product","3":"status-publish","4":"has-post-thumbnail","6":"product_cat-sticky-bra","8":"first","9":"instock","10":"shipping-taxable","11":"product-type-simple"},"_links":{"self":[{"href":"https:\/\/zaoyigarment.com\/fr\/wp-json\/wp\/v2\/product\/1919","targetHints":{"allow":["GET"]}}],"collection":[{"href":"https:\/\/zaoyigarment.com\/fr\/wp-json\/wp\/v2\/product"}],"about":[{"href":"https:\/\/zaoyigarment.com\/fr\/wp-json\/wp\/v2\/types\/product"}],"replies":[{"embeddable":true,"href":"https:\/\/zaoyigarment.com\/fr\/wp-json\/wp\/v2\/comments?post=1919"}],"wp:featuredmedia":[{"embeddable":true,"href":"https:\/\/zaoyigarment.com\/fr\/wp-json\/wp\/v2\/media\/2816"}],"wp:attachment":[{"href":"https:\/\/zaoyigarment.com\/fr\/wp-json\/wp\/v2\/media?parent=1919"}],"wp:term":[{"taxonomy":"product_brand","embeddable":true,"href":"https:\/\/zaoyigarment.com\/fr\/wp-json\/wp\/v2\/product_brand?post=1919"},{"taxonomy":"product_cat","embeddable":true,"href":"https:\/\/zaoyigarment.com\/fr\/wp-json\/wp\/v2\/product_cat?post=1919"},{"taxonomy":"product_tag","embeddable":true,"href":"https:\/\/zaoyigarment.com\/fr\/wp-json\/wp\/v2\/product_tag?post=1919"}],"curies":[{"name":"wp","href":"https:\/\/api.w.org\/{rel}","templated":true}]}}