 {"id":1900,"date":"2023-12-27T09:17:18","date_gmt":"2023-12-27T09:17:18","guid":{"rendered":"https:\/\/zaoyigarment.com\/?post_type=product&#038;p=1900"},"modified":"2026-04-17T01:01:56","modified_gmt":"2026-04-17T01:01:56","slug":"ok-tape","status":"publish","type":"product","link":"https:\/\/zaoyigarment.com\/fr\/manufacturer\/ok-tape\/","title":{"rendered":"Bande adh\u00e9sive OK Tape Bandages coh\u00e9sifs auto-adh\u00e9sifs Bande Bangade pour blessures"},"content":{"rendered":"<div data-zone-id=\"0\" data-line-index=\"0\" data-line=\"true\">\n<ul>\n<li><span class=\"a-list-item\"><strong>S<\/strong><\/span><strong>INS\u00c9RER:<\/strong> 2 cm de largeur, 5 m de longueur, personnalis\u00e9<\/li>\n<li><strong>COULEUR:\u00a0<\/strong>Nu, carbone coco ou personnalis\u00e9<\/li>\n<li><span class=\"a-list-item\"><strong>AVANTAGES:<\/strong> Pour prot\u00e9ger le corps et \u00e9viter les blessures lors de la pratique d&#039;un sport<\/span><\/li>\n<li><strong>INSTRUCTIONS D&#039;ENTRETIEN :<\/strong><\/li>\n<li>Le ruban de sport ne n\u00e9cessite aucun entretien particulier.<\/li>\n<\/ul>\n<\/div>\n<ul class=\"a-unordered-list a-vertical a-spacing-mini\">\n<li><span class=\"a-list-item\"><strong>AVANTAGES:<\/strong><\/span><\/li>\n<li>Id\u00e9al pour les bandages fonctionnels, pour soulager les muscles bless\u00e9s ou pour le traitement conservateur des luxations<\/li>\n<li>Tr\u00e8s facile \u00e0 d\u00e9chirer gr\u00e2ce au bord dentel\u00e9<\/li>\n<li>Enti\u00e8rement fabriqu\u00e9 \u00e0 partir de mat\u00e9riaux naturels et respectueux de la peau<\/li>\n<li><strong>CONSEILS IMPORTANTS\u00a0:<\/strong><br \/>\nNe convient pas si vous avez des probl\u00e8mes de peau ou si votre peau est bless\u00e9e, infect\u00e9e ou br\u00fbl\u00e9e par le soleil.<br \/>\nVeuillez ne pas utiliser ce produit si vous \u00eates enceinte ou si vous allaitez, si vous \u00eates allergique au gel de silice ou si vous avez r\u00e9cemment subi une op\u00e9ration d&#039;augmentation ou de r\u00e9duction mammaire.<br \/>\nSi des anomalies cutan\u00e9es surviennent lors de l&#039;utilisation de ce produit, arr\u00eatez imm\u00e9diatement de l&#039;utiliser et consultez imm\u00e9diatement votre dermatologue ou sp\u00e9cialiste de la peau.<\/li>\n<\/ul>\n\t<div class=\"img has-hover x md-x lg-x y md-y lg-y\" id=\"image_1964598529\">\n\t\t\t\t\t\t\t\t<div class=\"img-inner dark\" >\n\t\t\t<img loading=\"lazy\" decoding=\"async\" width=\"1020\" height=\"1020\" src=\"https:\/\/zaoyigarment.com\/wp-content\/uploads\/2023\/12\/adhesive-bandage-wrap-1024x1024.webp\" class=\"attachment-large size-large\" alt=\"bandage adh\u00e9sif\" srcset=\"https:\/\/zaoyigarment.com\/wp-content\/uploads\/2023\/12\/adhesive-bandage-wrap-1024x1024.webp 1024w, https:\/\/zaoyigarment.com\/wp-content\/uploads\/2023\/12\/adhesive-bandage-wrap-300x300.webp 300w, https:\/\/zaoyigarment.com\/wp-content\/uploads\/2023\/12\/adhesive-bandage-wrap-150x150.webp 150w, https:\/\/zaoyigarment.com\/wp-content\/uploads\/2023\/12\/adhesive-bandage-wrap-768x768.webp 768w, https:\/\/zaoyigarment.com\/wp-content\/uploads\/2023\/12\/adhesive-bandage-wrap-1536x1536.webp 1536w, https:\/\/zaoyigarment.com\/wp-content\/uploads\/2023\/12\/adhesive-bandage-wrap-2048x2048.webp 2048w, https:\/\/zaoyigarment.com\/wp-content\/uploads\/2023\/12\/adhesive-bandage-wrap-12x12.webp 12w, https:\/\/zaoyigarment.com\/wp-content\/uploads\/2023\/12\/adhesive-bandage-wrap-600x600.webp 600w, https:\/\/zaoyigarment.com\/wp-content\/uploads\/2023\/12\/adhesive-bandage-wrap-100x100.webp 100w\" sizes=\"auto, (max-width: 1020px) 100vw, 1020px\" \/>\t\t\t\t\t\t\n\t\t\t\t\t<\/div>\n\t\t\t\t\t\t\t\t\n<style>\n#image_1964598529 {\n  width: 100%;\n}\n<\/style>\n\t<\/div>","protected":false},"excerpt":{"rendered":"<p>Fabricant et fournisseur de ruban adh\u00e9sif OK personnalis\u00e9 Zaoyi en Chine<\/p>\n<p>\u2013 MOQ\u00a0: 3000\u00a0pi\u00e8ces<br \/>\n\u2013 Service OEM\/ODM offert<br \/>\n\u2013 \u00c9chantillon gratuit disponible<br \/>\n\u2013 Recyclage d\u2019articles<br \/>\n\u2013 D\u00e9lai de pr\u00e9paration de 20 \u00e0 30 jours pour une commande personnalis\u00e9e<br \/>\n\u2013 Accepter la personnalisation (sp\u00e9cifications, couleur, design, etc.)<\/p>\n<p>1) Les meilleures solutions pour se prot\u00e9ger lors de la pratique d&#039;un sport<br \/>\n2) Conception sans couture et tendance pour la libert\u00e9<br \/>\n3) Mat\u00e9riau lisse et de qualit\u00e9 m\u00e9dicale<br \/>\n4) Peut faire du tissu ou du motif personnalis\u00e9 dessus<br \/>\n5) Couleur vibrante, anti-d\u00e9coloration<br \/>\n6) personnalisation bricolage<\/p>\n<p>Si vous souhaitez obtenir des prix de bandes corrects, veuillez nous contacter.<\/p>","protected":false},"featured_media":3046,"comment_status":"open","ping_status":"closed","template":"","meta":[],"product_brand":[],"product_cat":[38],"product_tag":[],"class_list":{"0":"post-1900","1":"product","2":"type-product","3":"status-publish","4":"has-post-thumbnail","6":"product_cat-bra-tape","8":"first","9":"instock","10":"shipping-taxable","11":"product-type-simple"},"_links":{"self":[{"href":"https:\/\/zaoyigarment.com\/fr\/wp-json\/wp\/v2\/product\/1900","targetHints":{"allow":["GET"]}}],"collection":[{"href":"https:\/\/zaoyigarment.com\/fr\/wp-json\/wp\/v2\/product"}],"about":[{"href":"https:\/\/zaoyigarment.com\/fr\/wp-json\/wp\/v2\/types\/product"}],"replies":[{"embeddable":true,"href":"https:\/\/zaoyigarment.com\/fr\/wp-json\/wp\/v2\/comments?post=1900"}],"wp:featuredmedia":[{"embeddable":true,"href":"https:\/\/zaoyigarment.com\/fr\/wp-json\/wp\/v2\/media\/3046"}],"wp:attachment":[{"href":"https:\/\/zaoyigarment.com\/fr\/wp-json\/wp\/v2\/media?parent=1900"}],"wp:term":[{"taxonomy":"product_brand","embeddable":true,"href":"https:\/\/zaoyigarment.com\/fr\/wp-json\/wp\/v2\/product_brand?post=1900"},{"taxonomy":"product_cat","embeddable":true,"href":"https:\/\/zaoyigarment.com\/fr\/wp-json\/wp\/v2\/product_cat?post=1900"},{"taxonomy":"product_tag","embeddable":true,"href":"https:\/\/zaoyigarment.com\/fr\/wp-json\/wp\/v2\/product_tag?post=1900"}],"curies":[{"name":"wp","href":"https:\/\/api.w.org\/{rel}","templated":true}]}}