 {"id":1664,"date":"2023-12-12T08:08:00","date_gmt":"2023-12-12T08:08:00","guid":{"rendered":"https:\/\/zaoyigarment.com\/?post_type=product&#038;p=1664"},"modified":"2026-04-17T01:01:41","modified_gmt":"2026-04-17T01:01:41","slug":"bra-tape","status":"publish","type":"product","link":"https:\/\/zaoyigarment.com\/fr\/manufacturer\/bra-tape\/","title":{"rendered":"Bande de soutien-gorge bande de poitrine bande de levage bande de corps imperm\u00e9able \u00e0 l&#039;eau"},"content":{"rendered":"<div id=\"featurebullets_feature_div\" class=\"celwidget\" data-feature-name=\"featurebullets\" data-csa-c-type=\"widget\" data-csa-c-content-id=\"featurebullets\" data-csa-c-slot-id=\"featurebullets_feature_div\" data-csa-c-asin=\"B07DF32D6Q\" data-csa-c-is-in-initial-active-row=\"false\" data-csa-c-id=\"3j0pnl-7cjnp-9t8psx-tspeog\">\n<div id=\"feature-bullets\" class=\"a-section a-spacing-medium a-spacing-top-small\">\n<ul class=\"a-unordered-list a-vertical a-spacing-mini\">\n<li>\n<div data-zone-id=\"0\" data-line-index=\"0\" data-line=\"true\">\n<div data-zone-id=\"0\" data-line-index=\"0\" data-line=\"true\"><strong style=\"font-size: 14.4px;\">TAILLE:<\/strong><span style=\"font-size: 14.4px;\"> La largeur normale est de 2,5 cm, 3,8 cm, 5 cm, 7,5 cm, 10 cm, la longueur peut choisir 3 M, 4 M, 5 M. La taille de la bo\u00eete de couleur int\u00e9rieure est de 7,5*6,5*7,5 cm, 11,5*8*8 cm. Tailles toutes personnalis\u00e9es<\/span><\/div>\n<\/div>\n<\/li>\n<li><span class=\"a-list-item\"><strong>MAT\u00c9RIEL:<\/strong> Coton + spandex<\/span><\/li>\n<li><span class=\"a-list-item\"><strong>MAXIMISER LA PORTABILIT\u00c9\u00a0:<\/strong> Facilite le stockage, le transport<\/span><\/li>\n<li><span class=\"a-list-item\"><strong>DISPONIBLE EN VRAC\u00a0:<\/strong> Offert en bo\u00eetes de 1 000 unit\u00e9s \u00e0 des prix de gros abordables pour vous assurer de rester approvisionn\u00e9 et dans les limites de votre budget.<\/span><\/li>\n<li><span class=\"a-list-item\"><strong>PARFAIT POUR LES MARIAGES, LES \u00c9V\u00c9NEMENTS SP\u00c9CIAUX ET LES F\u00caTES AVEC TRAITEUR\u00a0:<\/strong> Apportez une confiance inoubliable lorsque vous \u00eates au mariage, au banquet et \u00e0 la f\u00eate avec ces rubans uniques<\/span><\/li>\n<li><strong>Conseils:<\/strong>N\u2019oubliez pas que ce produit a une emprise s\u00e9rieuse\u00a0!<br \/>\nCertaines femmes ont une peau fine autour de la clavicule ou du haut de la poitrine. Ne portez pas le produit pendant plus de 8 heures. Soyez tr\u00e8s prudent si vous choisissez d\u2019appliquer du ruban adh\u00e9sif sur ces zones.<br \/>\nN&#039;exposez pas le produit \u00e0 une exposition prolong\u00e9e au soleil ou \u00e0 la chaleur pendant son utilisation. Cela peut provoquer une irritation de la peau. Ne pas bronzer avec le produit.<\/li>\n<li><b>Veuillez noter:<\/b><br \/>\n<b>Comment \u00e9viter les allergies cutan\u00e9es et les probl\u00e8mes de d\u00e9chirures cutan\u00e9es ?<\/b><\/p>\n<ul>\n<li>Effectuer un simple test cutan\u00e9 sensible<\/li>\n<li>Ne laissez pas le ruban adh\u00e9sif rester sur votre peau pendant plus de 12 heures<\/li>\n<li>Ne convient pas aux femmes enceintes, qui allaitent ou aux personnes \u00e0 la peau sensible\/d\u00e9licate<\/li>\n<li>N&#039;oubliez pas d&#039;utiliser de l&#039;eau ti\u00e8de ou de l&#039;huile essentielle pour retirer lentement et doucement le ruban de poitrine, ce qui aide \u00e0 pr\u00e9venir les d\u00e9chirures cutan\u00e9es. L&#039;arracher trop rapidement pourrait provoquer des blessures. Vous pouvez \u00e9galement prendre un bain chaud pour l&#039;arracher<\/li>\n<\/ul>\n<p><b>Comment faire un test cutan\u00e9 facile pour savoir si votre peau est sensible ou non\u00a0?<\/b><\/p>\n<ol>\n<li>Vous pouvez couper une petite bande de ruban adh\u00e9sif et la coller \u00e0 l\u2019int\u00e9rieur de votre bras, puis l\u2019arracher au bout de 6 heures.<\/li>\n<li>Observez votre peau.<\/li>\n<li>Si vous ressentez une r\u00e9action ind\u00e9sirable apr\u00e8s le test (telle qu&#039;une rougeur, une br\u00fblure ou un inconfort), veuillez cesser d&#039;utiliser ce ruban imm\u00e9diatement.<\/li>\n<\/ol>\n<\/li>\n<\/ul>\n<\/div>\n<\/div>\n\t<div class=\"img has-hover x md-x lg-x y md-y lg-y\" id=\"image_2057825239\">\n\t\t\t\t\t\t\t\t<div class=\"img-inner dark\" >\n\t\t\t<img loading=\"lazy\" decoding=\"async\" width=\"800\" height=\"801\" src=\"https:\/\/zaoyigarment.com\/wp-content\/uploads\/2024\/02\/how-to-use-bra-tape.webp\" class=\"attachment-large size-large\" alt=\"comment utiliser le ruban de soutien-gorge\" srcset=\"https:\/\/zaoyigarment.com\/wp-content\/uploads\/2024\/02\/how-to-use-bra-tape.webp 800w, https:\/\/zaoyigarment.com\/wp-content\/uploads\/2024\/02\/how-to-use-bra-tape-300x300.webp 300w, https:\/\/zaoyigarment.com\/wp-content\/uploads\/2024\/02\/how-to-use-bra-tape-150x150.webp 150w, https:\/\/zaoyigarment.com\/wp-content\/uploads\/2024\/02\/how-to-use-bra-tape-768x769.webp 768w, https:\/\/zaoyigarment.com\/wp-content\/uploads\/2024\/02\/how-to-use-bra-tape-600x601.webp 600w, https:\/\/zaoyigarment.com\/wp-content\/uploads\/2024\/02\/how-to-use-bra-tape-100x100.webp 100w\" sizes=\"auto, (max-width: 800px) 100vw, 800px\" \/>\t\t\t\t\t\t\n\t\t\t\t\t<\/div>\n\t\t\t\t\t\t\t\t\n<style>\n#image_2057825239 {\n  width: 100%;\n}\n<\/style>\n\t<\/div>","protected":false},"excerpt":{"rendered":"<p>Zaoyi Custom Bra Tape Fabricant et fournisseur en Chine<\/p>\n<p>\u2013 MOQ\u00a0: 3000\u00a0pi\u00e8ces<br \/>\n\u2013 Service OEM\/ODM offert<br \/>\n\u2013 \u00c9chantillon gratuit disponible<br \/>\n\u2013 Accepter la personnalisation (sp\u00e9cifications, couleur, design, etc.)<\/p>\n<p>Si vous souhaitez conna\u00eetre les prix des bandes de soutien-gorge, veuillez nous contacter.<\/p>","protected":false},"featured_media":2805,"comment_status":"open","ping_status":"closed","template":"","meta":[],"product_brand":[],"product_cat":[38],"product_tag":[],"class_list":{"0":"post-1664","1":"product","2":"type-product","3":"status-publish","4":"has-post-thumbnail","6":"product_cat-bra-tape","8":"first","9":"instock","10":"shipping-taxable","11":"product-type-simple"},"_links":{"self":[{"href":"https:\/\/zaoyigarment.com\/fr\/wp-json\/wp\/v2\/product\/1664","targetHints":{"allow":["GET"]}}],"collection":[{"href":"https:\/\/zaoyigarment.com\/fr\/wp-json\/wp\/v2\/product"}],"about":[{"href":"https:\/\/zaoyigarment.com\/fr\/wp-json\/wp\/v2\/types\/product"}],"replies":[{"embeddable":true,"href":"https:\/\/zaoyigarment.com\/fr\/wp-json\/wp\/v2\/comments?post=1664"}],"wp:featuredmedia":[{"embeddable":true,"href":"https:\/\/zaoyigarment.com\/fr\/wp-json\/wp\/v2\/media\/2805"}],"wp:attachment":[{"href":"https:\/\/zaoyigarment.com\/fr\/wp-json\/wp\/v2\/media?parent=1664"}],"wp:term":[{"taxonomy":"product_brand","embeddable":true,"href":"https:\/\/zaoyigarment.com\/fr\/wp-json\/wp\/v2\/product_brand?post=1664"},{"taxonomy":"product_cat","embeddable":true,"href":"https:\/\/zaoyigarment.com\/fr\/wp-json\/wp\/v2\/product_cat?post=1664"},{"taxonomy":"product_tag","embeddable":true,"href":"https:\/\/zaoyigarment.com\/fr\/wp-json\/wp\/v2\/product_tag?post=1664"}],"curies":[{"name":"wp","href":"https:\/\/api.w.org\/{rel}","templated":true}]}}