 {"id":1402,"date":"2023-06-08T08:15:42","date_gmt":"2023-06-08T08:15:42","guid":{"rendered":"https:\/\/zaoyigarment.com\/?post_type=product&#038;p=1402"},"modified":"2026-04-17T01:04:43","modified_gmt":"2026-04-17T01:04:43","slug":"push-up-bras","status":"publish","type":"product","link":"https:\/\/zaoyigarment.com\/fr\/manufacturer\/push-up-bras\/","title":{"rendered":"Soutien-gorge push-up | Soutien-gorge push-up sans bretelles Soutien-gorge papillon"},"content":{"rendered":"<ul class=\"a-unordered-list a-vertical a-spacing-mini\">\n<li><span class=\"a-list-item\"><strong>QUANTIT\u00c9:<\/strong> 3000 pi\u00e8ces pour un emballage personnalis\u00e9 et une commande en gros<\/span><\/li>\n<li><span class=\"a-list-item\"><strong>MAT\u00c9RIEL:<\/strong> 80 % nylon, 20 % \u00e9lasthanne<\/span><\/li>\n<li><span class=\"a-list-item\"><strong>AVANTAGES:<\/strong> Gel environnement et s\u00e9curit\u00e9, respirant, cellulaire, convexe, s\u00e9curit\u00e9<\/span><\/li>\n<li><span class=\"a-list-item\"><strong>CONCEPTION:<\/strong> Diff\u00e9rentes options de conception, ou peuvent \u00eatre personnalis\u00e9es<\/span><\/li>\n<li><span class=\"a-list-item\"><strong>DIMENSIONS:<\/strong> A\/B\/C\/D\/E\/F\/H, personnalis\u00e9<\/span><\/li>\n<li><span class=\"a-list-item a-size-base a-color-base\"><strong>SUPPORT FORT ET CORDON DE TIRAGE R\u00c9GLABLE\u00a0:<\/strong> Un excellent maintien est parfait pour remonter vos seins. D&#039;une simple traction, vous pouvez instantan\u00e9ment soulever le bonnet et garder vos seins droits. Dites adieu aux probl\u00e8mes d&#039;affaissement des seins, fa\u00e7onnez facilement la courbe parfaite des seins.<\/span><\/li>\n<li><span class=\"a-list-item a-size-base a-color-base\"><strong>TISSU RESPIRANT DOUX POUR LA PEAU ET ADH\u00c9SIF GOMME\u00a0:<\/strong>Le mat\u00e9riau est compos\u00e9 de tissu non tiss\u00e9 naturel + de silicone m\u00e9dical. La gomme adh\u00e9sive naturelle est recouverte de trous d&#039;a\u00e9ration, qui maintiennent une excellente perm\u00e9abilit\u00e9 \u00e0 l&#039;air lors de son utilisation.<\/span><\/li>\n<li><span class=\"a-list-item a-size-base a-color-base\"><strong>CONCEPTION D&#039;AILE EXQUISE\u00a0:<\/strong> La conception en forme d&#039;aile peut mieux envelopper la peau du sein et prolonger le temps d&#039;adh\u00e9sion. Le tissu de surface du soutien-gorge a une texture similaire \u00e0 celle de la peau, ce qui permet de bien cacher les traces du soutien-gorge sous une forte lumi\u00e8re. Comme s&#039;il ne portait rien.<\/span><\/li>\n<li><span class=\"a-list-item a-size-base a-color-base\"><strong>LAVABLE:<\/strong> Les soutiens-gorge adh\u00e9sifs sont auto-adh\u00e9sifs et restent collants apr\u00e8s avoir \u00e9t\u00e9 lav\u00e9s et s\u00e9ch\u00e9s \u00e0 l&#039;air. Il peut \u00eatre utilis\u00e9 plusieurs fois.<\/span><\/li>\n<li><span class=\"a-list-item a-size-base a-color-base\"><strong>POUR DE NOMBREUSES OCCASIONS\u00a0:<\/strong> Soutien-gorge sans bretelles pour tout style sexy, hauts dos nu, costumes \u00e0 col en V profond, robes de soir\u00e9e dos nu\/sans bretelles, robes de mari\u00e9e, robes d\u00e9collet\u00e9es, robes de cocktail, robes de soir\u00e9e, etc. N&#039;h\u00e9sitez pas \u00e0 montrer votre charme f\u00e9minin.<\/span><\/li>\n<\/ul>\n<h2><\/h2>\n<h2>Tableau des tailles de soutien-gorge avec images<\/h2>\n\t<div class=\"img has-hover x md-x lg-x y md-y lg-y\" id=\"image_150265716\">\n\t\t\t\t\t\t\t\t<div class=\"img-inner dark\" >\n\t\t\t<img loading=\"lazy\" decoding=\"async\" width=\"1020\" height=\"976\" src=\"https:\/\/zaoyigarment.com\/wp-content\/uploads\/2024\/01\/bra-size-calculator-1024x980.webp\" class=\"attachment-large size-large\" alt=\"calculateur de taille de soutien-gorge\" srcset=\"https:\/\/zaoyigarment.com\/wp-content\/uploads\/2024\/01\/bra-size-calculator-1024x980.webp 1024w, https:\/\/zaoyigarment.com\/wp-content\/uploads\/2024\/01\/bra-size-calculator-300x287.webp 300w, https:\/\/zaoyigarment.com\/wp-content\/uploads\/2024\/01\/bra-size-calculator-768x735.webp 768w, https:\/\/zaoyigarment.com\/wp-content\/uploads\/2024\/01\/bra-size-calculator-1536x1471.webp 1536w, https:\/\/zaoyigarment.com\/wp-content\/uploads\/2024\/01\/bra-size-calculator-600x575.webp 600w, https:\/\/zaoyigarment.com\/wp-content\/uploads\/2024\/01\/bra-size-calculator.webp 2000w\" sizes=\"auto, (max-width: 1020px) 100vw, 1020px\" \/>\t\t\t\t\t\t\n\t\t\t\t\t<\/div>\n\t\t\t\t\t\t\t\t\n<style>\n#image_150265716 {\n  width: 100%;\n}\n<\/style>\n\t<\/div>","protected":false},"excerpt":{"rendered":"<p>Zaoyi fabricant et fournisseur de soutien-gorge push-up sans bretelles personnalis\u00e9 en Chine<\/p>\n<p>\u2013 MOQ\u00a0: 3000\u00a0pi\u00e8ces<br \/>\n\u2013 Service OEM\/ODM offert<br \/>\n\u2013 \u00c9chantillon gratuit disponible<br \/>\n\u2013 Recyclage des soutiens-gorge<br \/>\n\u2013 D\u00e9lai de pr\u00e9paration de 25 \u00e0 35 jours pour une commande personnalis\u00e9e<br \/>\n\u2013 Accepter la personnalisation (sp\u00e9cifications, couleur, design, etc.)<\/p>\n<p>1) Meilleures solutions de soutien-gorge \u00e0 porter avec une robe dos nu, une robe de mari\u00e9e, un t-shirt, etc.<br \/>\n2) Conception transparente et sans fil pour la libert\u00e9<br \/>\n3) tissu en nylon lisse et d\u00e9licat<br \/>\n4) Peut cr\u00e9er un tissu ou un motif personnalis\u00e9 dessus<br \/>\n5) Couleur vibrante, anti-d\u00e9coloration<br \/>\n6) personnalisation bricolage<\/p>\n<p>Si vous souhaitez conna\u00eetre les prix des soutiens-gorge push-up sans bretelles, veuillez nous contacter.<\/p>","protected":false},"featured_media":2801,"comment_status":"open","ping_status":"closed","template":"","meta":[],"product_brand":[],"product_cat":[15],"product_tag":[],"class_list":{"0":"post-1402","1":"product","2":"type-product","3":"status-publish","4":"has-post-thumbnail","6":"product_cat-push-up-bra","8":"first","9":"instock","10":"shipping-taxable","11":"product-type-simple"},"_links":{"self":[{"href":"https:\/\/zaoyigarment.com\/fr\/wp-json\/wp\/v2\/product\/1402","targetHints":{"allow":["GET"]}}],"collection":[{"href":"https:\/\/zaoyigarment.com\/fr\/wp-json\/wp\/v2\/product"}],"about":[{"href":"https:\/\/zaoyigarment.com\/fr\/wp-json\/wp\/v2\/types\/product"}],"replies":[{"embeddable":true,"href":"https:\/\/zaoyigarment.com\/fr\/wp-json\/wp\/v2\/comments?post=1402"}],"wp:featuredmedia":[{"embeddable":true,"href":"https:\/\/zaoyigarment.com\/fr\/wp-json\/wp\/v2\/media\/2801"}],"wp:attachment":[{"href":"https:\/\/zaoyigarment.com\/fr\/wp-json\/wp\/v2\/media?parent=1402"}],"wp:term":[{"taxonomy":"product_brand","embeddable":true,"href":"https:\/\/zaoyigarment.com\/fr\/wp-json\/wp\/v2\/product_brand?post=1402"},{"taxonomy":"product_cat","embeddable":true,"href":"https:\/\/zaoyigarment.com\/fr\/wp-json\/wp\/v2\/product_cat?post=1402"},{"taxonomy":"product_tag","embeddable":true,"href":"https:\/\/zaoyigarment.com\/fr\/wp-json\/wp\/v2\/product_tag?post=1402"}],"curies":[{"name":"wp","href":"https:\/\/api.w.org\/{rel}","templated":true}]}}