 {"id":1393,"date":"2023-06-08T07:38:38","date_gmt":"2023-06-08T07:38:38","guid":{"rendered":"https:\/\/zaoyigarment.com\/?post_type=product&#038;p=1393"},"modified":"2026-04-17T01:03:30","modified_gmt":"2026-04-17T01:03:30","slug":"sticky-bra","status":"publish","type":"product","link":"https:\/\/zaoyigarment.com\/fr\/manufacturer\/sticky-bra\/","title":{"rendered":"Soutien-gorge collant| Soutien-gorge invisible adh\u00e9sif Push Up Lingerie en silicone"},"content":{"rendered":"<div id=\"featurebullets_feature_div\" class=\"celwidget\" data-feature-name=\"featurebullets\" data-csa-c-type=\"widget\" data-csa-c-content-id=\"featurebullets\" data-csa-c-slot-id=\"featurebullets_feature_div\" data-csa-c-asin=\"B07DF32D6Q\" data-csa-c-is-in-initial-active-row=\"false\" data-csa-c-id=\"3j0pnl-7cjnp-9t8psx-tspeog\">\n<div id=\"feature-bullets\" class=\"a-section a-spacing-medium a-spacing-top-small\">\n<div data-zone-id=\"0\" data-line-index=\"0\" data-line=\"true\">\n<ul>\n<li><span class=\"a-list-item\"><strong>S<\/strong><\/span><strong style=\"font-size: 14.4px;\">INS\u00c9RER:<\/strong><span style=\"font-size: 14.4px;\"> A\/B\/C\/D, personnalis\u00e9<\/span><\/li>\n<li><strong style=\"font-size: 14.4px;\">COULEUR: <\/strong>Nu ou personnalis\u00e9<\/li>\n<li><span class=\"a-list-item\"><strong>AVANTAGES:<\/strong> Ajustement sans laisser de trace, r\u00e9sistance \u00e0 la transpiration, forme ronde, s\u00e9curit\u00e9.<\/span><\/li>\n<li><span class=\"a-list-item\"><strong>DIFF\u00c9RENTES \u00c9PAISSEURS PEUVENT CHOISIR\u00a0:<\/strong> 0,5 cm, 1,0 cm, 1,5 cm, 2,0 cm d&#039;\u00e9paisseur au choix ou personnalis\u00e9.<\/span><\/li>\n<li><span class=\"a-list-item\"><strong>M\u00c9THODE DE PORT\u00a0:<\/strong> Placez la tasse pour maintenir le mouchoir, ajustez la position, fixez le clip avant, appuyez sur les articles pour un ajustement parfait.<\/span><\/li>\n<\/ul>\n<\/div>\n<ul class=\"a-unordered-list a-vertical a-spacing-mini\">\n<li><span class=\"a-list-item\"><strong>M\u00c9THODE DE LAVAGE\u00a0:<\/strong> <\/span><\/li>\n<li><span class=\"a-list-item\">1. Utilisez de l&#039;eau ti\u00e8de ou un shampoing neutre, du savon \u00e0 vaisselle pour faire mousser doucement et lavez en mouvements circulaires.<\/span><\/li>\n<li><span class=\"a-list-item\">2. Rincer \u00e0 l&#039;eau claire. Faites attention \u00e0 ne pas utiliser vos ongles pour \u00e9viter de vous blesser.<\/span><\/li>\n<li>3. Apr\u00e8s le nettoyage, suspendez-le pour s\u00e9cher et \u00e9vitez la lumi\u00e8re directe du soleil.<\/li>\n<li>4. Apr\u00e8s le nettoyage et le s\u00e9chage, fixez le film protecteur. Un c\u00f4t\u00e9 perdra son caract\u00e8re collant s&#039;il est tach\u00e9 de poussi\u00e8re. La zone de stockage doit \u00eatre prot\u00e9g\u00e9e de la lumi\u00e8re directe du soleil.<\/li>\n<\/ul>\n<ul>\n<li><strong>CONSEILS IMPORTANTS\u00a0:<\/strong><br \/>\nNe convient pas si vous avez des probl\u00e8mes de peau ou si votre peau est bless\u00e9e, infect\u00e9e ou br\u00fbl\u00e9e par le soleil.<br \/>\nVeuillez ne pas utiliser ce produit si vous \u00eates enceinte ou si vous allaitez, si vous \u00eates allergique au silicone ou si vous avez r\u00e9cemment subi une op\u00e9ration d&#039;augmentation ou de r\u00e9duction mammaire.<br \/>\nSi des anomalies cutan\u00e9es surviennent lors de l&#039;utilisation de ce produit, arr\u00eatez imm\u00e9diatement de l&#039;utiliser et consultez imm\u00e9diatement votre dermatologue ou sp\u00e9cialiste de la peau.<\/li>\n<\/ul>\n<\/div>\n<\/div>\n<div id=\"acf-carousel_feature_div\" class=\"celwidget\" data-feature-name=\"acf-carousel\" data-csa-c-type=\"widget\" data-csa-c-content-id=\"acf-carousel\" data-csa-c-slot-id=\"acf-carousel_feature_div\" data-csa-c-asin=\"B07DF32D6Q\" data-csa-c-is-in-initial-active-row=\"false\" data-csa-c-id=\"oqpgyr-mh4egp-nntzd2-kyiiqq\"><\/div>\n<div id=\"provenanceCertifications_feature_div\" class=\"celwidget\" data-feature-name=\"provenanceCertifications\" data-csa-c-type=\"widget\" data-csa-c-content-id=\"provenanceCertifications\" data-csa-c-slot-id=\"provenanceCertifications_feature_div\" data-csa-c-asin=\"B07DF32D6Q\" data-csa-c-is-in-initial-active-row=\"false\" data-csa-c-id=\"6t8ho-xbknmj-nqaso5-ne24gd\">\n<div id=\"provenance-certifications\" class=\"a-section a-spacing-medium a-spacing-top-micro\"><\/div>\n<\/div>\n<h2>Tableau des tailles de soutien-gorge avec images<\/h2>\n\t<div class=\"img has-hover x md-x lg-x y md-y lg-y\" id=\"image_1452349314\">\n\t\t\t\t\t\t\t\t<div class=\"img-inner dark\" >\n\t\t\t<img loading=\"lazy\" decoding=\"async\" width=\"1020\" height=\"976\" src=\"https:\/\/zaoyigarment.com\/wp-content\/uploads\/2024\/01\/bra-size-calculator-1024x980.webp\" class=\"attachment-large size-large\" alt=\"calculateur de taille de soutien-gorge\" srcset=\"https:\/\/zaoyigarment.com\/wp-content\/uploads\/2024\/01\/bra-size-calculator-1024x980.webp 1024w, https:\/\/zaoyigarment.com\/wp-content\/uploads\/2024\/01\/bra-size-calculator-300x287.webp 300w, https:\/\/zaoyigarment.com\/wp-content\/uploads\/2024\/01\/bra-size-calculator-768x735.webp 768w, https:\/\/zaoyigarment.com\/wp-content\/uploads\/2024\/01\/bra-size-calculator-1536x1471.webp 1536w, https:\/\/zaoyigarment.com\/wp-content\/uploads\/2024\/01\/bra-size-calculator-600x575.webp 600w, https:\/\/zaoyigarment.com\/wp-content\/uploads\/2024\/01\/bra-size-calculator.webp 2000w\" sizes=\"auto, (max-width: 1020px) 100vw, 1020px\" \/>\t\t\t\t\t\t\n\t\t\t\t\t<\/div>\n\t\t\t\t\t\t\t\t\n<style>\n#image_1452349314 {\n  width: 100%;\n}\n<\/style>\n\t<\/div>","protected":false},"excerpt":{"rendered":"<p>Zaoyi Custom Sticky Bra Fabricant et fournisseur en Chine<\/p>\n<p>\u2013 MOQ\u00a0: 3000\u00a0pi\u00e8ces<br \/>\n\u2013 Service OEM\/ODM offert<br \/>\n\u2013 \u00c9chantillon gratuit disponible<br \/>\n\u2013 Recyclage des soutiens-gorge<br \/>\n\u2013 D\u00e9lai de pr\u00e9paration de 25 \u00e0 35 jours pour une commande personnalis\u00e9e<br \/>\n\u2013 Accepter la personnalisation (sp\u00e9cifications, couleur, design, etc.)<\/p>\n<p>1) Meilleures solutions de soutien-gorge \u00e0 porter avec une robe de mari\u00e9e, une robe dos nu, un t-shirt, etc.<br \/>\n2) Conception transparente et sans fil pour la libert\u00e9<br \/>\n3) Mat\u00e9riau lisse et de qualit\u00e9 m\u00e9dicale<br \/>\n4) Peut cr\u00e9er un tissu ou un motif personnalis\u00e9 sur le soutien-gorge<br \/>\n5) Couleur de peau vibrante<br \/>\n6) personnalisation bricolage<\/p>\n<p>Si vous souhaitez obtenir des prix de soutien-gorge collants, veuillez nous contacter.<\/p>","protected":false},"featured_media":2791,"comment_status":"open","ping_status":"closed","template":"","meta":[],"product_brand":[],"product_cat":[36],"product_tag":[],"class_list":{"0":"post-1393","1":"product","2":"type-product","3":"status-publish","4":"has-post-thumbnail","6":"product_cat-sticky-bra","8":"first","9":"instock","10":"shipping-taxable","11":"product-type-simple"},"_links":{"self":[{"href":"https:\/\/zaoyigarment.com\/fr\/wp-json\/wp\/v2\/product\/1393","targetHints":{"allow":["GET"]}}],"collection":[{"href":"https:\/\/zaoyigarment.com\/fr\/wp-json\/wp\/v2\/product"}],"about":[{"href":"https:\/\/zaoyigarment.com\/fr\/wp-json\/wp\/v2\/types\/product"}],"replies":[{"embeddable":true,"href":"https:\/\/zaoyigarment.com\/fr\/wp-json\/wp\/v2\/comments?post=1393"}],"wp:featuredmedia":[{"embeddable":true,"href":"https:\/\/zaoyigarment.com\/fr\/wp-json\/wp\/v2\/media\/2791"}],"wp:attachment":[{"href":"https:\/\/zaoyigarment.com\/fr\/wp-json\/wp\/v2\/media?parent=1393"}],"wp:term":[{"taxonomy":"product_brand","embeddable":true,"href":"https:\/\/zaoyigarment.com\/fr\/wp-json\/wp\/v2\/product_brand?post=1393"},{"taxonomy":"product_cat","embeddable":true,"href":"https:\/\/zaoyigarment.com\/fr\/wp-json\/wp\/v2\/product_cat?post=1393"},{"taxonomy":"product_tag","embeddable":true,"href":"https:\/\/zaoyigarment.com\/fr\/wp-json\/wp\/v2\/product_tag?post=1393"}],"curies":[{"name":"wp","href":"https:\/\/api.w.org\/{rel}","templated":true}]}}