 {"id":3052,"date":"2024-10-21T08:20:20","date_gmt":"2024-10-21T08:20:20","guid":{"rendered":"https:\/\/zaoyigarment.com\/?post_type=product&#038;p=3052"},"modified":"2025-09-23T00:33:15","modified_gmt":"2025-09-23T00:33:15","slug":"lace-body-tape","status":"publish","type":"product","link":"https:\/\/zaoyigarment.com\/et\/manufacturer\/lace-body-tape\/","title":{"rendered":"Lace Body Tape Breast Lift Lace Tape Hingav rinnateip"},"content":{"rendered":"<div id=\"featurebullets_feature_div\" class=\"celwidget\" data-feature-name=\"featurebullets\" data-csa-c-type=\"widget\" data-csa-c-content-id=\"featurebullets\" data-csa-c-slot-id=\"featurebullets_feature_div\" data-csa-c-asin=\"B07DF32D6Q\" data-csa-c-is-in-initial-active-row=\"false\" data-csa-c-id=\"3j0pnl-7cjnp-9t8psx-tspeog\">\n<div id=\"feature-bullets\" class=\"a-section a-spacing-medium a-spacing-top-small\">\n<ul class=\"a-unordered-list a-vertical a-spacing-mini\">\n<li>\n<div data-zone-id=\"0\" data-line-index=\"0\" data-line=\"true\">\n<div data-zone-id=\"0\" data-line-index=\"0\" data-line=\"true\"><strong style=\"font-size: 14.4px;\">PITSI BODY LINDI SUURUS:<\/strong><span style=\"font-size: 14.4px;\"> Tavaline laius on 2,5 cm, 3,8 cm, 5 cm, 7,5 cm, 10 cm, pikkust saab valida 3M, 4M, 5M. Sisemine v\u00e4rvikarbi suurus on 7,5 * 6,5 * 7,5 cm, 11,5 * 8 * 8 cm. K\u00f5ik suurused kohandatud<\/span><\/div>\n<\/div>\n<\/li>\n<li><span class=\"a-list-item\"><strong>MATERJAL:<\/strong> Puuvill+spandeks<\/span><\/li>\n<li><span class=\"a-list-item\"><strong>MAKSIMISE KAASASASASASATavus:<\/strong> Muuda hoiustamine, transportimine lihtsaks<\/span><\/li>\n<li><span class=\"a-list-item\"><strong>SAADAVAL HUGIS:<\/strong> Pakutakse hulgi 1000 loendurikarbis taskukohase hulgihinnaga, et tagada varu ja eelarve piires.<\/span><\/li>\n<li><span class=\"a-list-item\"><strong>T\u00c4IUSALNE PULMADEKS, ERI\u00dcRITUSTEL JA TOITLUSTAMISEKS:<\/strong> Tooge unustamatu enesekindlus, kui olete pulmas, banketil ja peol selle ainulaadse lindiga<\/span><\/li>\n<li><strong>N\u00f5uanded: <\/strong>Pidage meeles, et sellel tootel on t\u00f5sine p\u00fcsivus!<br \/>\nM\u00f5nel naisel on rangluu v\u00f5i rindkere \u00fclaosa \u00fcmber \u00f5huke nahk. \u00c4rge kandke toodet kauem kui 8 tundi. Olge v\u00e4ga ettevaatlik, kui otsustate nendele aladele teibiga kinnitada.<br \/>\n\u00c4rge hoidke toodet kasutamise ajal pikaajalise p\u00e4ikese k\u00e4es ega kuumuse k\u00e4es. See v\u00f5ib p\u00f5hjustada naha\u00e4rritust. \u00c4rge p\u00e4evitage toote sees.<\/li>\n<li><strong>Eelised:<\/strong><\/li>\n<li>STRONG-HOLD \u2013 pakub suurep\u00e4rast tuge, tagades, et liim p\u00fcsib paigal ka aktiivsetel suvep\u00e4evadel ning on vee- ja higikindel. Selle akr\u00fc\u00fclliim haakub \u00f5rnalt teie nahaga, pakkudes mugavat t\u00f5stmist ja k\u00f5rvaldades vajaduse rihmade j\u00e4rele, mis v\u00f5ivad teie riietust rikkuda.<\/li>\n<li>K\u00d5IGILE SUURUSTELE \u2013 sobib A kuni Z tasside suurustele, v\u00f5imaldades kohandada vajalikku kogust vastavalt rindade suurusele ja kaalule. M\u00f5\u00f5tke kasutusala, l\u00f5igake sobivaks ja kinnitage teip, et saavutada soovitud t\u00f5ste ja kuju vastavalt oma riietumisstiilile.<\/li>\n<li>DISKREETNE V\u00c4LIMINE \u2013 oma &quot;Tan&quot; v\u00e4rvi ja mitmek\u00fclgsete pealekandmisv\u00f5imalustega annab see rinnakontuuriteip loomuliku ja n\u00e4htamatu ilme. Kandke teipi soovitud efekti saavutamiseks, olgu see siis &quot;t\u00f5stetud&quot; v\u00f5i &quot;naturaalne&quot;, erinevate r\u00f5ivaste jaoks, nagu seljataga, ilma paelteta, l\u00e4bipaistva v\u00f5rguga, pulmakleidid v\u00f5i tavalised T-s\u00e4rgid.<\/li>\n<li><b>Pane t\u00e4hele:<\/b><br \/>\n<b>Kuidas v\u00e4ltida nahaallergiat ja rebeneva naha probleeme?<\/b><\/p>\n<ul>\n<li>Tehke lihtne nahatundlikkuse test<\/li>\n<li>\u00c4rge laske teibil nahal p\u00fcsida kauem kui 12 tundi<\/li>\n<li>Ei sobi rasedatele, imetavatele naistele ega tundliku\/\u00f5rna nahaga inimestele<\/li>\n<li>Pidage meeles, et rinnateibi aeglaselt ja \u00f5rnalt eemaldamiseks kasutage sooja vett v\u00f5i eeterlikku \u00f5li, mis aitab v\u00e4ltida naha rebenemist. Liiga kiire rebimine v\u00f5ib p\u00f5hjustada vigastusi. Selle eemaldamiseks v\u00f5ite v\u00f5tta ka kuuma vanni<\/li>\n<\/ul>\n<p><b>Kuidas teha lihtsat nahatesti, et \u00f6elda, kas teie nahk on tundlik v\u00f5i mitte?<\/b><\/p>\n<ol>\n<li>V\u00f5ite l\u00f5igata v\u00e4ikese riba teibist ja kleepida selle oma k\u00e4e sisek\u00fcljele, seej\u00e4rel rebida selle 6 tunni p\u00e4rast \u00e4ra.<\/li>\n<li>J\u00e4lgige oma nahka.<\/li>\n<li>Kui teil tekib p\u00e4rast testi k\u00f5rvaltoime (nagu punetus, p\u00f5letustunne v\u00f5i ebamugavustunne), l\u00f5petage kohe selle teibi kasutamine.<\/li>\n<\/ol>\n<\/li>\n<\/ul>\n<\/div>\n<\/div>\n\t<div class=\"img has-hover x md-x lg-x y md-y lg-y\" id=\"image_1543962725\">\n\t\t\t\t\t\t\t\t<div class=\"img-inner dark\" >\n\t\t\t<img loading=\"lazy\" decoding=\"async\" width=\"1020\" height=\"1020\" src=\"https:\/\/zaoyigarment.com\/wp-content\/uploads\/2024\/10\/lace-body-tape-1024x1024.webp\" class=\"attachment-large size-large\" alt=\"pitsist kehateip\" srcset=\"https:\/\/zaoyigarment.com\/wp-content\/uploads\/2024\/10\/lace-body-tape-1024x1024.webp 1024w, https:\/\/zaoyigarment.com\/wp-content\/uploads\/2024\/10\/lace-body-tape-300x300.webp 300w, https:\/\/zaoyigarment.com\/wp-content\/uploads\/2024\/10\/lace-body-tape-150x150.webp 150w, https:\/\/zaoyigarment.com\/wp-content\/uploads\/2024\/10\/lace-body-tape-768x768.webp 768w, https:\/\/zaoyigarment.com\/wp-content\/uploads\/2024\/10\/lace-body-tape-1536x1536.webp 1536w, https:\/\/zaoyigarment.com\/wp-content\/uploads\/2024\/10\/lace-body-tape-2048x2048.webp 2048w, https:\/\/zaoyigarment.com\/wp-content\/uploads\/2024\/10\/lace-body-tape-12x12.webp 12w, https:\/\/zaoyigarment.com\/wp-content\/uploads\/2024\/10\/lace-body-tape-600x600.webp 600w, https:\/\/zaoyigarment.com\/wp-content\/uploads\/2024\/10\/lace-body-tape-100x100.webp 100w\" sizes=\"auto, (max-width: 1020px) 100vw, 1020px\" \/>\t\t\t\t\t\t\n\t\t\t\t\t<\/div>\n\t\t\t\t\t\t\t\t\n<style>\n#image_1543962725 {\n  width: 100%;\n}\n<\/style>\n\t<\/div>\n\t\n\t<div class=\"img has-hover x md-x lg-x y md-y lg-y\" id=\"image_2101277673\">\n\t\t\t\t\t\t\t\t<div class=\"img-inner dark\" >\n\t\t\t<img loading=\"lazy\" decoding=\"async\" width=\"1020\" height=\"1020\" src=\"https:\/\/zaoyigarment.com\/wp-content\/uploads\/2024\/10\/how-to-use-bra-tape-1024x1024.webp\" class=\"attachment-large size-large\" alt=\"kuidas kasutada rinnahoidja teipi\" srcset=\"https:\/\/zaoyigarment.com\/wp-content\/uploads\/2024\/10\/how-to-use-bra-tape-1024x1024.webp 1024w, https:\/\/zaoyigarment.com\/wp-content\/uploads\/2024\/10\/how-to-use-bra-tape-300x300.webp 300w, https:\/\/zaoyigarment.com\/wp-content\/uploads\/2024\/10\/how-to-use-bra-tape-150x150.webp 150w, https:\/\/zaoyigarment.com\/wp-content\/uploads\/2024\/10\/how-to-use-bra-tape-768x768.webp 768w, https:\/\/zaoyigarment.com\/wp-content\/uploads\/2024\/10\/how-to-use-bra-tape-12x12.webp 12w, https:\/\/zaoyigarment.com\/wp-content\/uploads\/2024\/10\/how-to-use-bra-tape-600x600.webp 600w, https:\/\/zaoyigarment.com\/wp-content\/uploads\/2024\/10\/how-to-use-bra-tape-100x100.webp 100w, https:\/\/zaoyigarment.com\/wp-content\/uploads\/2024\/10\/how-to-use-bra-tape.webp 1500w\" sizes=\"auto, (max-width: 1020px) 100vw, 1020px\" \/>\t\t\t\t\t\t\n\t\t\t\t\t<\/div>\n\t\t\t\t\t\t\t\t\n<style>\n#image_2101277673 {\n  width: 100%;\n}\n<\/style>\n\t<\/div>","protected":false},"excerpt":{"rendered":"<p>Zaoyi kohandatud pitsist kehateibi tootja ja tarnija Hiinas<\/p>\n<p>- MOQ: 3000 tk<br \/>\n- Pakutakse OEM\/ODM-teenust<br \/>\n- Saadaval on tasuta n\u00e4idis<br \/>\n- N\u00f5ustuge kohandamisega (spetsifikatsioonid, v\u00e4rv, disain jne)<\/p>\n<p>Kui soovite saada pitsist kehateibi hindu, v\u00f5tke meiega \u00fchendust.<\/p>","protected":false},"featured_media":3057,"comment_status":"open","ping_status":"closed","template":"","meta":[],"product_brand":[],"product_cat":[38],"product_tag":[],"class_list":{"0":"post-3052","1":"product","2":"type-product","3":"status-publish","4":"has-post-thumbnail","6":"product_cat-bra-tape","8":"first","9":"instock","10":"shipping-taxable","11":"product-type-simple"},"_links":{"self":[{"href":"https:\/\/zaoyigarment.com\/et\/wp-json\/wp\/v2\/product\/3052","targetHints":{"allow":["GET"]}}],"collection":[{"href":"https:\/\/zaoyigarment.com\/et\/wp-json\/wp\/v2\/product"}],"about":[{"href":"https:\/\/zaoyigarment.com\/et\/wp-json\/wp\/v2\/types\/product"}],"replies":[{"embeddable":true,"href":"https:\/\/zaoyigarment.com\/et\/wp-json\/wp\/v2\/comments?post=3052"}],"wp:featuredmedia":[{"embeddable":true,"href":"https:\/\/zaoyigarment.com\/et\/wp-json\/wp\/v2\/media\/3057"}],"wp:attachment":[{"href":"https:\/\/zaoyigarment.com\/et\/wp-json\/wp\/v2\/media?parent=3052"}],"wp:term":[{"taxonomy":"product_brand","embeddable":true,"href":"https:\/\/zaoyigarment.com\/et\/wp-json\/wp\/v2\/product_brand?post=3052"},{"taxonomy":"product_cat","embeddable":true,"href":"https:\/\/zaoyigarment.com\/et\/wp-json\/wp\/v2\/product_cat?post=3052"},{"taxonomy":"product_tag","embeddable":true,"href":"https:\/\/zaoyigarment.com\/et\/wp-json\/wp\/v2\/product_tag?post=3052"}],"curies":[{"name":"wp","href":"https:\/\/api.w.org\/{rel}","templated":true}]}}