 {"id":2625,"date":"2024-07-26T07:49:30","date_gmt":"2024-07-26T07:49:30","guid":{"rendered":"https:\/\/zaoyigarment.com\/?post_type=product&#038;p=2625"},"modified":"2026-04-15T12:32:15","modified_gmt":"2026-04-15T12:32:15","slug":"bra-strap-cushions","status":"publish","type":"product","link":"https:\/\/zaoyigarment.com\/et\/manufacturer\/bra-strap-cushions\/","title":{"rendered":"Reguleeritavad rinnahoidja rihmapadjad Silikoonist rinnahoidja rihmapadjad naiste pesu ja aluspesu jaoks"},"content":{"rendered":"<ul class=\"a-unordered-list a-vertical a-spacing-mini\">\n<li><span class=\"a-list-item\"><strong>\ud83c\udf6aNAME:<\/strong> rinnahoidja rihma padi, \u00f5lapadjad, rinnahoidja rihma padjad<\/span><\/li>\n<li><span class=\"a-list-item\"><strong>\ud83c\udf6aKUJUD:<\/strong> ristk\u00fclik<\/span><\/li>\n<li><span class=\"a-list-item\"><strong>\ud83c\udf6a juhtmevaba:<\/strong> Jah<\/span><\/li>\n<li><span class=\"a-list-item\"><strong>\ud83c\udf6aTOOTE V\u00c4RV:<\/strong> alasti, must, l\u00e4bipaistev, kohandatud.<\/span><\/li>\n<li><span class=\"a-list-item\">\ud83c\udf6a<strong>SUURUSED:<\/strong> kohandatud<\/span><\/li>\n<li><span class=\"a-list-item\">\ud83c\udf6a<strong>RAKENDUS:<\/strong> libisemisvastane rinnahoidja rihm<\/span><\/li>\n<li><span class=\"a-color-base\"><span class=\"a-list-item\"><strong>\ud83c\udf6aMATERJALI T\u00dc\u00dcP: <\/strong>silikoon<\/span><\/span><\/li>\n<li><span class=\"a-color-base\"><span class=\"a-list-item\"><strong>\ud83c\udf6aHOOLDUSJUHISED: <\/strong>korduvkasutatav<\/span><\/span><\/li>\n<li><strong><span class=\"a-color-base\"><span class=\"a-list-item\">\ud83c\udf6a<\/span><\/span>OLULISED N\u00d5UANDED:<\/strong><br \/>\nEi sobi, kui teil on nahaprobleeme v\u00f5i kui teie nahk on vigastatud, nakatunud v\u00f5i p\u00e4ikesep\u00f5letuse saanud.<br \/>\n\u00c4rge kasutage seda toodet, kui olete rase v\u00f5i toidate last rinnaga, kui olete silikageeli suhtes allergiline v\u00f5i kui teil on hiljuti tehtud rindade suurendamise v\u00f5i v\u00e4hendamise operatsioon.<br \/>\nKui selle toote kasutamise ajal ilmnevad nahah\u00e4ired, l\u00f5petage kohe kasutamine ja konsulteerige kohe oma dermatoloogi v\u00f5i nahaspetsialistiga.<\/li>\n<\/ul>\n<h2><\/h2>\n<h2><\/h2>\n\t<div class=\"img has-hover x md-x lg-x y md-y lg-y\" id=\"image_180723270\">\n\t\t\t\t\t\t\t\t<div class=\"img-inner dark\" >\n\t\t\t<img loading=\"lazy\" decoding=\"async\" width=\"1000\" height=\"1000\" src=\"https:\/\/zaoyigarment.com\/wp-content\/uploads\/2024\/07\/Invisible-Silicone-Shoulder-Pads-1.webp\" class=\"attachment-large size-large\" alt=\"N\u00e4htamatud silikoonist \u00f5lapadjad\" srcset=\"https:\/\/zaoyigarment.com\/wp-content\/uploads\/2024\/07\/Invisible-Silicone-Shoulder-Pads-1.webp 1000w, https:\/\/zaoyigarment.com\/wp-content\/uploads\/2024\/07\/Invisible-Silicone-Shoulder-Pads-1-300x300.webp 300w, https:\/\/zaoyigarment.com\/wp-content\/uploads\/2024\/07\/Invisible-Silicone-Shoulder-Pads-1-150x150.webp 150w, https:\/\/zaoyigarment.com\/wp-content\/uploads\/2024\/07\/Invisible-Silicone-Shoulder-Pads-1-768x768.webp 768w, https:\/\/zaoyigarment.com\/wp-content\/uploads\/2024\/07\/Invisible-Silicone-Shoulder-Pads-1-12x12.webp 12w, https:\/\/zaoyigarment.com\/wp-content\/uploads\/2024\/07\/Invisible-Silicone-Shoulder-Pads-1-600x600.webp 600w, https:\/\/zaoyigarment.com\/wp-content\/uploads\/2024\/07\/Invisible-Silicone-Shoulder-Pads-1-100x100.webp 100w\" sizes=\"auto, (max-width: 1000px) 100vw, 1000px\" \/>\t\t\t\t\t\t\n\t\t\t\t\t<\/div>\n\t\t\t\t\t\t\t\t\n<style>\n#image_180723270 {\n  width: 100%;\n}\n<\/style>\n\t<\/div>","protected":false},"excerpt":{"rendered":"<p>Zaoyi kohandatud silikoonist rinnahoidja rihmapatjade tootja ja tarnija Hiinas<\/p>\n<p>- MOQ: 3000 tk<br \/>\n- Pakutakse OEM\/ODM-teenust<br \/>\n- Saadaval on tasuta n\u00e4idis<br \/>\n\u2013 Rinnahoidja taaskasutus<br \/>\n- 25-35 p\u00e4eva valmisoleku aeg kohandatud tellimuse jaoks<br \/>\n- N\u00f5ustuge kohandamisega (spetsifikatsioonid, v\u00e4rv, disain jne)<\/p>\n<p>1) Parimad rinnahoidjalahendused rinnahoidja rihma libisemise vastu<br \/>\n2) \u00d5mblusteta ja toetav disain mugavuse tagamiseks<br \/>\n3) Sile ja meditsiinilise kvaliteediga geel<br \/>\n4) Saab teha nibukattele kohandatud kangast v\u00f5i mustrit<br \/>\n5) Elav v\u00e4rv, tuhmumisvastane<br \/>\n6) DIY kohandamine<\/p>\n<p>Kui soovite saada silikoonist rinnahoidja rihmapatjade hindu, v\u00f5tke meiega \u00fchendust.<\/p>","protected":false},"featured_media":2904,"comment_status":"open","ping_status":"closed","template":"","meta":[],"product_brand":[],"product_cat":[53],"product_tag":[],"class_list":{"0":"post-2625","1":"product","2":"type-product","3":"status-publish","4":"has-post-thumbnail","6":"product_cat-bra-accessories","8":"first","9":"instock","10":"shipping-taxable","11":"product-type-simple"},"_links":{"self":[{"href":"https:\/\/zaoyigarment.com\/et\/wp-json\/wp\/v2\/product\/2625","targetHints":{"allow":["GET"]}}],"collection":[{"href":"https:\/\/zaoyigarment.com\/et\/wp-json\/wp\/v2\/product"}],"about":[{"href":"https:\/\/zaoyigarment.com\/et\/wp-json\/wp\/v2\/types\/product"}],"replies":[{"embeddable":true,"href":"https:\/\/zaoyigarment.com\/et\/wp-json\/wp\/v2\/comments?post=2625"}],"wp:featuredmedia":[{"embeddable":true,"href":"https:\/\/zaoyigarment.com\/et\/wp-json\/wp\/v2\/media\/2904"}],"wp:attachment":[{"href":"https:\/\/zaoyigarment.com\/et\/wp-json\/wp\/v2\/media?parent=2625"}],"wp:term":[{"taxonomy":"product_brand","embeddable":true,"href":"https:\/\/zaoyigarment.com\/et\/wp-json\/wp\/v2\/product_brand?post=2625"},{"taxonomy":"product_cat","embeddable":true,"href":"https:\/\/zaoyigarment.com\/et\/wp-json\/wp\/v2\/product_cat?post=2625"},{"taxonomy":"product_tag","embeddable":true,"href":"https:\/\/zaoyigarment.com\/et\/wp-json\/wp\/v2\/product_tag?post=2625"}],"curies":[{"name":"wp","href":"https:\/\/api.w.org\/{rel}","templated":true}]}}