 {"id":2252,"date":"2024-02-21T03:17:10","date_gmt":"2024-02-21T03:17:10","guid":{"rendered":"https:\/\/zaoyigarment.com\/?post_type=product&#038;p=2252"},"modified":"2026-03-30T10:55:18","modified_gmt":"2026-03-30T10:55:18","slug":"wireless-bra-sticky-bra-front-closure-bras","status":"publish","type":"product","link":"https:\/\/zaoyigarment.com\/et\/manufacturer\/wireless-bra-sticky-bra-front-closure-bras\/","title":{"rendered":"Juhtmeta rinnahoidja Kleepuvad rinnahoidjad eest suletavad rinnahoidjad avatud seljaga kleidi jaoks"},"content":{"rendered":"<ul class=\"a-unordered-list a-vertical a-spacing-mini\">\n<li><span class=\"a-list-item\"><strong>\ud83c\udf6aCUP:<\/strong> t\u00e4is tass<\/span><\/li>\n<li><span class=\"a-list-item\"><strong>\ud83c\udf6a juhtmevaba:<\/strong> Ei<\/span><\/li>\n<li><span class=\"a-list-item\"><strong>\ud83c\udf6aTOOTE V\u00c4RV:<\/strong> alasti, pruun, kohandatud.<\/span><\/li>\n<li><span class=\"a-list-item\">\ud83c\udf6a<strong>SUURUSED:<\/strong> A\/B\/C\/D\/E\/F<\/span><\/li>\n<li><span class=\"a-list-item\">\ud83c\udf6a<strong>RAKENDUS:<\/strong> Pulmad, pidu, bankett, vabaaja jne.<\/span><\/li>\n<li><span class=\"a-color-base\"><span class=\"a-list-item\"><strong>\ud83c\udf6aKANGA T\u00dc\u00dcP: <\/strong>silikageel<\/span><\/span><\/li>\n<li><span class=\"a-color-base\"><span class=\"a-list-item\"><strong>\ud83c\udf6aHOOLDUSJUHISED: <\/strong>Ainult k\u00e4sipesu<\/span><\/span><\/li>\n<li><strong><span class=\"a-color-base\"><span class=\"a-list-item\">\ud83c\udf6a<\/span><\/span>OLULISED N\u00d5UANDED:<\/strong><br \/>\nEi sobi, kui teil on nahaprobleeme v\u00f5i kui teie nahk on vigastatud, nakatunud v\u00f5i p\u00e4ikesep\u00f5letuse saanud.<br \/>\n\u00c4rge kasutage seda toodet, kui olete rase v\u00f5i toidate last rinnaga, kui olete silikageeli suhtes allergiline v\u00f5i kui teil on hiljuti tehtud rindade suurendamise v\u00f5i v\u00e4hendamise operatsioon.<br \/>\nKui selle toote kasutamise ajal ilmnevad nahah\u00e4ired, l\u00f5petage kohe kasutamine ja konsulteerige kohe oma dermatoloogi v\u00f5i nahaspetsialistiga.<\/li>\n<\/ul>\n<h2><\/h2>\n<h2>Rinnahoidja suuruste tabel piltidega<\/h2>\n\t<div class=\"img has-hover x md-x lg-x y md-y lg-y\" id=\"image_142811320\">\n\t\t\t\t\t\t\t\t<div class=\"img-inner dark\" >\n\t\t\t<img loading=\"lazy\" decoding=\"async\" width=\"1020\" height=\"976\" src=\"https:\/\/zaoyigarment.com\/wp-content\/uploads\/2024\/01\/bra-size-calculator-1024x980.webp\" class=\"attachment-large size-large\" alt=\"rinnahoidja suuruse kalkulaator\" srcset=\"https:\/\/zaoyigarment.com\/wp-content\/uploads\/2024\/01\/bra-size-calculator-1024x980.webp 1024w, https:\/\/zaoyigarment.com\/wp-content\/uploads\/2024\/01\/bra-size-calculator-300x287.webp 300w, https:\/\/zaoyigarment.com\/wp-content\/uploads\/2024\/01\/bra-size-calculator-768x735.webp 768w, https:\/\/zaoyigarment.com\/wp-content\/uploads\/2024\/01\/bra-size-calculator-1536x1471.webp 1536w, https:\/\/zaoyigarment.com\/wp-content\/uploads\/2024\/01\/bra-size-calculator-600x575.webp 600w, https:\/\/zaoyigarment.com\/wp-content\/uploads\/2024\/01\/bra-size-calculator.webp 2000w\" sizes=\"auto, (max-width: 1020px) 100vw, 1020px\" \/>\t\t\t\t\t\t\n\t\t\t\t\t<\/div>\n\t\t\t\t\t\t\t\t\n<style>\n#image_142811320 {\n  width: 100%;\n}\n<\/style>\n\t<\/div>","protected":false},"excerpt":{"rendered":"<p>Zaoyi kohandatud juhtmevaba rinnahoidja tootja ja tarnija Hiinas<\/p>\n<p>- MOQ: 3000 tk<br \/>\n- Pakutakse OEM\/ODM-teenust<br \/>\n- Saadaval on tasuta n\u00e4idis<br \/>\n\u2013 Rinnahoidja taaskasutus<br \/>\n- 25-35 p\u00e4eva valmisoleku aeg kohandatud tellimuse jaoks<br \/>\n- N\u00f5ustuge kohandamisega (spetsifikatsioonid, v\u00e4rv, disain jne)<\/p>\n<p>1) Parimad rinnahoidjalahendused seljataga kleidi, pulmakleidi, t-s\u00e4rgi jms kandmiseks<br \/>\n2) \u00d5mblusteta ja toetav disain mugavuse tagamiseks<br \/>\n3) sile ja meditsiinilise kvaliteediga r\u00e4nidioksiid<br \/>\n4) Saab teha juhtmevabale rinnahoidjale kohandatud kangast v\u00f5i mustrit<br \/>\n5) Elav v\u00e4rv, tuhmumisvastane<br \/>\n6) DIY kohandamine<\/p>\n<p>Kui soovite saada juhtmevabade rinnahoidjate hindu, v\u00f5tke meiega \u00fchendust.<\/p>","protected":false},"featured_media":2855,"comment_status":"open","ping_status":"closed","template":"","meta":[],"product_brand":[],"product_cat":[36],"product_tag":[],"class_list":{"0":"post-2252","1":"product","2":"type-product","3":"status-publish","4":"has-post-thumbnail","6":"product_cat-sticky-bra","8":"first","9":"instock","10":"shipping-taxable","11":"product-type-simple"},"_links":{"self":[{"href":"https:\/\/zaoyigarment.com\/et\/wp-json\/wp\/v2\/product\/2252","targetHints":{"allow":["GET"]}}],"collection":[{"href":"https:\/\/zaoyigarment.com\/et\/wp-json\/wp\/v2\/product"}],"about":[{"href":"https:\/\/zaoyigarment.com\/et\/wp-json\/wp\/v2\/types\/product"}],"replies":[{"embeddable":true,"href":"https:\/\/zaoyigarment.com\/et\/wp-json\/wp\/v2\/comments?post=2252"}],"wp:featuredmedia":[{"embeddable":true,"href":"https:\/\/zaoyigarment.com\/et\/wp-json\/wp\/v2\/media\/2855"}],"wp:attachment":[{"href":"https:\/\/zaoyigarment.com\/et\/wp-json\/wp\/v2\/media?parent=2252"}],"wp:term":[{"taxonomy":"product_brand","embeddable":true,"href":"https:\/\/zaoyigarment.com\/et\/wp-json\/wp\/v2\/product_brand?post=2252"},{"taxonomy":"product_cat","embeddable":true,"href":"https:\/\/zaoyigarment.com\/et\/wp-json\/wp\/v2\/product_cat?post=2252"},{"taxonomy":"product_tag","embeddable":true,"href":"https:\/\/zaoyigarment.com\/et\/wp-json\/wp\/v2\/product_tag?post=2252"}],"curies":[{"name":"wp","href":"https:\/\/api.w.org\/{rel}","templated":true}]}}