 {"id":2243,"date":"2024-02-20T07:25:58","date_gmt":"2024-02-20T07:25:58","guid":{"rendered":"https:\/\/zaoyigarment.com\/?post_type=product&#038;p=2243"},"modified":"2025-12-09T19:59:57","modified_gmt":"2025-12-09T19:59:57","slug":"woman-deep-u-plunge-bra-convertible-push-up-bra","status":"publish","type":"product","link":"https:\/\/zaoyigarment.com\/et\/manufacturer\/woman-deep-u-plunge-bra-convertible-push-up-bra\/","title":{"rendered":"Naine Deep U Plunge rinnahoidja kabriolett Push Up rinnahoidja"},"content":{"rendered":"<p><span class=\"a-list-item\"><strong>KOGUS:<\/strong> 3000 tk kohandatud pakkimiseks ja hulgitellimuseks<\/span><\/p>\n<ul class=\"a-unordered-list a-vertical a-spacing-mini\">\n<li><span class=\"a-list-item\"><strong>MATERJAL:<\/strong> 80% nailon, 20% spandex<\/span><\/li>\n<li><span class=\"a-list-item\"><strong>EELISED:<\/strong> Keskkonna- ja ohutusgeel, hingav, rakuline, kumer, ohutu<\/span><\/li>\n<li><span class=\"a-list-item\"><strong>DISAIN:<\/strong> Erinevad disainivalikud v\u00f5i kohandatavad<\/span><\/li>\n<li><span class=\"a-list-item\"><strong>M\u00d5\u00d5TMED:<\/strong> A\/B\/C\/D\/E\/F\/H, kohandatud<\/span><\/li>\n<li><span class=\"a-list-item a-size-base a-color-base\"><strong>TUGEV TUGI JA REGULEERITAV JOONIS:<\/strong> V\u00e4ike, sobib A Cupile. Meie oivalise s\u00fcgava U-kujulise disainiga naiste rihmadeta rinnahoidjad on asjatundlikult valmistatud, et r\u00f5hutada teie rindkere ja luua t\u00e4iuslik dekoltee. See koondab teie rinnad asjatundlikult kokku, andes tulemuseks v\u00f5rgutava ja lummava kuju. Ja olenemata sellest, kas kaunistate rihmadeta kleiti v\u00f5i soovite oma rindade ahvatlust suurendada, on meie seljatoeta rinnahoidja parim valik.<\/span><\/li>\n<li><span class=\"a-list-item a-size-base a-color-base\"><strong>NAHAS\u00d5BRALIK HINGAV KANGA- JA KUMMEKLIIM:<\/strong>Materjal on valmistatud t\u00e4ielikult looduslikust lausriidest + meditsiinilisest silikoonist. Naturaalne kummiliim on kaetud \u00f5huavadega, mis s\u00e4ilitavad kasutamisel suurep\u00e4rase \u00f5hu l\u00e4bilaskvuse.<\/span><\/li>\n<li><span class=\"a-list-item a-size-base a-color-base\"><strong>SUUREP\u00c4RANE TIIVAVAD:<\/strong> M\u00f5lemal k\u00fcljel on n\u00e4htamatud tiivad, mis pakuvad optimaalset rindade tuge ja v\u00f5imaldavad teil kohandada tihedust vastavalt oma maitsele. Meie paelteta kleitrinnahoidjaga saate julgelt uhkeldada oma k\u00fctkestava dekolteega. Seljata kleidi selga pannes p\u00fcsib meie n\u00e4htamatu rinnahoidja kindlalt paigal, pakkudes teile topeltkaitset ilma igasuguse piinlikkuseta. Kleepuvad tiivad h\u00f5lbustavad pingutuseta kandmist ja eemaldamist, tagades probleemivaba kogemuse.<\/span><\/li>\n<li><span class=\"a-list-item a-size-base a-color-base\"><strong>PALJUKS JUHTUMIKS:<\/strong> Olkaimeta rinnahoidja mis tahes seksikale stiilile, seljata p\u00e4itseteta topid, s\u00fcgavad V-kaelusega \u00fclikonnad, seljata\/paelteta \u00f5htukleidid, pulmakleidid, madala l\u00f5ikega kleidid, kokteilikleidid, peokleidid jne. N\u00e4idake julgelt oma naiselikku v\u00f5lu.<\/span><\/li>\n<li><span class=\"a-list-item a-size-base a-color-base\">\u2764<strong>pestav ja korduvkasutav:<\/strong> Seda rihmadeta rinnahoidjat saab kasutada mitu korda, mis on koosk\u00f5las praeguse keskkonnakaitse teemaga. Pestes seda kleepuvat rinnahoidjat \u0161ampooni ja veega, hoidke see loomulikult kuivana, kuid kleepuvad geelid s\u00e4ilivad ka j\u00e4rgmisel kasutuskorral.<\/span><\/li>\n<li>\n<figure id=\"attachment_2251\" aria-describedby=\"caption-attachment-2251\" style=\"width: 225px\" class=\"wp-caption alignleft\"><img loading=\"lazy\" decoding=\"async\" class=\"size-medium wp-image-2251\" src=\"https:\/\/zaoyigarment.com\/wp-content\/uploads\/2024\/02\/plunge-bra-225x300.webp\" alt=\"rinnahoidja\" width=\"225\" height=\"300\" srcset=\"https:\/\/zaoyigarment.com\/wp-content\/uploads\/2024\/02\/plunge-bra-225x300.webp 225w, https:\/\/zaoyigarment.com\/wp-content\/uploads\/2024\/02\/plunge-bra-600x800.webp 600w, https:\/\/zaoyigarment.com\/wp-content\/uploads\/2024\/02\/plunge-bra.webp 750w\" sizes=\"auto, (max-width: 225px) 100vw, 225px\" \/><figcaption id=\"caption-attachment-2251\" class=\"wp-caption-text\">rinnahoidja<\/figcaption><\/figure><\/li>\n<\/ul>\n<h2>Rinnahoidja suuruste tabel piltidega<\/h2>\n\t<div class=\"img has-hover x md-x lg-x y md-y lg-y\" id=\"image_91765706\">\n\t\t\t\t\t\t\t\t<div class=\"img-inner dark\" >\n\t\t\t<img loading=\"lazy\" decoding=\"async\" width=\"1020\" height=\"976\" src=\"https:\/\/zaoyigarment.com\/wp-content\/uploads\/2024\/01\/bra-size-calculator-1024x980.webp\" class=\"attachment-large size-large\" alt=\"rinnahoidja suuruse kalkulaator\" srcset=\"https:\/\/zaoyigarment.com\/wp-content\/uploads\/2024\/01\/bra-size-calculator-1024x980.webp 1024w, https:\/\/zaoyigarment.com\/wp-content\/uploads\/2024\/01\/bra-size-calculator-300x287.webp 300w, https:\/\/zaoyigarment.com\/wp-content\/uploads\/2024\/01\/bra-size-calculator-768x735.webp 768w, https:\/\/zaoyigarment.com\/wp-content\/uploads\/2024\/01\/bra-size-calculator-1536x1471.webp 1536w, https:\/\/zaoyigarment.com\/wp-content\/uploads\/2024\/01\/bra-size-calculator-600x575.webp 600w, https:\/\/zaoyigarment.com\/wp-content\/uploads\/2024\/01\/bra-size-calculator.webp 2000w\" sizes=\"auto, (max-width: 1020px) 100vw, 1020px\" \/>\t\t\t\t\t\t\n\t\t\t\t\t<\/div>\n\t\t\t\t\t\t\t\t\n<style>\n#image_91765706 {\n  width: 100%;\n}\n<\/style>\n\t<\/div>","protected":false},"excerpt":{"rendered":"<p>Zaoyi Custom U Plunge Push Up rinnahoidja tootja ja tarnija Hiinas<\/p>\n<p>- MOQ: 3000 tk<br \/>\n- Pakutakse OEM\/ODM-teenust<br \/>\n- Saadaval on tasuta n\u00e4idis<br \/>\n\u2013 Rinnahoidja taaskasutus<br \/>\n- 25-35 p\u00e4eva valmisoleku aeg kohandatud tellimuse jaoks<br \/>\n- N\u00f5ustuge kohandamisega (spetsifikatsioonid, v\u00e4rv, disain jne)<\/p>\n<p>1) Parimad rinnahoidjalahendused seljataga kleidi, pulmakleidi, t-s\u00e4rgi jms kandmiseks<br \/>\n2) \u00d5mblusteta ja traadita disain vabaduse tagamiseks<br \/>\n3) Sile ja \u00f5rn nailonkangas<br \/>\n4) Saab sellele teha kohandatud kanga v\u00f5i mustri<br \/>\n5) Elav v\u00e4rv, tuhmumisvastane<br \/>\n6) DIY kohandamine<\/p>\n<p>Kui soovite rinnahoidjate hindu langetada, v\u00f5tke meiega \u00fchendust.<\/p>","protected":false},"featured_media":2853,"comment_status":"open","ping_status":"closed","template":"","meta":[],"product_brand":[],"product_cat":[37],"product_tag":[],"class_list":{"0":"post-2243","1":"product","2":"type-product","3":"status-publish","4":"has-post-thumbnail","6":"product_cat-backless-bra","8":"first","9":"instock","10":"shipping-taxable","11":"product-type-simple"},"_links":{"self":[{"href":"https:\/\/zaoyigarment.com\/et\/wp-json\/wp\/v2\/product\/2243","targetHints":{"allow":["GET"]}}],"collection":[{"href":"https:\/\/zaoyigarment.com\/et\/wp-json\/wp\/v2\/product"}],"about":[{"href":"https:\/\/zaoyigarment.com\/et\/wp-json\/wp\/v2\/types\/product"}],"replies":[{"embeddable":true,"href":"https:\/\/zaoyigarment.com\/et\/wp-json\/wp\/v2\/comments?post=2243"}],"wp:featuredmedia":[{"embeddable":true,"href":"https:\/\/zaoyigarment.com\/et\/wp-json\/wp\/v2\/media\/2853"}],"wp:attachment":[{"href":"https:\/\/zaoyigarment.com\/et\/wp-json\/wp\/v2\/media?parent=2243"}],"wp:term":[{"taxonomy":"product_brand","embeddable":true,"href":"https:\/\/zaoyigarment.com\/et\/wp-json\/wp\/v2\/product_brand?post=2243"},{"taxonomy":"product_cat","embeddable":true,"href":"https:\/\/zaoyigarment.com\/et\/wp-json\/wp\/v2\/product_cat?post=2243"},{"taxonomy":"product_tag","embeddable":true,"href":"https:\/\/zaoyigarment.com\/et\/wp-json\/wp\/v2\/product_tag?post=2243"}],"curies":[{"name":"wp","href":"https:\/\/api.w.org\/{rel}","templated":true}]}}