 {"id":1996,"date":"2024-01-02T09:04:03","date_gmt":"2024-01-02T09:04:03","guid":{"rendered":"https:\/\/zaoyigarment.com\/?post_type=product&#038;p=1996"},"modified":"2026-03-02T11:11:08","modified_gmt":"2026-03-02T11:11:08","slug":"bra-insert","status":"publish","type":"product","link":"https:\/\/zaoyigarment.com\/et\/manufacturer\/bra-insert\/","title":{"rendered":"Rinnahoidja siset\u00fckk Rinnahoidja kleepuv rinnahoidja siset\u00fckid Kahepoolsed isekleepuvad rinnapadjad"},"content":{"rendered":"<div id=\"text-2924969083\" class=\"text\">\n\t\t\n<div class=\"_1-Caexem\" tabindex=\"0\" role=\"button\" aria-label=\"1TP4Lihtne kasutada: koheseks pikendamiseks kinnitage rinnahoidja pikendus lihtsalt rinnahoidja konksude k\u00fclge.\">\n<ul>\n<li class=\"_1-Caexem\" tabindex=\"0\" role=\"button\" aria-label=\"$Cmugavad rinnahoidjapikendused: 3 elastsest materjalist rinnahoidjapikendust koosnev komplekt, mis muudab rinnahoidja riba suuruse reguleerimise mugavaks.\"><strong>Mugavad rinnahoidja padjad:<\/strong> Saavutage ilus dekoltee loomuliku ilmega dekoltee, kogedes samal ajal hiilgavat push-up efekti.<\/li>\n<li class=\"_1-Caexem\" tabindex=\"0\" role=\"button\" aria-label=\"$Cmugavad rinnahoidjapikendused: 3 elastsest materjalist rinnahoidjapikendust koosnev komplekt, mis muudab rinnahoidja riba suuruse reguleerimise mugavaks.\"><strong>Ideaalne rinnahoidjata v\u00e4limuse jaoks:<\/strong><span class=\"a-list-item a-size-base a-color-base\">Tugevdage rinnahoidjaid ja ujumistrikoode nende kergete, hingavate ja mugavate vahtpatjadega. Vooderdatud \u00fclipehme puuvillaga, mis hingab vastu nahka.<\/span><\/li>\n<li class=\"_1-Caexem\" tabindex=\"0\" role=\"button\" aria-label=\"$Cmugavad rinnahoidjapikendused: 3 elastsest materjalist rinnahoidjapikendust koosnev komplekt, mis muudab rinnahoidja riba suuruse reguleerimise mugavaks.\"><strong>Mugav ja pehme:<\/strong> Need pehmetest ja mugavatest materjalidest valmistatud rinnahoidja siset\u00fckid ei \u00e4rrita nahka ega tekita ebamugavust.<\/li>\n<li><strong>Lihtne kasutada:<\/strong> Asetage rinnahoidja tassi sisse v\u00f5i pista rinnahoidja padjataskusse. Turvalisuse huvides (nagu ujumise ajal) saab kinnitada ka rinnahoidja v\u00f5i ujumislaua k\u00fclge.<\/li>\n<li>\n<div class=\"a-fixed-left-grid-col a-col-left\"><strong><span class=\"a-color-base\">Hooldusjuhised:<\/span><\/strong><span style=\"font-size: 14.4px;\">K\u00e4sitsi pestakse, kastes kraanikaussi\/vanni, kus on jahe-sooja vesi ja paar tilka pesuainet. Pigista seebivesi \u00f5rnalt l\u00e4bi. Loputage hoolikalt. Asetage kuivama.<\/span><\/div>\n<\/li>\n<\/ul>\n<h2><span id=\"types-of-bra-inserts\" class=\"mj-toc-section\">Rinnahoidja lisandite t\u00fc\u00fcbid<\/span><\/h2>\n<p>Siin on m\u00f5ned saadavalolevad rinnahoidja siset\u00fckid.<\/p>\n<ul>\n<li>Rinnatugevdajad<\/li>\n<li>Push-up vahet\u00fckid<\/li>\n<li>Veekindlad padjad<\/li>\n<li>Mastektoomiaj\u00e4rgsed insertid<\/li>\n<li>Kujundajad<\/li>\n<li>Nibuvormiga vahtpolstrid<\/li>\n<\/ul>\n<h2>Kleepuvate rinnahoidja vahet\u00fckkide kasutamine<\/h2>\n<\/div>\n\t\t\n<style>\n#text-2924969083 {\n  line-height: 1.7;\n}\n<\/style>\n\t<\/div>\n\t\n\t<div class=\"img has-hover x md-x lg-x y md-y lg-y\" id=\"image_273874328\">\n\t\t\t\t\t\t\t\t<div class=\"img-inner dark\" >\n\t\t\t<img loading=\"lazy\" decoding=\"async\" width=\"1000\" height=\"1000\" src=\"https:\/\/zaoyigarment.com\/wp-content\/uploads\/2024\/01\/how-to-use-the-bra-inserts.webp\" class=\"attachment-original size-original\" alt=\"kuidas kasutada rinnahoidja lisandeid\" srcset=\"https:\/\/zaoyigarment.com\/wp-content\/uploads\/2024\/01\/how-to-use-the-bra-inserts.webp 1000w, https:\/\/zaoyigarment.com\/wp-content\/uploads\/2024\/01\/how-to-use-the-bra-inserts-300x300.webp 300w, https:\/\/zaoyigarment.com\/wp-content\/uploads\/2024\/01\/how-to-use-the-bra-inserts-150x150.webp 150w, https:\/\/zaoyigarment.com\/wp-content\/uploads\/2024\/01\/how-to-use-the-bra-inserts-768x768.webp 768w, https:\/\/zaoyigarment.com\/wp-content\/uploads\/2024\/01\/how-to-use-the-bra-inserts-12x12.webp 12w, https:\/\/zaoyigarment.com\/wp-content\/uploads\/2024\/01\/how-to-use-the-bra-inserts-600x600.webp 600w, https:\/\/zaoyigarment.com\/wp-content\/uploads\/2024\/01\/how-to-use-the-bra-inserts-100x100.webp 100w\" sizes=\"auto, (max-width: 1000px) 100vw, 1000px\" \/>\t\t\t\t\t\t\n\t\t\t\t\t<\/div>\n\t\t\t\t\t\t\t\t\n<style>\n#image_273874328 {\n  width: 60%;\n}\n<\/style>\n\t<\/div>","protected":false},"excerpt":{"rendered":"<p>Zaoyi kohandatud rinnahoidja sisestuste tootja ja tarnija Hiinas<\/p>\n<p>- MOQ: 3000 tk<br \/>\n- Pakutakse OEM\/ODM-teenust<br \/>\n- Saadaval on tasuta n\u00e4idis<br \/>\n\u2013 Rinnahoidja taaskasutus<br \/>\n- 20-30 p\u00e4eva valmisoleku aeg kohandatud tellimuse jaoks<br \/>\n- N\u00f5ustuge kohandamisega (spetsifikatsioonid, v\u00e4rv, disain jne)<\/p>\n<p>1) Rinnahoidjateta v\u00e4limus: saavutage rinnahoidjateta v\u00e4limus ilma mugavust ja tuge ohverdamata.<br \/>\n2) Reguleeritav: reguleerige oma rinnahoidja k\u00f5rgust lihtsalt oma kehakuju j\u00e4rgi ja saavutage t\u00e4iuslik sobivus.<br \/>\n3) Mugav: valmistatud pehmest ja naturaalsest materjalist, pakkudes teie rinnahoidjale t\u00e4iendavat mugavust ja tuge.<\/p>\n<p>Kui soovite saada rinnahoidjate hindu, v\u00f5tke meiega \u00fchendust.<\/p>","protected":false},"featured_media":2447,"comment_status":"open","ping_status":"closed","template":"","meta":[],"product_brand":[],"product_cat":[42,53],"product_tag":[],"class_list":{"0":"post-1996","1":"product","2":"type-product","3":"status-publish","4":"has-post-thumbnail","6":"product_cat-bra-inserts","7":"product_cat-bra-accessories","9":"first","10":"instock","11":"shipping-taxable","12":"product-type-simple"},"_links":{"self":[{"href":"https:\/\/zaoyigarment.com\/et\/wp-json\/wp\/v2\/product\/1996","targetHints":{"allow":["GET"]}}],"collection":[{"href":"https:\/\/zaoyigarment.com\/et\/wp-json\/wp\/v2\/product"}],"about":[{"href":"https:\/\/zaoyigarment.com\/et\/wp-json\/wp\/v2\/types\/product"}],"replies":[{"embeddable":true,"href":"https:\/\/zaoyigarment.com\/et\/wp-json\/wp\/v2\/comments?post=1996"}],"wp:featuredmedia":[{"embeddable":true,"href":"https:\/\/zaoyigarment.com\/et\/wp-json\/wp\/v2\/media\/2447"}],"wp:attachment":[{"href":"https:\/\/zaoyigarment.com\/et\/wp-json\/wp\/v2\/media?parent=1996"}],"wp:term":[{"taxonomy":"product_brand","embeddable":true,"href":"https:\/\/zaoyigarment.com\/et\/wp-json\/wp\/v2\/product_brand?post=1996"},{"taxonomy":"product_cat","embeddable":true,"href":"https:\/\/zaoyigarment.com\/et\/wp-json\/wp\/v2\/product_cat?post=1996"},{"taxonomy":"product_tag","embeddable":true,"href":"https:\/\/zaoyigarment.com\/et\/wp-json\/wp\/v2\/product_tag?post=1996"}],"curies":[{"name":"wp","href":"https:\/\/api.w.org\/{rel}","templated":true}]}}