 {"id":1968,"date":"2023-12-29T08:09:23","date_gmt":"2023-12-29T08:09:23","guid":{"rendered":"https:\/\/zaoyigarment.com\/?post_type=product&#038;p=1968"},"modified":"2026-03-19T17:50:20","modified_gmt":"2026-03-19T17:50:20","slug":"clear-strap-clear-strap-bra-metal-bra-strap","status":"publish","type":"product","link":"https:\/\/zaoyigarment.com\/et\/manufacturer\/clear-strap-clear-strap-bra-metal-bra-strap\/","title":{"rendered":"L\u00e4bipaistev rihm selge rihma jaoks Rinnahoidja Metallist rinnahoidja rihm Dekoratiivne rinnahoidja rihm"},"content":{"rendered":"<ul>\n<li><span class=\"a-list-item a-size-base a-color-base\"><strong>Paks ja sitke:<\/strong> Meie l\u00e4bipaistvad rinnahoidjarihmad on valmistatud kvaliteetsest TPU-materjalist, muutes selle sitkeks, mitte kergesti libisevaks ning taluvad suurema rinnahoidja survet ilma purunemata.<\/span><\/li>\n<\/ul>\n<ul class=\"a-unordered-list a-vertical a-spacing-small\">\n<li><span class=\"a-list-item a-size-base a-color-base\"><strong>Erinevad laiused ja n\u00e4htamatud:<\/strong> Meil on valida 8 mm, 10 mm, 12 mm, 15 mm, 18 mm, 20 mm jne suurused, mis v\u00f5imaldavad teil leida endale sobiva. Kuna rinnahoidja rihma v\u00e4rv on l\u00e4bipaistev, sobib see h\u00e4sti teie nahatooniga.<\/span><\/li>\n<\/ul>\n<ul class=\"a-unordered-list a-vertical a-spacing-small\">\n<li><span class=\"a-list-item a-size-base a-color-base\"><strong>Reguleeritav ja lihtne kasutada:<\/strong> N\u00e4htamatud rinnahoidja rihmad on vastavalt klientide tagasisidele kujundatud piisava pikkusega, mida saab pikendada kuni 70 cm, nii et saate neid h\u00f5lpsalt reguleerida. Konks sobib enamiku turul olevate rinnahoidja aasadega, seega on rinnahoidjaid v\u00e4ga lihtne lisada v\u00f5i eemaldada.<\/span><\/li>\n<\/ul>\n<ul>\n<li><span class=\"a-list-item a-size-base a-color-base\"><strong>Mugav kandmine:<\/strong> L\u00e4bipaistvad rinnahoidja rihmad on valmistatud pehmest, tervislikust ja keskkonnas\u00f5bralikust r\u00e4nist, v\u00f5imaldavad mugavalt kanda nahka kahjustamata ning neid saab taaskasutada, ilma et tekiks nahaallergiat.<\/span><\/li>\n<\/ul>\n<ul class=\"a-unordered-list a-vertical a-spacing-small\">\n<li><span class=\"a-list-item a-size-base a-color-base\"><strong>Juhtum:<\/strong> L\u00e4bipaistvad rinnahoidja rihmad sobivad suurep\u00e4raselt naistele, kes kannavad suvel vesti, traksidega seelikut, toppi ja kleiti, n\u00e4idates loomulikku ja ilusat nahka, muutes teid veatuks.<\/span><\/li>\n<\/ul>","protected":false},"excerpt":{"rendered":"<p>Zaoyi kohandatud rinnahoidjarihm, tootja ja tarnija Hiinas<\/p>\n<p>- MOQ: 3000 tk<br \/>\n- Pakutakse OEM\/ODM-teenust<br \/>\n- Saadaval on tasuta n\u00e4idis<br \/>\n\u2013 Rinnahoidja taaskasutus<br \/>\n- 20-30 p\u00e4eva valmisoleku aeg kohandatud tellimuse jaoks<br \/>\n- N\u00f5ustuge kohandamisega (spetsifikatsioonid, v\u00e4rv, disain jne)<\/p>\n<p>3\/8\u2033 n\u00e4htamatud rihmad<br \/>\n\u2022 Valmistatud allergiavabast TPU-st, mis on pehmem ja tugevam alternatiiv lateks- v\u00f5i plastikrihmadele.<br \/>\n\u2022 Niklivabad reguleerijad ja liitmikud.<br \/>\n\u2022 Mitte ainult rinnahoidjate jaoks, vaid neid saab kanda ka ujumisriiete ja kleitidega.<br \/>\n\u2022 Selge v\u00f5i kohandatud<br \/>\n\u2022 Erineva suuruse valimine<\/p>\n<p>Kui soovite saada rinnahoidja rihma hinda, v\u00f5tke meiega \u00fchendust.<\/p>","protected":false},"featured_media":1971,"comment_status":"open","ping_status":"closed","template":"","meta":[],"product_brand":[],"product_cat":[39,53],"product_tag":[],"class_list":{"0":"post-1968","1":"product","2":"type-product","3":"status-publish","4":"has-post-thumbnail","6":"product_cat-bra-strap","7":"product_cat-bra-accessories","9":"first","10":"instock","11":"shipping-taxable","12":"product-type-simple"},"_links":{"self":[{"href":"https:\/\/zaoyigarment.com\/et\/wp-json\/wp\/v2\/product\/1968","targetHints":{"allow":["GET"]}}],"collection":[{"href":"https:\/\/zaoyigarment.com\/et\/wp-json\/wp\/v2\/product"}],"about":[{"href":"https:\/\/zaoyigarment.com\/et\/wp-json\/wp\/v2\/types\/product"}],"replies":[{"embeddable":true,"href":"https:\/\/zaoyigarment.com\/et\/wp-json\/wp\/v2\/comments?post=1968"}],"wp:featuredmedia":[{"embeddable":true,"href":"https:\/\/zaoyigarment.com\/et\/wp-json\/wp\/v2\/media\/1971"}],"wp:attachment":[{"href":"https:\/\/zaoyigarment.com\/et\/wp-json\/wp\/v2\/media?parent=1968"}],"wp:term":[{"taxonomy":"product_brand","embeddable":true,"href":"https:\/\/zaoyigarment.com\/et\/wp-json\/wp\/v2\/product_brand?post=1968"},{"taxonomy":"product_cat","embeddable":true,"href":"https:\/\/zaoyigarment.com\/et\/wp-json\/wp\/v2\/product_cat?post=1968"},{"taxonomy":"product_tag","embeddable":true,"href":"https:\/\/zaoyigarment.com\/et\/wp-json\/wp\/v2\/product_tag?post=1968"}],"curies":[{"name":"wp","href":"https:\/\/api.w.org\/{rel}","templated":true}]}}