 {"id":1931,"date":"2023-12-29T06:16:54","date_gmt":"2023-12-29T06:16:54","guid":{"rendered":"https:\/\/zaoyigarment.com\/?post_type=product&#038;p=1931"},"modified":"2026-03-30T10:54:24","modified_gmt":"2026-03-30T10:54:24","slug":"bra-converter-bra-clasps-bra-clip","status":"publish","type":"product","link":"https:\/\/zaoyigarment.com\/et\/manufacturer\/bra-converter-bra-clasps-bra-clip\/","title":{"rendered":"Rinnahoidja muundur Rinnahoidja klambrid Rinnahoidja klambriga rinnahoidja rihma adapter"},"content":{"rendered":"<ul>\n<li><span class=\"a-list-item a-size-base a-color-base\"><strong>Likvideerige rinnahoidja rihmade kukkumine<\/strong> \u2013 Reguleeritav igale k\u00f5rgusele sobivaks ning klambrid hoiavad rinnahoidja rihmad paigal ja h\u00e4sti peidus.<\/span><\/li>\n<\/ul>\n<ul class=\"a-unordered-list a-vertical a-spacing-small\">\n<li><span class=\"a-list-item a-size-base a-color-base\"><strong>Ergonoomiline disain<\/strong> \u2013 Muutke \u00fcksk\u00f5ik milline rinnahoidja lihtsalt ja mugavalt \u00fcmber. Ergonoomiline disain leevendab ebamugavust ja ei lase neil t\u00fc\u00fctutel rinnahoidja rihmadel teie \u00f5lgadesse s\u00fcveneda.<\/span><\/li>\n<\/ul>\n<ul class=\"a-unordered-list a-vertical a-spacing-small\">\n<li><span class=\"a-list-item a-size-base a-color-base\"><strong>Juhtum<\/strong> \u2013 Ideaalne v\u00f5idus\u00f5itja selja, kleitide, s\u00e4rkide, pluuside, sporditoitude ja muu jaoks. Muutke \u00fcksk\u00f5ik milline rinnahoidja lihtsalt ja mugavalt \u00fcmber. Kinnitatakse bikiinitopsi k\u00fclge, et saada t\u00e4iuslikum ja seksikam v\u00e4limus.<\/span><\/li>\n<\/ul>\n<ul class=\"a-unordered-list a-vertical a-spacing-small\">\n<li><span class=\"a-list-item a-size-base a-color-base\"><strong>Super Value rinnahoidja rihma klambrite komplekt<\/strong> \u2013 9 tk rinnahoidja klambrit, 3 tk rinnahoidja pikendust ja 3 tk rinnahoidja rihma hoidikud traditsioonilises valges, mustas ja bee\u017eis v\u00e4rvitoonis.<\/span><\/li>\n<li><span class=\"a-list-item a-size-base a-color-base\"><strong>Suurenda tassi suurust:<\/strong> kui kannad rinnahoidja klambreid seljal, saad reguleerida tassi suurust. See aitab anda teie rindadele rohkem tuge, suurendada kupu suurust ning muuta teie dekoltee t\u00e4idlasemaks ja seksikamaks.<\/span><\/li>\n<li><span class=\"a-list-item a-size-base a-color-base\"><strong>Sobiv suurus:<\/strong> iga selja rinnahoidja rihma klambri suurus on umbes 1,8 \u00d7 1,4 tolli. See sobib iga tavaliste \u00f5lapaeltega rinnahoidjaga. See aitab teil oma rinnahoidjat lihtsalt ja mugavalt reguleerida.<\/span><\/li>\n<\/ul>","protected":false},"excerpt":{"rendered":"<p>Zaoyi kohandatud rinnahoidja muunduri tootja ja tarnija Hiinas<\/p>\n<p>- MOQ: 3000 tk<br \/>\n- Pakutakse OEM\/ODM-teenust<br \/>\n- Saadaval on tasuta n\u00e4idis<br \/>\n\u2013 Rinnahoidja taaskasutus<br \/>\n- 20-30 p\u00e4eva valmisoleku aeg kohandatud tellimuse jaoks<br \/>\n- N\u00f5ustuge kohandamisega (spetsifikatsioonid, v\u00e4rv, disain jne)<\/p>\n<p>1) Ideaalne v\u00f5idus\u00f5itja seljale, kleitidele, s\u00e4rkidele, pluusidele, sporditoppidele ja muule.<br \/>\nMuutke \u00fcksk\u00f5ik milline rinnahoidja lihtsalt ja mugavalt \u00fcmber. Kinnitatakse bikiinitopsi k\u00fclge, et saada t\u00e4iuslikum ja seksikam v\u00e4limus.<br \/>\n2) 100% pol\u00fcprop\u00fcleen<br \/>\n3) Saab muuta rinnahoidja rihma<br \/>\n4) Elav v\u00e4rv, tuhmumisvastane<br \/>\n5) DIY kohandamine<\/p>\n<p>Kui soovite saada rinnahoidja muunduri hindu, v\u00f5tke meiega \u00fchendust.<\/p>","protected":false},"featured_media":1936,"comment_status":"open","ping_status":"closed","template":"","meta":[],"product_brand":[],"product_cat":[39,53],"product_tag":[],"class_list":{"0":"post-1931","1":"product","2":"type-product","3":"status-publish","4":"has-post-thumbnail","6":"product_cat-bra-strap","7":"product_cat-bra-accessories","9":"first","10":"instock","11":"shipping-taxable","12":"product-type-simple"},"_links":{"self":[{"href":"https:\/\/zaoyigarment.com\/et\/wp-json\/wp\/v2\/product\/1931","targetHints":{"allow":["GET"]}}],"collection":[{"href":"https:\/\/zaoyigarment.com\/et\/wp-json\/wp\/v2\/product"}],"about":[{"href":"https:\/\/zaoyigarment.com\/et\/wp-json\/wp\/v2\/types\/product"}],"replies":[{"embeddable":true,"href":"https:\/\/zaoyigarment.com\/et\/wp-json\/wp\/v2\/comments?post=1931"}],"wp:featuredmedia":[{"embeddable":true,"href":"https:\/\/zaoyigarment.com\/et\/wp-json\/wp\/v2\/media\/1936"}],"wp:attachment":[{"href":"https:\/\/zaoyigarment.com\/et\/wp-json\/wp\/v2\/media?parent=1931"}],"wp:term":[{"taxonomy":"product_brand","embeddable":true,"href":"https:\/\/zaoyigarment.com\/et\/wp-json\/wp\/v2\/product_brand?post=1931"},{"taxonomy":"product_cat","embeddable":true,"href":"https:\/\/zaoyigarment.com\/et\/wp-json\/wp\/v2\/product_cat?post=1931"},{"taxonomy":"product_tag","embeddable":true,"href":"https:\/\/zaoyigarment.com\/et\/wp-json\/wp\/v2\/product_tag?post=1931"}],"curies":[{"name":"wp","href":"https:\/\/api.w.org\/{rel}","templated":true}]}}