 {"id":1919,"date":"2023-12-29T02:18:39","date_gmt":"2023-12-29T02:18:39","guid":{"rendered":"https:\/\/zaoyigarment.com\/?post_type=product&#038;p=1919"},"modified":"2025-10-20T02:31:14","modified_gmt":"2025-10-20T02:31:14","slug":"stick-on-bra-lifting-adhesive-sticky-bra","status":"publish","type":"product","link":"https:\/\/zaoyigarment.com\/et\/manufacturer\/stick-on-bra-lifting-adhesive-sticky-bra\/","title":{"rendered":"Stick On Bra Lifting Adhesive Kleepuv rinnahoidja"},"content":{"rendered":"<div data-zone-id=\"0\" data-line-index=\"0\" data-line=\"true\">\n<ul>\n<li><span class=\"a-list-item\"><strong>S<\/strong><\/span><strong>IZE:<\/strong> 6,5-12 cm l\u00e4bim\u00f5\u00f5t, kohandatud<\/li>\n<li><strong>V\u00c4RV:\u00a0<\/strong>Alasti v\u00f5i kohandatud<\/li>\n<li><span class=\"a-list-item\"><strong>EELISED:<\/strong> Istub j\u00e4lgi j\u00e4tmata, higikindlus, lille\/\u00fcmmargune kuju, turvaline.<\/span><\/li>\n<li><strong>KASUTAMISE MEETOD:<\/strong><\/li>\n<li>1. Enne kasutamist peske rind ja k\u00e4ed puhta veega ning hoidke need puhtad.<\/li>\n<li>2. Rebige toote kaitsekile kleepuva k\u00fcljega \u00fclespoole ja asetage see oma peopessa.<\/li>\n<li>3. Kallutage \u00fclakeha ette, asetage rinnaplaaster \u00f5rnalt fookusalale ja siluge k\u00e4tega rinnaplaastri servad, et see sobituks nahaga tihedalt.<\/li>\n<li>4. Puudub raskuse v\u00f5i v\u00f5\u00f5rkeha tunne, teie rindade t\u00e4iuslik kuvamine, sobib erinevatel juhtudel<\/li>\n<\/ul>\n<\/div>\n<ul class=\"a-unordered-list a-vertical a-spacing-mini\">\n<li><span class=\"a-list-item\"><strong>PESEMISMEETOD:<\/strong><\/span><\/li>\n<li><span class=\"a-list-item\">1. Kasutage sooja vett v\u00f5i neutraalset \u0161ampooni, \u00f5rnalt vahu saamiseks n\u00f5udepesuvahendit ja peske ringjate liigutustega.<\/span><\/li>\n<li><span class=\"a-list-item\">2. Loputage puhta veega. Vigastuste v\u00e4ltimiseks olge ettevaatlik, et mitte kasutada oma k\u00fc\u00fcsi.<\/span><\/li>\n<li>3.P\u00e4rast puhastamist riputage kuivama ja v\u00e4ltige otsest p\u00e4ikesevalgust.<\/li>\n<li>4. P\u00e4rast puhastamist ja kuivatamist kinnitage kaitsekile. \u00dcks k\u00fclg kaotab oma kleepuvuse, kui see on tolmuga m\u00e4\u00e4rdunud. Ladustamisala tuleb hoida otsese p\u00e4ikesevalguse eest eemal.<\/li>\n<li><strong>OLULISED N\u00d5UANDED:<\/strong><br \/>\nEi sobi, kui teil on nahaprobleeme v\u00f5i kui teie nahk on vigastatud, nakatunud v\u00f5i p\u00e4ikesep\u00f5letuse saanud.<br \/>\n\u00c4rge kasutage seda toodet, kui olete rase v\u00f5i toidate last rinnaga, kui olete silikooni suhtes allergiline v\u00f5i kui teil on hiljuti tehtud rindade suurendamise v\u00f5i v\u00e4hendamise operatsioon.<br \/>\nKui selle toote kasutamise ajal ilmnevad nahah\u00e4ired, l\u00f5petage kohe kasutamine ja konsulteerige kohe oma dermatoloogi v\u00f5i nahaspetsialistiga.<\/li>\n<\/ul>","protected":false},"excerpt":{"rendered":"<p>Zaoyi Custom Stick On Bra Tootja ja tarnija Hiinas<\/p>\n<p>- MOQ: 3000 tk<br \/>\n- Pakutakse OEM\/ODM-teenust<br \/>\n- Saadaval on tasuta n\u00e4idis<br \/>\n\u2013 Rinnahoidja taaskasutus<br \/>\n- 25-35 p\u00e4eva valmisoleku aeg kohandatud tellimuse jaoks<br \/>\n- N\u00f5ustuge kohandamisega (spetsifikatsioonid, v\u00e4rv, disain jne)<\/p>\n<p>1) Parimad rinnahoidjalahendused pulmakleidi, seljata kleidi, ujumistrikoo, T-s\u00e4rgi jms kandmiseks<br \/>\n2) \u00d5mblusteta ja traadita disain vabaduse tagamiseks<br \/>\n3) sile ja meditsiinilise kvaliteediga materjal<br \/>\n4) Rinnahoidjale saab teha kohandatud kangast v\u00f5i mustrit<br \/>\n5) Elav nahav\u00e4rv<br \/>\n6) DIY kohandamine<\/p>\n<p>Kui soovite rinnahoidjate hindadest kinni pidada, v\u00f5tke meiega \u00fchendust.<\/p>","protected":false},"featured_media":2816,"comment_status":"open","ping_status":"closed","template":"","meta":[],"product_brand":[],"product_cat":[36],"product_tag":[],"class_list":{"0":"post-1919","1":"product","2":"type-product","3":"status-publish","4":"has-post-thumbnail","6":"product_cat-sticky-bra","8":"first","9":"instock","10":"shipping-taxable","11":"product-type-simple"},"_links":{"self":[{"href":"https:\/\/zaoyigarment.com\/et\/wp-json\/wp\/v2\/product\/1919","targetHints":{"allow":["GET"]}}],"collection":[{"href":"https:\/\/zaoyigarment.com\/et\/wp-json\/wp\/v2\/product"}],"about":[{"href":"https:\/\/zaoyigarment.com\/et\/wp-json\/wp\/v2\/types\/product"}],"replies":[{"embeddable":true,"href":"https:\/\/zaoyigarment.com\/et\/wp-json\/wp\/v2\/comments?post=1919"}],"wp:featuredmedia":[{"embeddable":true,"href":"https:\/\/zaoyigarment.com\/et\/wp-json\/wp\/v2\/media\/2816"}],"wp:attachment":[{"href":"https:\/\/zaoyigarment.com\/et\/wp-json\/wp\/v2\/media?parent=1919"}],"wp:term":[{"taxonomy":"product_brand","embeddable":true,"href":"https:\/\/zaoyigarment.com\/et\/wp-json\/wp\/v2\/product_brand?post=1919"},{"taxonomy":"product_cat","embeddable":true,"href":"https:\/\/zaoyigarment.com\/et\/wp-json\/wp\/v2\/product_cat?post=1919"},{"taxonomy":"product_tag","embeddable":true,"href":"https:\/\/zaoyigarment.com\/et\/wp-json\/wp\/v2\/product_tag?post=1919"}],"curies":[{"name":"wp","href":"https:\/\/api.w.org\/{rel}","templated":true}]}}